{"id":2,"date":"2020-06-17T09:23:00","date_gmt":"2020-06-17T07:23:00","guid":{"rendered":"https:\/\/charente.catholique.fr\/sud-charente\/?page_id=2"},"modified":"2026-04-03T21:49:09","modified_gmt":"2026-04-03T19:49:09","slug":"page-d-exemple","status":"publish","type":"page","link":"https:\/\/charente.catholique.fr\/sud-charente\/","title":{"rendered":"Bienvenue"},"content":{"rendered":"\n<p><\/p>\n\n\n\n<p>Bienvenue sur le site du doyenn\u00e9 Sud Charente ! Ce doyenn\u00e9 comprend les paroisses de :<\/p>\n\n\n\n<ul class=\"wp-block-list\">\n<li>Barbezieux &#8211; Baignes &#8211; Barret<\/li>\n\n\n\n<li>Montmoreau &#8211; Villebois-Lavalette &#8211; Blanzac (Saint Beno\u00eet et Saint Gilles en Sud Charente)<\/li>\n\n\n\n<li>Chalais &#8211; Brossac &#8211; Aubeterre<\/li>\n<\/ul>\n\n\n\n<p>Territoire vaste et rural, il est porteur de 1000 richesses humaines, \u00e9conomiques, historiques, touristiques&#8230; <\/p>\n\n\n\n<p>C&#8217;est l\u00e0, dans ces r\u00e9alit\u00e9s si diverses, que les chr\u00e9tiens vivent, se retrouvent, prient, accueillent la Parole de Dieu et la mettent en pratique, servent les plus pauvres, rendent gr\u00e2ce pour la beaut\u00e9 de la Cr\u00e9ation et pour la vie. C&#8217;est l\u00e0 qu&#8217;ils s&#8217;engagent, chacun avec ses talents et dans toutes leur diversit\u00e9, pour vivre la mission avec un regard d&#8217;esp\u00e9rance et le souci de l&#8217;unit\u00e9. <\/p>\n\n\n\n<p>Soyez les bienvenus !<\/p>\n\n\n\n<p class=\"has-text-align-center\"><br><\/p>\n\n\n\n<div class=\"wp-block-buttons is-layout-flex wp-block-buttons-is-layout-flex\">\n<div class=\"wp-block-button is-style-outline is-style-outline--1\"><a class=\"wp-block-button__link has-blanc-color has-sud-charente-background-color has-text-color has-background wp-element-button\" href=\"https:\/\/charente.catholique.fr\/sud-charente\/paroisses\/barbezieux-baignes-barret\/les-messes-du-mois\/\" target=\"_blank\" rel=\"noreferrer noopener\"><mark style=\"background-color:rgba(0, 0, 0, 0)\" class=\"has-inline-color has-blanc-color\">Les messes du mois dans le Sud Charente<\/mark><\/a><\/div>\n<\/div>\n\n\n\n<p><\/p>\n","protected":false},"excerpt":{"rendered":"<p>Bienvenue sur le site du doyenn\u00e9 Sud Charente ! Ce doyenn\u00e9 comprend les paroisses de : Territoire vaste et rural, il est porteur de 1000 richesses humaines, \u00e9conomiques, historiques, touristiques&#8230; C&#8217;est l\u00e0, dans ces r\u00e9alit\u00e9s si diverses, que les chr\u00e9tiens vivent, se retrouvent, prient, accueillent la Parole de Dieu et la mettent en pratique, servent [&hellip;]<\/p>\n","protected":false},"author":1,"featured_media":371,"parent":0,"menu_order":29,"comment_status":"closed","ping_status":"open","template":"","meta":{"_acf_changed":false,"paroisse":["0"],"service":[],"footnotes":""},"class_list":["post-2","page","type-page","status-publish","has-post-thumbnail","hentry"],"acf":[],"yoast_head":"<!-- This site is optimized with the Yoast SEO plugin v27.1.1 - https:\/\/yoast.com\/product\/yoast-seo-wordpress\/ -->\n<title>Bienvenue - Doyenn\u00e9 Sud Charente<\/title>\n<meta name=\"description\" content=\"\ufeffBienvenue sur le site du doyenn\u00e9 Sud Charente ! Ce doyenn\u00e9 comprend les paroisses de : Barbezieux - Baignes - Barret Montmoreau - Villebois-Lavalette - Blanzac (Saint Beno\u00eet et Saint Gilles en Sud Charente) Chalais - Brossac - AubeterreTerritoire vaste et rural, il est porteur de 1000 richesses humaines, \u00e9conomiques, historiques, touristiques...\" \/>\n<meta name=\"robots\" content=\"index, follow, max-snippet:-1, max-image-preview:large, max-video-preview:-1\" \/>\n<link rel=\"canonical\" href=\"https:\/\/charente.catholique.fr\/sud-charente\/\" \/>\n<meta property=\"og:locale\" content=\"fr_FR\" \/>\n<meta property=\"og:type\" content=\"article\" \/>\n<meta property=\"og:title\" content=\"Bienvenue - Doyenn\u00e9 Sud Charente\" \/>\n<meta property=\"og:description\" content=\"\ufeffBienvenue sur le site du doyenn\u00e9 Sud Charente ! Ce doyenn\u00e9 comprend les paroisses de : Barbezieux - Baignes - Barret Montmoreau - Villebois-Lavalette - Blanzac (Saint Beno\u00eet et Saint Gilles en Sud Charente) Chalais - Brossac - AubeterreTerritoire vaste et rural, il est porteur de 1000 richesses humaines, \u00e9conomiques, historiques, touristiques...\" \/>\n<meta property=\"og:url\" content=\"https:\/\/charente.catholique.fr\/sud-charente\/\" \/>\n<meta property=\"og:site_name\" content=\"Doyenn\u00e9 Sud Charente\" \/>\n<meta property=\"article:publisher\" content=\"https:\/\/www.facebook.com\/EgliseCatholiqueCharente\" \/>\n<meta property=\"article:modified_time\" content=\"2026-04-03T19:49:09+00:00\" \/>\n<meta property=\"og:image\" content=\"https:\/\/charente.catholique.fr\/sud-charente\/wp-content\/uploads\/sites\/5\/2020\/10\/img_3442-scaled.jpg\" \/>\n\t<meta property=\"og:image:width\" content=\"2560\" \/>\n\t<meta property=\"og:image:height\" content=\"1920\" \/>\n\t<meta property=\"og:image:type\" content=\"image\/jpeg\" \/>\n<meta name=\"twitter:card\" content=\"summary_large_image\" \/>\n<meta name=\"twitter:site\" content=\"@diocesecharente\" \/>\n<meta name=\"twitter:label1\" content=\"Dur\u00e9e de lecture estim\u00e9e\" \/>\n\t<meta name=\"twitter:data1\" content=\"1 minute\" \/>\n<script type=\"application\/ld+json\" class=\"yoast-schema-graph\">{\"@context\":\"https:\/\/schema.org\",\"@graph\":[{\"@type\":\"WebPage\",\"@id\":\"https:\/\/charente.catholique.fr\/sud-charente\/\",\"url\":\"https:\/\/charente.catholique.fr\/sud-charente\/\",\"name\":\"Bienvenue - Doyenn\u00e9 Sud Charente\",\"isPartOf\":{\"@id\":\"https:\/\/charente.catholique.fr\/sud-charente\/#website\"},\"primaryImageOfPage\":{\"@id\":\"https:\/\/charente.catholique.fr\/sud-charente\/#primaryimage\"},\"image\":{\"@id\":\"https:\/\/charente.catholique.fr\/sud-charente\/#primaryimage\"},\"thumbnailUrl\":\"https:\/\/charente.catholique.fr\/sud-charente\/wp-content\/uploads\/sites\/5\/2020\/10\/img_3442-scaled.jpg\",\"datePublished\":\"2020-06-17T07:23:00+00:00\",\"dateModified\":\"2026-04-03T19:49:09+00:00\",\"description\":\"\ufeffBienvenue sur le site du doyenn\u00e9 Sud Charente ! Ce doyenn\u00e9 comprend les paroisses de : Barbezieux - Baignes - Barret Montmoreau - Villebois-Lavalette - Blanzac (Saint Beno\u00eet et Saint Gilles en Sud Charente) Chalais - Brossac - AubeterreTerritoire vaste et rural, il est porteur de 1000 richesses humaines, \u00e9conomiques, historiques, touristiques...\",\"breadcrumb\":{\"@id\":\"https:\/\/charente.catholique.fr\/sud-charente\/#breadcrumb\"},\"inLanguage\":\"fr-FR\",\"potentialAction\":[{\"@type\":\"ReadAction\",\"target\":[\"https:\/\/charente.catholique.fr\/sud-charente\/\"]}]},{\"@type\":\"ImageObject\",\"inLanguage\":\"fr-FR\",\"@id\":\"https:\/\/charente.catholique.fr\/sud-charente\/#primaryimage\",\"url\":\"https:\/\/charente.catholique.fr\/sud-charente\/wp-content\/uploads\/sites\/5\/2020\/10\/img_3442-scaled.jpg\",\"contentUrl\":\"https:\/\/charente.catholique.fr\/sud-charente\/wp-content\/uploads\/sites\/5\/2020\/10\/img_3442-scaled.jpg\",\"width\":2560,\"height\":1920},{\"@type\":\"BreadcrumbList\",\"@id\":\"https:\/\/charente.catholique.fr\/sud-charente\/#breadcrumb\",\"itemListElement\":[{\"@type\":\"ListItem\",\"position\":1,\"name\":\"Accueil\",\"item\":\"https:\/\/charente.catholique.fr\/sud-charente\/\"},{\"@type\":\"ListItem\",\"position\":2,\"name\":\"Bienvenue\"}]},{\"@type\":\"WebSite\",\"@id\":\"https:\/\/charente.catholique.fr\/sud-charente\/#website\",\"url\":\"https:\/\/charente.catholique.fr\/sud-charente\/\",\"name\":\"Doyenn\u00e9 Sud Charente - Dioc\u00e8se d'Angoul\u00eame\",\"description\":\"Dioc\u00e8se d&#039;Angoul\u00eame\",\"publisher\":{\"@id\":\"https:\/\/charente.catholique.fr\/sud-charente\/#organization\"},\"potentialAction\":[{\"@type\":\"SearchAction\",\"target\":{\"@type\":\"EntryPoint\",\"urlTemplate\":\"https:\/\/charente.catholique.fr\/sud-charente\/?s={search_term_string}\"},\"query-input\":{\"@type\":\"PropertyValueSpecification\",\"valueRequired\":true,\"valueName\":\"search_term_string\"}}],\"inLanguage\":\"fr-FR\"},{\"@type\":\"Organization\",\"@id\":\"https:\/\/charente.catholique.fr\/sud-charente\/#organization\",\"name\":\"Association dioc\u00e9saine d'Angoul\u00eame\",\"url\":\"https:\/\/charente.catholique.fr\/sud-charente\/\",\"logo\":{\"@type\":\"ImageObject\",\"inLanguage\":\"fr-FR\",\"@id\":\"https:\/\/charente.catholique.fr\/sud-charente\/#\/schema\/logo\/image\/\",\"url\":\"https:\/\/charente.catholique.fr\/sud-charente\/wp-content\/uploads\/sites\/5\/2020\/10\/logos.png\",\"contentUrl\":\"https:\/\/charente.catholique.fr\/sud-charente\/wp-content\/uploads\/sites\/5\/2020\/10\/logos.png\",\"width\":600,\"height\":257,\"caption\":\"Association dioc\u00e9saine d'Angoul\u00eame\"},\"image\":{\"@id\":\"https:\/\/charente.catholique.fr\/sud-charente\/#\/schema\/logo\/image\/\"},\"sameAs\":[\"https:\/\/www.facebook.com\/EgliseCatholiqueCharente\",\"https:\/\/x.com\/diocesecharente\",\"https:\/\/www.instagram.com\/eglisecharente\",\"https:\/\/www.youtube.com\/channel\/UCByyFWApZbw3gDTiADoiAaQ\"]}]}<\/script>\n<!-- \/ Yoast SEO plugin. -->","yoast_head_json":{"title":"Bienvenue - Doyenn\u00e9 Sud Charente","description":"\ufeffBienvenue sur le site du doyenn\u00e9 Sud Charente ! Ce doyenn\u00e9 comprend les paroisses de : Barbezieux - Baignes - Barret Montmoreau - Villebois-Lavalette - Blanzac (Saint Beno\u00eet et Saint Gilles en Sud Charente) Chalais - Brossac - AubeterreTerritoire vaste et rural, il est porteur de 1000 richesses humaines, \u00e9conomiques, historiques, touristiques...","robots":{"index":"index","follow":"follow","max-snippet":"max-snippet:-1","max-image-preview":"max-image-preview:large","max-video-preview":"max-video-preview:-1"},"canonical":"https:\/\/charente.catholique.fr\/sud-charente\/","og_locale":"fr_FR","og_type":"article","og_title":"Bienvenue - Doyenn\u00e9 Sud Charente","og_description":"\ufeffBienvenue sur le site du doyenn\u00e9 Sud Charente ! Ce doyenn\u00e9 comprend les paroisses de : Barbezieux - Baignes - Barret Montmoreau - Villebois-Lavalette - Blanzac (Saint Beno\u00eet et Saint Gilles en Sud Charente) Chalais - Brossac - AubeterreTerritoire vaste et rural, il est porteur de 1000 richesses humaines, \u00e9conomiques, historiques, touristiques...","og_url":"https:\/\/charente.catholique.fr\/sud-charente\/","og_site_name":"Doyenn\u00e9 Sud Charente","article_publisher":"https:\/\/www.facebook.com\/EgliseCatholiqueCharente","article_modified_time":"2026-04-03T19:49:09+00:00","og_image":[{"width":2560,"height":1920,"url":"https:\/\/charente.catholique.fr\/sud-charente\/wp-content\/uploads\/sites\/5\/2020\/10\/img_3442-scaled.jpg","type":"image\/jpeg"}],"twitter_card":"summary_large_image","twitter_site":"@diocesecharente","twitter_misc":{"Dur\u00e9e de lecture estim\u00e9e":"1 minute"},"schema":{"@context":"https:\/\/schema.org","@graph":[{"@type":"WebPage","@id":"https:\/\/charente.catholique.fr\/sud-charente\/","url":"https:\/\/charente.catholique.fr\/sud-charente\/","name":"Bienvenue - Doyenn\u00e9 Sud Charente","isPartOf":{"@id":"https:\/\/charente.catholique.fr\/sud-charente\/#website"},"primaryImageOfPage":{"@id":"https:\/\/charente.catholique.fr\/sud-charente\/#primaryimage"},"image":{"@id":"https:\/\/charente.catholique.fr\/sud-charente\/#primaryimage"},"thumbnailUrl":"https:\/\/charente.catholique.fr\/sud-charente\/wp-content\/uploads\/sites\/5\/2020\/10\/img_3442-scaled.jpg","datePublished":"2020-06-17T07:23:00+00:00","dateModified":"2026-04-03T19:49:09+00:00","description":"\ufeffBienvenue sur le site du doyenn\u00e9 Sud Charente ! Ce doyenn\u00e9 comprend les paroisses de : Barbezieux - Baignes - Barret Montmoreau - Villebois-Lavalette - Blanzac (Saint Beno\u00eet et Saint Gilles en Sud Charente) Chalais - Brossac - AubeterreTerritoire vaste et rural, il est porteur de 1000 richesses humaines, \u00e9conomiques, historiques, touristiques...","breadcrumb":{"@id":"https:\/\/charente.catholique.fr\/sud-charente\/#breadcrumb"},"inLanguage":"fr-FR","potentialAction":[{"@type":"ReadAction","target":["https:\/\/charente.catholique.fr\/sud-charente\/"]}]},{"@type":"ImageObject","inLanguage":"fr-FR","@id":"https:\/\/charente.catholique.fr\/sud-charente\/#primaryimage","url":"https:\/\/charente.catholique.fr\/sud-charente\/wp-content\/uploads\/sites\/5\/2020\/10\/img_3442-scaled.jpg","contentUrl":"https:\/\/charente.catholique.fr\/sud-charente\/wp-content\/uploads\/sites\/5\/2020\/10\/img_3442-scaled.jpg","width":2560,"height":1920},{"@type":"BreadcrumbList","@id":"https:\/\/charente.catholique.fr\/sud-charente\/#breadcrumb","itemListElement":[{"@type":"ListItem","position":1,"name":"Accueil","item":"https:\/\/charente.catholique.fr\/sud-charente\/"},{"@type":"ListItem","position":2,"name":"Bienvenue"}]},{"@type":"WebSite","@id":"https:\/\/charente.catholique.fr\/sud-charente\/#website","url":"https:\/\/charente.catholique.fr\/sud-charente\/","name":"Doyenn\u00e9 Sud Charente - Dioc\u00e8se d'Angoul\u00eame","description":"Dioc\u00e8se d&#039;Angoul\u00eame","publisher":{"@id":"https:\/\/charente.catholique.fr\/sud-charente\/#organization"},"potentialAction":[{"@type":"SearchAction","target":{"@type":"EntryPoint","urlTemplate":"https:\/\/charente.catholique.fr\/sud-charente\/?s={search_term_string}"},"query-input":{"@type":"PropertyValueSpecification","valueRequired":true,"valueName":"search_term_string"}}],"inLanguage":"fr-FR"},{"@type":"Organization","@id":"https:\/\/charente.catholique.fr\/sud-charente\/#organization","name":"Association dioc\u00e9saine d'Angoul\u00eame","url":"https:\/\/charente.catholique.fr\/sud-charente\/","logo":{"@type":"ImageObject","inLanguage":"fr-FR","@id":"https:\/\/charente.catholique.fr\/sud-charente\/#\/schema\/logo\/image\/","url":"https:\/\/charente.catholique.fr\/sud-charente\/wp-content\/uploads\/sites\/5\/2020\/10\/logos.png","contentUrl":"https:\/\/charente.catholique.fr\/sud-charente\/wp-content\/uploads\/sites\/5\/2020\/10\/logos.png","width":600,"height":257,"caption":"Association dioc\u00e9saine d'Angoul\u00eame"},"image":{"@id":"https:\/\/charente.catholique.fr\/sud-charente\/#\/schema\/logo\/image\/"},"sameAs":["https:\/\/www.facebook.com\/EgliseCatholiqueCharente","https:\/\/x.com\/diocesecharente","https:\/\/www.instagram.com\/eglisecharente","https:\/\/www.youtube.com\/channel\/UCByyFWApZbw3gDTiADoiAaQ"]}]}},"_links":{"self":[{"href":"https:\/\/charente.catholique.fr\/sud-charente\/wp-json\/wp\/v2\/pages\/2","targetHints":{"allow":["GET"]}}],"collection":[{"href":"https:\/\/charente.catholique.fr\/sud-charente\/wp-json\/wp\/v2\/pages"}],"about":[{"href":"https:\/\/charente.catholique.fr\/sud-charente\/wp-json\/wp\/v2\/types\/page"}],"author":[{"embeddable":true,"href":"https:\/\/charente.catholique.fr\/sud-charente\/wp-json\/wp\/v2\/users\/1"}],"replies":[{"embeddable":true,"href":"https:\/\/charente.catholique.fr\/sud-charente\/wp-json\/wp\/v2\/comments?post=2"}],"version-history":[{"count":10,"href":"https:\/\/charente.catholique.fr\/sud-charente\/wp-json\/wp\/v2\/pages\/2\/revisions"}],"predecessor-version":[{"id":12918,"href":"https:\/\/charente.catholique.fr\/sud-charente\/wp-json\/wp\/v2\/pages\/2\/revisions\/12918"}],"wp:featuredmedia":[{"embeddable":true,"href":"https:\/\/charente.catholique.fr\/sud-charente\/wp-json\/wp\/v2\/media\/371"}],"wp:attachment":[{"href":"https:\/\/charente.catholique.fr\/sud-charente\/wp-json\/wp\/v2\/media?parent=2"}],"curies":[{"name":"wp","href":"https:\/\/api.w.org\/{rel}","templated":true}]}}