{"id":1884,"date":"2021-05-02T21:46:29","date_gmt":"2021-05-02T19:46:29","guid":{"rendered":"https:\/\/charente.catholique.fr\/sud-charente\/?page_id=1884"},"modified":"2022-05-01T17:43:03","modified_gmt":"2022-05-01T15:43:03","slug":"les-sanctuaires-mariaux-en-sud-charente","status":"publish","type":"page","link":"https:\/\/charente.catholique.fr\/sud-charente\/les-sanctuaires-mariaux-en-sud-charente\/","title":{"rendered":"Les sanctuaires mariaux en Sud Charente"},"content":{"rendered":"\n<p>A l\u2019occasion du mois de mai, mois de Marie, retrouvez ici les principaux sanctuaires mariaux dans le doyenn\u00e9 Sud Charente. Merci aux personnes qui ont fourni photos, commentaires et parfois documents sur l&#8217;histoire du sanctuaire !<\/p>\n","protected":false},"excerpt":{"rendered":"<p>A l\u2019occasion du mois de mai, mois de Marie, retrouvez ici les principaux sanctuaires mariaux dans le doyenn\u00e9 Sud Charente. Merci aux personnes qui ont fourni photos, commentaires et parfois documents sur l&#8217;histoire du sanctuaire !<\/p>\n","protected":false},"author":4,"featured_media":1885,"parent":0,"menu_order":19,"comment_status":"closed","ping_status":"closed","template":"","meta":{"_acf_changed":false,"paroisse":[],"service":[],"footnotes":""},"class_list":["post-1884","page","type-page","status-publish","has-post-thumbnail","hentry"],"acf":[],"yoast_head":"<!-- This site is optimized with the Yoast SEO plugin v27.1.1 - https:\/\/yoast.com\/product\/yoast-seo-wordpress\/ -->\n<title>Les sanctuaires mariaux en Sud Charente - Doyenn\u00e9 Sud Charente<\/title>\n<meta name=\"robots\" content=\"index, follow, max-snippet:-1, max-image-preview:large, max-video-preview:-1\" \/>\n<link rel=\"canonical\" href=\"https:\/\/charente.catholique.fr\/sud-charente\/les-sanctuaires-mariaux-en-sud-charente\/\" \/>\n<meta property=\"og:locale\" content=\"fr_FR\" \/>\n<meta property=\"og:type\" content=\"article\" \/>\n<meta property=\"og:title\" content=\"Les sanctuaires mariaux en Sud Charente - Doyenn\u00e9 Sud Charente\" \/>\n<meta property=\"og:description\" content=\"A l\u2019occasion du mois de mai, mois de Marie, retrouvez ici les principaux sanctuaires mariaux dans le doyenn\u00e9 Sud Charente. Merci aux personnes qui ont fourni photos, commentaires et parfois documents sur l&#8217;histoire du sanctuaire !\" \/>\n<meta property=\"og:url\" content=\"https:\/\/charente.catholique.fr\/sud-charente\/les-sanctuaires-mariaux-en-sud-charente\/\" \/>\n<meta property=\"og:site_name\" content=\"Doyenn\u00e9 Sud Charente\" \/>\n<meta property=\"article:publisher\" content=\"https:\/\/www.facebook.com\/EgliseCatholiqueCharente\" \/>\n<meta property=\"article:modified_time\" content=\"2022-05-01T15:43:03+00:00\" \/>\n<meta property=\"og:image\" content=\"https:\/\/charente.catholique.fr\/sud-charente\/wp-content\/uploads\/sites\/5\/2021\/04\/notre-dame-en-charente-1-33_page_1_image_0001.png\" \/>\n\t<meta property=\"og:image:width\" content=\"765\" \/>\n\t<meta property=\"og:image:height\" content=\"322\" \/>\n\t<meta property=\"og:image:type\" content=\"image\/png\" \/>\n<meta name=\"twitter:card\" content=\"summary_large_image\" \/>\n<meta name=\"twitter:site\" content=\"@diocesecharente\" \/>\n<meta name=\"twitter:label1\" content=\"Dur\u00e9e de lecture estim\u00e9e\" \/>\n\t<meta name=\"twitter:data1\" content=\"1 minute\" \/>\n<script type=\"application\/ld+json\" class=\"yoast-schema-graph\">{\"@context\":\"https:\/\/schema.org\",\"@graph\":[{\"@type\":\"WebPage\",\"@id\":\"https:\/\/charente.catholique.fr\/sud-charente\/les-sanctuaires-mariaux-en-sud-charente\/\",\"url\":\"https:\/\/charente.catholique.fr\/sud-charente\/les-sanctuaires-mariaux-en-sud-charente\/\",\"name\":\"Les sanctuaires mariaux en Sud Charente - Doyenn\u00e9 Sud Charente\",\"isPartOf\":{\"@id\":\"https:\/\/charente.catholique.fr\/sud-charente\/#website\"},\"primaryImageOfPage\":{\"@id\":\"https:\/\/charente.catholique.fr\/sud-charente\/les-sanctuaires-mariaux-en-sud-charente\/#primaryimage\"},\"image\":{\"@id\":\"https:\/\/charente.catholique.fr\/sud-charente\/les-sanctuaires-mariaux-en-sud-charente\/#primaryimage\"},\"thumbnailUrl\":\"https:\/\/charente.catholique.fr\/sud-charente\/wp-content\/uploads\/sites\/5\/2021\/04\/notre-dame-en-charente-1-33_page_1_image_0001.png\",\"datePublished\":\"2021-05-02T19:46:29+00:00\",\"dateModified\":\"2022-05-01T15:43:03+00:00\",\"breadcrumb\":{\"@id\":\"https:\/\/charente.catholique.fr\/sud-charente\/les-sanctuaires-mariaux-en-sud-charente\/#breadcrumb\"},\"inLanguage\":\"fr-FR\",\"potentialAction\":[{\"@type\":\"ReadAction\",\"target\":[\"https:\/\/charente.catholique.fr\/sud-charente\/les-sanctuaires-mariaux-en-sud-charente\/\"]}]},{\"@type\":\"ImageObject\",\"inLanguage\":\"fr-FR\",\"@id\":\"https:\/\/charente.catholique.fr\/sud-charente\/les-sanctuaires-mariaux-en-sud-charente\/#primaryimage\",\"url\":\"https:\/\/charente.catholique.fr\/sud-charente\/wp-content\/uploads\/sites\/5\/2021\/04\/notre-dame-en-charente-1-33_page_1_image_0001.png\",\"contentUrl\":\"https:\/\/charente.catholique.fr\/sud-charente\/wp-content\/uploads\/sites\/5\/2021\/04\/notre-dame-en-charente-1-33_page_1_image_0001.png\",\"width\":765,\"height\":322},{\"@type\":\"BreadcrumbList\",\"@id\":\"https:\/\/charente.catholique.fr\/sud-charente\/les-sanctuaires-mariaux-en-sud-charente\/#breadcrumb\",\"itemListElement\":[{\"@type\":\"ListItem\",\"position\":1,\"name\":\"Accueil\",\"item\":\"https:\/\/charente.catholique.fr\/sud-charente\/\"},{\"@type\":\"ListItem\",\"position\":2,\"name\":\"Les sanctuaires mariaux en Sud Charente\"}]},{\"@type\":\"WebSite\",\"@id\":\"https:\/\/charente.catholique.fr\/sud-charente\/#website\",\"url\":\"https:\/\/charente.catholique.fr\/sud-charente\/\",\"name\":\"Doyenn\u00e9 Sud Charente - Dioc\u00e8se d'Angoul\u00eame\",\"description\":\"Dioc\u00e8se d&#039;Angoul\u00eame\",\"publisher\":{\"@id\":\"https:\/\/charente.catholique.fr\/sud-charente\/#organization\"},\"potentialAction\":[{\"@type\":\"SearchAction\",\"target\":{\"@type\":\"EntryPoint\",\"urlTemplate\":\"https:\/\/charente.catholique.fr\/sud-charente\/?s={search_term_string}\"},\"query-input\":{\"@type\":\"PropertyValueSpecification\",\"valueRequired\":true,\"valueName\":\"search_term_string\"}}],\"inLanguage\":\"fr-FR\"},{\"@type\":\"Organization\",\"@id\":\"https:\/\/charente.catholique.fr\/sud-charente\/#organization\",\"name\":\"Association dioc\u00e9saine d'Angoul\u00eame\",\"url\":\"https:\/\/charente.catholique.fr\/sud-charente\/\",\"logo\":{\"@type\":\"ImageObject\",\"inLanguage\":\"fr-FR\",\"@id\":\"https:\/\/charente.catholique.fr\/sud-charente\/#\/schema\/logo\/image\/\",\"url\":\"https:\/\/charente.catholique.fr\/sud-charente\/wp-content\/uploads\/sites\/5\/2020\/10\/logos.png\",\"contentUrl\":\"https:\/\/charente.catholique.fr\/sud-charente\/wp-content\/uploads\/sites\/5\/2020\/10\/logos.png\",\"width\":600,\"height\":257,\"caption\":\"Association dioc\u00e9saine d'Angoul\u00eame\"},\"image\":{\"@id\":\"https:\/\/charente.catholique.fr\/sud-charente\/#\/schema\/logo\/image\/\"},\"sameAs\":[\"https:\/\/www.facebook.com\/EgliseCatholiqueCharente\",\"https:\/\/x.com\/diocesecharente\",\"https:\/\/www.instagram.com\/eglisecharente\",\"https:\/\/www.youtube.com\/channel\/UCByyFWApZbw3gDTiADoiAaQ\"]}]}<\/script>\n<!-- \/ Yoast SEO plugin. -->","yoast_head_json":{"title":"Les sanctuaires mariaux en Sud Charente - Doyenn\u00e9 Sud Charente","robots":{"index":"index","follow":"follow","max-snippet":"max-snippet:-1","max-image-preview":"max-image-preview:large","max-video-preview":"max-video-preview:-1"},"canonical":"https:\/\/charente.catholique.fr\/sud-charente\/les-sanctuaires-mariaux-en-sud-charente\/","og_locale":"fr_FR","og_type":"article","og_title":"Les sanctuaires mariaux en Sud Charente - Doyenn\u00e9 Sud Charente","og_description":"A l\u2019occasion du mois de mai, mois de Marie, retrouvez ici les principaux sanctuaires mariaux dans le doyenn\u00e9 Sud Charente. Merci aux personnes qui ont fourni photos, commentaires et parfois documents sur l&#8217;histoire du sanctuaire !","og_url":"https:\/\/charente.catholique.fr\/sud-charente\/les-sanctuaires-mariaux-en-sud-charente\/","og_site_name":"Doyenn\u00e9 Sud Charente","article_publisher":"https:\/\/www.facebook.com\/EgliseCatholiqueCharente","article_modified_time":"2022-05-01T15:43:03+00:00","og_image":[{"width":765,"height":322,"url":"https:\/\/charente.catholique.fr\/sud-charente\/wp-content\/uploads\/sites\/5\/2021\/04\/notre-dame-en-charente-1-33_page_1_image_0001.png","type":"image\/png"}],"twitter_card":"summary_large_image","twitter_site":"@diocesecharente","twitter_misc":{"Dur\u00e9e de lecture estim\u00e9e":"1 minute"},"schema":{"@context":"https:\/\/schema.org","@graph":[{"@type":"WebPage","@id":"https:\/\/charente.catholique.fr\/sud-charente\/les-sanctuaires-mariaux-en-sud-charente\/","url":"https:\/\/charente.catholique.fr\/sud-charente\/les-sanctuaires-mariaux-en-sud-charente\/","name":"Les sanctuaires mariaux en Sud Charente - Doyenn\u00e9 Sud Charente","isPartOf":{"@id":"https:\/\/charente.catholique.fr\/sud-charente\/#website"},"primaryImageOfPage":{"@id":"https:\/\/charente.catholique.fr\/sud-charente\/les-sanctuaires-mariaux-en-sud-charente\/#primaryimage"},"image":{"@id":"https:\/\/charente.catholique.fr\/sud-charente\/les-sanctuaires-mariaux-en-sud-charente\/#primaryimage"},"thumbnailUrl":"https:\/\/charente.catholique.fr\/sud-charente\/wp-content\/uploads\/sites\/5\/2021\/04\/notre-dame-en-charente-1-33_page_1_image_0001.png","datePublished":"2021-05-02T19:46:29+00:00","dateModified":"2022-05-01T15:43:03+00:00","breadcrumb":{"@id":"https:\/\/charente.catholique.fr\/sud-charente\/les-sanctuaires-mariaux-en-sud-charente\/#breadcrumb"},"inLanguage":"fr-FR","potentialAction":[{"@type":"ReadAction","target":["https:\/\/charente.catholique.fr\/sud-charente\/les-sanctuaires-mariaux-en-sud-charente\/"]}]},{"@type":"ImageObject","inLanguage":"fr-FR","@id":"https:\/\/charente.catholique.fr\/sud-charente\/les-sanctuaires-mariaux-en-sud-charente\/#primaryimage","url":"https:\/\/charente.catholique.fr\/sud-charente\/wp-content\/uploads\/sites\/5\/2021\/04\/notre-dame-en-charente-1-33_page_1_image_0001.png","contentUrl":"https:\/\/charente.catholique.fr\/sud-charente\/wp-content\/uploads\/sites\/5\/2021\/04\/notre-dame-en-charente-1-33_page_1_image_0001.png","width":765,"height":322},{"@type":"BreadcrumbList","@id":"https:\/\/charente.catholique.fr\/sud-charente\/les-sanctuaires-mariaux-en-sud-charente\/#breadcrumb","itemListElement":[{"@type":"ListItem","position":1,"name":"Accueil","item":"https:\/\/charente.catholique.fr\/sud-charente\/"},{"@type":"ListItem","position":2,"name":"Les sanctuaires mariaux en Sud Charente"}]},{"@type":"WebSite","@id":"https:\/\/charente.catholique.fr\/sud-charente\/#website","url":"https:\/\/charente.catholique.fr\/sud-charente\/","name":"Doyenn\u00e9 Sud Charente - Dioc\u00e8se d'Angoul\u00eame","description":"Dioc\u00e8se d&#039;Angoul\u00eame","publisher":{"@id":"https:\/\/charente.catholique.fr\/sud-charente\/#organization"},"potentialAction":[{"@type":"SearchAction","target":{"@type":"EntryPoint","urlTemplate":"https:\/\/charente.catholique.fr\/sud-charente\/?s={search_term_string}"},"query-input":{"@type":"PropertyValueSpecification","valueRequired":true,"valueName":"search_term_string"}}],"inLanguage":"fr-FR"},{"@type":"Organization","@id":"https:\/\/charente.catholique.fr\/sud-charente\/#organization","name":"Association dioc\u00e9saine d'Angoul\u00eame","url":"https:\/\/charente.catholique.fr\/sud-charente\/","logo":{"@type":"ImageObject","inLanguage":"fr-FR","@id":"https:\/\/charente.catholique.fr\/sud-charente\/#\/schema\/logo\/image\/","url":"https:\/\/charente.catholique.fr\/sud-charente\/wp-content\/uploads\/sites\/5\/2020\/10\/logos.png","contentUrl":"https:\/\/charente.catholique.fr\/sud-charente\/wp-content\/uploads\/sites\/5\/2020\/10\/logos.png","width":600,"height":257,"caption":"Association dioc\u00e9saine d'Angoul\u00eame"},"image":{"@id":"https:\/\/charente.catholique.fr\/sud-charente\/#\/schema\/logo\/image\/"},"sameAs":["https:\/\/www.facebook.com\/EgliseCatholiqueCharente","https:\/\/x.com\/diocesecharente","https:\/\/www.instagram.com\/eglisecharente","https:\/\/www.youtube.com\/channel\/UCByyFWApZbw3gDTiADoiAaQ"]}]}},"_links":{"self":[{"href":"https:\/\/charente.catholique.fr\/sud-charente\/wp-json\/wp\/v2\/pages\/1884","targetHints":{"allow":["GET"]}}],"collection":[{"href":"https:\/\/charente.catholique.fr\/sud-charente\/wp-json\/wp\/v2\/pages"}],"about":[{"href":"https:\/\/charente.catholique.fr\/sud-charente\/wp-json\/wp\/v2\/types\/page"}],"author":[{"embeddable":true,"href":"https:\/\/charente.catholique.fr\/sud-charente\/wp-json\/wp\/v2\/users\/4"}],"replies":[{"embeddable":true,"href":"https:\/\/charente.catholique.fr\/sud-charente\/wp-json\/wp\/v2\/comments?post=1884"}],"version-history":[{"count":9,"href":"https:\/\/charente.catholique.fr\/sud-charente\/wp-json\/wp\/v2\/pages\/1884\/revisions"}],"predecessor-version":[{"id":2002,"href":"https:\/\/charente.catholique.fr\/sud-charente\/wp-json\/wp\/v2\/pages\/1884\/revisions\/2002"}],"wp:featuredmedia":[{"embeddable":true,"href":"https:\/\/charente.catholique.fr\/sud-charente\/wp-json\/wp\/v2\/media\/1885"}],"wp:attachment":[{"href":"https:\/\/charente.catholique.fr\/sud-charente\/wp-json\/wp\/v2\/media?parent=1884"}],"curies":[{"name":"wp","href":"https:\/\/api.w.org\/{rel}","templated":true}]}}