{"id":1666,"date":"2021-03-20T20:39:52","date_gmt":"2021-03-20T19:39:52","guid":{"rendered":"https:\/\/charente.catholique.fr\/sud-charente\/?page_id=1666"},"modified":"2021-03-29T10:19:24","modified_gmt":"2021-03-29T08:19:24","slug":"le-chemin-de-croix-2021-du-doyenne","status":"publish","type":"page","link":"https:\/\/charente.catholique.fr\/sud-charente\/le-chemin-de-croix-2021-du-doyenne\/","title":{"rendered":"Le Chemin de Croix 2021 du doyenn\u00e9"},"content":{"rendered":"\n<p><strong>Le vendredi saint<\/strong> 2 avril 2021, nous vivrons un seul office de la croix pour tout le doyenn\u00e9 \u00e0 15h \u00e0 Montmoreau. Mais le matin, toutes les \u00e9glises de tous les villages du doyenn\u00e9 Sud Charente pourront accueillir un chemin de croix \u00e0 partir d\u2019une m\u00e9ditation \u00e9crite par Sr Dominique, de l\u2019abbaye de Maumont, \u00e0 cette intention ! Un livret de la m\u00e9ditation est imprim\u00e9 : quelques exemplaires peuvent \u00eatre distribu\u00e9s dans tous les villages pour qu\u2019un maximum d\u2019\u00e9glises puissent \u00eatre ouvertes \u00e0 la pri\u00e8re.<\/p>\n\n\n\n<p><\/p>\n\n\n\n<div class=\"wp-block-file\"><a href=\"https:\/\/charente.catholique.fr\/sud-charente\/wp-content\/uploads\/sites\/5\/2021\/03\/CHEMIN-DE-CROIX-2021.pdf\"><strong>T\u00e9l\u00e9chargez le Chemin de croix<\/strong><\/a><a href=\"https:\/\/charente.catholique.fr\/sud-charente\/wp-content\/uploads\/sites\/5\/2021\/03\/CHEMIN-DE-CROIX-2021.pdf\" class=\"wp-block-file__button\" download>T\u00e9l\u00e9charger<\/a><\/div>\n\n\n\n<figure class=\"wp-block-embed is-type-video is-provider-youtube wp-block-embed-youtube wp-embed-aspect-16-9 wp-has-aspect-ratio\"><div class=\"wp-block-embed__wrapper\">\n<iframe loading=\"lazy\" title=\"Chemin de croix - Sr Dominique - 2021\" width=\"500\" height=\"281\" src=\"https:\/\/www.youtube.com\/embed\/tHRDts4uDgg?feature=oembed\" frameborder=\"0\" allow=\"accelerometer; autoplay; clipboard-write; encrypted-media; gyroscope; picture-in-picture; web-share\" referrerpolicy=\"strict-origin-when-cross-origin\" allowfullscreen><\/iframe>\n<\/div><\/figure>\n\n\n\n<div class=\"wp-block-image\"><figure class=\"aligncenter size-large\"><a href=\"https:\/\/charente.catholique.fr\/sud-charente\/?attachment_id=1667\"><img loading=\"lazy\" decoding=\"async\" width=\"540\" height=\"813\" src=\"https:\/\/charente.catholique.fr\/sud-charente\/wp-content\/uploads\/sites\/5\/2021\/03\/image.png\" alt=\"\" class=\"wp-image-1667\" srcset=\"https:\/\/charente.catholique.fr\/sud-charente\/wp-content\/uploads\/sites\/5\/2021\/03\/image.png 540w, https:\/\/charente.catholique.fr\/sud-charente\/wp-content\/uploads\/sites\/5\/2021\/03\/image-199x300.png 199w\" sizes=\"auto, (max-width: 540px) 100vw, 540px\" \/><\/a><\/figure><\/div>\n\n\n\n<p><\/p>\n","protected":false},"excerpt":{"rendered":"<p>Le vendredi saint 2 avril 2021, nous vivrons un seul office de la croix pour tout le doyenn\u00e9 \u00e0 15h \u00e0 Montmoreau. Mais le matin, toutes les \u00e9glises de tous les villages du doyenn\u00e9 Sud Charente pourront accueillir un chemin de croix \u00e0 partir d\u2019une m\u00e9ditation \u00e9crite par Sr Dominique, de l\u2019abbaye de Maumont, \u00e0 [&hellip;]<\/p>\n","protected":false},"author":4,"featured_media":1670,"parent":0,"menu_order":20,"comment_status":"closed","ping_status":"closed","template":"","meta":{"_acf_changed":false,"paroisse":[],"service":[],"footnotes":""},"class_list":["post-1666","page","type-page","status-publish","has-post-thumbnail","hentry"],"acf":[],"yoast_head":"<!-- This site is optimized with the Yoast SEO plugin v27.1.1 - https:\/\/yoast.com\/product\/yoast-seo-wordpress\/ -->\n<title>Le Chemin de Croix 2021 du doyenn\u00e9 - Doyenn\u00e9 Sud Charente<\/title>\n<meta name=\"robots\" content=\"index, follow, max-snippet:-1, max-image-preview:large, max-video-preview:-1\" \/>\n<link rel=\"canonical\" href=\"https:\/\/charente.catholique.fr\/sud-charente\/le-chemin-de-croix-2021-du-doyenne\/\" \/>\n<meta property=\"og:locale\" content=\"fr_FR\" \/>\n<meta property=\"og:type\" content=\"article\" \/>\n<meta property=\"og:title\" content=\"Le Chemin de Croix 2021 du doyenn\u00e9 - Doyenn\u00e9 Sud Charente\" \/>\n<meta property=\"og:description\" content=\"Le vendredi saint 2 avril 2021, nous vivrons un seul office de la croix pour tout le doyenn\u00e9 \u00e0 15h \u00e0 Montmoreau. Mais le matin, toutes les \u00e9glises de tous les villages du doyenn\u00e9 Sud Charente pourront accueillir un chemin de croix \u00e0 partir d\u2019une m\u00e9ditation \u00e9crite par Sr Dominique, de l\u2019abbaye de Maumont, \u00e0 [&hellip;]\" \/>\n<meta property=\"og:url\" content=\"https:\/\/charente.catholique.fr\/sud-charente\/le-chemin-de-croix-2021-du-doyenne\/\" \/>\n<meta property=\"og:site_name\" content=\"Doyenn\u00e9 Sud Charente\" \/>\n<meta property=\"article:publisher\" content=\"https:\/\/www.facebook.com\/EgliseCatholiqueCharente\" \/>\n<meta property=\"article:modified_time\" content=\"2021-03-29T08:19:24+00:00\" \/>\n<meta property=\"og:image\" content=\"https:\/\/charente.catholique.fr\/sud-charente\/wp-content\/uploads\/sites\/5\/2021\/03\/chemin-de-croix-2021.jpg\" \/>\n\t<meta property=\"og:image:width\" content=\"443\" \/>\n\t<meta property=\"og:image:height\" content=\"196\" \/>\n\t<meta property=\"og:image:type\" content=\"image\/jpeg\" \/>\n<meta name=\"twitter:card\" content=\"summary_large_image\" \/>\n<meta name=\"twitter:site\" content=\"@diocesecharente\" \/>\n<meta name=\"twitter:label1\" content=\"Dur\u00e9e de lecture estim\u00e9e\" \/>\n\t<meta name=\"twitter:data1\" content=\"1 minute\" \/>\n<script type=\"application\/ld+json\" class=\"yoast-schema-graph\">{\"@context\":\"https:\/\/schema.org\",\"@graph\":[{\"@type\":\"WebPage\",\"@id\":\"https:\/\/charente.catholique.fr\/sud-charente\/le-chemin-de-croix-2021-du-doyenne\/\",\"url\":\"https:\/\/charente.catholique.fr\/sud-charente\/le-chemin-de-croix-2021-du-doyenne\/\",\"name\":\"Le Chemin de Croix 2021 du doyenn\u00e9 - Doyenn\u00e9 Sud Charente\",\"isPartOf\":{\"@id\":\"https:\/\/charente.catholique.fr\/sud-charente\/#website\"},\"primaryImageOfPage\":{\"@id\":\"https:\/\/charente.catholique.fr\/sud-charente\/le-chemin-de-croix-2021-du-doyenne\/#primaryimage\"},\"image\":{\"@id\":\"https:\/\/charente.catholique.fr\/sud-charente\/le-chemin-de-croix-2021-du-doyenne\/#primaryimage\"},\"thumbnailUrl\":\"https:\/\/charente.catholique.fr\/sud-charente\/wp-content\/uploads\/sites\/5\/2021\/03\/chemin-de-croix-2021.jpg\",\"datePublished\":\"2021-03-20T19:39:52+00:00\",\"dateModified\":\"2021-03-29T08:19:24+00:00\",\"breadcrumb\":{\"@id\":\"https:\/\/charente.catholique.fr\/sud-charente\/le-chemin-de-croix-2021-du-doyenne\/#breadcrumb\"},\"inLanguage\":\"fr-FR\",\"potentialAction\":[{\"@type\":\"ReadAction\",\"target\":[\"https:\/\/charente.catholique.fr\/sud-charente\/le-chemin-de-croix-2021-du-doyenne\/\"]}]},{\"@type\":\"ImageObject\",\"inLanguage\":\"fr-FR\",\"@id\":\"https:\/\/charente.catholique.fr\/sud-charente\/le-chemin-de-croix-2021-du-doyenne\/#primaryimage\",\"url\":\"https:\/\/charente.catholique.fr\/sud-charente\/wp-content\/uploads\/sites\/5\/2021\/03\/chemin-de-croix-2021.jpg\",\"contentUrl\":\"https:\/\/charente.catholique.fr\/sud-charente\/wp-content\/uploads\/sites\/5\/2021\/03\/chemin-de-croix-2021.jpg\",\"width\":443,\"height\":196},{\"@type\":\"BreadcrumbList\",\"@id\":\"https:\/\/charente.catholique.fr\/sud-charente\/le-chemin-de-croix-2021-du-doyenne\/#breadcrumb\",\"itemListElement\":[{\"@type\":\"ListItem\",\"position\":1,\"name\":\"Accueil\",\"item\":\"https:\/\/charente.catholique.fr\/sud-charente\/\"},{\"@type\":\"ListItem\",\"position\":2,\"name\":\"Le Chemin de Croix 2021 du doyenn\u00e9\"}]},{\"@type\":\"WebSite\",\"@id\":\"https:\/\/charente.catholique.fr\/sud-charente\/#website\",\"url\":\"https:\/\/charente.catholique.fr\/sud-charente\/\",\"name\":\"Doyenn\u00e9 Sud Charente - Dioc\u00e8se d'Angoul\u00eame\",\"description\":\"Dioc\u00e8se d&#039;Angoul\u00eame\",\"publisher\":{\"@id\":\"https:\/\/charente.catholique.fr\/sud-charente\/#organization\"},\"potentialAction\":[{\"@type\":\"SearchAction\",\"target\":{\"@type\":\"EntryPoint\",\"urlTemplate\":\"https:\/\/charente.catholique.fr\/sud-charente\/?s={search_term_string}\"},\"query-input\":{\"@type\":\"PropertyValueSpecification\",\"valueRequired\":true,\"valueName\":\"search_term_string\"}}],\"inLanguage\":\"fr-FR\"},{\"@type\":\"Organization\",\"@id\":\"https:\/\/charente.catholique.fr\/sud-charente\/#organization\",\"name\":\"Association dioc\u00e9saine d'Angoul\u00eame\",\"url\":\"https:\/\/charente.catholique.fr\/sud-charente\/\",\"logo\":{\"@type\":\"ImageObject\",\"inLanguage\":\"fr-FR\",\"@id\":\"https:\/\/charente.catholique.fr\/sud-charente\/#\/schema\/logo\/image\/\",\"url\":\"https:\/\/charente.catholique.fr\/sud-charente\/wp-content\/uploads\/sites\/5\/2020\/10\/logos.png\",\"contentUrl\":\"https:\/\/charente.catholique.fr\/sud-charente\/wp-content\/uploads\/sites\/5\/2020\/10\/logos.png\",\"width\":600,\"height\":257,\"caption\":\"Association dioc\u00e9saine d'Angoul\u00eame\"},\"image\":{\"@id\":\"https:\/\/charente.catholique.fr\/sud-charente\/#\/schema\/logo\/image\/\"},\"sameAs\":[\"https:\/\/www.facebook.com\/EgliseCatholiqueCharente\",\"https:\/\/x.com\/diocesecharente\",\"https:\/\/www.instagram.com\/eglisecharente\",\"https:\/\/www.youtube.com\/channel\/UCByyFWApZbw3gDTiADoiAaQ\"]}]}<\/script>\n<!-- \/ Yoast SEO plugin. -->","yoast_head_json":{"title":"Le Chemin de Croix 2021 du doyenn\u00e9 - Doyenn\u00e9 Sud Charente","robots":{"index":"index","follow":"follow","max-snippet":"max-snippet:-1","max-image-preview":"max-image-preview:large","max-video-preview":"max-video-preview:-1"},"canonical":"https:\/\/charente.catholique.fr\/sud-charente\/le-chemin-de-croix-2021-du-doyenne\/","og_locale":"fr_FR","og_type":"article","og_title":"Le Chemin de Croix 2021 du doyenn\u00e9 - Doyenn\u00e9 Sud Charente","og_description":"Le vendredi saint 2 avril 2021, nous vivrons un seul office de la croix pour tout le doyenn\u00e9 \u00e0 15h \u00e0 Montmoreau. Mais le matin, toutes les \u00e9glises de tous les villages du doyenn\u00e9 Sud Charente pourront accueillir un chemin de croix \u00e0 partir d\u2019une m\u00e9ditation \u00e9crite par Sr Dominique, de l\u2019abbaye de Maumont, \u00e0 [&hellip;]","og_url":"https:\/\/charente.catholique.fr\/sud-charente\/le-chemin-de-croix-2021-du-doyenne\/","og_site_name":"Doyenn\u00e9 Sud Charente","article_publisher":"https:\/\/www.facebook.com\/EgliseCatholiqueCharente","article_modified_time":"2021-03-29T08:19:24+00:00","og_image":[{"width":443,"height":196,"url":"https:\/\/charente.catholique.fr\/sud-charente\/wp-content\/uploads\/sites\/5\/2021\/03\/chemin-de-croix-2021.jpg","type":"image\/jpeg"}],"twitter_card":"summary_large_image","twitter_site":"@diocesecharente","twitter_misc":{"Dur\u00e9e de lecture estim\u00e9e":"1 minute"},"schema":{"@context":"https:\/\/schema.org","@graph":[{"@type":"WebPage","@id":"https:\/\/charente.catholique.fr\/sud-charente\/le-chemin-de-croix-2021-du-doyenne\/","url":"https:\/\/charente.catholique.fr\/sud-charente\/le-chemin-de-croix-2021-du-doyenne\/","name":"Le Chemin de Croix 2021 du doyenn\u00e9 - Doyenn\u00e9 Sud Charente","isPartOf":{"@id":"https:\/\/charente.catholique.fr\/sud-charente\/#website"},"primaryImageOfPage":{"@id":"https:\/\/charente.catholique.fr\/sud-charente\/le-chemin-de-croix-2021-du-doyenne\/#primaryimage"},"image":{"@id":"https:\/\/charente.catholique.fr\/sud-charente\/le-chemin-de-croix-2021-du-doyenne\/#primaryimage"},"thumbnailUrl":"https:\/\/charente.catholique.fr\/sud-charente\/wp-content\/uploads\/sites\/5\/2021\/03\/chemin-de-croix-2021.jpg","datePublished":"2021-03-20T19:39:52+00:00","dateModified":"2021-03-29T08:19:24+00:00","breadcrumb":{"@id":"https:\/\/charente.catholique.fr\/sud-charente\/le-chemin-de-croix-2021-du-doyenne\/#breadcrumb"},"inLanguage":"fr-FR","potentialAction":[{"@type":"ReadAction","target":["https:\/\/charente.catholique.fr\/sud-charente\/le-chemin-de-croix-2021-du-doyenne\/"]}]},{"@type":"ImageObject","inLanguage":"fr-FR","@id":"https:\/\/charente.catholique.fr\/sud-charente\/le-chemin-de-croix-2021-du-doyenne\/#primaryimage","url":"https:\/\/charente.catholique.fr\/sud-charente\/wp-content\/uploads\/sites\/5\/2021\/03\/chemin-de-croix-2021.jpg","contentUrl":"https:\/\/charente.catholique.fr\/sud-charente\/wp-content\/uploads\/sites\/5\/2021\/03\/chemin-de-croix-2021.jpg","width":443,"height":196},{"@type":"BreadcrumbList","@id":"https:\/\/charente.catholique.fr\/sud-charente\/le-chemin-de-croix-2021-du-doyenne\/#breadcrumb","itemListElement":[{"@type":"ListItem","position":1,"name":"Accueil","item":"https:\/\/charente.catholique.fr\/sud-charente\/"},{"@type":"ListItem","position":2,"name":"Le Chemin de Croix 2021 du doyenn\u00e9"}]},{"@type":"WebSite","@id":"https:\/\/charente.catholique.fr\/sud-charente\/#website","url":"https:\/\/charente.catholique.fr\/sud-charente\/","name":"Doyenn\u00e9 Sud Charente - Dioc\u00e8se d'Angoul\u00eame","description":"Dioc\u00e8se d&#039;Angoul\u00eame","publisher":{"@id":"https:\/\/charente.catholique.fr\/sud-charente\/#organization"},"potentialAction":[{"@type":"SearchAction","target":{"@type":"EntryPoint","urlTemplate":"https:\/\/charente.catholique.fr\/sud-charente\/?s={search_term_string}"},"query-input":{"@type":"PropertyValueSpecification","valueRequired":true,"valueName":"search_term_string"}}],"inLanguage":"fr-FR"},{"@type":"Organization","@id":"https:\/\/charente.catholique.fr\/sud-charente\/#organization","name":"Association dioc\u00e9saine d'Angoul\u00eame","url":"https:\/\/charente.catholique.fr\/sud-charente\/","logo":{"@type":"ImageObject","inLanguage":"fr-FR","@id":"https:\/\/charente.catholique.fr\/sud-charente\/#\/schema\/logo\/image\/","url":"https:\/\/charente.catholique.fr\/sud-charente\/wp-content\/uploads\/sites\/5\/2020\/10\/logos.png","contentUrl":"https:\/\/charente.catholique.fr\/sud-charente\/wp-content\/uploads\/sites\/5\/2020\/10\/logos.png","width":600,"height":257,"caption":"Association dioc\u00e9saine d'Angoul\u00eame"},"image":{"@id":"https:\/\/charente.catholique.fr\/sud-charente\/#\/schema\/logo\/image\/"},"sameAs":["https:\/\/www.facebook.com\/EgliseCatholiqueCharente","https:\/\/x.com\/diocesecharente","https:\/\/www.instagram.com\/eglisecharente","https:\/\/www.youtube.com\/channel\/UCByyFWApZbw3gDTiADoiAaQ"]}]}},"_links":{"self":[{"href":"https:\/\/charente.catholique.fr\/sud-charente\/wp-json\/wp\/v2\/pages\/1666","targetHints":{"allow":["GET"]}}],"collection":[{"href":"https:\/\/charente.catholique.fr\/sud-charente\/wp-json\/wp\/v2\/pages"}],"about":[{"href":"https:\/\/charente.catholique.fr\/sud-charente\/wp-json\/wp\/v2\/types\/page"}],"author":[{"embeddable":true,"href":"https:\/\/charente.catholique.fr\/sud-charente\/wp-json\/wp\/v2\/users\/4"}],"replies":[{"embeddable":true,"href":"https:\/\/charente.catholique.fr\/sud-charente\/wp-json\/wp\/v2\/comments?post=1666"}],"version-history":[{"count":5,"href":"https:\/\/charente.catholique.fr\/sud-charente\/wp-json\/wp\/v2\/pages\/1666\/revisions"}],"predecessor-version":[{"id":1743,"href":"https:\/\/charente.catholique.fr\/sud-charente\/wp-json\/wp\/v2\/pages\/1666\/revisions\/1743"}],"wp:featuredmedia":[{"embeddable":true,"href":"https:\/\/charente.catholique.fr\/sud-charente\/wp-json\/wp\/v2\/media\/1670"}],"wp:attachment":[{"href":"https:\/\/charente.catholique.fr\/sud-charente\/wp-json\/wp\/v2\/media?parent=1666"}],"curies":[{"name":"wp","href":"https:\/\/api.w.org\/{rel}","templated":true}]}}