{"id":12566,"date":"2026-02-18T07:29:00","date_gmt":"2026-02-18T06:29:00","guid":{"rendered":"https:\/\/charente.catholique.fr\/sud-charente\/?page_id=12566"},"modified":"2026-02-15T17:09:28","modified_gmt":"2026-02-15T16:09:28","slug":"collecte-de-dons-careme-2026-sbsg","status":"publish","type":"page","link":"https:\/\/charente.catholique.fr\/sud-charente\/collecte-de-dons-careme-2026-sbsg\/","title":{"rendered":"Collecte de dons &#8211; Car\u00eame 2026 &#8211; SBSG"},"content":{"rendered":"\n<p><strong>Ne venez pas \u00e0 la messe les mains vides !<\/strong><\/p>\n\n\n\n<p><br>Comme effort de Car\u00eame, nous vous proposons d\u2019aider ceux qui sont les plus d\u00e9munis :<br><strong>Pour Montmoreau et Villebois nous aiderons la Croix-Rouge, pour Blanzac : l\u2019ATLEB.<\/strong><br><br>Que leur manque-t-il ?<br>&#8211; des produits d\u2019hygi\u00e8ne : shampoing, savon, gel douche, couches, serviettes p\u00e9riodiques&#8230; \u00a0 \u00a0 \u00a0 \u00a0 \u00a0 \u00a0 \u00a0 \u00a0 \u00a0 \u00a0 \u00a0 \u00a0 \u00a0 \u00a0 <br>&#8211; des denr\u00e9es non p\u00e9rissables : p\u00e2tes, riz, huile, conserves de l\u00e9gumes et de poissons, plats pr\u00e9par\u00e9s&#8230;.<br>Et s\u00fbrement d\u2019autres produits selon les lieux.<\/p>\n\n\n\n<p><br>&#8211;&gt; <strong>Tout cela sera recueilli dans des corbeilles \u00e0 l\u2019entr\u00e9e de l\u2019\u00e9glise<\/strong> et donn\u00e9 \u00e0 la fin du car\u00eame aux diff\u00e9rentes associations.<\/p>\n\n\n<div class=\"wp-block-image\">\n<figure class=\"aligncenter size-large\"><img loading=\"lazy\" decoding=\"async\" width=\"764\" height=\"1080\" src=\"https:\/\/charente.catholique.fr\/sud-charente\/wp-content\/uploads\/sites\/5\/2026\/02\/Careme2026-DoyenneSud-764x1080.png\" alt=\"\" class=\"wp-image-12543\" srcset=\"https:\/\/charente.catholique.fr\/sud-charente\/wp-content\/uploads\/sites\/5\/2026\/02\/Careme2026-DoyenneSud-764x1080.png 764w, https:\/\/charente.catholique.fr\/sud-charente\/wp-content\/uploads\/sites\/5\/2026\/02\/Careme2026-DoyenneSud-212x300.png 212w, https:\/\/charente.catholique.fr\/sud-charente\/wp-content\/uploads\/sites\/5\/2026\/02\/Careme2026-DoyenneSud-768x1086.png 768w, https:\/\/charente.catholique.fr\/sud-charente\/wp-content\/uploads\/sites\/5\/2026\/02\/Careme2026-DoyenneSud-1086x1536.png 1086w, https:\/\/charente.catholique.fr\/sud-charente\/wp-content\/uploads\/sites\/5\/2026\/02\/Careme2026-DoyenneSud-1320x1867.png 1320w, https:\/\/charente.catholique.fr\/sud-charente\/wp-content\/uploads\/sites\/5\/2026\/02\/Careme2026-DoyenneSud.png 1414w\" sizes=\"auto, (max-width: 764px) 100vw, 764px\" \/><\/figure>\n<\/div>","protected":false},"excerpt":{"rendered":"<p>Ne venez pas \u00e0 la messe les mains vides ! Comme effort de Car\u00eame, nous vous proposons d\u2019aider ceux qui sont les plus d\u00e9munis :Pour Montmoreau et Villebois nous aiderons la Croix-Rouge, pour Blanzac : l\u2019ATLEB. Que leur manque-t-il ?&#8211; des produits d\u2019hygi\u00e8ne : shampoing, savon, gel douche, couches, serviettes p\u00e9riodiques&#8230; \u00a0 \u00a0 \u00a0 \u00a0 [&hellip;]<\/p>\n","protected":false},"author":101,"featured_media":12544,"parent":0,"menu_order":0,"comment_status":"closed","ping_status":"closed","template":"","meta":{"_acf_changed":false,"paroisse":[],"service":[],"footnotes":""},"class_list":["post-12566","page","type-page","status-publish","has-post-thumbnail","hentry"],"acf":[],"yoast_head":"<!-- This site is optimized with the Yoast SEO plugin v27.1.1 - https:\/\/yoast.com\/product\/yoast-seo-wordpress\/ -->\n<title>Collecte de dons - Car\u00eame 2026 - SBSG - Doyenn\u00e9 Sud Charente<\/title>\n<meta name=\"description\" content=\"Comme effort de Car\u00eame, nous vous proposons d\u2019aider ceux qui sont les plus d\u00e9munis :Pour Montmoreau et Villebois nous aiderons la Croix-Rouge, pour Blanzac l\u2019ATLEB.Que leur manque-t-il ?- des produits d\u2019hygi\u00e8ne : shampoing, savon, gel douche, couches, serviettes p\u00e9riodiques... \u00a0 \u00a0 \u00a0 \u00a0 \u00a0 \u00a0 \u00a0 \u00a0 \u00a0 \u00a0 \u00a0 \u00a0 \u00a0 \u00a0 - des denr\u00e9es non p\u00e9rissables : p\u00e2tes, riz, huile, conserves de l\u00e9gumes et de poissons, plats pr\u00e9par\u00e9s....Et s\u00fbrement d\u2019autres produits selon les lieux.\" \/>\n<meta name=\"robots\" content=\"index, follow, max-snippet:-1, max-image-preview:large, max-video-preview:-1\" \/>\n<link rel=\"canonical\" href=\"https:\/\/charente.catholique.fr\/sud-charente\/collecte-de-dons-careme-2026-sbsg\/\" \/>\n<meta property=\"og:locale\" content=\"fr_FR\" \/>\n<meta property=\"og:type\" content=\"article\" \/>\n<meta property=\"og:title\" content=\"Collecte de dons - Car\u00eame 2026 - SBSG - Doyenn\u00e9 Sud Charente\" \/>\n<meta property=\"og:description\" content=\"Comme effort de Car\u00eame, nous vous proposons d\u2019aider ceux qui sont les plus d\u00e9munis :Pour Montmoreau et Villebois nous aiderons la Croix-Rouge, pour Blanzac l\u2019ATLEB.Que leur manque-t-il ?- des produits d\u2019hygi\u00e8ne : shampoing, savon, gel douche, couches, serviettes p\u00e9riodiques... \u00a0 \u00a0 \u00a0 \u00a0 \u00a0 \u00a0 \u00a0 \u00a0 \u00a0 \u00a0 \u00a0 \u00a0 \u00a0 \u00a0 - des denr\u00e9es non p\u00e9rissables : p\u00e2tes, riz, huile, conserves de l\u00e9gumes et de poissons, plats pr\u00e9par\u00e9s....Et s\u00fbrement d\u2019autres produits selon les lieux.\" \/>\n<meta property=\"og:url\" content=\"https:\/\/charente.catholique.fr\/sud-charente\/collecte-de-dons-careme-2026-sbsg\/\" \/>\n<meta property=\"og:site_name\" content=\"Doyenn\u00e9 Sud Charente\" \/>\n<meta property=\"article:publisher\" content=\"https:\/\/www.facebook.com\/EgliseCatholiqueCharente\" \/>\n<meta property=\"og:image\" content=\"https:\/\/charente.catholique.fr\/sud-charente\/wp-content\/uploads\/sites\/5\/2026\/02\/careme2026-doyennesud-1.png\" \/>\n\t<meta property=\"og:image:width\" content=\"1414\" \/>\n\t<meta property=\"og:image:height\" content=\"2000\" \/>\n\t<meta property=\"og:image:type\" content=\"image\/png\" \/>\n<meta name=\"twitter:card\" content=\"summary_large_image\" \/>\n<meta name=\"twitter:site\" content=\"@diocesecharente\" \/>\n<meta name=\"twitter:label1\" content=\"Dur\u00e9e de lecture estim\u00e9e\" \/>\n\t<meta name=\"twitter:data1\" content=\"1 minute\" \/>\n<script type=\"application\/ld+json\" class=\"yoast-schema-graph\">{\"@context\":\"https:\/\/schema.org\",\"@graph\":[{\"@type\":\"WebPage\",\"@id\":\"https:\/\/charente.catholique.fr\/sud-charente\/collecte-de-dons-careme-2026-sbsg\/\",\"url\":\"https:\/\/charente.catholique.fr\/sud-charente\/collecte-de-dons-careme-2026-sbsg\/\",\"name\":\"Collecte de dons - Car\u00eame 2026 - SBSG - Doyenn\u00e9 Sud Charente\",\"isPartOf\":{\"@id\":\"https:\/\/charente.catholique.fr\/sud-charente\/#website\"},\"primaryImageOfPage\":{\"@id\":\"https:\/\/charente.catholique.fr\/sud-charente\/collecte-de-dons-careme-2026-sbsg\/#primaryimage\"},\"image\":{\"@id\":\"https:\/\/charente.catholique.fr\/sud-charente\/collecte-de-dons-careme-2026-sbsg\/#primaryimage\"},\"thumbnailUrl\":\"https:\/\/charente.catholique.fr\/sud-charente\/wp-content\/uploads\/sites\/5\/2026\/02\/careme2026-doyennesud-1.png\",\"datePublished\":\"2026-02-18T06:29:00+00:00\",\"description\":\"Comme effort de Car\u00eame, nous vous proposons d\u2019aider ceux qui sont les plus d\u00e9munis :Pour Montmoreau et Villebois nous aiderons la Croix-Rouge, pour Blanzac l\u2019ATLEB.Que leur manque-t-il ?- des produits d\u2019hygi\u00e8ne : shampoing, savon, gel douche, couches, serviettes p\u00e9riodiques... \u00a0 \u00a0 \u00a0 \u00a0 \u00a0 \u00a0 \u00a0 \u00a0 \u00a0 \u00a0 \u00a0 \u00a0 \u00a0 \u00a0 - des denr\u00e9es non p\u00e9rissables : p\u00e2tes, riz, huile, conserves de l\u00e9gumes et de poissons, plats pr\u00e9par\u00e9s....Et s\u00fbrement d\u2019autres produits selon les lieux.\",\"breadcrumb\":{\"@id\":\"https:\/\/charente.catholique.fr\/sud-charente\/collecte-de-dons-careme-2026-sbsg\/#breadcrumb\"},\"inLanguage\":\"fr-FR\",\"potentialAction\":[{\"@type\":\"ReadAction\",\"target\":[\"https:\/\/charente.catholique.fr\/sud-charente\/collecte-de-dons-careme-2026-sbsg\/\"]}]},{\"@type\":\"ImageObject\",\"inLanguage\":\"fr-FR\",\"@id\":\"https:\/\/charente.catholique.fr\/sud-charente\/collecte-de-dons-careme-2026-sbsg\/#primaryimage\",\"url\":\"https:\/\/charente.catholique.fr\/sud-charente\/wp-content\/uploads\/sites\/5\/2026\/02\/careme2026-doyennesud-1.png\",\"contentUrl\":\"https:\/\/charente.catholique.fr\/sud-charente\/wp-content\/uploads\/sites\/5\/2026\/02\/careme2026-doyennesud-1.png\",\"width\":1414,\"height\":2000},{\"@type\":\"BreadcrumbList\",\"@id\":\"https:\/\/charente.catholique.fr\/sud-charente\/collecte-de-dons-careme-2026-sbsg\/#breadcrumb\",\"itemListElement\":[{\"@type\":\"ListItem\",\"position\":1,\"name\":\"Accueil\",\"item\":\"https:\/\/charente.catholique.fr\/sud-charente\/\"},{\"@type\":\"ListItem\",\"position\":2,\"name\":\"Collecte de dons &#8211; Car\u00eame 2026 &#8211; SBSG\"}]},{\"@type\":\"WebSite\",\"@id\":\"https:\/\/charente.catholique.fr\/sud-charente\/#website\",\"url\":\"https:\/\/charente.catholique.fr\/sud-charente\/\",\"name\":\"Doyenn\u00e9 Sud Charente - Dioc\u00e8se d'Angoul\u00eame\",\"description\":\"Dioc\u00e8se d&#039;Angoul\u00eame\",\"publisher\":{\"@id\":\"https:\/\/charente.catholique.fr\/sud-charente\/#organization\"},\"potentialAction\":[{\"@type\":\"SearchAction\",\"target\":{\"@type\":\"EntryPoint\",\"urlTemplate\":\"https:\/\/charente.catholique.fr\/sud-charente\/?s={search_term_string}\"},\"query-input\":{\"@type\":\"PropertyValueSpecification\",\"valueRequired\":true,\"valueName\":\"search_term_string\"}}],\"inLanguage\":\"fr-FR\"},{\"@type\":\"Organization\",\"@id\":\"https:\/\/charente.catholique.fr\/sud-charente\/#organization\",\"name\":\"Association dioc\u00e9saine d'Angoul\u00eame\",\"url\":\"https:\/\/charente.catholique.fr\/sud-charente\/\",\"logo\":{\"@type\":\"ImageObject\",\"inLanguage\":\"fr-FR\",\"@id\":\"https:\/\/charente.catholique.fr\/sud-charente\/#\/schema\/logo\/image\/\",\"url\":\"https:\/\/charente.catholique.fr\/sud-charente\/wp-content\/uploads\/sites\/5\/2020\/10\/logos.png\",\"contentUrl\":\"https:\/\/charente.catholique.fr\/sud-charente\/wp-content\/uploads\/sites\/5\/2020\/10\/logos.png\",\"width\":600,\"height\":257,\"caption\":\"Association dioc\u00e9saine d'Angoul\u00eame\"},\"image\":{\"@id\":\"https:\/\/charente.catholique.fr\/sud-charente\/#\/schema\/logo\/image\/\"},\"sameAs\":[\"https:\/\/www.facebook.com\/EgliseCatholiqueCharente\",\"https:\/\/x.com\/diocesecharente\",\"https:\/\/www.instagram.com\/eglisecharente\",\"https:\/\/www.youtube.com\/channel\/UCByyFWApZbw3gDTiADoiAaQ\"]}]}<\/script>\n<!-- \/ Yoast SEO plugin. -->","yoast_head_json":{"title":"Collecte de dons - Car\u00eame 2026 - SBSG - Doyenn\u00e9 Sud Charente","description":"Comme effort de Car\u00eame, nous vous proposons d\u2019aider ceux qui sont les plus d\u00e9munis :Pour Montmoreau et Villebois nous aiderons la Croix-Rouge, pour Blanzac l\u2019ATLEB.Que leur manque-t-il ?- des produits d\u2019hygi\u00e8ne : shampoing, savon, gel douche, couches, serviettes p\u00e9riodiques... \u00a0 \u00a0 \u00a0 \u00a0 \u00a0 \u00a0 \u00a0 \u00a0 \u00a0 \u00a0 \u00a0 \u00a0 \u00a0 \u00a0 - des denr\u00e9es non p\u00e9rissables : p\u00e2tes, riz, huile, conserves de l\u00e9gumes et de poissons, plats pr\u00e9par\u00e9s....Et s\u00fbrement d\u2019autres produits selon les lieux.","robots":{"index":"index","follow":"follow","max-snippet":"max-snippet:-1","max-image-preview":"max-image-preview:large","max-video-preview":"max-video-preview:-1"},"canonical":"https:\/\/charente.catholique.fr\/sud-charente\/collecte-de-dons-careme-2026-sbsg\/","og_locale":"fr_FR","og_type":"article","og_title":"Collecte de dons - Car\u00eame 2026 - SBSG - Doyenn\u00e9 Sud Charente","og_description":"Comme effort de Car\u00eame, nous vous proposons d\u2019aider ceux qui sont les plus d\u00e9munis :Pour Montmoreau et Villebois nous aiderons la Croix-Rouge, pour Blanzac l\u2019ATLEB.Que leur manque-t-il ?- des produits d\u2019hygi\u00e8ne : shampoing, savon, gel douche, couches, serviettes p\u00e9riodiques... \u00a0 \u00a0 \u00a0 \u00a0 \u00a0 \u00a0 \u00a0 \u00a0 \u00a0 \u00a0 \u00a0 \u00a0 \u00a0 \u00a0 - des denr\u00e9es non p\u00e9rissables : p\u00e2tes, riz, huile, conserves de l\u00e9gumes et de poissons, plats pr\u00e9par\u00e9s....Et s\u00fbrement d\u2019autres produits selon les lieux.","og_url":"https:\/\/charente.catholique.fr\/sud-charente\/collecte-de-dons-careme-2026-sbsg\/","og_site_name":"Doyenn\u00e9 Sud Charente","article_publisher":"https:\/\/www.facebook.com\/EgliseCatholiqueCharente","og_image":[{"width":1414,"height":2000,"url":"https:\/\/charente.catholique.fr\/sud-charente\/wp-content\/uploads\/sites\/5\/2026\/02\/careme2026-doyennesud-1.png","type":"image\/png"}],"twitter_card":"summary_large_image","twitter_site":"@diocesecharente","twitter_misc":{"Dur\u00e9e de lecture estim\u00e9e":"1 minute"},"schema":{"@context":"https:\/\/schema.org","@graph":[{"@type":"WebPage","@id":"https:\/\/charente.catholique.fr\/sud-charente\/collecte-de-dons-careme-2026-sbsg\/","url":"https:\/\/charente.catholique.fr\/sud-charente\/collecte-de-dons-careme-2026-sbsg\/","name":"Collecte de dons - Car\u00eame 2026 - SBSG - Doyenn\u00e9 Sud Charente","isPartOf":{"@id":"https:\/\/charente.catholique.fr\/sud-charente\/#website"},"primaryImageOfPage":{"@id":"https:\/\/charente.catholique.fr\/sud-charente\/collecte-de-dons-careme-2026-sbsg\/#primaryimage"},"image":{"@id":"https:\/\/charente.catholique.fr\/sud-charente\/collecte-de-dons-careme-2026-sbsg\/#primaryimage"},"thumbnailUrl":"https:\/\/charente.catholique.fr\/sud-charente\/wp-content\/uploads\/sites\/5\/2026\/02\/careme2026-doyennesud-1.png","datePublished":"2026-02-18T06:29:00+00:00","description":"Comme effort de Car\u00eame, nous vous proposons d\u2019aider ceux qui sont les plus d\u00e9munis :Pour Montmoreau et Villebois nous aiderons la Croix-Rouge, pour Blanzac l\u2019ATLEB.Que leur manque-t-il ?- des produits d\u2019hygi\u00e8ne : shampoing, savon, gel douche, couches, serviettes p\u00e9riodiques... \u00a0 \u00a0 \u00a0 \u00a0 \u00a0 \u00a0 \u00a0 \u00a0 \u00a0 \u00a0 \u00a0 \u00a0 \u00a0 \u00a0 - des denr\u00e9es non p\u00e9rissables : p\u00e2tes, riz, huile, conserves de l\u00e9gumes et de poissons, plats pr\u00e9par\u00e9s....Et s\u00fbrement d\u2019autres produits selon les lieux.","breadcrumb":{"@id":"https:\/\/charente.catholique.fr\/sud-charente\/collecte-de-dons-careme-2026-sbsg\/#breadcrumb"},"inLanguage":"fr-FR","potentialAction":[{"@type":"ReadAction","target":["https:\/\/charente.catholique.fr\/sud-charente\/collecte-de-dons-careme-2026-sbsg\/"]}]},{"@type":"ImageObject","inLanguage":"fr-FR","@id":"https:\/\/charente.catholique.fr\/sud-charente\/collecte-de-dons-careme-2026-sbsg\/#primaryimage","url":"https:\/\/charente.catholique.fr\/sud-charente\/wp-content\/uploads\/sites\/5\/2026\/02\/careme2026-doyennesud-1.png","contentUrl":"https:\/\/charente.catholique.fr\/sud-charente\/wp-content\/uploads\/sites\/5\/2026\/02\/careme2026-doyennesud-1.png","width":1414,"height":2000},{"@type":"BreadcrumbList","@id":"https:\/\/charente.catholique.fr\/sud-charente\/collecte-de-dons-careme-2026-sbsg\/#breadcrumb","itemListElement":[{"@type":"ListItem","position":1,"name":"Accueil","item":"https:\/\/charente.catholique.fr\/sud-charente\/"},{"@type":"ListItem","position":2,"name":"Collecte de dons &#8211; Car\u00eame 2026 &#8211; SBSG"}]},{"@type":"WebSite","@id":"https:\/\/charente.catholique.fr\/sud-charente\/#website","url":"https:\/\/charente.catholique.fr\/sud-charente\/","name":"Doyenn\u00e9 Sud Charente - Dioc\u00e8se d'Angoul\u00eame","description":"Dioc\u00e8se d&#039;Angoul\u00eame","publisher":{"@id":"https:\/\/charente.catholique.fr\/sud-charente\/#organization"},"potentialAction":[{"@type":"SearchAction","target":{"@type":"EntryPoint","urlTemplate":"https:\/\/charente.catholique.fr\/sud-charente\/?s={search_term_string}"},"query-input":{"@type":"PropertyValueSpecification","valueRequired":true,"valueName":"search_term_string"}}],"inLanguage":"fr-FR"},{"@type":"Organization","@id":"https:\/\/charente.catholique.fr\/sud-charente\/#organization","name":"Association dioc\u00e9saine d'Angoul\u00eame","url":"https:\/\/charente.catholique.fr\/sud-charente\/","logo":{"@type":"ImageObject","inLanguage":"fr-FR","@id":"https:\/\/charente.catholique.fr\/sud-charente\/#\/schema\/logo\/image\/","url":"https:\/\/charente.catholique.fr\/sud-charente\/wp-content\/uploads\/sites\/5\/2020\/10\/logos.png","contentUrl":"https:\/\/charente.catholique.fr\/sud-charente\/wp-content\/uploads\/sites\/5\/2020\/10\/logos.png","width":600,"height":257,"caption":"Association dioc\u00e9saine d'Angoul\u00eame"},"image":{"@id":"https:\/\/charente.catholique.fr\/sud-charente\/#\/schema\/logo\/image\/"},"sameAs":["https:\/\/www.facebook.com\/EgliseCatholiqueCharente","https:\/\/x.com\/diocesecharente","https:\/\/www.instagram.com\/eglisecharente","https:\/\/www.youtube.com\/channel\/UCByyFWApZbw3gDTiADoiAaQ"]}]}},"_links":{"self":[{"href":"https:\/\/charente.catholique.fr\/sud-charente\/wp-json\/wp\/v2\/pages\/12566","targetHints":{"allow":["GET"]}}],"collection":[{"href":"https:\/\/charente.catholique.fr\/sud-charente\/wp-json\/wp\/v2\/pages"}],"about":[{"href":"https:\/\/charente.catholique.fr\/sud-charente\/wp-json\/wp\/v2\/types\/page"}],"author":[{"embeddable":true,"href":"https:\/\/charente.catholique.fr\/sud-charente\/wp-json\/wp\/v2\/users\/101"}],"replies":[{"embeddable":true,"href":"https:\/\/charente.catholique.fr\/sud-charente\/wp-json\/wp\/v2\/comments?post=12566"}],"version-history":[{"count":1,"href":"https:\/\/charente.catholique.fr\/sud-charente\/wp-json\/wp\/v2\/pages\/12566\/revisions"}],"predecessor-version":[{"id":12623,"href":"https:\/\/charente.catholique.fr\/sud-charente\/wp-json\/wp\/v2\/pages\/12566\/revisions\/12623"}],"wp:featuredmedia":[{"embeddable":true,"href":"https:\/\/charente.catholique.fr\/sud-charente\/wp-json\/wp\/v2\/media\/12544"}],"wp:attachment":[{"href":"https:\/\/charente.catholique.fr\/sud-charente\/wp-json\/wp\/v2\/media?parent=12566"}],"curies":[{"name":"wp","href":"https:\/\/api.w.org\/{rel}","templated":true}]}}