{"id":12559,"date":"2026-02-18T07:29:00","date_gmt":"2026-02-18T06:29:00","guid":{"rendered":"https:\/\/charente.catholique.fr\/sud-charente\/?page_id=12559"},"modified":"2026-03-26T12:50:38","modified_gmt":"2026-03-26T11:50:38","slug":"careme-2026-st-benoit-et-st-gilles","status":"publish","type":"page","link":"https:\/\/charente.catholique.fr\/sud-charente\/careme-2026-st-benoit-et-st-gilles\/","title":{"rendered":"Car\u00eame 2026 &#8211; St Beno\u00eet et St Gilles"},"content":{"rendered":"\n<p>Pour vivre ce car\u00eame, la paroisse St Beno\u00eet-St Gilles vous propose diff\u00e9rentes initiatives pour vivre la pri\u00e8re, le je\u00fbne et le partage.<\/p>\n\n\n\n<ul class=\"wp-block-list\">\n<li><strong><a href=\"https:\/\/charente.catholique.fr\/sud-charente\/mediter-avec-st-francois-dassise\/\">D\u00e9couvrir la vie de St Fran\u00e7ois d&#8217;Assise<\/a> dont nous f\u00eatons en 2026 les 800 ans de la mort.<\/strong><br>Chaque dimanche, un encart sur la feuille de messe reprend une partie de sa vie (tir\u00e9e d\u2019une cat\u00e9ch\u00e8se de Beno\u00eet XVI en janvier 2010) ainsi qu\u2019une phrase \u00e0 m\u00e9diter, phrase tir\u00e9e d\u2019une de ses pri\u00e8res. <br>Si vous habitez les secteurs de Blanzac ou Villebois, et que la messe du samedi soir n&#8217;est pas c\u00e9l\u00e9br\u00e9e dans votre commune, vous pouvez retrouvez cette m\u00e9ditation :\u00a0<br>&#8211; en allant c\u00e9l\u00e9brer l\u2019Eucharistie le samedi dans l\u2019autre secteur<br>&#8211; en allant \u00e0 la messe le dimanche \u00e0 Montmoreau\u00a0<br>&#8211; en recevant le mail d&#8217;infos paroissiales<br>&#8211; en visitant la page d\u00e9di\u00e9e \u00e0 ces m\u00e9ditations (lien ci dessous)<br><\/li>\n\n\n\n<li><strong><a href=\"https:\/\/charente.catholique.fr\/sud-charente\/collecte-de-dons-careme-2026-sbsg\/\">Ne venez pas \u00e0 la messe les mains vides !<\/a><\/strong><br>Durant ce car\u00eame, nous vous proposons d\u2019aider les plus d\u00e9munis :<br><strong>Pour Montmoreau et Villebois nous aiderons la Croix-Rouge, pour Blanzac : l\u2019ATLEB.<\/strong><br>Que leur manque-t-il :<br>&#8211; des produits d\u2019hygi\u00e8ne : shampoing, savon, gel douche, couches, serviettes p\u00e9riodiques&#8230;\u00a0 \u00a0 \u00a0 \u00a0 \u00a0 \u00a0 \u00a0 \u00a0 \u00a0 \u00a0 \u00a0 \u00a0 \u00a0 \u00a0 <br>&#8211; des denr\u00e9es non p\u00e9rissables : huile, conserves de l\u00e9gumes et de poissons, plats pr\u00e9par\u00e9s<br>&#8211;> Tout cela sera recueilli dans des corbeilles \u00e0 l\u2019entr\u00e9e de l\u2019\u00e9glise et donn\u00e9 \u00e0 la fin du car\u00eame aux diff\u00e9rentes associations.<\/li>\n<\/ul>\n\n\n\n<ul class=\"wp-block-list\">\n<li><strong>Relire l\u2019exp\u00e9rience de visite des personnes malades ou \u00e2g\u00e9es<\/strong> :<strong>samedi 28 mars, 10h00, salle Beaucanton<\/strong><br>Dans le cadre de l\u2019invitation \u00e0 aller visiter des personnes malades ou \u00e2g\u00e9es, les paroissiens sont invit\u00e9s \u00e0 partager leur <strong><a href=\"https:\/\/charente.catholique.fr\/sud-charente\/actualites\/visiter-des-personnes-malades-ou-isolees\/\">exp\u00e9rience de \u201cvisitation\u201d<\/a><\/strong>.<br>Ces rencontres sont l\u2019occasion de partager sur ce que ces visites nous ont fait vivre de d\u00e9placement int\u00e9rieur, de peur d\u00e9pass\u00e9e, de joie d\u00e9couverte.<\/li>\n<\/ul>\n\n\n\n<ul class=\"wp-block-list\">\n<li><strong><a href=\"https:\/\/charente.catholique.fr\/sud-charente\/agenda\/recollection-de-careme-en-doyenne-21-mars-2026\/\">Une journ\u00e9e de r\u00e9collection en doyenn\u00e9<\/a> : <\/strong> le samedi 21 mars \u00e0 Puyp\u00e9roux de 10h \u00e0 16h30. D\u00e9tails \u00e0 venir !<\/li>\n\n\n\n<li>D&#8217;autres temps de confessions sont pr\u00e9vus : <br>&#8211; Villebois&nbsp;: Vendredi 20 mars, 15h-16h \u00e0 l\u2019\u00e9glise<br>&#8211; Blanzac&nbsp;: Vendredi 27 mars, 15h-16h \u00e0 l&#8217;\u00e9glise <br>&#8211; Montmoreau  : Vendredi 27 mars, 17h \u00e0 l&#8217;\u00e9glise<\/li>\n<\/ul>\n\n\n\n<ul class=\"wp-block-list\">\n<li><strong>&nbsp;Une action de solidarit\u00e9 collective avec le CCFD-Terre Solidaire et T\u00e9nado<\/strong><br>Nous vous proposons deux repas \u00e0 la salle Beaucanton \u00e0 Montmoreau pour partager :<br>&#8211; le vendredi 6 mars \u00e0 12h pour T\u00e9nado, une soupe<br>&#8211; le vendredi 13 mars \u00e0 12h pour le CCFD,&nbsp; un bol de riz<\/li>\n<\/ul>\n\n\n\n<ul class=\"wp-block-list\">\n<li><strong>Le mercredi 18 mars \u00e0 18h&nbsp;: la messe aura lieu \u00e0 l\u2019\u00e9glise de Montmoreau et sera suivi d\u2019une adoration avec St Joseph<\/strong><\/li>\n<\/ul>\n\n\n<div class=\"wp-block-image\">\n<figure class=\"aligncenter size-large\"><img loading=\"lazy\" decoding=\"async\" width=\"764\" height=\"1080\" src=\"https:\/\/charente.catholique.fr\/sud-charente\/wp-content\/uploads\/sites\/5\/2026\/02\/careme2026-sbsg-764x1080.png\" alt=\"\" class=\"wp-image-12529\" srcset=\"https:\/\/charente.catholique.fr\/sud-charente\/wp-content\/uploads\/sites\/5\/2026\/02\/careme2026-sbsg-764x1080.png 764w, https:\/\/charente.catholique.fr\/sud-charente\/wp-content\/uploads\/sites\/5\/2026\/02\/careme2026-sbsg-212x300.png 212w, https:\/\/charente.catholique.fr\/sud-charente\/wp-content\/uploads\/sites\/5\/2026\/02\/careme2026-sbsg-768x1086.png 768w, https:\/\/charente.catholique.fr\/sud-charente\/wp-content\/uploads\/sites\/5\/2026\/02\/careme2026-sbsg-1086x1536.png 1086w, https:\/\/charente.catholique.fr\/sud-charente\/wp-content\/uploads\/sites\/5\/2026\/02\/careme2026-sbsg-1320x1867.png 1320w, https:\/\/charente.catholique.fr\/sud-charente\/wp-content\/uploads\/sites\/5\/2026\/02\/careme2026-sbsg.png 1414w\" sizes=\"auto, (max-width: 764px) 100vw, 764px\" \/><\/figure>\n<\/div>","protected":false},"excerpt":{"rendered":"<p>Pour vivre ce car\u00eame, la paroisse St Beno\u00eet-St Gilles vous propose diff\u00e9rentes initiatives pour vivre la pri\u00e8re, le je\u00fbne et le partage.<\/p>\n","protected":false},"author":101,"featured_media":12616,"parent":0,"menu_order":0,"comment_status":"closed","ping_status":"closed","template":"","meta":{"_acf_changed":false,"paroisse":[],"service":[],"footnotes":""},"class_list":["post-12559","page","type-page","status-publish","has-post-thumbnail","hentry"],"acf":[],"yoast_head":"<!-- This site is optimized with the Yoast SEO plugin v27.1.1 - https:\/\/yoast.com\/product\/yoast-seo-wordpress\/ -->\n<title>Car\u00eame 2026 - St Beno\u00eet et St Gilles - Doyenn\u00e9 Sud Charente<\/title>\n<meta name=\"description\" content=\"Car\u00eame 2026 - St Beno\u00eet et St Gilles en Charente ( Montmoreau - Blanzac - Villebois)\" \/>\n<meta name=\"robots\" content=\"index, follow, max-snippet:-1, max-image-preview:large, max-video-preview:-1\" \/>\n<link rel=\"canonical\" href=\"https:\/\/charente.catholique.fr\/sud-charente\/careme-2026-st-benoit-et-st-gilles\/\" \/>\n<meta property=\"og:locale\" content=\"fr_FR\" \/>\n<meta property=\"og:type\" content=\"article\" \/>\n<meta property=\"og:title\" content=\"Car\u00eame 2026 - St Beno\u00eet et St Gilles - Doyenn\u00e9 Sud Charente\" \/>\n<meta property=\"og:description\" content=\"Car\u00eame 2026 - St Beno\u00eet et St Gilles en Charente ( Montmoreau - Blanzac - Villebois)\" \/>\n<meta property=\"og:url\" content=\"https:\/\/charente.catholique.fr\/sud-charente\/careme-2026-st-benoit-et-st-gilles\/\" \/>\n<meta property=\"og:site_name\" content=\"Doyenn\u00e9 Sud Charente\" \/>\n<meta property=\"article:publisher\" content=\"https:\/\/www.facebook.com\/EgliseCatholiqueCharente\" \/>\n<meta property=\"article:modified_time\" content=\"2026-03-26T11:50:38+00:00\" \/>\n<meta property=\"og:image\" content=\"https:\/\/charente.catholique.fr\/sud-charente\/wp-content\/uploads\/sites\/5\/2026\/02\/bandeau-careme-2026-stb-stg-1-768x545.png\" \/>\n\t<meta property=\"og:image:width\" content=\"768\" \/>\n\t<meta property=\"og:image:height\" content=\"545\" \/>\n\t<meta property=\"og:image:type\" content=\"image\/png\" \/>\n<meta name=\"twitter:card\" content=\"summary_large_image\" \/>\n<meta name=\"twitter:site\" content=\"@diocesecharente\" \/>\n<meta name=\"twitter:label1\" content=\"Dur\u00e9e de lecture estim\u00e9e\" \/>\n\t<meta name=\"twitter:data1\" content=\"3 minutes\" \/>\n<script type=\"application\/ld+json\" class=\"yoast-schema-graph\">{\"@context\":\"https:\/\/schema.org\",\"@graph\":[{\"@type\":\"WebPage\",\"@id\":\"https:\/\/charente.catholique.fr\/sud-charente\/careme-2026-st-benoit-et-st-gilles\/\",\"url\":\"https:\/\/charente.catholique.fr\/sud-charente\/careme-2026-st-benoit-et-st-gilles\/\",\"name\":\"Car\u00eame 2026 - St Beno\u00eet et St Gilles - Doyenn\u00e9 Sud Charente\",\"isPartOf\":{\"@id\":\"https:\/\/charente.catholique.fr\/sud-charente\/#website\"},\"primaryImageOfPage\":{\"@id\":\"https:\/\/charente.catholique.fr\/sud-charente\/careme-2026-st-benoit-et-st-gilles\/#primaryimage\"},\"image\":{\"@id\":\"https:\/\/charente.catholique.fr\/sud-charente\/careme-2026-st-benoit-et-st-gilles\/#primaryimage\"},\"thumbnailUrl\":\"https:\/\/charente.catholique.fr\/sud-charente\/wp-content\/uploads\/sites\/5\/2026\/02\/bandeau-careme-2026-stb-stg-1.png\",\"datePublished\":\"2026-02-18T06:29:00+00:00\",\"dateModified\":\"2026-03-26T11:50:38+00:00\",\"description\":\"Car\u00eame 2026 - St Beno\u00eet et St Gilles en Charente ( Montmoreau - Blanzac - Villebois)\",\"breadcrumb\":{\"@id\":\"https:\/\/charente.catholique.fr\/sud-charente\/careme-2026-st-benoit-et-st-gilles\/#breadcrumb\"},\"inLanguage\":\"fr-FR\",\"potentialAction\":[{\"@type\":\"ReadAction\",\"target\":[\"https:\/\/charente.catholique.fr\/sud-charente\/careme-2026-st-benoit-et-st-gilles\/\"]}]},{\"@type\":\"ImageObject\",\"inLanguage\":\"fr-FR\",\"@id\":\"https:\/\/charente.catholique.fr\/sud-charente\/careme-2026-st-benoit-et-st-gilles\/#primaryimage\",\"url\":\"https:\/\/charente.catholique.fr\/sud-charente\/wp-content\/uploads\/sites\/5\/2026\/02\/bandeau-careme-2026-stb-stg-1.png\",\"contentUrl\":\"https:\/\/charente.catholique.fr\/sud-charente\/wp-content\/uploads\/sites\/5\/2026\/02\/bandeau-careme-2026-stb-stg-1.png\",\"width\":1748,\"height\":1240},{\"@type\":\"BreadcrumbList\",\"@id\":\"https:\/\/charente.catholique.fr\/sud-charente\/careme-2026-st-benoit-et-st-gilles\/#breadcrumb\",\"itemListElement\":[{\"@type\":\"ListItem\",\"position\":1,\"name\":\"Accueil\",\"item\":\"https:\/\/charente.catholique.fr\/sud-charente\/\"},{\"@type\":\"ListItem\",\"position\":2,\"name\":\"Car\u00eame 2026 &#8211; St Beno\u00eet et St Gilles\"}]},{\"@type\":\"WebSite\",\"@id\":\"https:\/\/charente.catholique.fr\/sud-charente\/#website\",\"url\":\"https:\/\/charente.catholique.fr\/sud-charente\/\",\"name\":\"Doyenn\u00e9 Sud Charente - Dioc\u00e8se d'Angoul\u00eame\",\"description\":\"Dioc\u00e8se d&#039;Angoul\u00eame\",\"publisher\":{\"@id\":\"https:\/\/charente.catholique.fr\/sud-charente\/#organization\"},\"potentialAction\":[{\"@type\":\"SearchAction\",\"target\":{\"@type\":\"EntryPoint\",\"urlTemplate\":\"https:\/\/charente.catholique.fr\/sud-charente\/?s={search_term_string}\"},\"query-input\":{\"@type\":\"PropertyValueSpecification\",\"valueRequired\":true,\"valueName\":\"search_term_string\"}}],\"inLanguage\":\"fr-FR\"},{\"@type\":\"Organization\",\"@id\":\"https:\/\/charente.catholique.fr\/sud-charente\/#organization\",\"name\":\"Association dioc\u00e9saine d'Angoul\u00eame\",\"url\":\"https:\/\/charente.catholique.fr\/sud-charente\/\",\"logo\":{\"@type\":\"ImageObject\",\"inLanguage\":\"fr-FR\",\"@id\":\"https:\/\/charente.catholique.fr\/sud-charente\/#\/schema\/logo\/image\/\",\"url\":\"https:\/\/charente.catholique.fr\/sud-charente\/wp-content\/uploads\/sites\/5\/2020\/10\/logos.png\",\"contentUrl\":\"https:\/\/charente.catholique.fr\/sud-charente\/wp-content\/uploads\/sites\/5\/2020\/10\/logos.png\",\"width\":600,\"height\":257,\"caption\":\"Association dioc\u00e9saine d'Angoul\u00eame\"},\"image\":{\"@id\":\"https:\/\/charente.catholique.fr\/sud-charente\/#\/schema\/logo\/image\/\"},\"sameAs\":[\"https:\/\/www.facebook.com\/EgliseCatholiqueCharente\",\"https:\/\/x.com\/diocesecharente\",\"https:\/\/www.instagram.com\/eglisecharente\",\"https:\/\/www.youtube.com\/channel\/UCByyFWApZbw3gDTiADoiAaQ\"]}]}<\/script>\n<!-- \/ Yoast SEO plugin. -->","yoast_head_json":{"title":"Car\u00eame 2026 - St Beno\u00eet et St Gilles - Doyenn\u00e9 Sud Charente","description":"Car\u00eame 2026 - St Beno\u00eet et St Gilles en Charente ( Montmoreau - Blanzac - Villebois)","robots":{"index":"index","follow":"follow","max-snippet":"max-snippet:-1","max-image-preview":"max-image-preview:large","max-video-preview":"max-video-preview:-1"},"canonical":"https:\/\/charente.catholique.fr\/sud-charente\/careme-2026-st-benoit-et-st-gilles\/","og_locale":"fr_FR","og_type":"article","og_title":"Car\u00eame 2026 - St Beno\u00eet et St Gilles - Doyenn\u00e9 Sud Charente","og_description":"Car\u00eame 2026 - St Beno\u00eet et St Gilles en Charente ( Montmoreau - Blanzac - Villebois)","og_url":"https:\/\/charente.catholique.fr\/sud-charente\/careme-2026-st-benoit-et-st-gilles\/","og_site_name":"Doyenn\u00e9 Sud Charente","article_publisher":"https:\/\/www.facebook.com\/EgliseCatholiqueCharente","article_modified_time":"2026-03-26T11:50:38+00:00","og_image":[{"width":768,"height":545,"url":"https:\/\/charente.catholique.fr\/sud-charente\/wp-content\/uploads\/sites\/5\/2026\/02\/bandeau-careme-2026-stb-stg-1-768x545.png","type":"image\/png"}],"twitter_card":"summary_large_image","twitter_site":"@diocesecharente","twitter_misc":{"Dur\u00e9e de lecture estim\u00e9e":"3 minutes"},"schema":{"@context":"https:\/\/schema.org","@graph":[{"@type":"WebPage","@id":"https:\/\/charente.catholique.fr\/sud-charente\/careme-2026-st-benoit-et-st-gilles\/","url":"https:\/\/charente.catholique.fr\/sud-charente\/careme-2026-st-benoit-et-st-gilles\/","name":"Car\u00eame 2026 - St Beno\u00eet et St Gilles - Doyenn\u00e9 Sud Charente","isPartOf":{"@id":"https:\/\/charente.catholique.fr\/sud-charente\/#website"},"primaryImageOfPage":{"@id":"https:\/\/charente.catholique.fr\/sud-charente\/careme-2026-st-benoit-et-st-gilles\/#primaryimage"},"image":{"@id":"https:\/\/charente.catholique.fr\/sud-charente\/careme-2026-st-benoit-et-st-gilles\/#primaryimage"},"thumbnailUrl":"https:\/\/charente.catholique.fr\/sud-charente\/wp-content\/uploads\/sites\/5\/2026\/02\/bandeau-careme-2026-stb-stg-1.png","datePublished":"2026-02-18T06:29:00+00:00","dateModified":"2026-03-26T11:50:38+00:00","description":"Car\u00eame 2026 - St Beno\u00eet et St Gilles en Charente ( Montmoreau - Blanzac - Villebois)","breadcrumb":{"@id":"https:\/\/charente.catholique.fr\/sud-charente\/careme-2026-st-benoit-et-st-gilles\/#breadcrumb"},"inLanguage":"fr-FR","potentialAction":[{"@type":"ReadAction","target":["https:\/\/charente.catholique.fr\/sud-charente\/careme-2026-st-benoit-et-st-gilles\/"]}]},{"@type":"ImageObject","inLanguage":"fr-FR","@id":"https:\/\/charente.catholique.fr\/sud-charente\/careme-2026-st-benoit-et-st-gilles\/#primaryimage","url":"https:\/\/charente.catholique.fr\/sud-charente\/wp-content\/uploads\/sites\/5\/2026\/02\/bandeau-careme-2026-stb-stg-1.png","contentUrl":"https:\/\/charente.catholique.fr\/sud-charente\/wp-content\/uploads\/sites\/5\/2026\/02\/bandeau-careme-2026-stb-stg-1.png","width":1748,"height":1240},{"@type":"BreadcrumbList","@id":"https:\/\/charente.catholique.fr\/sud-charente\/careme-2026-st-benoit-et-st-gilles\/#breadcrumb","itemListElement":[{"@type":"ListItem","position":1,"name":"Accueil","item":"https:\/\/charente.catholique.fr\/sud-charente\/"},{"@type":"ListItem","position":2,"name":"Car\u00eame 2026 &#8211; St Beno\u00eet et St Gilles"}]},{"@type":"WebSite","@id":"https:\/\/charente.catholique.fr\/sud-charente\/#website","url":"https:\/\/charente.catholique.fr\/sud-charente\/","name":"Doyenn\u00e9 Sud Charente - Dioc\u00e8se d'Angoul\u00eame","description":"Dioc\u00e8se d&#039;Angoul\u00eame","publisher":{"@id":"https:\/\/charente.catholique.fr\/sud-charente\/#organization"},"potentialAction":[{"@type":"SearchAction","target":{"@type":"EntryPoint","urlTemplate":"https:\/\/charente.catholique.fr\/sud-charente\/?s={search_term_string}"},"query-input":{"@type":"PropertyValueSpecification","valueRequired":true,"valueName":"search_term_string"}}],"inLanguage":"fr-FR"},{"@type":"Organization","@id":"https:\/\/charente.catholique.fr\/sud-charente\/#organization","name":"Association dioc\u00e9saine d'Angoul\u00eame","url":"https:\/\/charente.catholique.fr\/sud-charente\/","logo":{"@type":"ImageObject","inLanguage":"fr-FR","@id":"https:\/\/charente.catholique.fr\/sud-charente\/#\/schema\/logo\/image\/","url":"https:\/\/charente.catholique.fr\/sud-charente\/wp-content\/uploads\/sites\/5\/2020\/10\/logos.png","contentUrl":"https:\/\/charente.catholique.fr\/sud-charente\/wp-content\/uploads\/sites\/5\/2020\/10\/logos.png","width":600,"height":257,"caption":"Association dioc\u00e9saine d'Angoul\u00eame"},"image":{"@id":"https:\/\/charente.catholique.fr\/sud-charente\/#\/schema\/logo\/image\/"},"sameAs":["https:\/\/www.facebook.com\/EgliseCatholiqueCharente","https:\/\/x.com\/diocesecharente","https:\/\/www.instagram.com\/eglisecharente","https:\/\/www.youtube.com\/channel\/UCByyFWApZbw3gDTiADoiAaQ"]}]}},"_links":{"self":[{"href":"https:\/\/charente.catholique.fr\/sud-charente\/wp-json\/wp\/v2\/pages\/12559","targetHints":{"allow":["GET"]}}],"collection":[{"href":"https:\/\/charente.catholique.fr\/sud-charente\/wp-json\/wp\/v2\/pages"}],"about":[{"href":"https:\/\/charente.catholique.fr\/sud-charente\/wp-json\/wp\/v2\/types\/page"}],"author":[{"embeddable":true,"href":"https:\/\/charente.catholique.fr\/sud-charente\/wp-json\/wp\/v2\/users\/101"}],"replies":[{"embeddable":true,"href":"https:\/\/charente.catholique.fr\/sud-charente\/wp-json\/wp\/v2\/comments?post=12559"}],"version-history":[{"count":6,"href":"https:\/\/charente.catholique.fr\/sud-charente\/wp-json\/wp\/v2\/pages\/12559\/revisions"}],"predecessor-version":[{"id":12851,"href":"https:\/\/charente.catholique.fr\/sud-charente\/wp-json\/wp\/v2\/pages\/12559\/revisions\/12851"}],"wp:featuredmedia":[{"embeddable":true,"href":"https:\/\/charente.catholique.fr\/sud-charente\/wp-json\/wp\/v2\/media\/12616"}],"wp:attachment":[{"href":"https:\/\/charente.catholique.fr\/sud-charente\/wp-json\/wp\/v2\/media?parent=12559"}],"curies":[{"name":"wp","href":"https:\/\/api.w.org\/{rel}","templated":true}]}}