{"id":12547,"date":"2026-02-18T07:29:00","date_gmt":"2026-02-18T06:29:00","guid":{"rendered":"https:\/\/charente.catholique.fr\/sud-charente\/?page_id=12547"},"modified":"2026-02-15T17:14:47","modified_gmt":"2026-02-15T16:14:47","slug":"mediter-avec-st-francois-dassise","status":"publish","type":"page","link":"https:\/\/charente.catholique.fr\/sud-charente\/mediter-avec-st-francois-dassise\/","title":{"rendered":"M\u00e9diter avec St Fran\u00e7ois d&#8217;Assise"},"content":{"rendered":"\n<p><strong>Retrouvez ici les m\u00e9ditations des dimanches de car\u00eame<\/strong><\/p>\n\n\n\n<p><\/p>\n\n\n\n<h5 class=\"wp-block-heading\">MERCREDI DES CENDRES (18 f\u00e9vrier)<\/h5>\n\n\n\n<p>La naissance de Fran\u00e7ois est survenue \u00e0 la fin de 1181 ou au d\u00e9but de 1182, \u00e0 Assise. Appartenant \u00e0 une riche famille de drapiers, Fran\u00e7ois passa son adolescence et sa jeunesse dans l&#8217;insouciance, cultivant les id\u00e9aux chevaleresques de l&#8217;\u00e9poque. A l&#8217;\u00e2ge de vingt ans, il participa \u00e0 une campagne militaire, et fut fait prisonnier. Il tomba malade et fut lib\u00e9r\u00e9. De retour \u00e0 Assise, commen\u00e7a en lui un lent processus de conversion spirituelle, qui le conduisit \u00e0 abandonner progressivement le style de vie mondain qu&#8217;il avait men\u00e9 jusqu&#8217;alors.&nbsp;(Cat\u00e9ch\u00e8se de Beno\u00eet XVI \u2013 Janvier 2010)<\/p>\n\n\n\n<p><strong><em>\u00ab&nbsp;Je veux regarder aujourd\u2019hui le monde avec des yeux remplis d\u2019amour, et que seules les pens\u00e9es qui b\u00e9nissent demeurent en mon esprit&nbsp;\u00bb<\/em><\/strong><em>&nbsp; St Fran\u00e7ois d\u2019Assise<\/em><\/p>\n\n\n\n<h5 class=\"wp-block-heading\">1<sup>er<\/sup> DIMANCHE (22 f\u00e9vrier)<\/h5>\n\n\n\n<p>C&#8217;est \u00e0 cette \u00e9poque que remonte le c\u00e9l\u00e8bre \u00e9pisode du message du Crucifi\u00e9 dans la petite \u00e9glise de saint Damien. Par trois fois, le Christ en croix s&#8217;anima, et lui dit : &nbsp;&nbsp;&nbsp;&nbsp;\u00ab Va, Fran\u00e7ois, et r\u00e9pare mon \u00e9glise en ruine \u00bb. Ce simple \u00e9v\u00e9nement de la parole du Seigneur entendue dans l&#8217;\u00e9glise de Saint-Damien renferme un symbolisme profond. Imm\u00e9diatement, saint Fran\u00e7ois est appel\u00e9 \u00e0 r\u00e9parer cette petite \u00e9glise, mais l&#8217;\u00e9tat de d\u00e9labrement de cet \u00e9difice est le symbole de la situation dramatique et pr\u00e9occupante de l&#8217;Eglise elle-m\u00eame.&nbsp;&nbsp; (Cat\u00e9ch\u00e8se de Beno\u00eet XVI \u2013 Janvier 2010)<\/p>\n\n\n\n<p>\u00ab&nbsp;<strong><em>Que ta volont\u00e9 soit faite sur la terre comme au ciel<\/em><\/strong>. <strong><em>Que nous aimions nos proches comme nous-m\u00eames&nbsp;; en les attirant tous \u00e0 ton amour selon notre pouvoir, en partageant leur bonheur comme s&#8217;il \u00e9tait le n\u00f4tre, en les aidant \u00e0 supporter leurs malheurs, en ne leur faisant nulle offense.&nbsp;\u00bb&nbsp;&nbsp; <\/em><\/strong><em>St Fran\u00e7ois d\u2019Assise<\/em><\/p>\n\n\n\n<h5 class=\"wp-block-heading\">2<sup>\u00c8ME<\/sup> DIMANCHE<em> (1<sup>er<\/sup> mars)<\/em><\/h5>\n\n\n\n<p>Etant donn\u00e9 que son p\u00e8re Bernardone lui reprochait sa g\u00e9n\u00e9rosit\u00e9 exag\u00e9r\u00e9e envers les pauvres, Fran\u00e7ois, devant l&#8217;\u00e9v\u00eaque d&#8217;Assise, \u00e0 travers un geste symbolique, se d\u00e9pouille de ses v\u00eatements, montrant ainsi son intention de renoncer \u00e0 l&#8217;h\u00e9ritage paternel : comme au moment de la cr\u00e9ation, Fran\u00e7ois n&#8217;a rien, mais uniquement la vie que lui a donn\u00e9e Dieu, entre les mains duquel il se remet.&nbsp; &nbsp;&nbsp;&nbsp;&nbsp;&nbsp;&nbsp;&nbsp;&nbsp;&nbsp;&nbsp;&nbsp;&nbsp;&nbsp;&nbsp;&nbsp;&nbsp;&nbsp;&nbsp;&nbsp;&nbsp;&nbsp;&nbsp;&nbsp;&nbsp;&nbsp;&nbsp;&nbsp;&nbsp;(Cat\u00e9ch\u00e8se de Beno\u00eet XVI \u2013 Janvier 2010)<\/p>\n\n\n\n<p><strong><em>\u00ab&nbsp;Dans la pauvret\u00e9, nous trouvons Dieu, et dans la mis\u00e8re du monde, nous pouvons \u00eatre ses instruments pour apporter lumi\u00e8re et esp\u00e9rance&nbsp;\u00bb <\/em><\/strong><em>St Fran\u00e7ois d\u2019Assise<\/em><\/p>\n\n\n\n<h5 class=\"wp-block-heading\">3<sup>\u00c8ME<\/sup> DIMANCHE (8 mars)<\/h5>\n\n\n\n<p>En \u00e9coutant un passage de l&#8217;Evangile de Matthieu, Fran\u00e7ois se sentit appel\u00e9 \u00e0 vivre dans la pauvret\u00e9 et \u00e0 se consacrer \u00e0 la pr\u00e9dication. D&#8217;autres compagnons s&#8217;associ\u00e8rent \u00e0 lui, et en 1209, il se rendit \u00e0 Rome, pour soumettre au Pape Innocent III le projet d&#8217;une nouvelle forme de vie chr\u00e9tienne. Le&nbsp;<em>Poverello<\/em>&nbsp;d&#8217;Assise avait compris que tout charisme donn\u00e9 par l&#8217;Esprit Saint doit \u00eatre plac\u00e9 au service du Corps du Christ, qui est l&#8217;Eglise. &nbsp;&nbsp;&nbsp;&nbsp;&nbsp;&nbsp;&nbsp;&nbsp;&nbsp; Cat\u00e9ch\u00e8se de Beno\u00eet XVI \u2013 Janvier 2010)<\/p>\n\n\n\n<p><strong><em>Aimons donc Dieu et adorons-le avec puret\u00e9 de c\u0153ur et d\u2019esprit, car c\u2019est l\u00e0 ce qu\u2019il cherche par-dessus tout quand il dit : \u00ab Les vrais adorateurs adoreront le P\u00e8re en esprit et en v\u00e9rit\u00e9 \u00bb. Demandons la gr\u00e2ce de l\u2019amour de la pri\u00e8re incessante.\u00bb<\/em><\/strong><em>&nbsp; &nbsp;&nbsp;&nbsp;<\/em><\/p>\n\n\n\n<p><em>St Fran\u00e7ois d\u2019Assise<\/em><\/p>\n\n\n\n<h5 class=\"wp-block-heading\">4<sup>\u00c8ME<\/sup> DIMANCHE (15 mars)<\/h5>\n\n\n\n<p>En 1219, Fran\u00e7ois obtint la permission d&#8217;aller s&#8217;entretenir, en Egypte, avec le sultan musulman, Melek-el-K\u00e2mel, pour pr\u00eacher l\u00e0 aussi l&#8217;Evangile de J\u00e9sus. A une \u00e9poque o\u00f9 \u00e9tait en cours un conflit entre le christianisme et l&#8217;islam, Fran\u00e7ois, qui n&#8217;\u00e9tait volontairement arm\u00e9 que de sa foi et de sa douceur personnelle, parcourut concr\u00e8tement la voie du dialogue. C&#8217;est un mod\u00e8le dont devraient s&#8217;inspirer aujourd&#8217;hui encore les relations entre chr\u00e9tiens et les autres religions : promouvoir un dialogue dans la v\u00e9rit\u00e9, dans le respect r\u00e9ciproque et dans la compr\u00e9hension mutuelle.&nbsp;&nbsp;&nbsp;&nbsp;&nbsp;&nbsp;&nbsp;&nbsp;&nbsp;&nbsp;&nbsp;&nbsp;&nbsp;&nbsp;&nbsp;&nbsp;&nbsp; &nbsp;&nbsp;&nbsp;&nbsp;&nbsp;&nbsp;&nbsp;&nbsp;&nbsp;&nbsp;&nbsp;&nbsp;&nbsp;&nbsp;&nbsp;&nbsp;&nbsp;&nbsp;&nbsp; &nbsp;&nbsp;&nbsp;&nbsp;&nbsp;&nbsp;&nbsp;&nbsp;&nbsp; (Cat\u00e9ch\u00e8se de Beno\u00eet XVI \u2013 Janvier 2010)<\/p>\n\n\n\n<p><strong><em>\u00ab&nbsp;Nous ne devons \u00eatre ni sages ni prudents selon la chair ; mais nous devons plut\u00f4t \u00eatre simples, humbles et purs. Jamais nous ne devons d\u00e9sirer d\u2019\u00eatre au-dessus des autres. Aide-nous, Seigneur, \u00e0 approfondir notre esprit de service.&nbsp;\u00bb&nbsp;&nbsp;&nbsp;&nbsp;&nbsp;&nbsp;&nbsp;&nbsp;&nbsp;&nbsp;&nbsp;&nbsp;&nbsp;&nbsp;&nbsp;&nbsp;&nbsp;&nbsp;&nbsp;&nbsp;&nbsp;&nbsp;&nbsp;&nbsp;&nbsp;&nbsp;&nbsp;&nbsp;&nbsp;&nbsp;&nbsp;&nbsp;&nbsp;&nbsp;&nbsp;&nbsp;&nbsp;&nbsp;&nbsp;&nbsp;&nbsp;&nbsp;&nbsp;&nbsp;&nbsp;&nbsp;&nbsp; &nbsp;&nbsp;&nbsp;&nbsp;&nbsp;&nbsp;&nbsp;&nbsp;&nbsp;&nbsp;&nbsp;&nbsp;&nbsp;&nbsp;&nbsp;&nbsp;&nbsp;&nbsp;&nbsp; &nbsp;&nbsp;&nbsp;&nbsp;&nbsp;&nbsp;&nbsp;&nbsp;&nbsp;&nbsp;&nbsp;&nbsp;&nbsp;&nbsp;&nbsp; <\/em><\/strong><em>St Fran\u00e7ois d\u2019Assise<\/em><\/p>\n\n\n\n<h5 class=\"wp-block-heading\">5<sup>\u00c8ME<\/sup> DIMANCHE (22 mars)<\/h5>\n\n\n\n<p>En 1224, dans l&#8217;ermitage de la Verna, Fran\u00e7ois vit le Crucifi\u00e9 sous la forme d&#8217;un s\u00e9raphin et de cette rencontre avec le s\u00e9raphin crucifi\u00e9, il re\u00e7ut les stigmates; il devint ainsi un avec le Christ crucifi\u00e9: un don qui exprime donc son intime identification avec le Seigneur.&nbsp;<\/p>\n\n\n\n<p>La mort de Fran\u00e7ois \u2013 son&nbsp;<em>transitus<\/em>&nbsp;\u2013 advint le soir du 3 octobre 1226, \u00e0 la Portioncule. Apr\u00e8s avoir b\u00e9ni ses fils spirituels, il mourut, \u00e9tendu sur la terre nue.&nbsp; &nbsp;&nbsp;&nbsp;&nbsp;&nbsp;(Cat\u00e9ch\u00e8se de Beno\u00eet XVI \u2013 Janvier 2010)<\/p>\n\n\n\n<p><strong><em>Lou\u00e9 sois-tu, mon Seigneur, pour ceux qui pardonnent par amour pour toi ; qui supportent \u00e9preuves et maladies : heureux s\u2019ils conservent la paix car par toi, le Tr\u00e8s-Haut, ils seront couronn\u00e9s.<\/em><\/strong><\/p>\n\n\n\n<p><strong><em>Lou\u00e9 sois-tu, mon Seigneur, pour notre soeur la Mort corporelle \u00e0 qui nul homme vivant ne peut \u00e9chapper. Malheur \u00e0 ceux qui meurent en p\u00e9ch\u00e9 mortel heureux ceux qu\u2019elle surprendra faisant ta volont\u00e9, car la seconde mort ne pourra leur nuire.<\/em><\/strong><\/p>\n\n\n\n<p><strong><em>Louez et b\u00e9nissez mon Seigneur, rendez-lui gr\u00e2ce et servez-le en toute humilit\u00e9 !&nbsp;&nbsp;&nbsp;&nbsp;&nbsp;&nbsp;&nbsp;&nbsp;&nbsp;&nbsp;&nbsp;&nbsp;&nbsp;&nbsp;&nbsp;&nbsp; <\/em><\/strong><em>St Fran\u00e7ois d\u2019Assise<\/em><\/p>\n\n\n<div class=\"wp-block-image\">\n<figure class=\"aligncenter size-large\"><img loading=\"lazy\" decoding=\"async\" width=\"810\" height=\"1080\" src=\"https:\/\/charente.catholique.fr\/sud-charente\/wp-content\/uploads\/sites\/5\/2026\/02\/img_3277-810x1080.jpg\" alt=\"\" class=\"wp-image-12626\"\/><\/figure>\n<\/div>","protected":false},"excerpt":{"rendered":"<p>Retrouvez ici les m\u00e9ditations des dimanches de car\u00eame MERCREDI DES CENDRES (18 f\u00e9vrier) La naissance de Fran\u00e7ois est survenue \u00e0 la fin de 1181 ou au d\u00e9but de 1182, \u00e0 Assise. Appartenant \u00e0 une riche famille de drapiers, Fran\u00e7ois passa son adolescence et sa jeunesse dans l&#8217;insouciance, cultivant les id\u00e9aux chevaleresques de l&#8217;\u00e9poque. A l&#8217;\u00e2ge [&hellip;]<\/p>\n","protected":false},"author":101,"featured_media":12626,"parent":0,"menu_order":0,"comment_status":"closed","ping_status":"closed","template":"","meta":{"_acf_changed":false,"paroisse":[],"service":[],"footnotes":""},"class_list":["post-12547","page","type-page","status-publish","has-post-thumbnail","hentry"],"acf":[],"yoast_head":"<!-- This site is optimized with the Yoast SEO plugin v27.1.1 - https:\/\/yoast.com\/product\/yoast-seo-wordpress\/ -->\n<title>M\u00e9diter avec St Fran\u00e7ois d&#039;Assise - Doyenn\u00e9 Sud Charente<\/title>\n<meta name=\"robots\" content=\"index, follow, max-snippet:-1, max-image-preview:large, max-video-preview:-1\" \/>\n<link rel=\"canonical\" href=\"https:\/\/charente.catholique.fr\/sud-charente\/mediter-avec-st-francois-dassise\/\" \/>\n<meta property=\"og:locale\" content=\"fr_FR\" \/>\n<meta property=\"og:type\" content=\"article\" \/>\n<meta property=\"og:title\" content=\"M\u00e9diter avec St Fran\u00e7ois d&#039;Assise - Doyenn\u00e9 Sud Charente\" \/>\n<meta property=\"og:description\" content=\"Retrouvez ici les m\u00e9ditations des dimanches de car\u00eame MERCREDI DES CENDRES (18 f\u00e9vrier) La naissance de Fran\u00e7ois est survenue \u00e0 la fin de 1181 ou au d\u00e9but de 1182, \u00e0 Assise. Appartenant \u00e0 une riche famille de drapiers, Fran\u00e7ois passa son adolescence et sa jeunesse dans l&#8217;insouciance, cultivant les id\u00e9aux chevaleresques de l&#8217;\u00e9poque. A l&#8217;\u00e2ge [&hellip;]\" \/>\n<meta property=\"og:url\" content=\"https:\/\/charente.catholique.fr\/sud-charente\/mediter-avec-st-francois-dassise\/\" \/>\n<meta property=\"og:site_name\" content=\"Doyenn\u00e9 Sud Charente\" \/>\n<meta property=\"article:publisher\" content=\"https:\/\/www.facebook.com\/EgliseCatholiqueCharente\" \/>\n<meta property=\"og:image\" content=\"https:\/\/charente.catholique.fr\/sud-charente\/wp-content\/uploads\/sites\/5\/2026\/02\/img_3277-scaled-e1771172042612.jpg\" \/>\n\t<meta property=\"og:image:width\" content=\"1920\" \/>\n\t<meta property=\"og:image:height\" content=\"1020\" \/>\n\t<meta property=\"og:image:type\" content=\"image\/jpeg\" \/>\n<meta name=\"twitter:card\" content=\"summary_large_image\" \/>\n<meta name=\"twitter:site\" content=\"@diocesecharente\" \/>\n<meta name=\"twitter:label1\" content=\"Dur\u00e9e de lecture estim\u00e9e\" \/>\n\t<meta name=\"twitter:data1\" content=\"5 minutes\" \/>\n<script type=\"application\/ld+json\" class=\"yoast-schema-graph\">{\"@context\":\"https:\/\/schema.org\",\"@graph\":[{\"@type\":\"WebPage\",\"@id\":\"https:\/\/charente.catholique.fr\/sud-charente\/mediter-avec-st-francois-dassise\/\",\"url\":\"https:\/\/charente.catholique.fr\/sud-charente\/mediter-avec-st-francois-dassise\/\",\"name\":\"M\u00e9diter avec St Fran\u00e7ois d'Assise - Doyenn\u00e9 Sud Charente\",\"isPartOf\":{\"@id\":\"https:\/\/charente.catholique.fr\/sud-charente\/#website\"},\"primaryImageOfPage\":{\"@id\":\"https:\/\/charente.catholique.fr\/sud-charente\/mediter-avec-st-francois-dassise\/#primaryimage\"},\"image\":{\"@id\":\"https:\/\/charente.catholique.fr\/sud-charente\/mediter-avec-st-francois-dassise\/#primaryimage\"},\"thumbnailUrl\":\"https:\/\/charente.catholique.fr\/sud-charente\/wp-content\/uploads\/sites\/5\/2026\/02\/img_3277-scaled-e1771172042612.jpg\",\"datePublished\":\"2026-02-18T06:29:00+00:00\",\"breadcrumb\":{\"@id\":\"https:\/\/charente.catholique.fr\/sud-charente\/mediter-avec-st-francois-dassise\/#breadcrumb\"},\"inLanguage\":\"fr-FR\",\"potentialAction\":[{\"@type\":\"ReadAction\",\"target\":[\"https:\/\/charente.catholique.fr\/sud-charente\/mediter-avec-st-francois-dassise\/\"]}]},{\"@type\":\"ImageObject\",\"inLanguage\":\"fr-FR\",\"@id\":\"https:\/\/charente.catholique.fr\/sud-charente\/mediter-avec-st-francois-dassise\/#primaryimage\",\"url\":\"https:\/\/charente.catholique.fr\/sud-charente\/wp-content\/uploads\/sites\/5\/2026\/02\/img_3277-scaled-e1771172042612.jpg\",\"contentUrl\":\"https:\/\/charente.catholique.fr\/sud-charente\/wp-content\/uploads\/sites\/5\/2026\/02\/img_3277-scaled-e1771172042612.jpg\",\"width\":1920,\"height\":1020},{\"@type\":\"BreadcrumbList\",\"@id\":\"https:\/\/charente.catholique.fr\/sud-charente\/mediter-avec-st-francois-dassise\/#breadcrumb\",\"itemListElement\":[{\"@type\":\"ListItem\",\"position\":1,\"name\":\"Accueil\",\"item\":\"https:\/\/charente.catholique.fr\/sud-charente\/\"},{\"@type\":\"ListItem\",\"position\":2,\"name\":\"M\u00e9diter avec St Fran\u00e7ois d&#8217;Assise\"}]},{\"@type\":\"WebSite\",\"@id\":\"https:\/\/charente.catholique.fr\/sud-charente\/#website\",\"url\":\"https:\/\/charente.catholique.fr\/sud-charente\/\",\"name\":\"Doyenn\u00e9 Sud Charente - Dioc\u00e8se d'Angoul\u00eame\",\"description\":\"Dioc\u00e8se d&#039;Angoul\u00eame\",\"publisher\":{\"@id\":\"https:\/\/charente.catholique.fr\/sud-charente\/#organization\"},\"potentialAction\":[{\"@type\":\"SearchAction\",\"target\":{\"@type\":\"EntryPoint\",\"urlTemplate\":\"https:\/\/charente.catholique.fr\/sud-charente\/?s={search_term_string}\"},\"query-input\":{\"@type\":\"PropertyValueSpecification\",\"valueRequired\":true,\"valueName\":\"search_term_string\"}}],\"inLanguage\":\"fr-FR\"},{\"@type\":\"Organization\",\"@id\":\"https:\/\/charente.catholique.fr\/sud-charente\/#organization\",\"name\":\"Association dioc\u00e9saine d'Angoul\u00eame\",\"url\":\"https:\/\/charente.catholique.fr\/sud-charente\/\",\"logo\":{\"@type\":\"ImageObject\",\"inLanguage\":\"fr-FR\",\"@id\":\"https:\/\/charente.catholique.fr\/sud-charente\/#\/schema\/logo\/image\/\",\"url\":\"https:\/\/charente.catholique.fr\/sud-charente\/wp-content\/uploads\/sites\/5\/2020\/10\/logos.png\",\"contentUrl\":\"https:\/\/charente.catholique.fr\/sud-charente\/wp-content\/uploads\/sites\/5\/2020\/10\/logos.png\",\"width\":600,\"height\":257,\"caption\":\"Association dioc\u00e9saine d'Angoul\u00eame\"},\"image\":{\"@id\":\"https:\/\/charente.catholique.fr\/sud-charente\/#\/schema\/logo\/image\/\"},\"sameAs\":[\"https:\/\/www.facebook.com\/EgliseCatholiqueCharente\",\"https:\/\/x.com\/diocesecharente\",\"https:\/\/www.instagram.com\/eglisecharente\",\"https:\/\/www.youtube.com\/channel\/UCByyFWApZbw3gDTiADoiAaQ\"]}]}<\/script>\n<!-- \/ Yoast SEO plugin. -->","yoast_head_json":{"title":"M\u00e9diter avec St Fran\u00e7ois d'Assise - Doyenn\u00e9 Sud Charente","robots":{"index":"index","follow":"follow","max-snippet":"max-snippet:-1","max-image-preview":"max-image-preview:large","max-video-preview":"max-video-preview:-1"},"canonical":"https:\/\/charente.catholique.fr\/sud-charente\/mediter-avec-st-francois-dassise\/","og_locale":"fr_FR","og_type":"article","og_title":"M\u00e9diter avec St Fran\u00e7ois d'Assise - Doyenn\u00e9 Sud Charente","og_description":"Retrouvez ici les m\u00e9ditations des dimanches de car\u00eame MERCREDI DES CENDRES (18 f\u00e9vrier) La naissance de Fran\u00e7ois est survenue \u00e0 la fin de 1181 ou au d\u00e9but de 1182, \u00e0 Assise. Appartenant \u00e0 une riche famille de drapiers, Fran\u00e7ois passa son adolescence et sa jeunesse dans l&#8217;insouciance, cultivant les id\u00e9aux chevaleresques de l&#8217;\u00e9poque. A l&#8217;\u00e2ge [&hellip;]","og_url":"https:\/\/charente.catholique.fr\/sud-charente\/mediter-avec-st-francois-dassise\/","og_site_name":"Doyenn\u00e9 Sud Charente","article_publisher":"https:\/\/www.facebook.com\/EgliseCatholiqueCharente","og_image":[{"width":1920,"height":1020,"url":"https:\/\/charente.catholique.fr\/sud-charente\/wp-content\/uploads\/sites\/5\/2026\/02\/img_3277-scaled-e1771172042612.jpg","type":"image\/jpeg"}],"twitter_card":"summary_large_image","twitter_site":"@diocesecharente","twitter_misc":{"Dur\u00e9e de lecture estim\u00e9e":"5 minutes"},"schema":{"@context":"https:\/\/schema.org","@graph":[{"@type":"WebPage","@id":"https:\/\/charente.catholique.fr\/sud-charente\/mediter-avec-st-francois-dassise\/","url":"https:\/\/charente.catholique.fr\/sud-charente\/mediter-avec-st-francois-dassise\/","name":"M\u00e9diter avec St Fran\u00e7ois d'Assise - Doyenn\u00e9 Sud Charente","isPartOf":{"@id":"https:\/\/charente.catholique.fr\/sud-charente\/#website"},"primaryImageOfPage":{"@id":"https:\/\/charente.catholique.fr\/sud-charente\/mediter-avec-st-francois-dassise\/#primaryimage"},"image":{"@id":"https:\/\/charente.catholique.fr\/sud-charente\/mediter-avec-st-francois-dassise\/#primaryimage"},"thumbnailUrl":"https:\/\/charente.catholique.fr\/sud-charente\/wp-content\/uploads\/sites\/5\/2026\/02\/img_3277-scaled-e1771172042612.jpg","datePublished":"2026-02-18T06:29:00+00:00","breadcrumb":{"@id":"https:\/\/charente.catholique.fr\/sud-charente\/mediter-avec-st-francois-dassise\/#breadcrumb"},"inLanguage":"fr-FR","potentialAction":[{"@type":"ReadAction","target":["https:\/\/charente.catholique.fr\/sud-charente\/mediter-avec-st-francois-dassise\/"]}]},{"@type":"ImageObject","inLanguage":"fr-FR","@id":"https:\/\/charente.catholique.fr\/sud-charente\/mediter-avec-st-francois-dassise\/#primaryimage","url":"https:\/\/charente.catholique.fr\/sud-charente\/wp-content\/uploads\/sites\/5\/2026\/02\/img_3277-scaled-e1771172042612.jpg","contentUrl":"https:\/\/charente.catholique.fr\/sud-charente\/wp-content\/uploads\/sites\/5\/2026\/02\/img_3277-scaled-e1771172042612.jpg","width":1920,"height":1020},{"@type":"BreadcrumbList","@id":"https:\/\/charente.catholique.fr\/sud-charente\/mediter-avec-st-francois-dassise\/#breadcrumb","itemListElement":[{"@type":"ListItem","position":1,"name":"Accueil","item":"https:\/\/charente.catholique.fr\/sud-charente\/"},{"@type":"ListItem","position":2,"name":"M\u00e9diter avec St Fran\u00e7ois d&#8217;Assise"}]},{"@type":"WebSite","@id":"https:\/\/charente.catholique.fr\/sud-charente\/#website","url":"https:\/\/charente.catholique.fr\/sud-charente\/","name":"Doyenn\u00e9 Sud Charente - Dioc\u00e8se d'Angoul\u00eame","description":"Dioc\u00e8se d&#039;Angoul\u00eame","publisher":{"@id":"https:\/\/charente.catholique.fr\/sud-charente\/#organization"},"potentialAction":[{"@type":"SearchAction","target":{"@type":"EntryPoint","urlTemplate":"https:\/\/charente.catholique.fr\/sud-charente\/?s={search_term_string}"},"query-input":{"@type":"PropertyValueSpecification","valueRequired":true,"valueName":"search_term_string"}}],"inLanguage":"fr-FR"},{"@type":"Organization","@id":"https:\/\/charente.catholique.fr\/sud-charente\/#organization","name":"Association dioc\u00e9saine d'Angoul\u00eame","url":"https:\/\/charente.catholique.fr\/sud-charente\/","logo":{"@type":"ImageObject","inLanguage":"fr-FR","@id":"https:\/\/charente.catholique.fr\/sud-charente\/#\/schema\/logo\/image\/","url":"https:\/\/charente.catholique.fr\/sud-charente\/wp-content\/uploads\/sites\/5\/2020\/10\/logos.png","contentUrl":"https:\/\/charente.catholique.fr\/sud-charente\/wp-content\/uploads\/sites\/5\/2020\/10\/logos.png","width":600,"height":257,"caption":"Association dioc\u00e9saine d'Angoul\u00eame"},"image":{"@id":"https:\/\/charente.catholique.fr\/sud-charente\/#\/schema\/logo\/image\/"},"sameAs":["https:\/\/www.facebook.com\/EgliseCatholiqueCharente","https:\/\/x.com\/diocesecharente","https:\/\/www.instagram.com\/eglisecharente","https:\/\/www.youtube.com\/channel\/UCByyFWApZbw3gDTiADoiAaQ"]}]}},"_links":{"self":[{"href":"https:\/\/charente.catholique.fr\/sud-charente\/wp-json\/wp\/v2\/pages\/12547","targetHints":{"allow":["GET"]}}],"collection":[{"href":"https:\/\/charente.catholique.fr\/sud-charente\/wp-json\/wp\/v2\/pages"}],"about":[{"href":"https:\/\/charente.catholique.fr\/sud-charente\/wp-json\/wp\/v2\/types\/page"}],"author":[{"embeddable":true,"href":"https:\/\/charente.catholique.fr\/sud-charente\/wp-json\/wp\/v2\/users\/101"}],"replies":[{"embeddable":true,"href":"https:\/\/charente.catholique.fr\/sud-charente\/wp-json\/wp\/v2\/comments?post=12547"}],"version-history":[{"count":4,"href":"https:\/\/charente.catholique.fr\/sud-charente\/wp-json\/wp\/v2\/pages\/12547\/revisions"}],"predecessor-version":[{"id":12628,"href":"https:\/\/charente.catholique.fr\/sud-charente\/wp-json\/wp\/v2\/pages\/12547\/revisions\/12628"}],"wp:featuredmedia":[{"embeddable":true,"href":"https:\/\/charente.catholique.fr\/sud-charente\/wp-json\/wp\/v2\/media\/12626"}],"wp:attachment":[{"href":"https:\/\/charente.catholique.fr\/sud-charente\/wp-json\/wp\/v2\/media?parent=12547"}],"curies":[{"name":"wp","href":"https:\/\/api.w.org\/{rel}","templated":true}]}}