{"id":12542,"date":"2026-02-18T07:29:00","date_gmt":"2026-02-18T06:29:00","guid":{"rendered":"https:\/\/charente.catholique.fr\/sud-charente\/?page_id=12542"},"modified":"2026-02-17T21:03:42","modified_gmt":"2026-02-17T20:03:42","slug":"collecte-de-dons-careme-2026-bbb","status":"publish","type":"page","link":"https:\/\/charente.catholique.fr\/sud-charente\/collecte-de-dons-careme-2026-bbb\/","title":{"rendered":"Collecte de dons &#8211; Car\u00eame 2026 &#8211; BBB"},"content":{"rendered":"\n<p><strong>Ne venez pas \u00e0 la messe les mains vides !<\/strong><\/p>\n\n\n\n<p><br>Comme effort de Car\u00eame, nous vous proposons d\u2019aider ceux qui sont les plus d\u00e9munis<strong>, via des dons que nous donnerons aux Restos du C\u0153ur, \u00e0 la Croix-Rouge et \u00e0 l\u2019\u00c9picerie Solidaire de Barbezieux.<\/strong><br><br>Que leur manque-t-il ?<br>&#8211; des produits d\u2019hygi\u00e8ne : shampoing, savon, gel douche, couches, serviettes p\u00e9riodiques&#8230; &nbsp; &nbsp; &nbsp; &nbsp; &nbsp; &nbsp; &nbsp; &nbsp; &nbsp; &nbsp; &nbsp; &nbsp; &nbsp; &nbsp; <br>&#8211; des denr\u00e9es non p\u00e9rissables : p\u00e2tes, riz, huile, conserves de l\u00e9gumes et de poissons, plats pr\u00e9par\u00e9s&#8230;.<\/p>\n\n\n\n<p><br>&#8211;&gt; <strong>Tout cela sera recueilli dans des corbeilles \u00e0 l\u2019entr\u00e9e de l\u2019\u00e9glise<\/strong> et donn\u00e9 \u00e0 la fin du car\u00eame aux diff\u00e9rentes associations.<\/p>\n\n\n<div class=\"wp-block-image\">\n<figure class=\"aligncenter size-large\"><img loading=\"lazy\" decoding=\"async\" width=\"764\" height=\"1080\" src=\"https:\/\/charente.catholique.fr\/sud-charente\/wp-content\/uploads\/sites\/5\/2026\/02\/nvpalmlmv-bbb-764x1080.png\" alt=\"\" class=\"wp-image-12648\" srcset=\"https:\/\/charente.catholique.fr\/sud-charente\/wp-content\/uploads\/sites\/5\/2026\/02\/nvpalmlmv-bbb-764x1080.png 764w, https:\/\/charente.catholique.fr\/sud-charente\/wp-content\/uploads\/sites\/5\/2026\/02\/nvpalmlmv-bbb-212x300.png 212w, https:\/\/charente.catholique.fr\/sud-charente\/wp-content\/uploads\/sites\/5\/2026\/02\/nvpalmlmv-bbb-768x1086.png 768w, https:\/\/charente.catholique.fr\/sud-charente\/wp-content\/uploads\/sites\/5\/2026\/02\/nvpalmlmv-bbb-1086x1536.png 1086w, https:\/\/charente.catholique.fr\/sud-charente\/wp-content\/uploads\/sites\/5\/2026\/02\/nvpalmlmv-bbb-1320x1867.png 1320w, https:\/\/charente.catholique.fr\/sud-charente\/wp-content\/uploads\/sites\/5\/2026\/02\/nvpalmlmv-bbb.png 1414w\" sizes=\"auto, (max-width: 764px) 100vw, 764px\" \/><\/figure>\n<\/div>","protected":false},"excerpt":{"rendered":"<p>Ne venez pas \u00e0 la messe les mains vides ! Comme effort de Car\u00eame, nous vous proposons d\u2019aider ceux qui sont les plus d\u00e9munis, via des dons que nous donnerons aux Restos du C\u0153ur, \u00e0 la Croix-Rouge et \u00e0 l\u2019\u00c9picerie Solidaire de Barbezieux. Que leur manque-t-il ?&#8211; des produits d\u2019hygi\u00e8ne : shampoing, savon, gel douche, [&hellip;]<\/p>\n","protected":false},"author":101,"featured_media":12544,"parent":0,"menu_order":0,"comment_status":"closed","ping_status":"closed","template":"","meta":{"_acf_changed":false,"paroisse":[],"service":[],"footnotes":""},"class_list":["post-12542","page","type-page","status-publish","has-post-thumbnail","hentry"],"acf":[],"yoast_head":"<!-- This site is optimized with the Yoast SEO plugin v27.1.1 - https:\/\/yoast.com\/product\/yoast-seo-wordpress\/ -->\n<title>Collecte de dons - Car\u00eame 2026 - BBB - Doyenn\u00e9 Sud Charente<\/title>\n<meta name=\"description\" content=\"Ne venez pas \u00e0 la messe les mains vides !Comme effort de Car\u00eame, nous vous proposons d\u2019aider ceux qui sont les plus d\u00e9munis, via des dons que nous donnerons aux Restos du C\u0153ur, \u00e0 la Croix-Rouge et \u00e0 l\u2019\u00c9picerie Solidaire de Barbezieux.\" \/>\n<meta name=\"robots\" content=\"index, follow, max-snippet:-1, max-image-preview:large, max-video-preview:-1\" \/>\n<link rel=\"canonical\" href=\"https:\/\/charente.catholique.fr\/sud-charente\/collecte-de-dons-careme-2026-bbb\/\" \/>\n<meta property=\"og:locale\" content=\"fr_FR\" \/>\n<meta property=\"og:type\" content=\"article\" \/>\n<meta property=\"og:title\" content=\"Collecte de dons - Car\u00eame 2026 - BBB - Doyenn\u00e9 Sud Charente\" \/>\n<meta property=\"og:description\" content=\"Ne venez pas \u00e0 la messe les mains vides !Comme effort de Car\u00eame, nous vous proposons d\u2019aider ceux qui sont les plus d\u00e9munis, via des dons que nous donnerons aux Restos du C\u0153ur, \u00e0 la Croix-Rouge et \u00e0 l\u2019\u00c9picerie Solidaire de Barbezieux.\" \/>\n<meta property=\"og:url\" content=\"https:\/\/charente.catholique.fr\/sud-charente\/collecte-de-dons-careme-2026-bbb\/\" \/>\n<meta property=\"og:site_name\" content=\"Doyenn\u00e9 Sud Charente\" \/>\n<meta property=\"article:publisher\" content=\"https:\/\/www.facebook.com\/EgliseCatholiqueCharente\" \/>\n<meta property=\"og:image\" content=\"https:\/\/charente.catholique.fr\/sud-charente\/wp-content\/uploads\/sites\/5\/2026\/02\/careme2026-doyennesud-1.png\" \/>\n\t<meta property=\"og:image:width\" content=\"1414\" \/>\n\t<meta property=\"og:image:height\" content=\"2000\" \/>\n\t<meta property=\"og:image:type\" content=\"image\/png\" \/>\n<meta name=\"twitter:card\" content=\"summary_large_image\" \/>\n<meta name=\"twitter:site\" content=\"@diocesecharente\" \/>\n<meta name=\"twitter:label1\" content=\"Dur\u00e9e de lecture estim\u00e9e\" \/>\n\t<meta name=\"twitter:data1\" content=\"1 minute\" \/>\n<script type=\"application\/ld+json\" class=\"yoast-schema-graph\">{\"@context\":\"https:\/\/schema.org\",\"@graph\":[{\"@type\":\"WebPage\",\"@id\":\"https:\/\/charente.catholique.fr\/sud-charente\/collecte-de-dons-careme-2026-bbb\/\",\"url\":\"https:\/\/charente.catholique.fr\/sud-charente\/collecte-de-dons-careme-2026-bbb\/\",\"name\":\"Collecte de dons - Car\u00eame 2026 - BBB - Doyenn\u00e9 Sud Charente\",\"isPartOf\":{\"@id\":\"https:\/\/charente.catholique.fr\/sud-charente\/#website\"},\"primaryImageOfPage\":{\"@id\":\"https:\/\/charente.catholique.fr\/sud-charente\/collecte-de-dons-careme-2026-bbb\/#primaryimage\"},\"image\":{\"@id\":\"https:\/\/charente.catholique.fr\/sud-charente\/collecte-de-dons-careme-2026-bbb\/#primaryimage\"},\"thumbnailUrl\":\"https:\/\/charente.catholique.fr\/sud-charente\/wp-content\/uploads\/sites\/5\/2026\/02\/careme2026-doyennesud-1.png\",\"datePublished\":\"2026-02-18T06:29:00+00:00\",\"description\":\"Ne venez pas \u00e0 la messe les mains vides !Comme effort de Car\u00eame, nous vous proposons d\u2019aider ceux qui sont les plus d\u00e9munis, via des dons que nous donnerons aux Restos du C\u0153ur, \u00e0 la Croix-Rouge et \u00e0 l\u2019\u00c9picerie Solidaire de Barbezieux.\",\"breadcrumb\":{\"@id\":\"https:\/\/charente.catholique.fr\/sud-charente\/collecte-de-dons-careme-2026-bbb\/#breadcrumb\"},\"inLanguage\":\"fr-FR\",\"potentialAction\":[{\"@type\":\"ReadAction\",\"target\":[\"https:\/\/charente.catholique.fr\/sud-charente\/collecte-de-dons-careme-2026-bbb\/\"]}]},{\"@type\":\"ImageObject\",\"inLanguage\":\"fr-FR\",\"@id\":\"https:\/\/charente.catholique.fr\/sud-charente\/collecte-de-dons-careme-2026-bbb\/#primaryimage\",\"url\":\"https:\/\/charente.catholique.fr\/sud-charente\/wp-content\/uploads\/sites\/5\/2026\/02\/careme2026-doyennesud-1.png\",\"contentUrl\":\"https:\/\/charente.catholique.fr\/sud-charente\/wp-content\/uploads\/sites\/5\/2026\/02\/careme2026-doyennesud-1.png\",\"width\":1414,\"height\":2000},{\"@type\":\"BreadcrumbList\",\"@id\":\"https:\/\/charente.catholique.fr\/sud-charente\/collecte-de-dons-careme-2026-bbb\/#breadcrumb\",\"itemListElement\":[{\"@type\":\"ListItem\",\"position\":1,\"name\":\"Accueil\",\"item\":\"https:\/\/charente.catholique.fr\/sud-charente\/\"},{\"@type\":\"ListItem\",\"position\":2,\"name\":\"Collecte de dons &#8211; Car\u00eame 2026 &#8211; BBB\"}]},{\"@type\":\"WebSite\",\"@id\":\"https:\/\/charente.catholique.fr\/sud-charente\/#website\",\"url\":\"https:\/\/charente.catholique.fr\/sud-charente\/\",\"name\":\"Doyenn\u00e9 Sud Charente - Dioc\u00e8se d'Angoul\u00eame\",\"description\":\"Dioc\u00e8se d&#039;Angoul\u00eame\",\"publisher\":{\"@id\":\"https:\/\/charente.catholique.fr\/sud-charente\/#organization\"},\"potentialAction\":[{\"@type\":\"SearchAction\",\"target\":{\"@type\":\"EntryPoint\",\"urlTemplate\":\"https:\/\/charente.catholique.fr\/sud-charente\/?s={search_term_string}\"},\"query-input\":{\"@type\":\"PropertyValueSpecification\",\"valueRequired\":true,\"valueName\":\"search_term_string\"}}],\"inLanguage\":\"fr-FR\"},{\"@type\":\"Organization\",\"@id\":\"https:\/\/charente.catholique.fr\/sud-charente\/#organization\",\"name\":\"Association dioc\u00e9saine d'Angoul\u00eame\",\"url\":\"https:\/\/charente.catholique.fr\/sud-charente\/\",\"logo\":{\"@type\":\"ImageObject\",\"inLanguage\":\"fr-FR\",\"@id\":\"https:\/\/charente.catholique.fr\/sud-charente\/#\/schema\/logo\/image\/\",\"url\":\"https:\/\/charente.catholique.fr\/sud-charente\/wp-content\/uploads\/sites\/5\/2020\/10\/logos.png\",\"contentUrl\":\"https:\/\/charente.catholique.fr\/sud-charente\/wp-content\/uploads\/sites\/5\/2020\/10\/logos.png\",\"width\":600,\"height\":257,\"caption\":\"Association dioc\u00e9saine d'Angoul\u00eame\"},\"image\":{\"@id\":\"https:\/\/charente.catholique.fr\/sud-charente\/#\/schema\/logo\/image\/\"},\"sameAs\":[\"https:\/\/www.facebook.com\/EgliseCatholiqueCharente\",\"https:\/\/x.com\/diocesecharente\",\"https:\/\/www.instagram.com\/eglisecharente\",\"https:\/\/www.youtube.com\/channel\/UCByyFWApZbw3gDTiADoiAaQ\"]}]}<\/script>\n<!-- \/ Yoast SEO plugin. -->","yoast_head_json":{"title":"Collecte de dons - Car\u00eame 2026 - BBB - Doyenn\u00e9 Sud Charente","description":"Ne venez pas \u00e0 la messe les mains vides !Comme effort de Car\u00eame, nous vous proposons d\u2019aider ceux qui sont les plus d\u00e9munis, via des dons que nous donnerons aux Restos du C\u0153ur, \u00e0 la Croix-Rouge et \u00e0 l\u2019\u00c9picerie Solidaire de Barbezieux.","robots":{"index":"index","follow":"follow","max-snippet":"max-snippet:-1","max-image-preview":"max-image-preview:large","max-video-preview":"max-video-preview:-1"},"canonical":"https:\/\/charente.catholique.fr\/sud-charente\/collecte-de-dons-careme-2026-bbb\/","og_locale":"fr_FR","og_type":"article","og_title":"Collecte de dons - Car\u00eame 2026 - BBB - Doyenn\u00e9 Sud Charente","og_description":"Ne venez pas \u00e0 la messe les mains vides !Comme effort de Car\u00eame, nous vous proposons d\u2019aider ceux qui sont les plus d\u00e9munis, via des dons que nous donnerons aux Restos du C\u0153ur, \u00e0 la Croix-Rouge et \u00e0 l\u2019\u00c9picerie Solidaire de Barbezieux.","og_url":"https:\/\/charente.catholique.fr\/sud-charente\/collecte-de-dons-careme-2026-bbb\/","og_site_name":"Doyenn\u00e9 Sud Charente","article_publisher":"https:\/\/www.facebook.com\/EgliseCatholiqueCharente","og_image":[{"width":1414,"height":2000,"url":"https:\/\/charente.catholique.fr\/sud-charente\/wp-content\/uploads\/sites\/5\/2026\/02\/careme2026-doyennesud-1.png","type":"image\/png"}],"twitter_card":"summary_large_image","twitter_site":"@diocesecharente","twitter_misc":{"Dur\u00e9e de lecture estim\u00e9e":"1 minute"},"schema":{"@context":"https:\/\/schema.org","@graph":[{"@type":"WebPage","@id":"https:\/\/charente.catholique.fr\/sud-charente\/collecte-de-dons-careme-2026-bbb\/","url":"https:\/\/charente.catholique.fr\/sud-charente\/collecte-de-dons-careme-2026-bbb\/","name":"Collecte de dons - Car\u00eame 2026 - BBB - Doyenn\u00e9 Sud Charente","isPartOf":{"@id":"https:\/\/charente.catholique.fr\/sud-charente\/#website"},"primaryImageOfPage":{"@id":"https:\/\/charente.catholique.fr\/sud-charente\/collecte-de-dons-careme-2026-bbb\/#primaryimage"},"image":{"@id":"https:\/\/charente.catholique.fr\/sud-charente\/collecte-de-dons-careme-2026-bbb\/#primaryimage"},"thumbnailUrl":"https:\/\/charente.catholique.fr\/sud-charente\/wp-content\/uploads\/sites\/5\/2026\/02\/careme2026-doyennesud-1.png","datePublished":"2026-02-18T06:29:00+00:00","description":"Ne venez pas \u00e0 la messe les mains vides !Comme effort de Car\u00eame, nous vous proposons d\u2019aider ceux qui sont les plus d\u00e9munis, via des dons que nous donnerons aux Restos du C\u0153ur, \u00e0 la Croix-Rouge et \u00e0 l\u2019\u00c9picerie Solidaire de Barbezieux.","breadcrumb":{"@id":"https:\/\/charente.catholique.fr\/sud-charente\/collecte-de-dons-careme-2026-bbb\/#breadcrumb"},"inLanguage":"fr-FR","potentialAction":[{"@type":"ReadAction","target":["https:\/\/charente.catholique.fr\/sud-charente\/collecte-de-dons-careme-2026-bbb\/"]}]},{"@type":"ImageObject","inLanguage":"fr-FR","@id":"https:\/\/charente.catholique.fr\/sud-charente\/collecte-de-dons-careme-2026-bbb\/#primaryimage","url":"https:\/\/charente.catholique.fr\/sud-charente\/wp-content\/uploads\/sites\/5\/2026\/02\/careme2026-doyennesud-1.png","contentUrl":"https:\/\/charente.catholique.fr\/sud-charente\/wp-content\/uploads\/sites\/5\/2026\/02\/careme2026-doyennesud-1.png","width":1414,"height":2000},{"@type":"BreadcrumbList","@id":"https:\/\/charente.catholique.fr\/sud-charente\/collecte-de-dons-careme-2026-bbb\/#breadcrumb","itemListElement":[{"@type":"ListItem","position":1,"name":"Accueil","item":"https:\/\/charente.catholique.fr\/sud-charente\/"},{"@type":"ListItem","position":2,"name":"Collecte de dons &#8211; Car\u00eame 2026 &#8211; BBB"}]},{"@type":"WebSite","@id":"https:\/\/charente.catholique.fr\/sud-charente\/#website","url":"https:\/\/charente.catholique.fr\/sud-charente\/","name":"Doyenn\u00e9 Sud Charente - Dioc\u00e8se d'Angoul\u00eame","description":"Dioc\u00e8se d&#039;Angoul\u00eame","publisher":{"@id":"https:\/\/charente.catholique.fr\/sud-charente\/#organization"},"potentialAction":[{"@type":"SearchAction","target":{"@type":"EntryPoint","urlTemplate":"https:\/\/charente.catholique.fr\/sud-charente\/?s={search_term_string}"},"query-input":{"@type":"PropertyValueSpecification","valueRequired":true,"valueName":"search_term_string"}}],"inLanguage":"fr-FR"},{"@type":"Organization","@id":"https:\/\/charente.catholique.fr\/sud-charente\/#organization","name":"Association dioc\u00e9saine d'Angoul\u00eame","url":"https:\/\/charente.catholique.fr\/sud-charente\/","logo":{"@type":"ImageObject","inLanguage":"fr-FR","@id":"https:\/\/charente.catholique.fr\/sud-charente\/#\/schema\/logo\/image\/","url":"https:\/\/charente.catholique.fr\/sud-charente\/wp-content\/uploads\/sites\/5\/2020\/10\/logos.png","contentUrl":"https:\/\/charente.catholique.fr\/sud-charente\/wp-content\/uploads\/sites\/5\/2020\/10\/logos.png","width":600,"height":257,"caption":"Association dioc\u00e9saine d'Angoul\u00eame"},"image":{"@id":"https:\/\/charente.catholique.fr\/sud-charente\/#\/schema\/logo\/image\/"},"sameAs":["https:\/\/www.facebook.com\/EgliseCatholiqueCharente","https:\/\/x.com\/diocesecharente","https:\/\/www.instagram.com\/eglisecharente","https:\/\/www.youtube.com\/channel\/UCByyFWApZbw3gDTiADoiAaQ"]}]}},"_links":{"self":[{"href":"https:\/\/charente.catholique.fr\/sud-charente\/wp-json\/wp\/v2\/pages\/12542","targetHints":{"allow":["GET"]}}],"collection":[{"href":"https:\/\/charente.catholique.fr\/sud-charente\/wp-json\/wp\/v2\/pages"}],"about":[{"href":"https:\/\/charente.catholique.fr\/sud-charente\/wp-json\/wp\/v2\/types\/page"}],"author":[{"embeddable":true,"href":"https:\/\/charente.catholique.fr\/sud-charente\/wp-json\/wp\/v2\/users\/101"}],"replies":[{"embeddable":true,"href":"https:\/\/charente.catholique.fr\/sud-charente\/wp-json\/wp\/v2\/comments?post=12542"}],"version-history":[{"count":7,"href":"https:\/\/charente.catholique.fr\/sud-charente\/wp-json\/wp\/v2\/pages\/12542\/revisions"}],"predecessor-version":[{"id":12649,"href":"https:\/\/charente.catholique.fr\/sud-charente\/wp-json\/wp\/v2\/pages\/12542\/revisions\/12649"}],"wp:featuredmedia":[{"embeddable":true,"href":"https:\/\/charente.catholique.fr\/sud-charente\/wp-json\/wp\/v2\/media\/12544"}],"wp:attachment":[{"href":"https:\/\/charente.catholique.fr\/sud-charente\/wp-json\/wp\/v2\/media?parent=12542"}],"curies":[{"name":"wp","href":"https:\/\/api.w.org\/{rel}","templated":true}]}}