{"id":12531,"date":"2026-02-18T07:29:00","date_gmt":"2026-02-18T06:29:00","guid":{"rendered":"https:\/\/charente.catholique.fr\/sud-charente\/?page_id=12531"},"modified":"2026-03-26T12:44:36","modified_gmt":"2026-03-26T11:44:36","slug":"careme-2026-aubeterre-brossac-chalais","status":"publish","type":"page","link":"https:\/\/charente.catholique.fr\/sud-charente\/careme-2026-aubeterre-brossac-chalais\/","title":{"rendered":"Car\u00eame 2026 &#8211; Aubeterre-Brossac-Chalais"},"content":{"rendered":"\n<p>Pour vivre ce car\u00eame, la paroisse d&#8217;Aubeterre-Brossac-Chalais vous propose diff\u00e9rentes initiatives pour vivre la pri\u00e8re, le je\u00fbne et le partage.<\/p>\n\n\n\n<ul class=\"wp-block-list\">\n<li><strong>Vivre un temps d&#8217;adoration <\/strong>les 1ers mercredis du mois, avec la possibilit\u00e9 de vivre le sacrement de la r\u00e9conciliation<br>&#8211; le mercredi 4 mars, 19h30-20h30, \u00e0 la chapelle de Chalais<br>&#8211; le mercredi 1et avril, 19h30-20h30, \u00e0 la chapelle de Chalais<\/li>\n<\/ul>\n\n\n\n<ul class=\"wp-block-list\">\n<li><strong>Un temps de Repas-Partage-Rencontre : pour <a href=\"https:\/\/charente.catholique.fr\/sud-charente\/agenda\/temps-fort-de-careme-a-chalais\/\">red\u00e9couvrir le sens de la messe<\/a> <\/strong><br>Dimanche 8 mars, apr\u00e8s la messe de 10h30 &#8211; apporter votre pique-nique !<\/li>\n<\/ul>\n\n\n\n<ul class=\"wp-block-list\">\n<li><strong><a href=\"https:\/\/charente.catholique.fr\/sud-charente\/actualites\/visiter-des-personnes-malades-ou-isolees\/\">Visiter une personne malade, isol\u00e9e ou \u00e2g\u00e9e<\/a>.<\/strong><br>Suite \u00e0 cette exp\u00e9rience de visitation, les paroissiens sont invit\u00e9s \u00e0 relire et partager ce qu&#8217;ils auront v\u00e9cu<strong>.<\/strong><br>Cette relecture sera l\u2019occasion de partager sur ce que ces visites nous ont fait vivre de d\u00e9placement int\u00e9rieur, de peur d\u00e9pass\u00e9e, de joie d\u00e9couverte.<br>&#8211; Saint S\u00e9verin : samedi 21 f\u00e9vrier, 17h \u00e0 l&#8217;\u00e9glise<br>&#8211; Chalais : vendredi 6 mars, 17h30 \u00e0 la salle paroissiale<br>&#8211; Brossac : mercredi 11 mars, 10h30 \u00e0 la maison paroissiale<\/li>\n<\/ul>\n\n\n\n<ul class=\"wp-block-list\">\n<li><strong><a href=\"https:\/\/charente.catholique.fr\/sud-charente\/agenda\/recollection-de-careme-en-doyenne-21-mars-2026-3\/\">Une journ\u00e9e de r\u00e9collection et de r\u00e9conciliation en doyenn\u00e9<\/a> : <\/strong> le samedi 21 mars \u00e0 Puyp\u00e9roux de 10h \u00e0 16h30. D\u00e9tails \u00e0 venir !<\/li>\n<\/ul>\n\n\n\n<ul class=\"wp-block-list\">\n<li><strong>Op\u00e9ration &#8220;bol de riz&#8221;<\/strong>, le vendredi 6 mars en soir\u00e9e, \u00e0 l&#8217;\u00e9cole Castel-Marie.<br>pour &nbsp;l\u2019association &#8220;MPANAVOTRA&#8221; (\u201cSauveur, en Fran\u00e7ais\u201d) qui g\u00e8re un orphelinat \u00e0 Madagascar, avec laquelle Tino et Amandine Ralaivo, paroissiens de Chalais, sont li\u00e9s<\/li>\n<\/ul>\n\n\n<div class=\"wp-block-image\">\n<figure class=\"aligncenter size-large\"><img loading=\"lazy\" decoding=\"async\" width=\"764\" height=\"1080\" src=\"https:\/\/charente.catholique.fr\/sud-charente\/wp-content\/uploads\/sites\/5\/2026\/02\/Careme2026-DoyenneSud2-764x1080.png\" alt=\"\" class=\"wp-image-12563\" srcset=\"https:\/\/charente.catholique.fr\/sud-charente\/wp-content\/uploads\/sites\/5\/2026\/02\/Careme2026-DoyenneSud2-764x1080.png 764w, https:\/\/charente.catholique.fr\/sud-charente\/wp-content\/uploads\/sites\/5\/2026\/02\/Careme2026-DoyenneSud2-212x300.png 212w, https:\/\/charente.catholique.fr\/sud-charente\/wp-content\/uploads\/sites\/5\/2026\/02\/Careme2026-DoyenneSud2-768x1086.png 768w, https:\/\/charente.catholique.fr\/sud-charente\/wp-content\/uploads\/sites\/5\/2026\/02\/Careme2026-DoyenneSud2-1086x1536.png 1086w, https:\/\/charente.catholique.fr\/sud-charente\/wp-content\/uploads\/sites\/5\/2026\/02\/Careme2026-DoyenneSud2-1320x1867.png 1320w, https:\/\/charente.catholique.fr\/sud-charente\/wp-content\/uploads\/sites\/5\/2026\/02\/Careme2026-DoyenneSud2.png 1414w\" sizes=\"auto, (max-width: 764px) 100vw, 764px\" \/><\/figure>\n<\/div>\n\n\n<p><\/p>\n","protected":false},"excerpt":{"rendered":"<p>Pour vivre ce car\u00eame, la paroisse d&#8217;Aubeterre-Brossac-Chalais vous propose diff\u00e9rentes initiatives pour vivre la pri\u00e8re, le je\u00fbne et le partage.<\/p>\n","protected":false},"author":101,"featured_media":12615,"parent":0,"menu_order":0,"comment_status":"closed","ping_status":"closed","template":"","meta":{"_acf_changed":false,"paroisse":[],"service":[],"footnotes":""},"class_list":["post-12531","page","type-page","status-publish","has-post-thumbnail","hentry"],"acf":[],"yoast_head":"<!-- This site is optimized with the Yoast SEO plugin v27.1.1 - https:\/\/yoast.com\/product\/yoast-seo-wordpress\/ -->\n<title>Car\u00eame 2026 - Aubeterre-Brossac-Chalais - Doyenn\u00e9 Sud Charente<\/title>\n<meta name=\"description\" content=\"Car\u00eame 2026 - Aubeterre-Brossac-Chalais Pour vivre ce car\u00eame, la paroisse d&#039;Aubeterre-Brossac-Chalais vous propose diff\u00e9rentes initiatives pour vivre la pri\u00e8re, le je\u00fbne et le partage.\" \/>\n<meta name=\"robots\" content=\"index, follow, max-snippet:-1, max-image-preview:large, max-video-preview:-1\" \/>\n<link rel=\"canonical\" href=\"https:\/\/charente.catholique.fr\/sud-charente\/careme-2026-aubeterre-brossac-chalais\/\" \/>\n<meta property=\"og:locale\" content=\"fr_FR\" \/>\n<meta property=\"og:type\" content=\"article\" \/>\n<meta property=\"og:title\" content=\"Car\u00eame 2026 - Aubeterre-Brossac-Chalais - Doyenn\u00e9 Sud Charente\" \/>\n<meta property=\"og:description\" content=\"Car\u00eame 2026 - Aubeterre-Brossac-Chalais Pour vivre ce car\u00eame, la paroisse d&#039;Aubeterre-Brossac-Chalais vous propose diff\u00e9rentes initiatives pour vivre la pri\u00e8re, le je\u00fbne et le partage.\" \/>\n<meta property=\"og:url\" content=\"https:\/\/charente.catholique.fr\/sud-charente\/careme-2026-aubeterre-brossac-chalais\/\" \/>\n<meta property=\"og:site_name\" content=\"Doyenn\u00e9 Sud Charente\" \/>\n<meta property=\"article:publisher\" content=\"https:\/\/www.facebook.com\/EgliseCatholiqueCharente\" \/>\n<meta property=\"article:modified_time\" content=\"2026-03-26T11:44:36+00:00\" \/>\n<meta property=\"og:image\" content=\"https:\/\/charente.catholique.fr\/sud-charente\/wp-content\/uploads\/sites\/5\/2026\/02\/bandeau-careme-2026-abc-768x545.png\" \/>\n\t<meta property=\"og:image:width\" content=\"768\" \/>\n\t<meta property=\"og:image:height\" content=\"545\" \/>\n\t<meta property=\"og:image:type\" content=\"image\/png\" \/>\n<meta name=\"twitter:card\" content=\"summary_large_image\" \/>\n<meta name=\"twitter:site\" content=\"@diocesecharente\" \/>\n<meta name=\"twitter:label1\" content=\"Dur\u00e9e de lecture estim\u00e9e\" \/>\n\t<meta name=\"twitter:data1\" content=\"2 minutes\" \/>\n<script type=\"application\/ld+json\" class=\"yoast-schema-graph\">{\"@context\":\"https:\/\/schema.org\",\"@graph\":[{\"@type\":\"WebPage\",\"@id\":\"https:\/\/charente.catholique.fr\/sud-charente\/careme-2026-aubeterre-brossac-chalais\/\",\"url\":\"https:\/\/charente.catholique.fr\/sud-charente\/careme-2026-aubeterre-brossac-chalais\/\",\"name\":\"Car\u00eame 2026 - Aubeterre-Brossac-Chalais - Doyenn\u00e9 Sud Charente\",\"isPartOf\":{\"@id\":\"https:\/\/charente.catholique.fr\/sud-charente\/#website\"},\"primaryImageOfPage\":{\"@id\":\"https:\/\/charente.catholique.fr\/sud-charente\/careme-2026-aubeterre-brossac-chalais\/#primaryimage\"},\"image\":{\"@id\":\"https:\/\/charente.catholique.fr\/sud-charente\/careme-2026-aubeterre-brossac-chalais\/#primaryimage\"},\"thumbnailUrl\":\"https:\/\/charente.catholique.fr\/sud-charente\/wp-content\/uploads\/sites\/5\/2026\/02\/bandeau-careme-2026-abc.png\",\"datePublished\":\"2026-02-18T06:29:00+00:00\",\"dateModified\":\"2026-03-26T11:44:36+00:00\",\"description\":\"Car\u00eame 2026 - Aubeterre-Brossac-Chalais Pour vivre ce car\u00eame, la paroisse d'Aubeterre-Brossac-Chalais vous propose diff\u00e9rentes initiatives pour vivre la pri\u00e8re, le je\u00fbne et le partage.\",\"breadcrumb\":{\"@id\":\"https:\/\/charente.catholique.fr\/sud-charente\/careme-2026-aubeterre-brossac-chalais\/#breadcrumb\"},\"inLanguage\":\"fr-FR\",\"potentialAction\":[{\"@type\":\"ReadAction\",\"target\":[\"https:\/\/charente.catholique.fr\/sud-charente\/careme-2026-aubeterre-brossac-chalais\/\"]}]},{\"@type\":\"ImageObject\",\"inLanguage\":\"fr-FR\",\"@id\":\"https:\/\/charente.catholique.fr\/sud-charente\/careme-2026-aubeterre-brossac-chalais\/#primaryimage\",\"url\":\"https:\/\/charente.catholique.fr\/sud-charente\/wp-content\/uploads\/sites\/5\/2026\/02\/bandeau-careme-2026-abc.png\",\"contentUrl\":\"https:\/\/charente.catholique.fr\/sud-charente\/wp-content\/uploads\/sites\/5\/2026\/02\/bandeau-careme-2026-abc.png\",\"width\":1748,\"height\":1240},{\"@type\":\"BreadcrumbList\",\"@id\":\"https:\/\/charente.catholique.fr\/sud-charente\/careme-2026-aubeterre-brossac-chalais\/#breadcrumb\",\"itemListElement\":[{\"@type\":\"ListItem\",\"position\":1,\"name\":\"Accueil\",\"item\":\"https:\/\/charente.catholique.fr\/sud-charente\/\"},{\"@type\":\"ListItem\",\"position\":2,\"name\":\"Car\u00eame 2026 &#8211; Aubeterre-Brossac-Chalais\"}]},{\"@type\":\"WebSite\",\"@id\":\"https:\/\/charente.catholique.fr\/sud-charente\/#website\",\"url\":\"https:\/\/charente.catholique.fr\/sud-charente\/\",\"name\":\"Doyenn\u00e9 Sud Charente - Dioc\u00e8se d'Angoul\u00eame\",\"description\":\"Dioc\u00e8se d&#039;Angoul\u00eame\",\"publisher\":{\"@id\":\"https:\/\/charente.catholique.fr\/sud-charente\/#organization\"},\"potentialAction\":[{\"@type\":\"SearchAction\",\"target\":{\"@type\":\"EntryPoint\",\"urlTemplate\":\"https:\/\/charente.catholique.fr\/sud-charente\/?s={search_term_string}\"},\"query-input\":{\"@type\":\"PropertyValueSpecification\",\"valueRequired\":true,\"valueName\":\"search_term_string\"}}],\"inLanguage\":\"fr-FR\"},{\"@type\":\"Organization\",\"@id\":\"https:\/\/charente.catholique.fr\/sud-charente\/#organization\",\"name\":\"Association dioc\u00e9saine d'Angoul\u00eame\",\"url\":\"https:\/\/charente.catholique.fr\/sud-charente\/\",\"logo\":{\"@type\":\"ImageObject\",\"inLanguage\":\"fr-FR\",\"@id\":\"https:\/\/charente.catholique.fr\/sud-charente\/#\/schema\/logo\/image\/\",\"url\":\"https:\/\/charente.catholique.fr\/sud-charente\/wp-content\/uploads\/sites\/5\/2020\/10\/logos.png\",\"contentUrl\":\"https:\/\/charente.catholique.fr\/sud-charente\/wp-content\/uploads\/sites\/5\/2020\/10\/logos.png\",\"width\":600,\"height\":257,\"caption\":\"Association dioc\u00e9saine d'Angoul\u00eame\"},\"image\":{\"@id\":\"https:\/\/charente.catholique.fr\/sud-charente\/#\/schema\/logo\/image\/\"},\"sameAs\":[\"https:\/\/www.facebook.com\/EgliseCatholiqueCharente\",\"https:\/\/x.com\/diocesecharente\",\"https:\/\/www.instagram.com\/eglisecharente\",\"https:\/\/www.youtube.com\/channel\/UCByyFWApZbw3gDTiADoiAaQ\"]}]}<\/script>\n<!-- \/ Yoast SEO plugin. -->","yoast_head_json":{"title":"Car\u00eame 2026 - Aubeterre-Brossac-Chalais - Doyenn\u00e9 Sud Charente","description":"Car\u00eame 2026 - Aubeterre-Brossac-Chalais Pour vivre ce car\u00eame, la paroisse d'Aubeterre-Brossac-Chalais vous propose diff\u00e9rentes initiatives pour vivre la pri\u00e8re, le je\u00fbne et le partage.","robots":{"index":"index","follow":"follow","max-snippet":"max-snippet:-1","max-image-preview":"max-image-preview:large","max-video-preview":"max-video-preview:-1"},"canonical":"https:\/\/charente.catholique.fr\/sud-charente\/careme-2026-aubeterre-brossac-chalais\/","og_locale":"fr_FR","og_type":"article","og_title":"Car\u00eame 2026 - Aubeterre-Brossac-Chalais - Doyenn\u00e9 Sud Charente","og_description":"Car\u00eame 2026 - Aubeterre-Brossac-Chalais Pour vivre ce car\u00eame, la paroisse d'Aubeterre-Brossac-Chalais vous propose diff\u00e9rentes initiatives pour vivre la pri\u00e8re, le je\u00fbne et le partage.","og_url":"https:\/\/charente.catholique.fr\/sud-charente\/careme-2026-aubeterre-brossac-chalais\/","og_site_name":"Doyenn\u00e9 Sud Charente","article_publisher":"https:\/\/www.facebook.com\/EgliseCatholiqueCharente","article_modified_time":"2026-03-26T11:44:36+00:00","og_image":[{"width":768,"height":545,"url":"https:\/\/charente.catholique.fr\/sud-charente\/wp-content\/uploads\/sites\/5\/2026\/02\/bandeau-careme-2026-abc-768x545.png","type":"image\/png"}],"twitter_card":"summary_large_image","twitter_site":"@diocesecharente","twitter_misc":{"Dur\u00e9e de lecture estim\u00e9e":"2 minutes"},"schema":{"@context":"https:\/\/schema.org","@graph":[{"@type":"WebPage","@id":"https:\/\/charente.catholique.fr\/sud-charente\/careme-2026-aubeterre-brossac-chalais\/","url":"https:\/\/charente.catholique.fr\/sud-charente\/careme-2026-aubeterre-brossac-chalais\/","name":"Car\u00eame 2026 - Aubeterre-Brossac-Chalais - Doyenn\u00e9 Sud Charente","isPartOf":{"@id":"https:\/\/charente.catholique.fr\/sud-charente\/#website"},"primaryImageOfPage":{"@id":"https:\/\/charente.catholique.fr\/sud-charente\/careme-2026-aubeterre-brossac-chalais\/#primaryimage"},"image":{"@id":"https:\/\/charente.catholique.fr\/sud-charente\/careme-2026-aubeterre-brossac-chalais\/#primaryimage"},"thumbnailUrl":"https:\/\/charente.catholique.fr\/sud-charente\/wp-content\/uploads\/sites\/5\/2026\/02\/bandeau-careme-2026-abc.png","datePublished":"2026-02-18T06:29:00+00:00","dateModified":"2026-03-26T11:44:36+00:00","description":"Car\u00eame 2026 - Aubeterre-Brossac-Chalais Pour vivre ce car\u00eame, la paroisse d'Aubeterre-Brossac-Chalais vous propose diff\u00e9rentes initiatives pour vivre la pri\u00e8re, le je\u00fbne et le partage.","breadcrumb":{"@id":"https:\/\/charente.catholique.fr\/sud-charente\/careme-2026-aubeterre-brossac-chalais\/#breadcrumb"},"inLanguage":"fr-FR","potentialAction":[{"@type":"ReadAction","target":["https:\/\/charente.catholique.fr\/sud-charente\/careme-2026-aubeterre-brossac-chalais\/"]}]},{"@type":"ImageObject","inLanguage":"fr-FR","@id":"https:\/\/charente.catholique.fr\/sud-charente\/careme-2026-aubeterre-brossac-chalais\/#primaryimage","url":"https:\/\/charente.catholique.fr\/sud-charente\/wp-content\/uploads\/sites\/5\/2026\/02\/bandeau-careme-2026-abc.png","contentUrl":"https:\/\/charente.catholique.fr\/sud-charente\/wp-content\/uploads\/sites\/5\/2026\/02\/bandeau-careme-2026-abc.png","width":1748,"height":1240},{"@type":"BreadcrumbList","@id":"https:\/\/charente.catholique.fr\/sud-charente\/careme-2026-aubeterre-brossac-chalais\/#breadcrumb","itemListElement":[{"@type":"ListItem","position":1,"name":"Accueil","item":"https:\/\/charente.catholique.fr\/sud-charente\/"},{"@type":"ListItem","position":2,"name":"Car\u00eame 2026 &#8211; Aubeterre-Brossac-Chalais"}]},{"@type":"WebSite","@id":"https:\/\/charente.catholique.fr\/sud-charente\/#website","url":"https:\/\/charente.catholique.fr\/sud-charente\/","name":"Doyenn\u00e9 Sud Charente - Dioc\u00e8se d'Angoul\u00eame","description":"Dioc\u00e8se d&#039;Angoul\u00eame","publisher":{"@id":"https:\/\/charente.catholique.fr\/sud-charente\/#organization"},"potentialAction":[{"@type":"SearchAction","target":{"@type":"EntryPoint","urlTemplate":"https:\/\/charente.catholique.fr\/sud-charente\/?s={search_term_string}"},"query-input":{"@type":"PropertyValueSpecification","valueRequired":true,"valueName":"search_term_string"}}],"inLanguage":"fr-FR"},{"@type":"Organization","@id":"https:\/\/charente.catholique.fr\/sud-charente\/#organization","name":"Association dioc\u00e9saine d'Angoul\u00eame","url":"https:\/\/charente.catholique.fr\/sud-charente\/","logo":{"@type":"ImageObject","inLanguage":"fr-FR","@id":"https:\/\/charente.catholique.fr\/sud-charente\/#\/schema\/logo\/image\/","url":"https:\/\/charente.catholique.fr\/sud-charente\/wp-content\/uploads\/sites\/5\/2020\/10\/logos.png","contentUrl":"https:\/\/charente.catholique.fr\/sud-charente\/wp-content\/uploads\/sites\/5\/2020\/10\/logos.png","width":600,"height":257,"caption":"Association dioc\u00e9saine d'Angoul\u00eame"},"image":{"@id":"https:\/\/charente.catholique.fr\/sud-charente\/#\/schema\/logo\/image\/"},"sameAs":["https:\/\/www.facebook.com\/EgliseCatholiqueCharente","https:\/\/x.com\/diocesecharente","https:\/\/www.instagram.com\/eglisecharente","https:\/\/www.youtube.com\/channel\/UCByyFWApZbw3gDTiADoiAaQ"]}]}},"_links":{"self":[{"href":"https:\/\/charente.catholique.fr\/sud-charente\/wp-json\/wp\/v2\/pages\/12531","targetHints":{"allow":["GET"]}}],"collection":[{"href":"https:\/\/charente.catholique.fr\/sud-charente\/wp-json\/wp\/v2\/pages"}],"about":[{"href":"https:\/\/charente.catholique.fr\/sud-charente\/wp-json\/wp\/v2\/types\/page"}],"author":[{"embeddable":true,"href":"https:\/\/charente.catholique.fr\/sud-charente\/wp-json\/wp\/v2\/users\/101"}],"replies":[{"embeddable":true,"href":"https:\/\/charente.catholique.fr\/sud-charente\/wp-json\/wp\/v2\/comments?post=12531"}],"version-history":[{"count":10,"href":"https:\/\/charente.catholique.fr\/sud-charente\/wp-json\/wp\/v2\/pages\/12531\/revisions"}],"predecessor-version":[{"id":12690,"href":"https:\/\/charente.catholique.fr\/sud-charente\/wp-json\/wp\/v2\/pages\/12531\/revisions\/12690"}],"wp:featuredmedia":[{"embeddable":true,"href":"https:\/\/charente.catholique.fr\/sud-charente\/wp-json\/wp\/v2\/media\/12615"}],"wp:attachment":[{"href":"https:\/\/charente.catholique.fr\/sud-charente\/wp-json\/wp\/v2\/media?parent=12531"}],"curies":[{"name":"wp","href":"https:\/\/api.w.org\/{rel}","templated":true}]}}