{"id":10472,"date":"2025-04-28T15:33:33","date_gmt":"2025-04-28T13:33:33","guid":{"rendered":"https:\/\/charente.catholique.fr\/sud-charente\/?page_id=10472"},"modified":"2025-05-25T19:06:38","modified_gmt":"2025-05-25T17:06:38","slug":"samedi-7-juin-pillac-abbaye-de-maumont","status":"publish","type":"page","link":"https:\/\/charente.catholique.fr\/sud-charente\/la-caravane-de-lesperance\/samedi-7-juin-pillac-abbaye-de-maumont\/","title":{"rendered":"Samedi 7 juin &#8211; Pillac &#8211; Abbaye de Maumont"},"content":{"rendered":"\n<h2 class=\"wp-block-heading\">De Pillac \u00e0 l&#8217;Abbaye de Maumont<\/h2>\n\n\n\n<div class=\"wp-block-group\" style=\"padding-right:var(--wp--preset--spacing--20);padding-left:var(--wp--preset--spacing--20)\"><div class=\"wp-block-group__inner-container is-layout-constrained wp-container-core-group-is-layout-c9115f92 wp-block-group-is-layout-constrained\">\n<p>8h45 \u2013 Pillac : Frairie et messe<br>Trajet en voiture<br>11h00 \u2013 Bors : Pause spirituelle<br>Trajet en voiture<br>11h45 \u2013 Juignac : d\u00e9part de la marche pour Maumont<br>ABBAYE DE MAUMONT<br>12h30 \u2013 Pique-nique<br>14h \u2013 Apr\u00e8s-midi festive avec les soeurs :<br>Jeu pour les enfants<br>Jeu pour les adultes<br>Chapelet<br>Lectio divina<br>Animations<br>Balade contemplative<br>Go\u00fbter<br>17h30 \u2013 V\u00eapres<br>18h15 \u2013 Ap\u00e9ritif et buffet partag\u00e9<br>20h\u2013 Veill\u00e9e de Pentec\u00f4te en doyenn\u00e9<\/p>\n\n\n<div class=\"wp-block-image\">\n<figure class=\"aligncenter size-full is-resized\"><img loading=\"lazy\" decoding=\"async\" width=\"1587\" height=\"2245\" src=\"https:\/\/charente.catholique.fr\/sud-charente\/wp-content\/uploads\/sites\/5\/2025\/05\/Maumont-1.png\" alt=\"\" class=\"wp-image-10749\" style=\"width:537px;height:auto\" srcset=\"https:\/\/charente.catholique.fr\/sud-charente\/wp-content\/uploads\/sites\/5\/2025\/05\/Maumont-1.png 1587w, https:\/\/charente.catholique.fr\/sud-charente\/wp-content\/uploads\/sites\/5\/2025\/05\/Maumont-1-212x300.png 212w, https:\/\/charente.catholique.fr\/sud-charente\/wp-content\/uploads\/sites\/5\/2025\/05\/Maumont-1-763x1080.png 763w, https:\/\/charente.catholique.fr\/sud-charente\/wp-content\/uploads\/sites\/5\/2025\/05\/Maumont-1-768x1086.png 768w, https:\/\/charente.catholique.fr\/sud-charente\/wp-content\/uploads\/sites\/5\/2025\/05\/Maumont-1-1086x1536.png 1086w, https:\/\/charente.catholique.fr\/sud-charente\/wp-content\/uploads\/sites\/5\/2025\/05\/Maumont-1-1448x2048.png 1448w, https:\/\/charente.catholique.fr\/sud-charente\/wp-content\/uploads\/sites\/5\/2025\/05\/Maumont-1-1320x1867.png 1320w\" sizes=\"auto, (max-width: 1587px) 100vw, 1587px\" \/><\/figure>\n<\/div><\/div><\/div>\n\n\n\n<div class=\"wpcf7 no-js\" id=\"wpcf7-f10438-o1\" lang=\"fr-FR\" dir=\"ltr\" data-wpcf7-id=\"10438\">\n<div class=\"screen-reader-response\"><p role=\"status\" aria-live=\"polite\" aria-atomic=\"true\"><\/p> <ul><\/ul><\/div>\n<form action=\"\/sud-charente\/wp-json\/wp\/v2\/pages\/10472#wpcf7-f10438-o1\" method=\"post\" class=\"wpcf7-form init\" aria-label=\"Formulaire de contact\" novalidate=\"novalidate\" data-status=\"init\">\n<fieldset class=\"hidden-fields-container\"><input type=\"hidden\" name=\"_wpcf7\" value=\"10438\" \/><input type=\"hidden\" name=\"_wpcf7_version\" value=\"6.1.5\" \/><input type=\"hidden\" name=\"_wpcf7_locale\" value=\"fr_FR\" \/><input type=\"hidden\" name=\"_wpcf7_unit_tag\" value=\"wpcf7-f10438-o1\" \/><input type=\"hidden\" name=\"_wpcf7_container_post\" value=\"0\" \/><input type=\"hidden\" name=\"_wpcf7_posted_data_hash\" value=\"\" \/>\n<\/fieldset>\n<p><label> Nom<br \/>\n<span class=\"wpcf7-form-control-wrap\" data-name=\"nom\"><input size=\"40\" maxlength=\"400\" class=\"wpcf7-form-control wpcf7-text wpcf7-validates-as-required\" aria-required=\"true\" aria-invalid=\"false\" value=\"\" type=\"text\" name=\"nom\" \/><\/span> <\/label>\n<\/p>\n<p><label> Pr\u00e9nom<br \/>\n<span class=\"wpcf7-form-control-wrap\" data-name=\"prenom\"><input size=\"40\" maxlength=\"400\" class=\"wpcf7-form-control wpcf7-text wpcf7-validates-as-required\" aria-required=\"true\" aria-invalid=\"false\" value=\"\" type=\"text\" name=\"prenom\" \/><\/span> <\/label>\n<\/p>\n<p><label> Courriel<br \/>\n<span class=\"wpcf7-form-control-wrap\" data-name=\"email\"><input size=\"40\" maxlength=\"400\" class=\"wpcf7-form-control wpcf7-email wpcf7-validates-as-required wpcf7-text wpcf7-validates-as-email\" aria-required=\"true\" aria-invalid=\"false\" value=\"\" type=\"email\" name=\"email\" \/><\/span> <\/label>\n<\/p>\n<p>J'envisage de participer \u00e0 tout ou partie de la journ\u00e9e du samedi 7 juin de la \"Caravane de l'Esp\u00e9rance\"<br \/>\n<span class=\"wpcf7-form-control-wrap\" data-name=\"select-368\"><select class=\"wpcf7-form-control wpcf7-select\" aria-invalid=\"false\" name=\"select-368\"><option value=\"Non\">Non<\/option><option value=\"Oui\">Oui<\/option><\/select><\/span>\n<\/p>\n<p>- Au repas du midi (apporter son pique-nique) : <span class=\"wpcf7-form-control-wrap\" data-name=\"select-402\"><select class=\"wpcf7-form-control wpcf7-select\" aria-invalid=\"false\" name=\"select-402\"><option value=\"Non\">Non<\/option><option value=\"Oui\">Oui<\/option><\/select><\/span> (Nombre de personnes : <span class=\"wpcf7-form-control-wrap\" data-name=\"select-527\"><select class=\"wpcf7-form-control wpcf7-select\" aria-invalid=\"false\" name=\"select-527\"><option value=\"1\">1<\/option><option value=\"2\">2<\/option><option value=\"3\">3<\/option><option value=\"4\">4<\/option><option value=\"5\">5<\/option><option value=\"+ de 5\">+ de 5<\/option><\/select><\/span>)<br \/>\n- Au repas du soir : <span class=\"wpcf7-form-control-wrap\" data-name=\"select-200\"><select class=\"wpcf7-form-control wpcf7-select\" aria-invalid=\"false\" name=\"select-200\"><option value=\"Non\">Non<\/option><option value=\"Oui\">Oui<\/option><\/select><\/span> (Nombre de personnes : <span class=\"wpcf7-form-control-wrap\" data-name=\"select-796\"><select class=\"wpcf7-form-control wpcf7-select\" aria-invalid=\"false\" name=\"select-796\"><option value=\"1\">1<\/option><option value=\"2\">2<\/option><option value=\"3\">3<\/option><option value=\"4\">4<\/option><option value=\"5\">5<\/option><option value=\"+ de 5\">+ de 5<\/option><\/select><\/span>)<br \/>\n- Souhaite un h\u00e9bergement pour la nuit : <span class=\"wpcf7-form-control-wrap\" data-name=\"select-593\"><select class=\"wpcf7-form-control wpcf7-select\" aria-invalid=\"false\" name=\"select-593\"><option value=\"Non\">Non<\/option><option value=\"Oui\">Oui<\/option><\/select><\/span> (Nombre de personnes : <span class=\"wpcf7-form-control-wrap\" data-name=\"select-342\"><select class=\"wpcf7-form-control wpcf7-select\" aria-invalid=\"false\" name=\"select-342\"><option value=\"1\">1<\/option><option value=\"2\">2<\/option><option value=\"3\">3<\/option><option value=\"4\">4<\/option><option value=\"5\">5<\/option><option value=\"+ de 5\">+ de 5<\/option><\/select><\/span>)<br \/>\n- A besoin d'\u00eatre v\u00e9hicul\u00e9 : <span class=\"wpcf7-form-control-wrap\" data-name=\"select-626\"><select class=\"wpcf7-form-control wpcf7-select\" aria-invalid=\"false\" name=\"select-626\"><option value=\"Non\">Non<\/option><option value=\"Oui\">Oui<\/option><\/select><\/span> (Nombre de personnes : <span class=\"wpcf7-form-control-wrap\" data-name=\"select-1\"><select class=\"wpcf7-form-control wpcf7-select\" aria-invalid=\"false\" name=\"select-1\"><option value=\"1\">1<\/option><option value=\"2\">2<\/option><option value=\"3\">3<\/option><option value=\"4\">4<\/option><option value=\"5\">5<\/option><option value=\"+ de 5\">+ de 5<\/option><\/select><\/span>)\n<\/p>\n<p><label> Votre message (facultatif)<br \/>\n<span class=\"wpcf7-form-control-wrap\" data-name=\"your-message\"><textarea cols=\"40\" rows=\"10\" maxlength=\"2000\" class=\"wpcf7-form-control wpcf7-textarea\" aria-invalid=\"false\" name=\"your-message\"><\/textarea><\/span> <\/label>\n<\/p>\n<p><input class=\"wpcf7-form-control wpcf7-submit has-spinner\" type=\"submit\" value=\"Envoyer\" \/>\n<\/p><div class=\"wpcf7-response-output\" aria-hidden=\"true\"><\/div>\n<\/form>\n<\/div>\n\n","protected":false},"excerpt":{"rendered":"<p>De Pillac \u00e0 l&#8217;Abbaye de Maumont 8h45 \u2013 Pillac : Frairie et messeTrajet en voiture11h00 \u2013 Bors : Pause spirituelleTrajet en voiture11h45 \u2013 Juignac : d\u00e9part de la marche pour MaumontABBAYE DE MAUMONT12h30 \u2013 Pique-nique14h \u2013 Apr\u00e8s-midi festive avec les soeurs :Jeu pour les enfantsJeu pour les adultesChapeletLectio divinaAnimationsBalade contemplativeGo\u00fbter17h30 \u2013 V\u00eapres18h15 \u2013 Ap\u00e9ritif et [&hellip;]<\/p>\n","protected":false},"author":101,"featured_media":9316,"parent":10331,"menu_order":7,"comment_status":"closed","ping_status":"closed","template":"","meta":{"_acf_changed":false,"paroisse":[],"service":[],"footnotes":""},"class_list":["post-10472","page","type-page","status-publish","has-post-thumbnail","hentry"],"acf":[],"yoast_head":"<!-- This site is optimized with the Yoast SEO plugin v27.1.1 - https:\/\/yoast.com\/product\/yoast-seo-wordpress\/ -->\n<title>Samedi 7 juin - Pillac - Abbaye de Maumont - Doyenn\u00e9 Sud Charente<\/title>\n<meta name=\"robots\" content=\"index, follow, max-snippet:-1, max-image-preview:large, max-video-preview:-1\" \/>\n<link rel=\"canonical\" href=\"https:\/\/charente.catholique.fr\/sud-charente\/la-caravane-de-lesperance\/samedi-7-juin-pillac-abbaye-de-maumont\/\" \/>\n<meta property=\"og:locale\" content=\"fr_FR\" \/>\n<meta property=\"og:type\" content=\"article\" \/>\n<meta property=\"og:title\" content=\"Samedi 7 juin - Pillac - Abbaye de Maumont - Doyenn\u00e9 Sud Charente\" \/>\n<meta property=\"og:description\" content=\"De Pillac \u00e0 l&#8217;Abbaye de Maumont 8h45 \u2013 Pillac : Frairie et messeTrajet en voiture11h00 \u2013 Bors : Pause spirituelleTrajet en voiture11h45 \u2013 Juignac : d\u00e9part de la marche pour MaumontABBAYE DE MAUMONT12h30 \u2013 Pique-nique14h \u2013 Apr\u00e8s-midi festive avec les soeurs :Jeu pour les enfantsJeu pour les adultesChapeletLectio divinaAnimationsBalade contemplativeGo\u00fbter17h30 \u2013 V\u00eapres18h15 \u2013 Ap\u00e9ritif et [&hellip;]\" \/>\n<meta property=\"og:url\" content=\"https:\/\/charente.catholique.fr\/sud-charente\/la-caravane-de-lesperance\/samedi-7-juin-pillac-abbaye-de-maumont\/\" \/>\n<meta property=\"og:site_name\" content=\"Doyenn\u00e9 Sud Charente\" \/>\n<meta property=\"article:publisher\" content=\"https:\/\/www.facebook.com\/EgliseCatholiqueCharente\" \/>\n<meta property=\"article:modified_time\" content=\"2025-05-25T17:06:38+00:00\" \/>\n<meta property=\"og:image\" content=\"https:\/\/charente.catholique.fr\/sud-charente\/wp-content\/uploads\/sites\/5\/2024\/11\/pentecost-5165831_1280.jpg\" \/>\n\t<meta property=\"og:image:width\" content=\"1280\" \/>\n\t<meta property=\"og:image:height\" content=\"854\" \/>\n\t<meta property=\"og:image:type\" content=\"image\/jpeg\" \/>\n<meta name=\"twitter:card\" content=\"summary_large_image\" \/>\n<meta name=\"twitter:site\" content=\"@diocesecharente\" \/>\n<meta name=\"twitter:label1\" content=\"Dur\u00e9e de lecture estim\u00e9e\" \/>\n\t<meta name=\"twitter:data1\" content=\"1 minute\" \/>\n<script type=\"application\/ld+json\" class=\"yoast-schema-graph\">{\"@context\":\"https:\/\/schema.org\",\"@graph\":[{\"@type\":\"WebPage\",\"@id\":\"https:\/\/charente.catholique.fr\/sud-charente\/la-caravane-de-lesperance\/samedi-7-juin-pillac-abbaye-de-maumont\/\",\"url\":\"https:\/\/charente.catholique.fr\/sud-charente\/la-caravane-de-lesperance\/samedi-7-juin-pillac-abbaye-de-maumont\/\",\"name\":\"Samedi 7 juin - Pillac - Abbaye de Maumont - Doyenn\u00e9 Sud Charente\",\"isPartOf\":{\"@id\":\"https:\/\/charente.catholique.fr\/sud-charente\/#website\"},\"primaryImageOfPage\":{\"@id\":\"https:\/\/charente.catholique.fr\/sud-charente\/la-caravane-de-lesperance\/samedi-7-juin-pillac-abbaye-de-maumont\/#primaryimage\"},\"image\":{\"@id\":\"https:\/\/charente.catholique.fr\/sud-charente\/la-caravane-de-lesperance\/samedi-7-juin-pillac-abbaye-de-maumont\/#primaryimage\"},\"thumbnailUrl\":\"https:\/\/charente.catholique.fr\/sud-charente\/wp-content\/uploads\/sites\/5\/2024\/11\/pentecost-5165831_1280.jpg\",\"datePublished\":\"2025-04-28T13:33:33+00:00\",\"dateModified\":\"2025-05-25T17:06:38+00:00\",\"breadcrumb\":{\"@id\":\"https:\/\/charente.catholique.fr\/sud-charente\/la-caravane-de-lesperance\/samedi-7-juin-pillac-abbaye-de-maumont\/#breadcrumb\"},\"inLanguage\":\"fr-FR\",\"potentialAction\":[{\"@type\":\"ReadAction\",\"target\":[\"https:\/\/charente.catholique.fr\/sud-charente\/la-caravane-de-lesperance\/samedi-7-juin-pillac-abbaye-de-maumont\/\"]}]},{\"@type\":\"ImageObject\",\"inLanguage\":\"fr-FR\",\"@id\":\"https:\/\/charente.catholique.fr\/sud-charente\/la-caravane-de-lesperance\/samedi-7-juin-pillac-abbaye-de-maumont\/#primaryimage\",\"url\":\"https:\/\/charente.catholique.fr\/sud-charente\/wp-content\/uploads\/sites\/5\/2024\/11\/pentecost-5165831_1280.jpg\",\"contentUrl\":\"https:\/\/charente.catholique.fr\/sud-charente\/wp-content\/uploads\/sites\/5\/2024\/11\/pentecost-5165831_1280.jpg\",\"width\":1280,\"height\":854},{\"@type\":\"BreadcrumbList\",\"@id\":\"https:\/\/charente.catholique.fr\/sud-charente\/la-caravane-de-lesperance\/samedi-7-juin-pillac-abbaye-de-maumont\/#breadcrumb\",\"itemListElement\":[{\"@type\":\"ListItem\",\"position\":1,\"name\":\"Accueil\",\"item\":\"https:\/\/charente.catholique.fr\/sud-charente\/\"},{\"@type\":\"ListItem\",\"position\":2,\"name\":\"La Caravane de l&#8217;Esp\u00e9rance\",\"item\":\"https:\/\/charente.catholique.fr\/sud-charente\/la-caravane-de-lesperance\/\"},{\"@type\":\"ListItem\",\"position\":3,\"name\":\"Samedi 7 juin &#8211; Pillac &#8211; Abbaye de Maumont\"}]},{\"@type\":\"WebSite\",\"@id\":\"https:\/\/charente.catholique.fr\/sud-charente\/#website\",\"url\":\"https:\/\/charente.catholique.fr\/sud-charente\/\",\"name\":\"Doyenn\u00e9 Sud Charente - Dioc\u00e8se d'Angoul\u00eame\",\"description\":\"Dioc\u00e8se d&#039;Angoul\u00eame\",\"publisher\":{\"@id\":\"https:\/\/charente.catholique.fr\/sud-charente\/#organization\"},\"potentialAction\":[{\"@type\":\"SearchAction\",\"target\":{\"@type\":\"EntryPoint\",\"urlTemplate\":\"https:\/\/charente.catholique.fr\/sud-charente\/?s={search_term_string}\"},\"query-input\":{\"@type\":\"PropertyValueSpecification\",\"valueRequired\":true,\"valueName\":\"search_term_string\"}}],\"inLanguage\":\"fr-FR\"},{\"@type\":\"Organization\",\"@id\":\"https:\/\/charente.catholique.fr\/sud-charente\/#organization\",\"name\":\"Association dioc\u00e9saine d'Angoul\u00eame\",\"url\":\"https:\/\/charente.catholique.fr\/sud-charente\/\",\"logo\":{\"@type\":\"ImageObject\",\"inLanguage\":\"fr-FR\",\"@id\":\"https:\/\/charente.catholique.fr\/sud-charente\/#\/schema\/logo\/image\/\",\"url\":\"https:\/\/charente.catholique.fr\/sud-charente\/wp-content\/uploads\/sites\/5\/2020\/10\/logos.png\",\"contentUrl\":\"https:\/\/charente.catholique.fr\/sud-charente\/wp-content\/uploads\/sites\/5\/2020\/10\/logos.png\",\"width\":600,\"height\":257,\"caption\":\"Association dioc\u00e9saine d'Angoul\u00eame\"},\"image\":{\"@id\":\"https:\/\/charente.catholique.fr\/sud-charente\/#\/schema\/logo\/image\/\"},\"sameAs\":[\"https:\/\/www.facebook.com\/EgliseCatholiqueCharente\",\"https:\/\/x.com\/diocesecharente\",\"https:\/\/www.instagram.com\/eglisecharente\",\"https:\/\/www.youtube.com\/channel\/UCByyFWApZbw3gDTiADoiAaQ\"]}]}<\/script>\n<!-- \/ Yoast SEO plugin. -->","yoast_head_json":{"title":"Samedi 7 juin - Pillac - Abbaye de Maumont - Doyenn\u00e9 Sud Charente","robots":{"index":"index","follow":"follow","max-snippet":"max-snippet:-1","max-image-preview":"max-image-preview:large","max-video-preview":"max-video-preview:-1"},"canonical":"https:\/\/charente.catholique.fr\/sud-charente\/la-caravane-de-lesperance\/samedi-7-juin-pillac-abbaye-de-maumont\/","og_locale":"fr_FR","og_type":"article","og_title":"Samedi 7 juin - Pillac - Abbaye de Maumont - Doyenn\u00e9 Sud Charente","og_description":"De Pillac \u00e0 l&#8217;Abbaye de Maumont 8h45 \u2013 Pillac : Frairie et messeTrajet en voiture11h00 \u2013 Bors : Pause spirituelleTrajet en voiture11h45 \u2013 Juignac : d\u00e9part de la marche pour MaumontABBAYE DE MAUMONT12h30 \u2013 Pique-nique14h \u2013 Apr\u00e8s-midi festive avec les soeurs :Jeu pour les enfantsJeu pour les adultesChapeletLectio divinaAnimationsBalade contemplativeGo\u00fbter17h30 \u2013 V\u00eapres18h15 \u2013 Ap\u00e9ritif et [&hellip;]","og_url":"https:\/\/charente.catholique.fr\/sud-charente\/la-caravane-de-lesperance\/samedi-7-juin-pillac-abbaye-de-maumont\/","og_site_name":"Doyenn\u00e9 Sud Charente","article_publisher":"https:\/\/www.facebook.com\/EgliseCatholiqueCharente","article_modified_time":"2025-05-25T17:06:38+00:00","og_image":[{"width":1280,"height":854,"url":"https:\/\/charente.catholique.fr\/sud-charente\/wp-content\/uploads\/sites\/5\/2024\/11\/pentecost-5165831_1280.jpg","type":"image\/jpeg"}],"twitter_card":"summary_large_image","twitter_site":"@diocesecharente","twitter_misc":{"Dur\u00e9e de lecture estim\u00e9e":"1 minute"},"schema":{"@context":"https:\/\/schema.org","@graph":[{"@type":"WebPage","@id":"https:\/\/charente.catholique.fr\/sud-charente\/la-caravane-de-lesperance\/samedi-7-juin-pillac-abbaye-de-maumont\/","url":"https:\/\/charente.catholique.fr\/sud-charente\/la-caravane-de-lesperance\/samedi-7-juin-pillac-abbaye-de-maumont\/","name":"Samedi 7 juin - Pillac - Abbaye de Maumont - Doyenn\u00e9 Sud Charente","isPartOf":{"@id":"https:\/\/charente.catholique.fr\/sud-charente\/#website"},"primaryImageOfPage":{"@id":"https:\/\/charente.catholique.fr\/sud-charente\/la-caravane-de-lesperance\/samedi-7-juin-pillac-abbaye-de-maumont\/#primaryimage"},"image":{"@id":"https:\/\/charente.catholique.fr\/sud-charente\/la-caravane-de-lesperance\/samedi-7-juin-pillac-abbaye-de-maumont\/#primaryimage"},"thumbnailUrl":"https:\/\/charente.catholique.fr\/sud-charente\/wp-content\/uploads\/sites\/5\/2024\/11\/pentecost-5165831_1280.jpg","datePublished":"2025-04-28T13:33:33+00:00","dateModified":"2025-05-25T17:06:38+00:00","breadcrumb":{"@id":"https:\/\/charente.catholique.fr\/sud-charente\/la-caravane-de-lesperance\/samedi-7-juin-pillac-abbaye-de-maumont\/#breadcrumb"},"inLanguage":"fr-FR","potentialAction":[{"@type":"ReadAction","target":["https:\/\/charente.catholique.fr\/sud-charente\/la-caravane-de-lesperance\/samedi-7-juin-pillac-abbaye-de-maumont\/"]}]},{"@type":"ImageObject","inLanguage":"fr-FR","@id":"https:\/\/charente.catholique.fr\/sud-charente\/la-caravane-de-lesperance\/samedi-7-juin-pillac-abbaye-de-maumont\/#primaryimage","url":"https:\/\/charente.catholique.fr\/sud-charente\/wp-content\/uploads\/sites\/5\/2024\/11\/pentecost-5165831_1280.jpg","contentUrl":"https:\/\/charente.catholique.fr\/sud-charente\/wp-content\/uploads\/sites\/5\/2024\/11\/pentecost-5165831_1280.jpg","width":1280,"height":854},{"@type":"BreadcrumbList","@id":"https:\/\/charente.catholique.fr\/sud-charente\/la-caravane-de-lesperance\/samedi-7-juin-pillac-abbaye-de-maumont\/#breadcrumb","itemListElement":[{"@type":"ListItem","position":1,"name":"Accueil","item":"https:\/\/charente.catholique.fr\/sud-charente\/"},{"@type":"ListItem","position":2,"name":"La Caravane de l&#8217;Esp\u00e9rance","item":"https:\/\/charente.catholique.fr\/sud-charente\/la-caravane-de-lesperance\/"},{"@type":"ListItem","position":3,"name":"Samedi 7 juin &#8211; Pillac &#8211; Abbaye de Maumont"}]},{"@type":"WebSite","@id":"https:\/\/charente.catholique.fr\/sud-charente\/#website","url":"https:\/\/charente.catholique.fr\/sud-charente\/","name":"Doyenn\u00e9 Sud Charente - Dioc\u00e8se d'Angoul\u00eame","description":"Dioc\u00e8se d&#039;Angoul\u00eame","publisher":{"@id":"https:\/\/charente.catholique.fr\/sud-charente\/#organization"},"potentialAction":[{"@type":"SearchAction","target":{"@type":"EntryPoint","urlTemplate":"https:\/\/charente.catholique.fr\/sud-charente\/?s={search_term_string}"},"query-input":{"@type":"PropertyValueSpecification","valueRequired":true,"valueName":"search_term_string"}}],"inLanguage":"fr-FR"},{"@type":"Organization","@id":"https:\/\/charente.catholique.fr\/sud-charente\/#organization","name":"Association dioc\u00e9saine d'Angoul\u00eame","url":"https:\/\/charente.catholique.fr\/sud-charente\/","logo":{"@type":"ImageObject","inLanguage":"fr-FR","@id":"https:\/\/charente.catholique.fr\/sud-charente\/#\/schema\/logo\/image\/","url":"https:\/\/charente.catholique.fr\/sud-charente\/wp-content\/uploads\/sites\/5\/2020\/10\/logos.png","contentUrl":"https:\/\/charente.catholique.fr\/sud-charente\/wp-content\/uploads\/sites\/5\/2020\/10\/logos.png","width":600,"height":257,"caption":"Association dioc\u00e9saine d'Angoul\u00eame"},"image":{"@id":"https:\/\/charente.catholique.fr\/sud-charente\/#\/schema\/logo\/image\/"},"sameAs":["https:\/\/www.facebook.com\/EgliseCatholiqueCharente","https:\/\/x.com\/diocesecharente","https:\/\/www.instagram.com\/eglisecharente","https:\/\/www.youtube.com\/channel\/UCByyFWApZbw3gDTiADoiAaQ"]}]}},"_links":{"self":[{"href":"https:\/\/charente.catholique.fr\/sud-charente\/wp-json\/wp\/v2\/pages\/10472","targetHints":{"allow":["GET"]}}],"collection":[{"href":"https:\/\/charente.catholique.fr\/sud-charente\/wp-json\/wp\/v2\/pages"}],"about":[{"href":"https:\/\/charente.catholique.fr\/sud-charente\/wp-json\/wp\/v2\/types\/page"}],"author":[{"embeddable":true,"href":"https:\/\/charente.catholique.fr\/sud-charente\/wp-json\/wp\/v2\/users\/101"}],"replies":[{"embeddable":true,"href":"https:\/\/charente.catholique.fr\/sud-charente\/wp-json\/wp\/v2\/comments?post=10472"}],"version-history":[{"count":5,"href":"https:\/\/charente.catholique.fr\/sud-charente\/wp-json\/wp\/v2\/pages\/10472\/revisions"}],"predecessor-version":[{"id":10750,"href":"https:\/\/charente.catholique.fr\/sud-charente\/wp-json\/wp\/v2\/pages\/10472\/revisions\/10750"}],"up":[{"embeddable":true,"href":"https:\/\/charente.catholique.fr\/sud-charente\/wp-json\/wp\/v2\/pages\/10331"}],"wp:featuredmedia":[{"embeddable":true,"href":"https:\/\/charente.catholique.fr\/sud-charente\/wp-json\/wp\/v2\/media\/9316"}],"wp:attachment":[{"href":"https:\/\/charente.catholique.fr\/sud-charente\/wp-json\/wp\/v2\/media?parent=10472"}],"curies":[{"name":"wp","href":"https:\/\/api.w.org\/{rel}","templated":true}]}}