{"id":10337,"date":"2025-04-17T09:44:46","date_gmt":"2025-04-17T07:44:46","guid":{"rendered":"https:\/\/charente.catholique.fr\/sud-charente\/?page_id=10337"},"modified":"2025-05-25T19:07:48","modified_gmt":"2025-05-25T17:07:48","slug":"programme-jour-par-jour","status":"publish","type":"page","link":"https:\/\/charente.catholique.fr\/sud-charente\/la-caravane-de-lesperance\/programme-jour-par-jour\/","title":{"rendered":"Jeudi 29 mai : Combiers &#8211; Charmant"},"content":{"rendered":"\n<div class=\"wp-block-group\" style=\"padding-right:var(--wp--preset--spacing--20);padding-left:var(--wp--preset--spacing--20)\"><div class=\"wp-block-group__inner-container is-layout-constrained wp-container-core-group-is-layout-c9115f92 wp-block-group-is-layout-constrained\">\n<h2 class=\"wp-block-heading\">De Combiers \u00e0 Charmant<\/h2>\n\n\n\n<p><br>9h &#8211; D\u00e9part depuis l&#8217;\u00e9glise de <strong>Combiers<\/strong><br>Marche jusque Rochebeaucourt<\/p>\n\n\n\n<p>Reprise des voitures pour aller \u00e0 Edon<br>11h &#8211; Temps spirituel \u00e0 l&#8217;\u00e9glise d&#8217;<strong>Edon<\/strong><\/p>\n\n\n\n<p>Trajet en voiture<br>12h &#8211; Passage \u00e0 l&#8217;Abbaye <strong>Saint-Cybard<\/strong> (Blanzaguet)<\/p>\n\n\n\n<p>Marche jusqu\u2019\u00e0 Villebois-Lavalette<br>13h &#8211; Pique-Nique \u00e0 <strong>Villebois-Lavalette<\/strong><\/p>\n\n\n\n<p>Reprise des voitures pour aller \u00e0 Ronsenac<br>14h15 &#8211; <strong>Ronsenac<\/strong><\/p>\n\n\n\n<p>Marche jusqu\u2019\u00e0 Juillaguet<br>15h15 &#8211; B\u00e9n\u00e9diction d&#8217;un calvaire \u00e0 <strong>Juillaguet<\/strong><\/p>\n\n\n\n<p>Reprise des voitures pour aller \u00e0 <strong>Charmant<\/strong><br>16h &#8211; Messe de l&#8217;Ascension avec notre \u00e9v\u00eaque<br>Rogations et b\u00e9n\u00e9diction d&#8217;un calvaire<br>18h &#8211; Soir\u00e9e festive avec le Comit\u00e9 des F\u00eates<\/p>\n\n\n\n<div class=\"wpcf7 no-js\" id=\"wpcf7-f10366-o1\" lang=\"fr-FR\" dir=\"ltr\" data-wpcf7-id=\"10366\">\n<div class=\"screen-reader-response\"><p role=\"status\" aria-live=\"polite\" aria-atomic=\"true\"><\/p> <ul><\/ul><\/div>\n<form action=\"\/sud-charente\/wp-json\/wp\/v2\/pages\/10337#wpcf7-f10366-o1\" method=\"post\" class=\"wpcf7-form init\" aria-label=\"Formulaire de contact\" novalidate=\"novalidate\" data-status=\"init\">\n<fieldset class=\"hidden-fields-container\"><input type=\"hidden\" name=\"_wpcf7\" value=\"10366\" \/><input type=\"hidden\" name=\"_wpcf7_version\" value=\"6.1.5\" \/><input type=\"hidden\" name=\"_wpcf7_locale\" value=\"fr_FR\" \/><input type=\"hidden\" name=\"_wpcf7_unit_tag\" value=\"wpcf7-f10366-o1\" \/><input type=\"hidden\" name=\"_wpcf7_container_post\" value=\"0\" \/><input type=\"hidden\" name=\"_wpcf7_posted_data_hash\" value=\"\" \/>\n<\/fieldset>\n<p><label> Nom<br \/>\n<span class=\"wpcf7-form-control-wrap\" data-name=\"nom\"><input size=\"40\" maxlength=\"400\" class=\"wpcf7-form-control wpcf7-text wpcf7-validates-as-required\" aria-required=\"true\" aria-invalid=\"false\" value=\"\" type=\"text\" name=\"nom\" \/><\/span> <\/label>\n<\/p>\n<p><label> Pr\u00e9nom<br \/>\n<span class=\"wpcf7-form-control-wrap\" data-name=\"prenom\"><input size=\"40\" maxlength=\"400\" class=\"wpcf7-form-control wpcf7-text wpcf7-validates-as-required\" aria-required=\"true\" aria-invalid=\"false\" value=\"\" type=\"text\" name=\"prenom\" \/><\/span> <\/label>\n<\/p>\n<p><label> Courriel<br \/>\n<span class=\"wpcf7-form-control-wrap\" data-name=\"email\"><input size=\"40\" maxlength=\"400\" class=\"wpcf7-form-control wpcf7-email wpcf7-validates-as-required wpcf7-text wpcf7-validates-as-email\" aria-required=\"true\" aria-invalid=\"false\" value=\"\" type=\"email\" name=\"email\" \/><\/span> <\/label>\n<\/p>\n<p>J'envisage de participer \u00e0 tout ou partie de la journ\u00e9e du jeudi 29 mai de la \"Caravane de l'Esp\u00e9rance\"<br \/>\n<span class=\"wpcf7-form-control-wrap\" data-name=\"select-368\"><select class=\"wpcf7-form-control wpcf7-select\" aria-invalid=\"false\" name=\"select-368\"><option value=\"Non\">Non<\/option><option value=\"Oui\">Oui<\/option><\/select><\/span>\n<\/p>\n<p>- Au repas du midi (apporter son pique-nique) : <span class=\"wpcf7-form-control-wrap\" data-name=\"select-402\"><select class=\"wpcf7-form-control wpcf7-select\" aria-invalid=\"false\" name=\"select-402\"><option value=\"Non\">Non<\/option><option value=\"Oui\">Oui<\/option><\/select><\/span> (Nombre de personnes : <span class=\"wpcf7-form-control-wrap\" data-name=\"select-527\"><select class=\"wpcf7-form-control wpcf7-select\" aria-invalid=\"false\" name=\"select-527\"><option value=\"1\">1<\/option><option value=\"2\">2<\/option><option value=\"3\">3<\/option><option value=\"4\">4<\/option><option value=\"5\">5<\/option><option value=\"+ de 5\">+ de 5<\/option><\/select><\/span>)<br \/>\n- Au repas du soir : <span class=\"wpcf7-form-control-wrap\" data-name=\"select-200\"><select class=\"wpcf7-form-control wpcf7-select\" aria-invalid=\"false\" name=\"select-200\"><option value=\"Non\">Non<\/option><option value=\"Oui\">Oui<\/option><\/select><\/span> (Nombre de personnes : <span class=\"wpcf7-form-control-wrap\" data-name=\"select-796\"><select class=\"wpcf7-form-control wpcf7-select\" aria-invalid=\"false\" name=\"select-796\"><option value=\"1\">1<\/option><option value=\"2\">2<\/option><option value=\"3\">3<\/option><option value=\"4\">4<\/option><option value=\"5\">5<\/option><option value=\"+ de 5\">+ de 5<\/option><\/select><\/span>)<br \/>\n- Souhaite un h\u00e9bergement pour la nuit : <span class=\"wpcf7-form-control-wrap\" data-name=\"select-593\"><select class=\"wpcf7-form-control wpcf7-select\" aria-invalid=\"false\" name=\"select-593\"><option value=\"Non\">Non<\/option><option value=\"Oui\">Oui<\/option><\/select><\/span> (Nombre de personnes : <span class=\"wpcf7-form-control-wrap\" data-name=\"select-342\"><select class=\"wpcf7-form-control wpcf7-select\" aria-invalid=\"false\" name=\"select-342\"><option value=\"1\">1<\/option><option value=\"2\">2<\/option><option value=\"3\">3<\/option><option value=\"4\">4<\/option><option value=\"5\">5<\/option><option value=\"+ de 5\">+ de 5<\/option><\/select><\/span>)<br \/>\n- Propose un h\u00e9bergement pour la nuit : <span class=\"wpcf7-form-control-wrap\" data-name=\"select-273\"><select class=\"wpcf7-form-control wpcf7-select\" aria-invalid=\"false\" name=\"select-273\"><option value=\"Non\">Non<\/option><option value=\"Oui\">Oui<\/option><\/select><\/span> (Nombre de personnes : <span class=\"wpcf7-form-control-wrap\" data-name=\"select-723\"><select class=\"wpcf7-form-control wpcf7-select\" aria-invalid=\"false\" name=\"select-723\"><option value=\"1\">1<\/option><option value=\"2\">2<\/option><option value=\"3\">3<\/option><option value=\"4\">4<\/option><option value=\"5\">5<\/option><option value=\"+ de 5\">+ de 5<\/option><\/select><\/span>)<br \/>\n- A besoin d'\u00eatre v\u00e9hicul\u00e9 : <span class=\"wpcf7-form-control-wrap\" data-name=\"select-626\"><select class=\"wpcf7-form-control wpcf7-select\" aria-invalid=\"false\" name=\"select-626\"><option value=\"Non\">Non<\/option><option value=\"Oui\">Oui<\/option><\/select><\/span> (Nombre de personnes : <span class=\"wpcf7-form-control-wrap\" data-name=\"select-1\"><select class=\"wpcf7-form-control wpcf7-select\" aria-invalid=\"false\" name=\"select-1\"><option value=\"1\">1<\/option><option value=\"2\">2<\/option><option value=\"3\">3<\/option><option value=\"4\">4<\/option><option value=\"5\">5<\/option><option value=\"+ de 5\">+ de 5<\/option><\/select><\/span>)\n<\/p>\n<p><label> Votre message (facultatif)<br \/>\n<span class=\"wpcf7-form-control-wrap\" data-name=\"your-message\"><textarea cols=\"40\" rows=\"10\" maxlength=\"2000\" class=\"wpcf7-form-control wpcf7-textarea\" aria-invalid=\"false\" name=\"your-message\"><\/textarea><\/span> <\/label>\n<\/p>\n<p><input class=\"wpcf7-form-control wpcf7-submit has-spinner\" type=\"submit\" value=\"Envoyer\" \/>\n<\/p><div class=\"wpcf7-response-output\" aria-hidden=\"true\"><\/div>\n<\/form>\n<\/div>\n\n\n\n<div class=\"wp-block-image\">\n<figure class=\"aligncenter size-full is-resized\"><img loading=\"lazy\" decoding=\"async\" width=\"2995\" height=\"4247\" src=\"https:\/\/charente.catholique.fr\/sud-charente\/wp-content\/uploads\/sites\/5\/2025\/05\/messe-de-lascension-2025-05-29-charmant.png\" alt=\"\" class=\"wp-image-10751\" style=\"width:520px;height:auto\" srcset=\"https:\/\/charente.catholique.fr\/sud-charente\/wp-content\/uploads\/sites\/5\/2025\/05\/messe-de-lascension-2025-05-29-charmant.png 2995w, https:\/\/charente.catholique.fr\/sud-charente\/wp-content\/uploads\/sites\/5\/2025\/05\/messe-de-lascension-2025-05-29-charmant-212x300.png 212w, https:\/\/charente.catholique.fr\/sud-charente\/wp-content\/uploads\/sites\/5\/2025\/05\/messe-de-lascension-2025-05-29-charmant-762x1080.png 762w, https:\/\/charente.catholique.fr\/sud-charente\/wp-content\/uploads\/sites\/5\/2025\/05\/messe-de-lascension-2025-05-29-charmant-768x1089.png 768w, https:\/\/charente.catholique.fr\/sud-charente\/wp-content\/uploads\/sites\/5\/2025\/05\/messe-de-lascension-2025-05-29-charmant-1083x1536.png 1083w, https:\/\/charente.catholique.fr\/sud-charente\/wp-content\/uploads\/sites\/5\/2025\/05\/messe-de-lascension-2025-05-29-charmant-1444x2048.png 1444w, https:\/\/charente.catholique.fr\/sud-charente\/wp-content\/uploads\/sites\/5\/2025\/05\/messe-de-lascension-2025-05-29-charmant-1320x1872.png 1320w\" sizes=\"auto, (max-width: 2995px) 100vw, 2995px\" \/><\/figure>\n<\/div><\/div><\/div>\n","protected":false},"excerpt":{"rendered":"<p>De Combiers \u00e0 Charmant 9h &#8211; D\u00e9part depuis l&#8217;\u00e9glise de CombiersMarche jusque Rochebeaucourt Reprise des voitures pour aller \u00e0 Edon11h &#8211; Temps spirituel \u00e0 l&#8217;\u00e9glise d&#8217;Edon Trajet en voiture12h &#8211; Passage \u00e0 l&#8217;Abbaye Saint-Cybard (Blanzaguet) Marche jusqu\u2019\u00e0 Villebois-Lavalette13h &#8211; Pique-Nique \u00e0 Villebois-Lavalette Reprise des voitures pour aller \u00e0 Ronsenac14h15 &#8211; Ronsenac Marche jusqu\u2019\u00e0 Juillaguet15h15 &#8211; [&hellip;]<\/p>\n","protected":false},"author":101,"featured_media":9354,"parent":10331,"menu_order":13,"comment_status":"closed","ping_status":"closed","template":"","meta":{"_acf_changed":false,"paroisse":[],"service":[],"footnotes":""},"class_list":["post-10337","page","type-page","status-publish","has-post-thumbnail","hentry"],"acf":[],"yoast_head":"<!-- This site is optimized with the Yoast SEO plugin v27.1.1 - https:\/\/yoast.com\/product\/yoast-seo-wordpress\/ -->\n<title>Jeudi 29 mai : Combiers - Charmant - Doyenn\u00e9 Sud Charente<\/title>\n<meta name=\"robots\" content=\"index, follow, max-snippet:-1, max-image-preview:large, max-video-preview:-1\" \/>\n<link rel=\"canonical\" href=\"https:\/\/charente.catholique.fr\/sud-charente\/la-caravane-de-lesperance\/programme-jour-par-jour\/\" \/>\n<meta property=\"og:locale\" content=\"fr_FR\" \/>\n<meta property=\"og:type\" content=\"article\" \/>\n<meta property=\"og:title\" content=\"Jeudi 29 mai : Combiers - Charmant - Doyenn\u00e9 Sud Charente\" \/>\n<meta property=\"og:description\" content=\"De Combiers \u00e0 Charmant 9h &#8211; D\u00e9part depuis l&#8217;\u00e9glise de CombiersMarche jusque Rochebeaucourt Reprise des voitures pour aller \u00e0 Edon11h &#8211; Temps spirituel \u00e0 l&#8217;\u00e9glise d&#8217;Edon Trajet en voiture12h &#8211; Passage \u00e0 l&#8217;Abbaye Saint-Cybard (Blanzaguet) Marche jusqu\u2019\u00e0 Villebois-Lavalette13h &#8211; Pique-Nique \u00e0 Villebois-Lavalette Reprise des voitures pour aller \u00e0 Ronsenac14h15 &#8211; Ronsenac Marche jusqu\u2019\u00e0 Juillaguet15h15 &#8211; [&hellip;]\" \/>\n<meta property=\"og:url\" content=\"https:\/\/charente.catholique.fr\/sud-charente\/la-caravane-de-lesperance\/programme-jour-par-jour\/\" \/>\n<meta property=\"og:site_name\" content=\"Doyenn\u00e9 Sud Charente\" \/>\n<meta property=\"article:publisher\" content=\"https:\/\/www.facebook.com\/EgliseCatholiqueCharente\" \/>\n<meta property=\"article:modified_time\" content=\"2025-05-25T17:07:48+00:00\" \/>\n<meta property=\"og:image\" content=\"https:\/\/charente.catholique.fr\/sud-charente\/wp-content\/uploads\/sites\/5\/2024\/11\/img_1899-e1730795220618.jpg\" \/>\n\t<meta property=\"og:image:width\" content=\"1469\" \/>\n\t<meta property=\"og:image:height\" content=\"935\" \/>\n\t<meta property=\"og:image:type\" content=\"image\/jpeg\" \/>\n<meta name=\"twitter:card\" content=\"summary_large_image\" \/>\n<meta name=\"twitter:site\" content=\"@diocesecharente\" \/>\n<meta name=\"twitter:label1\" content=\"Dur\u00e9e de lecture estim\u00e9e\" \/>\n\t<meta name=\"twitter:data1\" content=\"1 minute\" \/>\n<script type=\"application\/ld+json\" class=\"yoast-schema-graph\">{\"@context\":\"https:\/\/schema.org\",\"@graph\":[{\"@type\":\"WebPage\",\"@id\":\"https:\/\/charente.catholique.fr\/sud-charente\/la-caravane-de-lesperance\/programme-jour-par-jour\/\",\"url\":\"https:\/\/charente.catholique.fr\/sud-charente\/la-caravane-de-lesperance\/programme-jour-par-jour\/\",\"name\":\"Jeudi 29 mai : Combiers - Charmant - Doyenn\u00e9 Sud Charente\",\"isPartOf\":{\"@id\":\"https:\/\/charente.catholique.fr\/sud-charente\/#website\"},\"primaryImageOfPage\":{\"@id\":\"https:\/\/charente.catholique.fr\/sud-charente\/la-caravane-de-lesperance\/programme-jour-par-jour\/#primaryimage\"},\"image\":{\"@id\":\"https:\/\/charente.catholique.fr\/sud-charente\/la-caravane-de-lesperance\/programme-jour-par-jour\/#primaryimage\"},\"thumbnailUrl\":\"https:\/\/charente.catholique.fr\/sud-charente\/wp-content\/uploads\/sites\/5\/2024\/11\/img_1899-e1730795220618.jpg\",\"datePublished\":\"2025-04-17T07:44:46+00:00\",\"dateModified\":\"2025-05-25T17:07:48+00:00\",\"breadcrumb\":{\"@id\":\"https:\/\/charente.catholique.fr\/sud-charente\/la-caravane-de-lesperance\/programme-jour-par-jour\/#breadcrumb\"},\"inLanguage\":\"fr-FR\",\"potentialAction\":[{\"@type\":\"ReadAction\",\"target\":[\"https:\/\/charente.catholique.fr\/sud-charente\/la-caravane-de-lesperance\/programme-jour-par-jour\/\"]}]},{\"@type\":\"ImageObject\",\"inLanguage\":\"fr-FR\",\"@id\":\"https:\/\/charente.catholique.fr\/sud-charente\/la-caravane-de-lesperance\/programme-jour-par-jour\/#primaryimage\",\"url\":\"https:\/\/charente.catholique.fr\/sud-charente\/wp-content\/uploads\/sites\/5\/2024\/11\/img_1899-e1730795220618.jpg\",\"contentUrl\":\"https:\/\/charente.catholique.fr\/sud-charente\/wp-content\/uploads\/sites\/5\/2024\/11\/img_1899-e1730795220618.jpg\",\"width\":1469,\"height\":935},{\"@type\":\"BreadcrumbList\",\"@id\":\"https:\/\/charente.catholique.fr\/sud-charente\/la-caravane-de-lesperance\/programme-jour-par-jour\/#breadcrumb\",\"itemListElement\":[{\"@type\":\"ListItem\",\"position\":1,\"name\":\"Accueil\",\"item\":\"https:\/\/charente.catholique.fr\/sud-charente\/\"},{\"@type\":\"ListItem\",\"position\":2,\"name\":\"La Caravane de l&#8217;Esp\u00e9rance\",\"item\":\"https:\/\/charente.catholique.fr\/sud-charente\/la-caravane-de-lesperance\/\"},{\"@type\":\"ListItem\",\"position\":3,\"name\":\"Jeudi 29 mai : Combiers &#8211; Charmant\"}]},{\"@type\":\"WebSite\",\"@id\":\"https:\/\/charente.catholique.fr\/sud-charente\/#website\",\"url\":\"https:\/\/charente.catholique.fr\/sud-charente\/\",\"name\":\"Doyenn\u00e9 Sud Charente - Dioc\u00e8se d'Angoul\u00eame\",\"description\":\"Dioc\u00e8se d&#039;Angoul\u00eame\",\"publisher\":{\"@id\":\"https:\/\/charente.catholique.fr\/sud-charente\/#organization\"},\"potentialAction\":[{\"@type\":\"SearchAction\",\"target\":{\"@type\":\"EntryPoint\",\"urlTemplate\":\"https:\/\/charente.catholique.fr\/sud-charente\/?s={search_term_string}\"},\"query-input\":{\"@type\":\"PropertyValueSpecification\",\"valueRequired\":true,\"valueName\":\"search_term_string\"}}],\"inLanguage\":\"fr-FR\"},{\"@type\":\"Organization\",\"@id\":\"https:\/\/charente.catholique.fr\/sud-charente\/#organization\",\"name\":\"Association dioc\u00e9saine d'Angoul\u00eame\",\"url\":\"https:\/\/charente.catholique.fr\/sud-charente\/\",\"logo\":{\"@type\":\"ImageObject\",\"inLanguage\":\"fr-FR\",\"@id\":\"https:\/\/charente.catholique.fr\/sud-charente\/#\/schema\/logo\/image\/\",\"url\":\"https:\/\/charente.catholique.fr\/sud-charente\/wp-content\/uploads\/sites\/5\/2020\/10\/logos.png\",\"contentUrl\":\"https:\/\/charente.catholique.fr\/sud-charente\/wp-content\/uploads\/sites\/5\/2020\/10\/logos.png\",\"width\":600,\"height\":257,\"caption\":\"Association dioc\u00e9saine d'Angoul\u00eame\"},\"image\":{\"@id\":\"https:\/\/charente.catholique.fr\/sud-charente\/#\/schema\/logo\/image\/\"},\"sameAs\":[\"https:\/\/www.facebook.com\/EgliseCatholiqueCharente\",\"https:\/\/x.com\/diocesecharente\",\"https:\/\/www.instagram.com\/eglisecharente\",\"https:\/\/www.youtube.com\/channel\/UCByyFWApZbw3gDTiADoiAaQ\"]}]}<\/script>\n<!-- \/ Yoast SEO plugin. -->","yoast_head_json":{"title":"Jeudi 29 mai : Combiers - Charmant - Doyenn\u00e9 Sud Charente","robots":{"index":"index","follow":"follow","max-snippet":"max-snippet:-1","max-image-preview":"max-image-preview:large","max-video-preview":"max-video-preview:-1"},"canonical":"https:\/\/charente.catholique.fr\/sud-charente\/la-caravane-de-lesperance\/programme-jour-par-jour\/","og_locale":"fr_FR","og_type":"article","og_title":"Jeudi 29 mai : Combiers - Charmant - Doyenn\u00e9 Sud Charente","og_description":"De Combiers \u00e0 Charmant 9h &#8211; D\u00e9part depuis l&#8217;\u00e9glise de CombiersMarche jusque Rochebeaucourt Reprise des voitures pour aller \u00e0 Edon11h &#8211; Temps spirituel \u00e0 l&#8217;\u00e9glise d&#8217;Edon Trajet en voiture12h &#8211; Passage \u00e0 l&#8217;Abbaye Saint-Cybard (Blanzaguet) Marche jusqu\u2019\u00e0 Villebois-Lavalette13h &#8211; Pique-Nique \u00e0 Villebois-Lavalette Reprise des voitures pour aller \u00e0 Ronsenac14h15 &#8211; Ronsenac Marche jusqu\u2019\u00e0 Juillaguet15h15 &#8211; [&hellip;]","og_url":"https:\/\/charente.catholique.fr\/sud-charente\/la-caravane-de-lesperance\/programme-jour-par-jour\/","og_site_name":"Doyenn\u00e9 Sud Charente","article_publisher":"https:\/\/www.facebook.com\/EgliseCatholiqueCharente","article_modified_time":"2025-05-25T17:07:48+00:00","og_image":[{"width":1469,"height":935,"url":"https:\/\/charente.catholique.fr\/sud-charente\/wp-content\/uploads\/sites\/5\/2024\/11\/img_1899-e1730795220618.jpg","type":"image\/jpeg"}],"twitter_card":"summary_large_image","twitter_site":"@diocesecharente","twitter_misc":{"Dur\u00e9e de lecture estim\u00e9e":"1 minute"},"schema":{"@context":"https:\/\/schema.org","@graph":[{"@type":"WebPage","@id":"https:\/\/charente.catholique.fr\/sud-charente\/la-caravane-de-lesperance\/programme-jour-par-jour\/","url":"https:\/\/charente.catholique.fr\/sud-charente\/la-caravane-de-lesperance\/programme-jour-par-jour\/","name":"Jeudi 29 mai : Combiers - Charmant - Doyenn\u00e9 Sud Charente","isPartOf":{"@id":"https:\/\/charente.catholique.fr\/sud-charente\/#website"},"primaryImageOfPage":{"@id":"https:\/\/charente.catholique.fr\/sud-charente\/la-caravane-de-lesperance\/programme-jour-par-jour\/#primaryimage"},"image":{"@id":"https:\/\/charente.catholique.fr\/sud-charente\/la-caravane-de-lesperance\/programme-jour-par-jour\/#primaryimage"},"thumbnailUrl":"https:\/\/charente.catholique.fr\/sud-charente\/wp-content\/uploads\/sites\/5\/2024\/11\/img_1899-e1730795220618.jpg","datePublished":"2025-04-17T07:44:46+00:00","dateModified":"2025-05-25T17:07:48+00:00","breadcrumb":{"@id":"https:\/\/charente.catholique.fr\/sud-charente\/la-caravane-de-lesperance\/programme-jour-par-jour\/#breadcrumb"},"inLanguage":"fr-FR","potentialAction":[{"@type":"ReadAction","target":["https:\/\/charente.catholique.fr\/sud-charente\/la-caravane-de-lesperance\/programme-jour-par-jour\/"]}]},{"@type":"ImageObject","inLanguage":"fr-FR","@id":"https:\/\/charente.catholique.fr\/sud-charente\/la-caravane-de-lesperance\/programme-jour-par-jour\/#primaryimage","url":"https:\/\/charente.catholique.fr\/sud-charente\/wp-content\/uploads\/sites\/5\/2024\/11\/img_1899-e1730795220618.jpg","contentUrl":"https:\/\/charente.catholique.fr\/sud-charente\/wp-content\/uploads\/sites\/5\/2024\/11\/img_1899-e1730795220618.jpg","width":1469,"height":935},{"@type":"BreadcrumbList","@id":"https:\/\/charente.catholique.fr\/sud-charente\/la-caravane-de-lesperance\/programme-jour-par-jour\/#breadcrumb","itemListElement":[{"@type":"ListItem","position":1,"name":"Accueil","item":"https:\/\/charente.catholique.fr\/sud-charente\/"},{"@type":"ListItem","position":2,"name":"La Caravane de l&#8217;Esp\u00e9rance","item":"https:\/\/charente.catholique.fr\/sud-charente\/la-caravane-de-lesperance\/"},{"@type":"ListItem","position":3,"name":"Jeudi 29 mai : Combiers &#8211; Charmant"}]},{"@type":"WebSite","@id":"https:\/\/charente.catholique.fr\/sud-charente\/#website","url":"https:\/\/charente.catholique.fr\/sud-charente\/","name":"Doyenn\u00e9 Sud Charente - Dioc\u00e8se d'Angoul\u00eame","description":"Dioc\u00e8se d&#039;Angoul\u00eame","publisher":{"@id":"https:\/\/charente.catholique.fr\/sud-charente\/#organization"},"potentialAction":[{"@type":"SearchAction","target":{"@type":"EntryPoint","urlTemplate":"https:\/\/charente.catholique.fr\/sud-charente\/?s={search_term_string}"},"query-input":{"@type":"PropertyValueSpecification","valueRequired":true,"valueName":"search_term_string"}}],"inLanguage":"fr-FR"},{"@type":"Organization","@id":"https:\/\/charente.catholique.fr\/sud-charente\/#organization","name":"Association dioc\u00e9saine d'Angoul\u00eame","url":"https:\/\/charente.catholique.fr\/sud-charente\/","logo":{"@type":"ImageObject","inLanguage":"fr-FR","@id":"https:\/\/charente.catholique.fr\/sud-charente\/#\/schema\/logo\/image\/","url":"https:\/\/charente.catholique.fr\/sud-charente\/wp-content\/uploads\/sites\/5\/2020\/10\/logos.png","contentUrl":"https:\/\/charente.catholique.fr\/sud-charente\/wp-content\/uploads\/sites\/5\/2020\/10\/logos.png","width":600,"height":257,"caption":"Association dioc\u00e9saine d'Angoul\u00eame"},"image":{"@id":"https:\/\/charente.catholique.fr\/sud-charente\/#\/schema\/logo\/image\/"},"sameAs":["https:\/\/www.facebook.com\/EgliseCatholiqueCharente","https:\/\/x.com\/diocesecharente","https:\/\/www.instagram.com\/eglisecharente","https:\/\/www.youtube.com\/channel\/UCByyFWApZbw3gDTiADoiAaQ"]}]}},"_links":{"self":[{"href":"https:\/\/charente.catholique.fr\/sud-charente\/wp-json\/wp\/v2\/pages\/10337","targetHints":{"allow":["GET"]}}],"collection":[{"href":"https:\/\/charente.catholique.fr\/sud-charente\/wp-json\/wp\/v2\/pages"}],"about":[{"href":"https:\/\/charente.catholique.fr\/sud-charente\/wp-json\/wp\/v2\/types\/page"}],"author":[{"embeddable":true,"href":"https:\/\/charente.catholique.fr\/sud-charente\/wp-json\/wp\/v2\/users\/101"}],"replies":[{"embeddable":true,"href":"https:\/\/charente.catholique.fr\/sud-charente\/wp-json\/wp\/v2\/comments?post=10337"}],"version-history":[{"count":10,"href":"https:\/\/charente.catholique.fr\/sud-charente\/wp-json\/wp\/v2\/pages\/10337\/revisions"}],"predecessor-version":[{"id":10752,"href":"https:\/\/charente.catholique.fr\/sud-charente\/wp-json\/wp\/v2\/pages\/10337\/revisions\/10752"}],"up":[{"embeddable":true,"href":"https:\/\/charente.catholique.fr\/sud-charente\/wp-json\/wp\/v2\/pages\/10331"}],"wp:featuredmedia":[{"embeddable":true,"href":"https:\/\/charente.catholique.fr\/sud-charente\/wp-json\/wp\/v2\/media\/9354"}],"wp:attachment":[{"href":"https:\/\/charente.catholique.fr\/sud-charente\/wp-json\/wp\/v2\/media?parent=10337"}],"curies":[{"name":"wp","href":"https:\/\/api.w.org\/{rel}","templated":true}]}}