{"id":10331,"date":"2025-04-17T09:35:32","date_gmt":"2025-04-17T07:35:32","guid":{"rendered":"https:\/\/charente.catholique.fr\/sud-charente\/?page_id=10331"},"modified":"2025-06-12T09:19:35","modified_gmt":"2025-06-12T07:19:35","slug":"la-caravane-de-lesperance","status":"publish","type":"page","link":"https:\/\/charente.catholique.fr\/sud-charente\/la-caravane-de-lesperance\/","title":{"rendered":"La Caravane de l&#8217;Esp\u00e9rance"},"content":{"rendered":"\n<div class=\"wp-block-group\" style=\"padding-right:var(--wp--preset--spacing--20);padding-left:var(--wp--preset--spacing--20)\"><div class=\"wp-block-group__inner-container is-layout-constrained wp-container-core-group-is-layout-c9115f92 wp-block-group-is-layout-constrained\">\n<h2 class=\"wp-block-heading\">Du 29 mai au 7 juin 2025<\/h2>\n\n\n\n<figure class=\"wp-block-embed is-type-video is-provider-youtube wp-block-embed-youtube wp-embed-aspect-16-9 wp-has-aspect-ratio\"><div class=\"wp-block-embed__wrapper\">\n<iframe loading=\"lazy\" title=\"La Caravane de l&#039;Esp\u00e9rance\" width=\"500\" height=\"281\" src=\"https:\/\/www.youtube.com\/embed\/SidAqUtZwTM?feature=oembed\" frameborder=\"0\" allow=\"accelerometer; autoplay; clipboard-write; encrypted-media; gyroscope; picture-in-picture; web-share\" referrerpolicy=\"strict-origin-when-cross-origin\" allowfullscreen><\/iframe>\n<\/div><\/figure>\n\n\n\n<p>De l&#8217;Ascension \u00e0 la Pentec\u00f4te, la Caravane de l&#8217;Esp\u00e9rance part \u00e0 la rencontre des habitants du Sud Charente pour partager son Esp\u00e9rance et vivre des moments de fraternit\u00e9s, d&#8217;\u00e9coute et de pri\u00e8re. Envoy\u00e9s comme P\u00e8lerins d&#8217;Esp\u00e9rance par le Pape, nous cheminerons avec Saint Pierre durant ces 10 jours ! Rejoignez-nous !!<\/p>\n\n\n\n<figure class=\"wp-block-image size-large\"><img loading=\"lazy\" decoding=\"async\" width=\"1655\" height=\"1080\" src=\"https:\/\/charente.catholique.fr\/sud-charente\/wp-content\/uploads\/sites\/5\/2025\/04\/maps_charente-sud-1655x1080.jpg\" alt=\"\" class=\"wp-image-10453\" srcset=\"https:\/\/charente.catholique.fr\/sud-charente\/wp-content\/uploads\/sites\/5\/2025\/04\/maps_charente-sud-1655x1080.jpg 1655w, https:\/\/charente.catholique.fr\/sud-charente\/wp-content\/uploads\/sites\/5\/2025\/04\/maps_charente-sud-300x196.jpg 300w, https:\/\/charente.catholique.fr\/sud-charente\/wp-content\/uploads\/sites\/5\/2025\/04\/maps_charente-sud-768x501.jpg 768w, https:\/\/charente.catholique.fr\/sud-charente\/wp-content\/uploads\/sites\/5\/2025\/04\/maps_charente-sud-1536x1002.jpg 1536w, https:\/\/charente.catholique.fr\/sud-charente\/wp-content\/uploads\/sites\/5\/2025\/04\/maps_charente-sud-2048x1336.jpg 2048w, https:\/\/charente.catholique.fr\/sud-charente\/wp-content\/uploads\/sites\/5\/2025\/04\/maps_charente-sud-1320x861.jpg 1320w\" sizes=\"auto, (max-width: 1655px) 100vw, 1655px\" \/><\/figure>\n\n\n\n<p>C\u2019est dans l\u2019\u00e9lan de l\u2019ann\u00e9e jubilaire, en tant que P\u00e8lerins de l\u2019Esp\u00e9rance, que le Doyenn\u00e9 Sud Charente se met en marche ! Du jeudi de l\u2019Ascension \u00e0 la veille de la Pentec\u00f4te, la Caravane va p\u00e9leriner de Combiers \u00e0 l\u2019Abbaye de Maumont en passant par nos trois paroisses, et jusqu\u2019aux extr\u00e9mit\u00e9s de notre Doyenn\u00e9.<\/p>\n\n\n\n<p><strong>Pourquoi une \u00ab caravane \u00bb ?<\/strong><\/p>\n\n\n\n<p>Signe de mobilit\u00e9, de libert\u00e9 et de disponibilit\u00e9, la Caravane est facilement en mouvement si elle est tir\u00e9e et en m\u00eame temps, elle permet l\u2019accueil et des moments conviviaux d\u00e8s qu\u2019elle s\u2019arr\u00eate. C\u2019est ce que nous voulons vivre pendant ces quelques jours de p\u00e8lerinage ! Se mettre \u00e0 la suite du Christ qui nous \u201cat-tire\u201d \u00e0 Lui et nous pr\u00e9c\u00e8de dans nos rencontres \u00ab Venez \u00e0 ma suite, je vous ferai p\u00eacheurs d\u2019hommes \u00bb ! Et en m\u00eame temps, la Caravane est, lorsqu\u2019elle s\u2019arr\u00eate, un lieu de rencontre pour \u00e9changer, t\u00e9moigner, prier avec les personnes qui se trouveront sur notre chemin, les places de nos villages, dans nos \u00e9glises ou au bord des fen\u00eatres \u00ab aujourd\u2019hui, je veux demeurer chez toi ! \u00bb ! Tels les Rois Mages en caravane qui sont all\u00e9s annoncer Celui qu\u2019ils avaient rencontr\u00e9, leur Sauveur, nous aussi nous voulons annoncer la source de notre Esp\u00e9rance : le Christ !<\/p>\n\n\n\n<p><strong>Mais concr\u00e8tement ?<\/strong><\/p>\n\n\n\n<p>Notre itin\u00e9raire d\u00e9marrera le Jeudi 29 mai matin \u00e0 Combiers (\u00e0 l\u2019Est de notre Doyenn\u00e9) pour arriver \u00e0 Charmant o\u00f9 sera c\u00e9l\u00e9br\u00e9e la messe de l\u2019Ascension, et les rogations.<br>Il se terminera neuf jours plus tard, le samedi 7 juin \u00e0 l\u2019Abbaye de Maumont pour le d\u00e9jeuner avec les s\u0153urs, une apr\u00e8s-midi festive, et la Vigile de Pentec\u00f4te. La f\u00eate de Pentec\u00f4te, le dimanche 8 juin, se vivra en paroisse.<\/p>\n\n\n\n<p>Les clochers de Barbezieux, Chalais et Montmoreau, d\u2019habitude assez anim\u00e9s, ne seront pas sur notre itin\u00e9raire afin de mettre en valeur les villages moins visit\u00e9s de notre beau territoire !<br>La caravane se d\u00e9placera de villages en villages, de clocher en clocher, pour aller \u00e0 la rencontre des habitants, pour inaugurer de nouvelles cloches, b\u00e9nir des vitraux r\u00e9nov\u00e9s, ou simplement proposer un temps de pri\u00e8re, un moment convivial, une soir\u00e9e festive, un concert ou un chapelet\u2026 La caravane pr\u00e9voit trois jours pour visiter chaque paroisse.<\/p>\n\n\n\n<p>Nous sommes donc invit\u00e9s \u00e0 accueillir la caravane lorsqu\u2019elle passera dans notre paroisse et \u00e0 la suivre pour aller \u00e0 la rencontre des deux autres paroisses de notre doyenn\u00e9.<br><\/p>\n\n\n\n<p><strong>Et moi dans ce projet ?<\/strong><\/p>\n\n\n\n<p>Chacun est attendu pour ce p\u00e8lerinage de Doyenn\u00e9 ! Jeune, plus ancien ou enfant, sportif ou pas en grande forme physique ; \u00e0 pied, \u00e0 v\u00e9lo, \u00e0 moteur ou avec des \u00e2nes, venez comme vous \u00eates ! Des itin\u00e9raires seront balis\u00e9s pour marcher (un peu) ou p\u00e9daler, des haltes fr\u00e9quentes seront propos\u00e9es, des pauses repas seront anim\u00e9es ! Venez vivre un d\u00e9placement int\u00e9rieur, \u00e0 la rencontre de nos fr\u00e8res et s\u0153urs locaux, pour annoncer notre joie et notre Esp\u00e9rance et recueillir celles des autres !<\/p>\n\n\n\n<p>Tous, nous sommes invit\u00e9s \u00e0 participer, pour une heure, une demi-journ\u00e9e, une journ\u00e9e, ou les neuf jours ! L\u2019importance n\u2019est pas dans le c\u00f4t\u00e9 physique du p\u00e8lerinage, ou dans les diff\u00e9rents d\u00e9placements (que l\u2019on peut faire en voiture !)\u2026 Mais bien ce qui va se vivre dans les villages, avec les animations et les rencontres que nous aurons suscit\u00e9es.<\/p>\n\n\n\n<blockquote class=\"wp-block-quote is-layout-flow wp-block-quote-is-layout-flow\">\n<p>\u00ab L&#8217;\u00c9glise, avec moins de pr\u00eatres, n\u2019abandonne pas les territoires. La figure n\u2019est plus celle du cur\u00e9 seul, mais d\u2019une communaut\u00e9 qui sert au lien social. \u00bb Mgr Eric de Moulins-Beaufort, Pr\u00e9sident de la Conf\u00e9rence des \u00c9v\u00eaques de France \u2013 septembre 2024<\/p>\n<\/blockquote>\n\n\n\n<h6 class=\"wp-block-heading\">Le programme de la &#8220;Caravane&#8221; au jour le jour (derni\u00e8re mise \u00e0 jour le 13\/05\/2025)<\/h6>\n\n\n\n<p>(et la possibilit\u00e9 d&#8217;annoncer son intention de participer ou pas, pour une gestion facilit\u00e9e des repas et des h\u00e9bergement)<\/p>\n<\/div><\/div>\n\n\n\n<div class=\"wp-block-buttons is-layout-flex wp-block-buttons-is-layout-flex\">\n<div class=\"wp-block-button\"><a class=\"wp-block-button__link wp-element-button\" href=\"https:\/\/charente.catholique.fr\/sud-charente\/une-question-besoin-daide\/\">Une question ?  Besoin d&#8217;aide ?<\/a><\/div>\n\n\n\n<div class=\"wp-block-button\"><a class=\"wp-block-button__link wp-element-button\" href=\"https:\/\/charente.catholique.fr\/sud-charente\/la-caravane-de-lesperance\/communiquer-sur-levenement-dans-votre-commune\/\">Communiquez sur l&#8217;\u00e9v\u00e9nement dans votre commune<\/a><\/div>\n<\/div>\n\n\n\n<p><\/p>\n","protected":false},"excerpt":{"rendered":"<p>Du 29 mai au 7 juin 2025 De l&#8217;Ascension \u00e0 la Pentec\u00f4te, la Caravane de l&#8217;Esp\u00e9rance part \u00e0 la rencontre des habitants du Sud Charente pour partager son Esp\u00e9rance et vivre des moments de fraternit\u00e9s, d&#8217;\u00e9coute et de pri\u00e8re. Envoy\u00e9s comme P\u00e8lerins d&#8217;Esp\u00e9rance par le Pape, nous cheminerons avec Saint Pierre durant ces 10 jours [&hellip;]<\/p>\n","protected":false},"author":101,"featured_media":10453,"parent":0,"menu_order":14,"comment_status":"closed","ping_status":"closed","template":"","meta":{"_acf_changed":false,"paroisse":[],"service":[],"footnotes":""},"class_list":["post-10331","page","type-page","status-publish","has-post-thumbnail","hentry"],"acf":[],"yoast_head":"<!-- This site is optimized with the Yoast SEO plugin v27.1.1 - https:\/\/yoast.com\/product\/yoast-seo-wordpress\/ -->\n<title>La Caravane de l&#039;Esp\u00e9rance - Doyenn\u00e9 Sud Charente<\/title>\n<meta name=\"description\" content=\"De l&#039;Ascension \u00e0 la Pentec\u00f4te, la Caravane de l&#039;Esp\u00e9rance part \u00e0 la rencontre des habitants du Sud Charente pour partager son Esp\u00e9rance et vivre des moments de fraternit\u00e9s, d&#039;\u00e9coute et de pri\u00e8re. Envoy\u00e9s comme P\u00e8lerins d&#039;Esp\u00e9rance par le Pape, nous cheminerons avec Saint Pierre durant ces 10 jours ! Rejoignez-nous !!\" \/>\n<meta name=\"robots\" content=\"index, follow, max-snippet:-1, max-image-preview:large, max-video-preview:-1\" \/>\n<link rel=\"canonical\" href=\"https:\/\/charente.catholique.fr\/sud-charente\/la-caravane-de-lesperance\/\" \/>\n<meta property=\"og:locale\" content=\"fr_FR\" \/>\n<meta property=\"og:type\" content=\"article\" \/>\n<meta property=\"og:title\" content=\"La Caravane de l&#039;Esp\u00e9rance - Doyenn\u00e9 Sud Charente\" \/>\n<meta property=\"og:description\" content=\"De l&#039;Ascension \u00e0 la Pentec\u00f4te, la Caravane de l&#039;Esp\u00e9rance part \u00e0 la rencontre des habitants du Sud Charente pour partager son Esp\u00e9rance et vivre des moments de fraternit\u00e9s, d&#039;\u00e9coute et de pri\u00e8re. Envoy\u00e9s comme P\u00e8lerins d&#039;Esp\u00e9rance par le Pape, nous cheminerons avec Saint Pierre durant ces 10 jours ! Rejoignez-nous !!\" \/>\n<meta property=\"og:url\" content=\"https:\/\/charente.catholique.fr\/sud-charente\/la-caravane-de-lesperance\/\" \/>\n<meta property=\"og:site_name\" content=\"Doyenn\u00e9 Sud Charente\" \/>\n<meta property=\"article:publisher\" content=\"https:\/\/www.facebook.com\/EgliseCatholiqueCharente\" \/>\n<meta property=\"article:modified_time\" content=\"2025-06-12T07:19:35+00:00\" \/>\n<meta property=\"og:image\" content=\"https:\/\/charente.catholique.fr\/sud-charente\/wp-content\/uploads\/sites\/5\/2025\/04\/maps_charente-sud.jpg\" \/>\n\t<meta property=\"og:image:width\" content=\"2406\" \/>\n\t<meta property=\"og:image:height\" content=\"1570\" \/>\n\t<meta property=\"og:image:type\" content=\"image\/jpeg\" \/>\n<meta name=\"twitter:card\" content=\"summary_large_image\" \/>\n<meta name=\"twitter:site\" content=\"@diocesecharente\" \/>\n<meta name=\"twitter:label1\" content=\"Dur\u00e9e de lecture estim\u00e9e\" \/>\n\t<meta name=\"twitter:data1\" content=\"4 minutes\" \/>\n<script type=\"application\/ld+json\" class=\"yoast-schema-graph\">{\"@context\":\"https:\/\/schema.org\",\"@graph\":[{\"@type\":\"WebPage\",\"@id\":\"https:\/\/charente.catholique.fr\/sud-charente\/la-caravane-de-lesperance\/\",\"url\":\"https:\/\/charente.catholique.fr\/sud-charente\/la-caravane-de-lesperance\/\",\"name\":\"La Caravane de l'Esp\u00e9rance - Doyenn\u00e9 Sud Charente\",\"isPartOf\":{\"@id\":\"https:\/\/charente.catholique.fr\/sud-charente\/#website\"},\"primaryImageOfPage\":{\"@id\":\"https:\/\/charente.catholique.fr\/sud-charente\/la-caravane-de-lesperance\/#primaryimage\"},\"image\":{\"@id\":\"https:\/\/charente.catholique.fr\/sud-charente\/la-caravane-de-lesperance\/#primaryimage\"},\"thumbnailUrl\":\"https:\/\/charente.catholique.fr\/sud-charente\/wp-content\/uploads\/sites\/5\/2025\/04\/maps_charente-sud.jpg\",\"datePublished\":\"2025-04-17T07:35:32+00:00\",\"dateModified\":\"2025-06-12T07:19:35+00:00\",\"description\":\"De l'Ascension \u00e0 la Pentec\u00f4te, la Caravane de l'Esp\u00e9rance part \u00e0 la rencontre des habitants du Sud Charente pour partager son Esp\u00e9rance et vivre des moments de fraternit\u00e9s, d'\u00e9coute et de pri\u00e8re. Envoy\u00e9s comme P\u00e8lerins d'Esp\u00e9rance par le Pape, nous cheminerons avec Saint Pierre durant ces 10 jours ! Rejoignez-nous !!\",\"breadcrumb\":{\"@id\":\"https:\/\/charente.catholique.fr\/sud-charente\/la-caravane-de-lesperance\/#breadcrumb\"},\"inLanguage\":\"fr-FR\",\"potentialAction\":[{\"@type\":\"ReadAction\",\"target\":[\"https:\/\/charente.catholique.fr\/sud-charente\/la-caravane-de-lesperance\/\"]}]},{\"@type\":\"ImageObject\",\"inLanguage\":\"fr-FR\",\"@id\":\"https:\/\/charente.catholique.fr\/sud-charente\/la-caravane-de-lesperance\/#primaryimage\",\"url\":\"https:\/\/charente.catholique.fr\/sud-charente\/wp-content\/uploads\/sites\/5\/2025\/04\/maps_charente-sud.jpg\",\"contentUrl\":\"https:\/\/charente.catholique.fr\/sud-charente\/wp-content\/uploads\/sites\/5\/2025\/04\/maps_charente-sud.jpg\",\"width\":2406,\"height\":1570},{\"@type\":\"BreadcrumbList\",\"@id\":\"https:\/\/charente.catholique.fr\/sud-charente\/la-caravane-de-lesperance\/#breadcrumb\",\"itemListElement\":[{\"@type\":\"ListItem\",\"position\":1,\"name\":\"Accueil\",\"item\":\"https:\/\/charente.catholique.fr\/sud-charente\/\"},{\"@type\":\"ListItem\",\"position\":2,\"name\":\"La Caravane de l&#8217;Esp\u00e9rance\"}]},{\"@type\":\"WebSite\",\"@id\":\"https:\/\/charente.catholique.fr\/sud-charente\/#website\",\"url\":\"https:\/\/charente.catholique.fr\/sud-charente\/\",\"name\":\"Doyenn\u00e9 Sud Charente - Dioc\u00e8se d'Angoul\u00eame\",\"description\":\"Dioc\u00e8se d&#039;Angoul\u00eame\",\"publisher\":{\"@id\":\"https:\/\/charente.catholique.fr\/sud-charente\/#organization\"},\"potentialAction\":[{\"@type\":\"SearchAction\",\"target\":{\"@type\":\"EntryPoint\",\"urlTemplate\":\"https:\/\/charente.catholique.fr\/sud-charente\/?s={search_term_string}\"},\"query-input\":{\"@type\":\"PropertyValueSpecification\",\"valueRequired\":true,\"valueName\":\"search_term_string\"}}],\"inLanguage\":\"fr-FR\"},{\"@type\":\"Organization\",\"@id\":\"https:\/\/charente.catholique.fr\/sud-charente\/#organization\",\"name\":\"Association dioc\u00e9saine d'Angoul\u00eame\",\"url\":\"https:\/\/charente.catholique.fr\/sud-charente\/\",\"logo\":{\"@type\":\"ImageObject\",\"inLanguage\":\"fr-FR\",\"@id\":\"https:\/\/charente.catholique.fr\/sud-charente\/#\/schema\/logo\/image\/\",\"url\":\"https:\/\/charente.catholique.fr\/sud-charente\/wp-content\/uploads\/sites\/5\/2020\/10\/logos.png\",\"contentUrl\":\"https:\/\/charente.catholique.fr\/sud-charente\/wp-content\/uploads\/sites\/5\/2020\/10\/logos.png\",\"width\":600,\"height\":257,\"caption\":\"Association dioc\u00e9saine d'Angoul\u00eame\"},\"image\":{\"@id\":\"https:\/\/charente.catholique.fr\/sud-charente\/#\/schema\/logo\/image\/\"},\"sameAs\":[\"https:\/\/www.facebook.com\/EgliseCatholiqueCharente\",\"https:\/\/x.com\/diocesecharente\",\"https:\/\/www.instagram.com\/eglisecharente\",\"https:\/\/www.youtube.com\/channel\/UCByyFWApZbw3gDTiADoiAaQ\"]}]}<\/script>\n<!-- \/ Yoast SEO plugin. -->","yoast_head_json":{"title":"La Caravane de l'Esp\u00e9rance - Doyenn\u00e9 Sud Charente","description":"De l'Ascension \u00e0 la Pentec\u00f4te, la Caravane de l'Esp\u00e9rance part \u00e0 la rencontre des habitants du Sud Charente pour partager son Esp\u00e9rance et vivre des moments de fraternit\u00e9s, d'\u00e9coute et de pri\u00e8re. Envoy\u00e9s comme P\u00e8lerins d'Esp\u00e9rance par le Pape, nous cheminerons avec Saint Pierre durant ces 10 jours ! Rejoignez-nous !!","robots":{"index":"index","follow":"follow","max-snippet":"max-snippet:-1","max-image-preview":"max-image-preview:large","max-video-preview":"max-video-preview:-1"},"canonical":"https:\/\/charente.catholique.fr\/sud-charente\/la-caravane-de-lesperance\/","og_locale":"fr_FR","og_type":"article","og_title":"La Caravane de l'Esp\u00e9rance - Doyenn\u00e9 Sud Charente","og_description":"De l'Ascension \u00e0 la Pentec\u00f4te, la Caravane de l'Esp\u00e9rance part \u00e0 la rencontre des habitants du Sud Charente pour partager son Esp\u00e9rance et vivre des moments de fraternit\u00e9s, d'\u00e9coute et de pri\u00e8re. Envoy\u00e9s comme P\u00e8lerins d'Esp\u00e9rance par le Pape, nous cheminerons avec Saint Pierre durant ces 10 jours ! Rejoignez-nous !!","og_url":"https:\/\/charente.catholique.fr\/sud-charente\/la-caravane-de-lesperance\/","og_site_name":"Doyenn\u00e9 Sud Charente","article_publisher":"https:\/\/www.facebook.com\/EgliseCatholiqueCharente","article_modified_time":"2025-06-12T07:19:35+00:00","og_image":[{"width":2406,"height":1570,"url":"https:\/\/charente.catholique.fr\/sud-charente\/wp-content\/uploads\/sites\/5\/2025\/04\/maps_charente-sud.jpg","type":"image\/jpeg"}],"twitter_card":"summary_large_image","twitter_site":"@diocesecharente","twitter_misc":{"Dur\u00e9e de lecture estim\u00e9e":"4 minutes"},"schema":{"@context":"https:\/\/schema.org","@graph":[{"@type":"WebPage","@id":"https:\/\/charente.catholique.fr\/sud-charente\/la-caravane-de-lesperance\/","url":"https:\/\/charente.catholique.fr\/sud-charente\/la-caravane-de-lesperance\/","name":"La Caravane de l'Esp\u00e9rance - Doyenn\u00e9 Sud Charente","isPartOf":{"@id":"https:\/\/charente.catholique.fr\/sud-charente\/#website"},"primaryImageOfPage":{"@id":"https:\/\/charente.catholique.fr\/sud-charente\/la-caravane-de-lesperance\/#primaryimage"},"image":{"@id":"https:\/\/charente.catholique.fr\/sud-charente\/la-caravane-de-lesperance\/#primaryimage"},"thumbnailUrl":"https:\/\/charente.catholique.fr\/sud-charente\/wp-content\/uploads\/sites\/5\/2025\/04\/maps_charente-sud.jpg","datePublished":"2025-04-17T07:35:32+00:00","dateModified":"2025-06-12T07:19:35+00:00","description":"De l'Ascension \u00e0 la Pentec\u00f4te, la Caravane de l'Esp\u00e9rance part \u00e0 la rencontre des habitants du Sud Charente pour partager son Esp\u00e9rance et vivre des moments de fraternit\u00e9s, d'\u00e9coute et de pri\u00e8re. Envoy\u00e9s comme P\u00e8lerins d'Esp\u00e9rance par le Pape, nous cheminerons avec Saint Pierre durant ces 10 jours ! Rejoignez-nous !!","breadcrumb":{"@id":"https:\/\/charente.catholique.fr\/sud-charente\/la-caravane-de-lesperance\/#breadcrumb"},"inLanguage":"fr-FR","potentialAction":[{"@type":"ReadAction","target":["https:\/\/charente.catholique.fr\/sud-charente\/la-caravane-de-lesperance\/"]}]},{"@type":"ImageObject","inLanguage":"fr-FR","@id":"https:\/\/charente.catholique.fr\/sud-charente\/la-caravane-de-lesperance\/#primaryimage","url":"https:\/\/charente.catholique.fr\/sud-charente\/wp-content\/uploads\/sites\/5\/2025\/04\/maps_charente-sud.jpg","contentUrl":"https:\/\/charente.catholique.fr\/sud-charente\/wp-content\/uploads\/sites\/5\/2025\/04\/maps_charente-sud.jpg","width":2406,"height":1570},{"@type":"BreadcrumbList","@id":"https:\/\/charente.catholique.fr\/sud-charente\/la-caravane-de-lesperance\/#breadcrumb","itemListElement":[{"@type":"ListItem","position":1,"name":"Accueil","item":"https:\/\/charente.catholique.fr\/sud-charente\/"},{"@type":"ListItem","position":2,"name":"La Caravane de l&#8217;Esp\u00e9rance"}]},{"@type":"WebSite","@id":"https:\/\/charente.catholique.fr\/sud-charente\/#website","url":"https:\/\/charente.catholique.fr\/sud-charente\/","name":"Doyenn\u00e9 Sud Charente - Dioc\u00e8se d'Angoul\u00eame","description":"Dioc\u00e8se d&#039;Angoul\u00eame","publisher":{"@id":"https:\/\/charente.catholique.fr\/sud-charente\/#organization"},"potentialAction":[{"@type":"SearchAction","target":{"@type":"EntryPoint","urlTemplate":"https:\/\/charente.catholique.fr\/sud-charente\/?s={search_term_string}"},"query-input":{"@type":"PropertyValueSpecification","valueRequired":true,"valueName":"search_term_string"}}],"inLanguage":"fr-FR"},{"@type":"Organization","@id":"https:\/\/charente.catholique.fr\/sud-charente\/#organization","name":"Association dioc\u00e9saine d'Angoul\u00eame","url":"https:\/\/charente.catholique.fr\/sud-charente\/","logo":{"@type":"ImageObject","inLanguage":"fr-FR","@id":"https:\/\/charente.catholique.fr\/sud-charente\/#\/schema\/logo\/image\/","url":"https:\/\/charente.catholique.fr\/sud-charente\/wp-content\/uploads\/sites\/5\/2020\/10\/logos.png","contentUrl":"https:\/\/charente.catholique.fr\/sud-charente\/wp-content\/uploads\/sites\/5\/2020\/10\/logos.png","width":600,"height":257,"caption":"Association dioc\u00e9saine d'Angoul\u00eame"},"image":{"@id":"https:\/\/charente.catholique.fr\/sud-charente\/#\/schema\/logo\/image\/"},"sameAs":["https:\/\/www.facebook.com\/EgliseCatholiqueCharente","https:\/\/x.com\/diocesecharente","https:\/\/www.instagram.com\/eglisecharente","https:\/\/www.youtube.com\/channel\/UCByyFWApZbw3gDTiADoiAaQ"]}]}},"_links":{"self":[{"href":"https:\/\/charente.catholique.fr\/sud-charente\/wp-json\/wp\/v2\/pages\/10331","targetHints":{"allow":["GET"]}}],"collection":[{"href":"https:\/\/charente.catholique.fr\/sud-charente\/wp-json\/wp\/v2\/pages"}],"about":[{"href":"https:\/\/charente.catholique.fr\/sud-charente\/wp-json\/wp\/v2\/types\/page"}],"author":[{"embeddable":true,"href":"https:\/\/charente.catholique.fr\/sud-charente\/wp-json\/wp\/v2\/users\/101"}],"replies":[{"embeddable":true,"href":"https:\/\/charente.catholique.fr\/sud-charente\/wp-json\/wp\/v2\/comments?post=10331"}],"version-history":[{"count":10,"href":"https:\/\/charente.catholique.fr\/sud-charente\/wp-json\/wp\/v2\/pages\/10331\/revisions"}],"predecessor-version":[{"id":11089,"href":"https:\/\/charente.catholique.fr\/sud-charente\/wp-json\/wp\/v2\/pages\/10331\/revisions\/11089"}],"wp:featuredmedia":[{"embeddable":true,"href":"https:\/\/charente.catholique.fr\/sud-charente\/wp-json\/wp\/v2\/media\/10453"}],"wp:attachment":[{"href":"https:\/\/charente.catholique.fr\/sud-charente\/wp-json\/wp\/v2\/media?parent=10331"}],"curies":[{"name":"wp","href":"https:\/\/api.w.org\/{rel}","templated":true}]}}