{"id":7652,"date":"2022-05-07T10:25:29","date_gmt":"2022-05-07T08:25:29","guid":{"rendered":"https:\/\/charente.catholique.fr\/ouest-charente\/?page_id=7652"},"modified":"2022-05-07T10:25:38","modified_gmt":"2022-05-07T08:25:38","slug":"7652-2","status":"publish","type":"page","link":"https:\/\/charente.catholique.fr\/ouest-charente\/7652-2\/","title":{"rendered":""},"content":{"rendered":"\n<div class=\"wp-block-media-text alignwide has-media-on-the-right is-stacked-on-mobile\" style=\"grid-template-columns:auto 19%\"><figure class=\"wp-block-media-text__media\"><img loading=\"lazy\" decoding=\"async\" width=\"365\" height=\"500\" src=\"https:\/\/charente.catholique.fr\/ouest-charente\/wp-content\/uploads\/sites\/6\/2022\/05\/Berger1.png\" alt=\"\" class=\"wp-image-7653 size-full\" srcset=\"https:\/\/charente.catholique.fr\/ouest-charente\/wp-content\/uploads\/sites\/6\/2022\/05\/Berger1.png 365w, https:\/\/charente.catholique.fr\/ouest-charente\/wp-content\/uploads\/sites\/6\/2022\/05\/Berger1-219x300.png 219w\" sizes=\"auto, (max-width: 365px) 100vw, 365px\" \/><\/figure><div class=\"wp-block-media-text__content\">\n<p class=\"has-text-align-center has-medium-font-size\"><strong>DIMANCHE 8 MAI 2022, ann\u00e9e C<\/strong><\/p>\n\n\n\n<p class=\"has-text-align-center\">SAINT JEAN 10, 27-30<\/p>\n\n\n\n<p class=\"has-text-align-center has-medium-font-size\"><strong>\u00ab&nbsp;Mes brebis \u00e9coutent ma voix&nbsp;\u00bb<\/strong><\/p>\n<\/div><\/div>\n\n\n\n<p class=\"has-text-align-center\"><strong>A L\u2019\u00c9COUTE DE J\u00c9SUS\u00a0:<\/strong><\/p>\n\n\n\n<p><strong>\u00ab Mes brebis \u00e9coutent ma voix&nbsp;\u00bb.<\/strong><\/p>\n\n\n\n<p>La bri\u00e8vet\u00e9 de l\u2019\u00e9vangile de ce dimanche nous invite \u00e0 d\u00e9couvrir la profondeur du message de J\u00e9sus.&nbsp; Le chapitre 10 de Saint Jean est particuli\u00e8rement attentif au berger, aux brebis, \u00e0 la porte de la bergerie.<\/p>\n\n\n\n<p><strong>Un conseil<\/strong> pour nous aujourd&#8217;hui&nbsp;: prendre le temps de lire ce chapitre 10 dans son entier.<\/p>\n\n\n\n<p>Une question&nbsp;: que retenons-nous pour nourrir notre vie de foi, de relation \u00e0 Dieu et aux autres&nbsp;?<\/p>\n\n\n\n<p><strong>Prenons <\/strong>le temps d&#8217;\u00e9crire notre r\u00e9ponse et de la transformer en pri\u00e8re d&#8217;action de gr\u00e2ce ou de supplication.<\/p>\n\n\n\n<p><strong>Entron<\/strong>s plus avant dans la compr\u00e9hension de cet \u00e9vangile que nous dit-il&nbsp;?<\/p>\n\n\n\n<ul class=\"wp-block-list\"><li><strong>Tous les verbes sont actifs&nbsp;<\/strong>: \u00ab \u00e9coutent&nbsp;; connais&nbsp;; suivent&nbsp;; donnent&nbsp;; p\u00e9riront&nbsp;; arrachera.&nbsp;\u00bb Tous ces verbes montrent l&#8217;importance du travail du berger. Au temps de J\u00e9sus, il y avait de nombreux troupeaux de brebis. J\u00e9sus les voit. Il les observe. IL part de cette r\u00e9alit\u00e9 quotidienne pour donner son message. Le chapitre 10 de l&#8217;\u00e9vangile de Saint Jean commence par la parabole du berger. Une parabole a pour but de faire comprendre un message. Les enfants disent que les paraboles qui sont le toit des maisons re\u00e7oivent les messages qui viennent par les ondes et les transmettre sur nos \u00e9crans.<\/li><\/ul>\n\n\n\n<ul class=\"wp-block-list\"><li><strong>Accueillons le message de J\u00e9sus le Bon Pasteur<\/strong> : C&#8217;est Dieu le P\u00e8re qui a donn\u00e9 \u00e0 son Fils J\u00e9sus les brebis. \u00ab Mon P\u00e8re, qui me les donne&#8230;\u00a0\u00bb Nous remarquons avec quelle humilit\u00e9 J\u00e9sus vit sa relation \u00e0 son P\u00e8re\u00a0: humilit\u00e9 d&#8217;ob\u00e9issance. N&#8217;est-ce pas un enseignement pur nous. Bergers, berg\u00e8res, nous le sommes, par vocation. La mission qui nous est confi\u00e9e ne vient pas de nous. Nous la recevons du P\u00e8re\u00a0: mission de vie, d&#8217;amour fraternel, de t\u00e9moignage, d\u2019artisans de paix, de t\u00e9moins de la joie de croire.<\/li><\/ul>\n\n\n\n<ul class=\"wp-block-list\"><li><strong>Une question\u00a0<\/strong>: comment vivons \u2013 nous cette mission au quotidien, dans les bergeries de nos vies familiales, relationnelles, de travail, de loisirs, d\u2019engagements sociaux de solidarit\u00e9 etc.\u2026Comme ne pas penser, en ces jours aux futures \u00e9lections l\u00e9gislatives\u00a0? Les femmes et les hommes qui s\u2019engagent et pour lesquels nous allons voter re\u00e7oivent une triple mission\u00a0: servir, conduire, garder dans <a>la<\/a><a href=\"#_msocom_1\"> <\/a>v\u00e9rit\u00e9 l\u2019h\u00e9ritage re\u00e7u, et cela dans le respect de chacun.<\/li><\/ul>\n\n\n\n<p>N\u2019oublions pas, en ces jours, de prier pour ces femmes et ces hommes. R\u00e9sistons \u00e0 la tentation du repli, du refus, de la critique d\u00e9vastatrice&#8230; et ouvrons nos c\u0153urs \u00e0 la pri\u00e8re\u00a0:<\/p>\n\n\n\n<pre class=\"wp-block-verse has-text-align-center has-medium-font-size\">Le Seigneur est mon berger, rien ne saurait me manquer.\n\nLe Seigneur est mon berger, \nje ne manque de rien. \nSur des pr\u00e9s d'herbe fra\u00eeche, \nIl me fait reposer. \n\n\n\n\n\nIl me m\u00e8ne vers les eaux tranquilles\net me fait revivre. \nIl me conduit par le juste chemin\npour l'honneur de son nom. \n\nSi je travers les ravins de la mort, \nje ne crins aucun mal, \ncar tu es avec moi : \nton b\u00e2ton me guide et me rassure \u00bb\nPsaume 22\n<\/pre>\n\n\n\n<p class=\"has-text-align-center has-medium-font-size\"><strong>avec le Pape Fran\u00e7ois\u00a0<\/strong>:<\/p>\n\n\n\n<p class=\"has-text-align-center has-medium-font-size\">\u00ab\u00a0 Quand nous scrutons devant Dieu les chemins de la vie, il n&#8217;y a pas de domaines qui soient exclus. Sur tous les plans de notre vie, nous pouvons continuer \u00e0 grandir et offrir quelque chose de plus \u00e0 Dieu, y compris sur les plans o\u00f9 nous faisons l&#8217;exp\u00e9rience des difficult\u00e9s les plus fortes. Mais il faut demander \u00e0 l\u2019Esprit saint de nous d\u00e9livrer et d\u2019expulser cette peur qui nous porte \u00e0 interdire dans un certains\u00a0 domaines de notre vie.\u00a0\u00bb ( Gaud\u00e9t\u00e9 et exsultat\u00e9 n\u00b0 175 )<\/p>\n\n\n\n<p class=\"has-medium-font-size\">Et pour cette semaine&nbsp;: <strong>soyons des berg\u00e8res et des bergers de la tendresse de Dieu&nbsp;!.<\/strong>..<\/p>\n\n\n\n<p>Avec ma fraternelle communion,<\/p>\n\n\n\n<p>Fr\u00e8re Henri, missionnaire de sainte Th\u00e9r\u00e8se<\/p>\n\n\n\n<hr class=\"wp-block-separator\"\/>\n\n\n\n<p><a id=\"_msocom_1\"><\/a><\/p>\n\n\n\n<p>&nbsp;<a href=\"#_msoanchor_1\">[U1]<\/a><\/p>\n","protected":false},"excerpt":{"rendered":"<p>DIMANCHE 8 MAI 2022, ann\u00e9e C SAINT JEAN 10, 27-30 \u00ab&nbsp;Mes brebis \u00e9coutent ma voix&nbsp;\u00bb A L\u2019\u00c9COUTE DE J\u00c9SUS\u00a0: \u00ab Mes brebis \u00e9coutent ma voix&nbsp;\u00bb. La bri\u00e8vet\u00e9 de l\u2019\u00e9vangile de ce dimanche nous invite \u00e0 d\u00e9couvrir la profondeur du message de J\u00e9sus.&nbsp; Le chapitre 10 de Saint Jean est particuli\u00e8rement attentif au berger, aux brebis, [&hellip;]<\/p>\n","protected":false},"author":26,"featured_media":0,"parent":0,"menu_order":19,"comment_status":"closed","ping_status":"closed","template":"","meta":{"_acf_changed":false,"paroisse":[],"service":[],"footnotes":""},"class_list":["post-7652","page","type-page","status-publish","hentry"],"acf":[],"yoast_head":"<!-- This site is optimized with the Yoast SEO plugin v27.1.1 - https:\/\/yoast.com\/product\/yoast-seo-wordpress\/ -->\n<title>- Doyenn\u00e9 Ouest Charente<\/title>\n<meta name=\"robots\" content=\"index, follow, max-snippet:-1, max-image-preview:large, max-video-preview:-1\" \/>\n<link rel=\"canonical\" href=\"https:\/\/charente.catholique.fr\/ouest-charente\/7652-2\/\" \/>\n<meta property=\"og:locale\" content=\"fr_FR\" \/>\n<meta property=\"og:type\" content=\"article\" \/>\n<meta property=\"og:title\" content=\"- Doyenn\u00e9 Ouest Charente\" \/>\n<meta property=\"og:description\" content=\"DIMANCHE 8 MAI 2022, ann\u00e9e C SAINT JEAN 10, 27-30 \u00ab&nbsp;Mes brebis \u00e9coutent ma voix&nbsp;\u00bb A L\u2019\u00c9COUTE DE J\u00c9SUS\u00a0: \u00ab Mes brebis \u00e9coutent ma voix&nbsp;\u00bb. La bri\u00e8vet\u00e9 de l\u2019\u00e9vangile de ce dimanche nous invite \u00e0 d\u00e9couvrir la profondeur du message de J\u00e9sus.&nbsp; Le chapitre 10 de Saint Jean est particuli\u00e8rement attentif au berger, aux brebis, [&hellip;]\" \/>\n<meta property=\"og:url\" content=\"https:\/\/charente.catholique.fr\/ouest-charente\/7652-2\/\" \/>\n<meta property=\"og:site_name\" content=\"Doyenn\u00e9 Ouest Charente\" \/>\n<meta property=\"article:publisher\" content=\"https:\/\/www.facebook.com\/EgliseCatholiqueCharente\" \/>\n<meta property=\"article:modified_time\" content=\"2022-05-07T08:25:38+00:00\" \/>\n<meta property=\"og:image\" content=\"https:\/\/charente.catholique.fr\/ouest-charente\/wp-content\/uploads\/sites\/6\/2022\/05\/berger6.jpg\" \/>\n\t<meta property=\"og:image:width\" content=\"843\" \/>\n\t<meta property=\"og:image:height\" content=\"552\" \/>\n\t<meta property=\"og:image:type\" content=\"image\/jpeg\" \/>\n<meta name=\"twitter:card\" content=\"summary_large_image\" \/>\n<meta name=\"twitter:site\" content=\"@diocesecharente\" \/>\n<meta name=\"twitter:label1\" content=\"Dur\u00e9e de lecture estim\u00e9e\" \/>\n\t<meta name=\"twitter:data1\" content=\"4 minutes\" \/>\n<script type=\"application\/ld+json\" class=\"yoast-schema-graph\">{\"@context\":\"https:\/\/schema.org\",\"@graph\":[{\"@type\":\"WebPage\",\"@id\":\"https:\/\/charente.catholique.fr\/ouest-charente\/7652-2\/\",\"url\":\"https:\/\/charente.catholique.fr\/ouest-charente\/7652-2\/\",\"name\":\"- Doyenn\u00e9 Ouest Charente\",\"isPartOf\":{\"@id\":\"https:\/\/charente.catholique.fr\/ouest-charente\/#website\"},\"primaryImageOfPage\":{\"@id\":\"https:\/\/charente.catholique.fr\/ouest-charente\/7652-2\/#primaryimage\"},\"image\":{\"@id\":\"https:\/\/charente.catholique.fr\/ouest-charente\/7652-2\/#primaryimage\"},\"thumbnailUrl\":\"https:\/\/charente.catholique.fr\/ouest-charente\/wp-content\/uploads\/sites\/6\/2022\/05\/Berger1.png\",\"datePublished\":\"2022-05-07T08:25:29+00:00\",\"dateModified\":\"2022-05-07T08:25:38+00:00\",\"inLanguage\":\"fr-FR\",\"potentialAction\":[{\"@type\":\"ReadAction\",\"target\":[\"https:\/\/charente.catholique.fr\/ouest-charente\/7652-2\/\"]}]},{\"@type\":\"ImageObject\",\"inLanguage\":\"fr-FR\",\"@id\":\"https:\/\/charente.catholique.fr\/ouest-charente\/7652-2\/#primaryimage\",\"url\":\"https:\/\/charente.catholique.fr\/ouest-charente\/wp-content\/uploads\/sites\/6\/2022\/05\/Berger1.png\",\"contentUrl\":\"https:\/\/charente.catholique.fr\/ouest-charente\/wp-content\/uploads\/sites\/6\/2022\/05\/Berger1.png\",\"width\":365,\"height\":500},{\"@type\":\"WebSite\",\"@id\":\"https:\/\/charente.catholique.fr\/ouest-charente\/#website\",\"url\":\"https:\/\/charente.catholique.fr\/ouest-charente\/\",\"name\":\"Doyenn\u00e9 Ouest Charente - Dioc\u00e8se d'Angoul\u00eame\",\"description\":\"Dioc\u00e8se d&#039;Angoul\u00eame\",\"publisher\":{\"@id\":\"https:\/\/charente.catholique.fr\/ouest-charente\/#organization\"},\"potentialAction\":[{\"@type\":\"SearchAction\",\"target\":{\"@type\":\"EntryPoint\",\"urlTemplate\":\"https:\/\/charente.catholique.fr\/ouest-charente\/?s={search_term_string}\"},\"query-input\":{\"@type\":\"PropertyValueSpecification\",\"valueRequired\":true,\"valueName\":\"search_term_string\"}}],\"inLanguage\":\"fr-FR\"},{\"@type\":\"Organization\",\"@id\":\"https:\/\/charente.catholique.fr\/ouest-charente\/#organization\",\"name\":\"Association dioc\u00e9saine d'Angoul\u00eame\",\"url\":\"https:\/\/charente.catholique.fr\/ouest-charente\/\",\"logo\":{\"@type\":\"ImageObject\",\"inLanguage\":\"fr-FR\",\"@id\":\"https:\/\/charente.catholique.fr\/ouest-charente\/#\/schema\/logo\/image\/\",\"url\":\"https:\/\/charente.catholique.fr\/ouest-charente\/wp-content\/uploads\/sites\/6\/2020\/10\/logos.png\",\"contentUrl\":\"https:\/\/charente.catholique.fr\/ouest-charente\/wp-content\/uploads\/sites\/6\/2020\/10\/logos.png\",\"width\":600,\"height\":257,\"caption\":\"Association dioc\u00e9saine d'Angoul\u00eame\"},\"image\":{\"@id\":\"https:\/\/charente.catholique.fr\/ouest-charente\/#\/schema\/logo\/image\/\"},\"sameAs\":[\"https:\/\/www.facebook.com\/EgliseCatholiqueCharente\",\"https:\/\/x.com\/diocesecharente\",\"https:\/\/www.instagram.com\/eglisecharente\",\"https:\/\/www.youtube.com\/channel\/UCByyFWApZbw3gDTiADoiAaQ\"]}]}<\/script>\n<!-- \/ Yoast SEO plugin. -->","yoast_head_json":{"title":"- Doyenn\u00e9 Ouest Charente","robots":{"index":"index","follow":"follow","max-snippet":"max-snippet:-1","max-image-preview":"max-image-preview:large","max-video-preview":"max-video-preview:-1"},"canonical":"https:\/\/charente.catholique.fr\/ouest-charente\/7652-2\/","og_locale":"fr_FR","og_type":"article","og_title":"- Doyenn\u00e9 Ouest Charente","og_description":"DIMANCHE 8 MAI 2022, ann\u00e9e C SAINT JEAN 10, 27-30 \u00ab&nbsp;Mes brebis \u00e9coutent ma voix&nbsp;\u00bb A L\u2019\u00c9COUTE DE J\u00c9SUS\u00a0: \u00ab Mes brebis \u00e9coutent ma voix&nbsp;\u00bb. La bri\u00e8vet\u00e9 de l\u2019\u00e9vangile de ce dimanche nous invite \u00e0 d\u00e9couvrir la profondeur du message de J\u00e9sus.&nbsp; Le chapitre 10 de Saint Jean est particuli\u00e8rement attentif au berger, aux brebis, [&hellip;]","og_url":"https:\/\/charente.catholique.fr\/ouest-charente\/7652-2\/","og_site_name":"Doyenn\u00e9 Ouest Charente","article_publisher":"https:\/\/www.facebook.com\/EgliseCatholiqueCharente","article_modified_time":"2022-05-07T08:25:38+00:00","og_image":[{"width":843,"height":552,"url":"https:\/\/charente.catholique.fr\/ouest-charente\/wp-content\/uploads\/sites\/6\/2022\/05\/berger6.jpg","type":"image\/jpeg"}],"twitter_card":"summary_large_image","twitter_site":"@diocesecharente","twitter_misc":{"Dur\u00e9e de lecture estim\u00e9e":"4 minutes"},"schema":{"@context":"https:\/\/schema.org","@graph":[{"@type":"WebPage","@id":"https:\/\/charente.catholique.fr\/ouest-charente\/7652-2\/","url":"https:\/\/charente.catholique.fr\/ouest-charente\/7652-2\/","name":"- Doyenn\u00e9 Ouest Charente","isPartOf":{"@id":"https:\/\/charente.catholique.fr\/ouest-charente\/#website"},"primaryImageOfPage":{"@id":"https:\/\/charente.catholique.fr\/ouest-charente\/7652-2\/#primaryimage"},"image":{"@id":"https:\/\/charente.catholique.fr\/ouest-charente\/7652-2\/#primaryimage"},"thumbnailUrl":"https:\/\/charente.catholique.fr\/ouest-charente\/wp-content\/uploads\/sites\/6\/2022\/05\/Berger1.png","datePublished":"2022-05-07T08:25:29+00:00","dateModified":"2022-05-07T08:25:38+00:00","inLanguage":"fr-FR","potentialAction":[{"@type":"ReadAction","target":["https:\/\/charente.catholique.fr\/ouest-charente\/7652-2\/"]}]},{"@type":"ImageObject","inLanguage":"fr-FR","@id":"https:\/\/charente.catholique.fr\/ouest-charente\/7652-2\/#primaryimage","url":"https:\/\/charente.catholique.fr\/ouest-charente\/wp-content\/uploads\/sites\/6\/2022\/05\/Berger1.png","contentUrl":"https:\/\/charente.catholique.fr\/ouest-charente\/wp-content\/uploads\/sites\/6\/2022\/05\/Berger1.png","width":365,"height":500},{"@type":"WebSite","@id":"https:\/\/charente.catholique.fr\/ouest-charente\/#website","url":"https:\/\/charente.catholique.fr\/ouest-charente\/","name":"Doyenn\u00e9 Ouest Charente - Dioc\u00e8se d'Angoul\u00eame","description":"Dioc\u00e8se d&#039;Angoul\u00eame","publisher":{"@id":"https:\/\/charente.catholique.fr\/ouest-charente\/#organization"},"potentialAction":[{"@type":"SearchAction","target":{"@type":"EntryPoint","urlTemplate":"https:\/\/charente.catholique.fr\/ouest-charente\/?s={search_term_string}"},"query-input":{"@type":"PropertyValueSpecification","valueRequired":true,"valueName":"search_term_string"}}],"inLanguage":"fr-FR"},{"@type":"Organization","@id":"https:\/\/charente.catholique.fr\/ouest-charente\/#organization","name":"Association dioc\u00e9saine d'Angoul\u00eame","url":"https:\/\/charente.catholique.fr\/ouest-charente\/","logo":{"@type":"ImageObject","inLanguage":"fr-FR","@id":"https:\/\/charente.catholique.fr\/ouest-charente\/#\/schema\/logo\/image\/","url":"https:\/\/charente.catholique.fr\/ouest-charente\/wp-content\/uploads\/sites\/6\/2020\/10\/logos.png","contentUrl":"https:\/\/charente.catholique.fr\/ouest-charente\/wp-content\/uploads\/sites\/6\/2020\/10\/logos.png","width":600,"height":257,"caption":"Association dioc\u00e9saine d'Angoul\u00eame"},"image":{"@id":"https:\/\/charente.catholique.fr\/ouest-charente\/#\/schema\/logo\/image\/"},"sameAs":["https:\/\/www.facebook.com\/EgliseCatholiqueCharente","https:\/\/x.com\/diocesecharente","https:\/\/www.instagram.com\/eglisecharente","https:\/\/www.youtube.com\/channel\/UCByyFWApZbw3gDTiADoiAaQ"]}]}},"_links":{"self":[{"href":"https:\/\/charente.catholique.fr\/ouest-charente\/wp-json\/wp\/v2\/pages\/7652","targetHints":{"allow":["GET"]}}],"collection":[{"href":"https:\/\/charente.catholique.fr\/ouest-charente\/wp-json\/wp\/v2\/pages"}],"about":[{"href":"https:\/\/charente.catholique.fr\/ouest-charente\/wp-json\/wp\/v2\/types\/page"}],"author":[{"embeddable":true,"href":"https:\/\/charente.catholique.fr\/ouest-charente\/wp-json\/wp\/v2\/users\/26"}],"replies":[{"embeddable":true,"href":"https:\/\/charente.catholique.fr\/ouest-charente\/wp-json\/wp\/v2\/comments?post=7652"}],"version-history":[{"count":3,"href":"https:\/\/charente.catholique.fr\/ouest-charente\/wp-json\/wp\/v2\/pages\/7652\/revisions"}],"predecessor-version":[{"id":7657,"href":"https:\/\/charente.catholique.fr\/ouest-charente\/wp-json\/wp\/v2\/pages\/7652\/revisions\/7657"}],"wp:attachment":[{"href":"https:\/\/charente.catholique.fr\/ouest-charente\/wp-json\/wp\/v2\/media?parent=7652"}],"curies":[{"name":"wp","href":"https:\/\/api.w.org\/{rel}","templated":true}]}}