{"id":28392,"date":"2022-07-07T14:07:29","date_gmt":"2022-07-07T12:07:29","guid":{"rendered":"https:\/\/charente.catholique.fr\/ouest-charente\/?page_id=28392"},"modified":"2022-07-07T14:09:45","modified_gmt":"2022-07-07T12:09:45","slug":"sapprocher-de-dieu-sapprocher-du-frere","status":"publish","type":"page","link":"https:\/\/charente.catholique.fr\/ouest-charente\/congregation-des-freres-missionnaires-de-sainte-therese\/les-homelies-de-fr-henri\/les-homelies\/sapprocher-de-dieu-sapprocher-du-frere\/","title":{"rendered":"S&#8217;APPROCHER DE DIEU, S&#8217;APPROCHER DU FR\u00c8RE-10 juillet 2022"},"content":{"rendered":"\n<div class=\"wp-block-media-text alignwide is-stacked-on-mobile\" style=\"grid-template-columns:24% auto\"><figure class=\"wp-block-media-text__media\"><img loading=\"lazy\" decoding=\"async\" width=\"657\" height=\"592\" src=\"https:\/\/charente.catholique.fr\/ouest-charente\/wp-content\/uploads\/sites\/6\/2022\/07\/pdd3.jpg\" alt=\"\" class=\"wp-image-28393 size-full\" srcset=\"https:\/\/charente.catholique.fr\/ouest-charente\/wp-content\/uploads\/sites\/6\/2022\/07\/pdd3.jpg 657w, https:\/\/charente.catholique.fr\/ouest-charente\/wp-content\/uploads\/sites\/6\/2022\/07\/pdd3-300x270.jpg 300w\" sizes=\"auto, (max-width: 657px) 100vw, 657px\" \/><\/figure><div class=\"wp-block-media-text__content\">\n<p><strong>DIMANCHE 10&nbsp; JUILLET 2022<\/strong><\/p>\n\n\n\n<p>15\u00b0 dimanche du temps ordinaire , ann\u00e9e C<\/p>\n\n\n\n<p>Saint Luc 10, 25-37<\/p>\n<\/div><\/div>\n\n\n\n<p class=\"has-text-align-center\">&nbsp;<strong>Libert\u00e9&nbsp;! \u00c9galit\u00e9&nbsp;! Fraternit\u00e9&nbsp;!<\/strong><\/p>\n\n\n\n<p>En ce dimanche du 10 juillet, la France va d\u00e9j\u00e0 se pr\u00e9parer pour de nombreuses manifestations du 14&#8230;. . Alors e drapeau tricolore va flotter au rythme de \u00ab&nbsp;libert\u00e9, \u00e9galit\u00e9, fraternit\u00e9&nbsp;\u00bb. Plus qu&#8217;un slogan accompagn\u00e9 de la Marseillaise, ces trois mots inscrits sur les frontons de nos mairies, sont comme un permanent rappel du message de J\u00e9sus dans l&#8217;\u00e9vangile de ce dimanche.<\/p>\n\n\n\n<p>Avec le pr\u00eatre et le l\u00e9vite, la libert\u00e9 de regarder celui qui souffre, mais aussi de passer outre et de continuer leur chemin . Trop occup\u00e9s aux rites de la loi, ces deux l\u00e0 oublient l\u2019appel de J\u00e9sus \u00e0 l&#8217;amour fraternel. Tous deux sont \u00e9gaux(\u00e9galit\u00e9) dans leur indiff\u00e9rence, leur \u00e9go\u00efsme, leur repli sur eux-m\u00eames&nbsp;!<\/p>\n\n\n\n<p>Seul, un \u00e9tranger, un Samaritain se laisse toucher. Son attitude de prise en charge l&#8217;homme d\u00e9pouill\u00e9 et rou\u00e9 de coups est expression de fraternit\u00e9.&nbsp;\u00ab&nbsp; J\u00e9sus, portant en Lui l&#8217;humanit\u00e9 bless\u00e9e, chacun de nous, se reconna\u00eet sans doute dans l&#8217;homme attaqu\u00e9 sur le chemin.&nbsp;\u00bb Par le don de sa vie, par amour, Il vient nous gu\u00e9rir de nos blessures. Il nous appelle \u00e0 ne jamais laisser quelqu&#8217;un qui souffre sur le bord du chemin. Que l\u2019Esprit Saint aide chacun de nous \u00e0 \u00eatre cette semaine, un Bon Samaritain&nbsp;!<\/p>\n\n\n\n<p class=\"has-text-align-center\"><strong>Aimer au-del\u00e0 de toutes fronti\u00e8res&nbsp;!<\/strong><\/p>\n\n\n\n<p>A l&#8217;\u00e9coute du Pape Fran\u00e7ois, \u00e0 l&#8217;audience g\u00e9n\u00e9rale du 27 avril 2016&nbsp;:<\/p>\n\n\n\n<p>\u00ab&nbsp; Ils \u00e9taient press\u00e9s&#8230;.&nbsp; Sans doute le pr\u00eatre a-t-il regard\u00e9 sa montre et a dit&nbsp;:&nbsp; \u00ab&nbsp;je vais arriver en retard \u00e0 la Messe&#8230;je dois dire la Messe&nbsp;.&nbsp;\u00bb Et l&#8217;autre a dit&nbsp;:&nbsp;\u00ab&nbsp; Je ne sais pas si la loi me le permet, parce qu&#8217;il y a du sang ici, et je serai impur&#8230;&nbsp;\u00bb Ils changent de chemin et ne s&#8217;approchent pas. Ici la parabole nous offre une premier enseignement&nbsp;: celui qui fr\u00e9quente la maison de Dieu et conna\u00eet sa mis\u00e9ricorde ne sait pas automatiquement aimer son prochain. Ce n&#8217;est&nbsp; pas automatique&nbsp;! Tu peux conna\u00eetre toute la Bible, tu peux conna\u00eetre toutes les rubriques liturgiques, tu peux conna\u00eetre toute la th\u00e9ologie, mais conna\u00eetre ne signifie pas automatiquement aimer&nbsp;: Amer est un autre chemin, il faut de l&#8217;intelligence, mais quelque chose en plus&#8230;Le pr\u00eatre, le l\u00e9vite voient, mais ignorent&nbsp;; ils regardent, mais ne pr\u00e9voient pas. Pourtant, il n&#8217;existe pas de v\u00e9ritable culte si celui-ci ne se traduit pas en service du prochain. Ne l&#8217;oublions jamais&nbsp;: face \u00e0 la souffrance de tant de personnes \u00e9puis\u00e9es par la faim, par la violence ,&nbsp; par les injustices,par la maladie etc&#8230; nous ne pouvons pas demeurer spectateurs. Ignorer la souffrance de l&#8217;homme, qu&#8217;est-ce que cela veut signifie&nbsp;? Cela signifie ignorer Dieu&nbsp;! Si je ne m&#8217;approche pas de cet homme, de cette femme, de cet enfant, de cet homme ou de cette femme \u00e2g\u00e9s qui souffrent, je ne m&#8217;approche pas de Dieu.&nbsp;\u00bb<\/p>\n\n\n\n<p class=\"has-text-align-center\"><strong>Accueillons le message du Pape Fran\u00e7ois<\/strong><\/p>\n\n\n\n<p>Le commentaire du Pape Fran\u00e7ois peut nous conduire \u00e0 nous poser plusieurs questions&nbsp;:<\/p>\n\n\n\n<ul class=\"wp-block-list\"><li>De qui nous faisons-nous proches ( le prochain ) dans notre vie&nbsp; quotidienne faites de rencontres tr\u00e8s diverses&nbsp;?<\/li><li>Quelles attitudes avons-nous, d\u00e9veloppons-nous pour \u00eatre un \u00ab&nbsp;bon samaritain&nbsp;?\u00bb<\/li><li>Prenons-nous le temps de rendre gr\u00e2ce, de remercier lorsque quelqu&#8217;un a \u00e9t\u00e9 un \u00ab&nbsp;bon samaritain&nbsp;\u00bb, \u00e0 notre \u00e9gard&nbsp;?<\/li><\/ul>\n\n\n\n<p>Et maintenant, prions le Seigneur en chantant&nbsp;:<\/p>\n\n\n\n<pre class=\"wp-block-verse has-text-align-center\">\u00ab Aimer c'est tout donner\net se donner soi-m\u00eame. \n\nAimons-nous les uns les autres, \ncomme Dieu nous a aim\u00e9s !\n\nAimons-nous les uns les autres\ncar l'amour nous vient de Dieu. \u00bb\n\nSeigneur, je le sais, \ntu m'invites \u00e0 aimer les autres\ncomme toi-m\u00eame tu les aimes. \nTu connais ma faiblesse !\nViens aimer en moi\nceux que tu m'invites \u00e0 aimer, \nchaque jour, \nl\u00e0 o\u00f9 je vis, \ndans toutes mes rencontres ! \nViens aimer en moi, \ncelles et ceux qui souffrent !\nQue l'Esprit saint, \nEsprit de force, \nEsprit d'amour\nbr\u00fble mon c\u0153urs\nde charit\u00e9 !\nAmen !\n\nFr\u00e8re Henri Rev\u00e9reau, \nmissionnaire de Sainte Th\u00e9r\u00e8se\n\n\n<\/pre>\n","protected":false},"excerpt":{"rendered":"<p>DIMANCHE 10&nbsp; JUILLET 2022 15\u00b0 dimanche du temps ordinaire , ann\u00e9e C Saint Luc 10, 25-37 &nbsp;Libert\u00e9&nbsp;! \u00c9galit\u00e9&nbsp;! Fraternit\u00e9&nbsp;! En ce dimanche du 10 juillet, la France va d\u00e9j\u00e0 se pr\u00e9parer pour de nombreuses manifestations du 14&#8230;. . Alors e drapeau tricolore va flotter au rythme de \u00ab&nbsp;libert\u00e9, \u00e9galit\u00e9, fraternit\u00e9&nbsp;\u00bb. Plus qu&#8217;un slogan accompagn\u00e9 de [&hellip;]<\/p>\n","protected":false},"author":26,"featured_media":28394,"parent":28301,"menu_order":3,"comment_status":"closed","ping_status":"closed","template":"","meta":{"_acf_changed":false,"paroisse":[],"service":[],"footnotes":""},"class_list":["post-28392","page","type-page","status-publish","has-post-thumbnail","hentry"],"acf":[],"yoast_head":"<!-- This site is optimized with the Yoast SEO plugin v27.1.1 - https:\/\/yoast.com\/product\/yoast-seo-wordpress\/ -->\n<title>S&#039;APPROCHER DE DIEU, S&#039;APPROCHER DU FR\u00c8RE-10 juillet 2022 - Doyenn\u00e9 Ouest Charente<\/title>\n<meta name=\"robots\" content=\"index, follow, max-snippet:-1, max-image-preview:large, max-video-preview:-1\" \/>\n<link rel=\"canonical\" href=\"https:\/\/charente.catholique.fr\/ouest-charente\/congregation-des-freres-missionnaires-de-sainte-therese\/les-homelies-de-fr-henri\/les-homelies\/sapprocher-de-dieu-sapprocher-du-frere\/\" \/>\n<meta property=\"og:locale\" content=\"fr_FR\" \/>\n<meta property=\"og:type\" content=\"article\" \/>\n<meta property=\"og:title\" content=\"S&#039;APPROCHER DE DIEU, S&#039;APPROCHER DU FR\u00c8RE-10 juillet 2022 - Doyenn\u00e9 Ouest Charente\" \/>\n<meta property=\"og:description\" content=\"DIMANCHE 10&nbsp; JUILLET 2022 15\u00b0 dimanche du temps ordinaire , ann\u00e9e C Saint Luc 10, 25-37 &nbsp;Libert\u00e9&nbsp;! \u00c9galit\u00e9&nbsp;! Fraternit\u00e9&nbsp;! En ce dimanche du 10 juillet, la France va d\u00e9j\u00e0 se pr\u00e9parer pour de nombreuses manifestations du 14&#8230;. . Alors e drapeau tricolore va flotter au rythme de \u00ab&nbsp;libert\u00e9, \u00e9galit\u00e9, fraternit\u00e9&nbsp;\u00bb. Plus qu&#8217;un slogan accompagn\u00e9 de [&hellip;]\" \/>\n<meta property=\"og:url\" content=\"https:\/\/charente.catholique.fr\/ouest-charente\/congregation-des-freres-missionnaires-de-sainte-therese\/les-homelies-de-fr-henri\/les-homelies\/sapprocher-de-dieu-sapprocher-du-frere\/\" \/>\n<meta property=\"og:site_name\" content=\"Doyenn\u00e9 Ouest Charente\" \/>\n<meta property=\"article:publisher\" content=\"https:\/\/www.facebook.com\/EgliseCatholiqueCharente\" \/>\n<meta property=\"article:modified_time\" content=\"2022-07-07T12:09:45+00:00\" \/>\n<meta property=\"og:image\" content=\"https:\/\/charente.catholique.fr\/ouest-charente\/wp-content\/uploads\/sites\/6\/2022\/07\/pdd4.jpg\" \/>\n\t<meta property=\"og:image:width\" content=\"669\" \/>\n\t<meta property=\"og:image:height\" content=\"195\" \/>\n\t<meta property=\"og:image:type\" content=\"image\/jpeg\" \/>\n<meta name=\"twitter:card\" content=\"summary_large_image\" \/>\n<meta name=\"twitter:site\" content=\"@diocesecharente\" \/>\n<meta name=\"twitter:label1\" content=\"Dur\u00e9e de lecture estim\u00e9e\" \/>\n\t<meta name=\"twitter:data1\" content=\"4 minutes\" \/>\n<script type=\"application\/ld+json\" class=\"yoast-schema-graph\">{\"@context\":\"https:\/\/schema.org\",\"@graph\":[{\"@type\":\"WebPage\",\"@id\":\"https:\/\/charente.catholique.fr\/ouest-charente\/congregation-des-freres-missionnaires-de-sainte-therese\/les-homelies-de-fr-henri\/les-homelies\/sapprocher-de-dieu-sapprocher-du-frere\/\",\"url\":\"https:\/\/charente.catholique.fr\/ouest-charente\/congregation-des-freres-missionnaires-de-sainte-therese\/les-homelies-de-fr-henri\/les-homelies\/sapprocher-de-dieu-sapprocher-du-frere\/\",\"name\":\"S'APPROCHER DE DIEU, S'APPROCHER DU FR\u00c8RE-10 juillet 2022 - Doyenn\u00e9 Ouest Charente\",\"isPartOf\":{\"@id\":\"https:\/\/charente.catholique.fr\/ouest-charente\/#website\"},\"primaryImageOfPage\":{\"@id\":\"https:\/\/charente.catholique.fr\/ouest-charente\/congregation-des-freres-missionnaires-de-sainte-therese\/les-homelies-de-fr-henri\/les-homelies\/sapprocher-de-dieu-sapprocher-du-frere\/#primaryimage\"},\"image\":{\"@id\":\"https:\/\/charente.catholique.fr\/ouest-charente\/congregation-des-freres-missionnaires-de-sainte-therese\/les-homelies-de-fr-henri\/les-homelies\/sapprocher-de-dieu-sapprocher-du-frere\/#primaryimage\"},\"thumbnailUrl\":\"https:\/\/charente.catholique.fr\/ouest-charente\/wp-content\/uploads\/sites\/6\/2022\/07\/pdd4.jpg\",\"datePublished\":\"2022-07-07T12:07:29+00:00\",\"dateModified\":\"2022-07-07T12:09:45+00:00\",\"breadcrumb\":{\"@id\":\"https:\/\/charente.catholique.fr\/ouest-charente\/congregation-des-freres-missionnaires-de-sainte-therese\/les-homelies-de-fr-henri\/les-homelies\/sapprocher-de-dieu-sapprocher-du-frere\/#breadcrumb\"},\"inLanguage\":\"fr-FR\",\"potentialAction\":[{\"@type\":\"ReadAction\",\"target\":[\"https:\/\/charente.catholique.fr\/ouest-charente\/congregation-des-freres-missionnaires-de-sainte-therese\/les-homelies-de-fr-henri\/les-homelies\/sapprocher-de-dieu-sapprocher-du-frere\/\"]}]},{\"@type\":\"ImageObject\",\"inLanguage\":\"fr-FR\",\"@id\":\"https:\/\/charente.catholique.fr\/ouest-charente\/congregation-des-freres-missionnaires-de-sainte-therese\/les-homelies-de-fr-henri\/les-homelies\/sapprocher-de-dieu-sapprocher-du-frere\/#primaryimage\",\"url\":\"https:\/\/charente.catholique.fr\/ouest-charente\/wp-content\/uploads\/sites\/6\/2022\/07\/pdd4.jpg\",\"contentUrl\":\"https:\/\/charente.catholique.fr\/ouest-charente\/wp-content\/uploads\/sites\/6\/2022\/07\/pdd4.jpg\",\"width\":669,\"height\":195},{\"@type\":\"BreadcrumbList\",\"@id\":\"https:\/\/charente.catholique.fr\/ouest-charente\/congregation-des-freres-missionnaires-de-sainte-therese\/les-homelies-de-fr-henri\/les-homelies\/sapprocher-de-dieu-sapprocher-du-frere\/#breadcrumb\",\"itemListElement\":[{\"@type\":\"ListItem\",\"position\":1,\"name\":\"Accueil\",\"item\":\"https:\/\/charente.catholique.fr\/ouest-charente\/\"},{\"@type\":\"ListItem\",\"position\":2,\"name\":\"Les Fr\u00e8res Missionnaires de Sainte Th\u00e9r\u00e8se\",\"item\":\"https:\/\/charente.catholique.fr\/ouest-charente\/congregation-des-freres-missionnaires-de-sainte-therese\/\"},{\"@type\":\"ListItem\",\"position\":3,\"name\":\"Les hom\u00e9lies et les conf\u00e9rences de Fr. Henri\",\"item\":\"https:\/\/charente.catholique.fr\/ouest-charente\/congregation-des-freres-missionnaires-de-sainte-therese\/les-homelies-de-fr-henri\/\"},{\"@type\":\"ListItem\",\"position\":4,\"name\":\"Les hom\u00e9lies\",\"item\":\"https:\/\/charente.catholique.fr\/ouest-charente\/congregation-des-freres-missionnaires-de-sainte-therese\/les-homelies-de-fr-henri\/les-homelies\/\"},{\"@type\":\"ListItem\",\"position\":5,\"name\":\"S&#8217;APPROCHER DE DIEU, S&#8217;APPROCHER DU FR\u00c8RE-10 juillet 2022\"}]},{\"@type\":\"WebSite\",\"@id\":\"https:\/\/charente.catholique.fr\/ouest-charente\/#website\",\"url\":\"https:\/\/charente.catholique.fr\/ouest-charente\/\",\"name\":\"Doyenn\u00e9 Ouest Charente - Dioc\u00e8se d'Angoul\u00eame\",\"description\":\"Dioc\u00e8se d&#039;Angoul\u00eame\",\"publisher\":{\"@id\":\"https:\/\/charente.catholique.fr\/ouest-charente\/#organization\"},\"potentialAction\":[{\"@type\":\"SearchAction\",\"target\":{\"@type\":\"EntryPoint\",\"urlTemplate\":\"https:\/\/charente.catholique.fr\/ouest-charente\/?s={search_term_string}\"},\"query-input\":{\"@type\":\"PropertyValueSpecification\",\"valueRequired\":true,\"valueName\":\"search_term_string\"}}],\"inLanguage\":\"fr-FR\"},{\"@type\":\"Organization\",\"@id\":\"https:\/\/charente.catholique.fr\/ouest-charente\/#organization\",\"name\":\"Association dioc\u00e9saine d'Angoul\u00eame\",\"url\":\"https:\/\/charente.catholique.fr\/ouest-charente\/\",\"logo\":{\"@type\":\"ImageObject\",\"inLanguage\":\"fr-FR\",\"@id\":\"https:\/\/charente.catholique.fr\/ouest-charente\/#\/schema\/logo\/image\/\",\"url\":\"https:\/\/charente.catholique.fr\/ouest-charente\/wp-content\/uploads\/sites\/6\/2020\/10\/logos.png\",\"contentUrl\":\"https:\/\/charente.catholique.fr\/ouest-charente\/wp-content\/uploads\/sites\/6\/2020\/10\/logos.png\",\"width\":600,\"height\":257,\"caption\":\"Association dioc\u00e9saine d'Angoul\u00eame\"},\"image\":{\"@id\":\"https:\/\/charente.catholique.fr\/ouest-charente\/#\/schema\/logo\/image\/\"},\"sameAs\":[\"https:\/\/www.facebook.com\/EgliseCatholiqueCharente\",\"https:\/\/x.com\/diocesecharente\",\"https:\/\/www.instagram.com\/eglisecharente\",\"https:\/\/www.youtube.com\/channel\/UCByyFWApZbw3gDTiADoiAaQ\"]}]}<\/script>\n<!-- \/ Yoast SEO plugin. -->","yoast_head_json":{"title":"S'APPROCHER DE DIEU, S'APPROCHER DU FR\u00c8RE-10 juillet 2022 - Doyenn\u00e9 Ouest Charente","robots":{"index":"index","follow":"follow","max-snippet":"max-snippet:-1","max-image-preview":"max-image-preview:large","max-video-preview":"max-video-preview:-1"},"canonical":"https:\/\/charente.catholique.fr\/ouest-charente\/congregation-des-freres-missionnaires-de-sainte-therese\/les-homelies-de-fr-henri\/les-homelies\/sapprocher-de-dieu-sapprocher-du-frere\/","og_locale":"fr_FR","og_type":"article","og_title":"S'APPROCHER DE DIEU, S'APPROCHER DU FR\u00c8RE-10 juillet 2022 - Doyenn\u00e9 Ouest Charente","og_description":"DIMANCHE 10&nbsp; JUILLET 2022 15\u00b0 dimanche du temps ordinaire , ann\u00e9e C Saint Luc 10, 25-37 &nbsp;Libert\u00e9&nbsp;! \u00c9galit\u00e9&nbsp;! Fraternit\u00e9&nbsp;! En ce dimanche du 10 juillet, la France va d\u00e9j\u00e0 se pr\u00e9parer pour de nombreuses manifestations du 14&#8230;. . Alors e drapeau tricolore va flotter au rythme de \u00ab&nbsp;libert\u00e9, \u00e9galit\u00e9, fraternit\u00e9&nbsp;\u00bb. Plus qu&#8217;un slogan accompagn\u00e9 de [&hellip;]","og_url":"https:\/\/charente.catholique.fr\/ouest-charente\/congregation-des-freres-missionnaires-de-sainte-therese\/les-homelies-de-fr-henri\/les-homelies\/sapprocher-de-dieu-sapprocher-du-frere\/","og_site_name":"Doyenn\u00e9 Ouest Charente","article_publisher":"https:\/\/www.facebook.com\/EgliseCatholiqueCharente","article_modified_time":"2022-07-07T12:09:45+00:00","og_image":[{"width":669,"height":195,"url":"https:\/\/charente.catholique.fr\/ouest-charente\/wp-content\/uploads\/sites\/6\/2022\/07\/pdd4.jpg","type":"image\/jpeg"}],"twitter_card":"summary_large_image","twitter_site":"@diocesecharente","twitter_misc":{"Dur\u00e9e de lecture estim\u00e9e":"4 minutes"},"schema":{"@context":"https:\/\/schema.org","@graph":[{"@type":"WebPage","@id":"https:\/\/charente.catholique.fr\/ouest-charente\/congregation-des-freres-missionnaires-de-sainte-therese\/les-homelies-de-fr-henri\/les-homelies\/sapprocher-de-dieu-sapprocher-du-frere\/","url":"https:\/\/charente.catholique.fr\/ouest-charente\/congregation-des-freres-missionnaires-de-sainte-therese\/les-homelies-de-fr-henri\/les-homelies\/sapprocher-de-dieu-sapprocher-du-frere\/","name":"S'APPROCHER DE DIEU, S'APPROCHER DU FR\u00c8RE-10 juillet 2022 - Doyenn\u00e9 Ouest Charente","isPartOf":{"@id":"https:\/\/charente.catholique.fr\/ouest-charente\/#website"},"primaryImageOfPage":{"@id":"https:\/\/charente.catholique.fr\/ouest-charente\/congregation-des-freres-missionnaires-de-sainte-therese\/les-homelies-de-fr-henri\/les-homelies\/sapprocher-de-dieu-sapprocher-du-frere\/#primaryimage"},"image":{"@id":"https:\/\/charente.catholique.fr\/ouest-charente\/congregation-des-freres-missionnaires-de-sainte-therese\/les-homelies-de-fr-henri\/les-homelies\/sapprocher-de-dieu-sapprocher-du-frere\/#primaryimage"},"thumbnailUrl":"https:\/\/charente.catholique.fr\/ouest-charente\/wp-content\/uploads\/sites\/6\/2022\/07\/pdd4.jpg","datePublished":"2022-07-07T12:07:29+00:00","dateModified":"2022-07-07T12:09:45+00:00","breadcrumb":{"@id":"https:\/\/charente.catholique.fr\/ouest-charente\/congregation-des-freres-missionnaires-de-sainte-therese\/les-homelies-de-fr-henri\/les-homelies\/sapprocher-de-dieu-sapprocher-du-frere\/#breadcrumb"},"inLanguage":"fr-FR","potentialAction":[{"@type":"ReadAction","target":["https:\/\/charente.catholique.fr\/ouest-charente\/congregation-des-freres-missionnaires-de-sainte-therese\/les-homelies-de-fr-henri\/les-homelies\/sapprocher-de-dieu-sapprocher-du-frere\/"]}]},{"@type":"ImageObject","inLanguage":"fr-FR","@id":"https:\/\/charente.catholique.fr\/ouest-charente\/congregation-des-freres-missionnaires-de-sainte-therese\/les-homelies-de-fr-henri\/les-homelies\/sapprocher-de-dieu-sapprocher-du-frere\/#primaryimage","url":"https:\/\/charente.catholique.fr\/ouest-charente\/wp-content\/uploads\/sites\/6\/2022\/07\/pdd4.jpg","contentUrl":"https:\/\/charente.catholique.fr\/ouest-charente\/wp-content\/uploads\/sites\/6\/2022\/07\/pdd4.jpg","width":669,"height":195},{"@type":"BreadcrumbList","@id":"https:\/\/charente.catholique.fr\/ouest-charente\/congregation-des-freres-missionnaires-de-sainte-therese\/les-homelies-de-fr-henri\/les-homelies\/sapprocher-de-dieu-sapprocher-du-frere\/#breadcrumb","itemListElement":[{"@type":"ListItem","position":1,"name":"Accueil","item":"https:\/\/charente.catholique.fr\/ouest-charente\/"},{"@type":"ListItem","position":2,"name":"Les Fr\u00e8res Missionnaires de Sainte Th\u00e9r\u00e8se","item":"https:\/\/charente.catholique.fr\/ouest-charente\/congregation-des-freres-missionnaires-de-sainte-therese\/"},{"@type":"ListItem","position":3,"name":"Les hom\u00e9lies et les conf\u00e9rences de Fr. Henri","item":"https:\/\/charente.catholique.fr\/ouest-charente\/congregation-des-freres-missionnaires-de-sainte-therese\/les-homelies-de-fr-henri\/"},{"@type":"ListItem","position":4,"name":"Les hom\u00e9lies","item":"https:\/\/charente.catholique.fr\/ouest-charente\/congregation-des-freres-missionnaires-de-sainte-therese\/les-homelies-de-fr-henri\/les-homelies\/"},{"@type":"ListItem","position":5,"name":"S&#8217;APPROCHER DE DIEU, S&#8217;APPROCHER DU FR\u00c8RE-10 juillet 2022"}]},{"@type":"WebSite","@id":"https:\/\/charente.catholique.fr\/ouest-charente\/#website","url":"https:\/\/charente.catholique.fr\/ouest-charente\/","name":"Doyenn\u00e9 Ouest Charente - Dioc\u00e8se d'Angoul\u00eame","description":"Dioc\u00e8se d&#039;Angoul\u00eame","publisher":{"@id":"https:\/\/charente.catholique.fr\/ouest-charente\/#organization"},"potentialAction":[{"@type":"SearchAction","target":{"@type":"EntryPoint","urlTemplate":"https:\/\/charente.catholique.fr\/ouest-charente\/?s={search_term_string}"},"query-input":{"@type":"PropertyValueSpecification","valueRequired":true,"valueName":"search_term_string"}}],"inLanguage":"fr-FR"},{"@type":"Organization","@id":"https:\/\/charente.catholique.fr\/ouest-charente\/#organization","name":"Association dioc\u00e9saine d'Angoul\u00eame","url":"https:\/\/charente.catholique.fr\/ouest-charente\/","logo":{"@type":"ImageObject","inLanguage":"fr-FR","@id":"https:\/\/charente.catholique.fr\/ouest-charente\/#\/schema\/logo\/image\/","url":"https:\/\/charente.catholique.fr\/ouest-charente\/wp-content\/uploads\/sites\/6\/2020\/10\/logos.png","contentUrl":"https:\/\/charente.catholique.fr\/ouest-charente\/wp-content\/uploads\/sites\/6\/2020\/10\/logos.png","width":600,"height":257,"caption":"Association dioc\u00e9saine d'Angoul\u00eame"},"image":{"@id":"https:\/\/charente.catholique.fr\/ouest-charente\/#\/schema\/logo\/image\/"},"sameAs":["https:\/\/www.facebook.com\/EgliseCatholiqueCharente","https:\/\/x.com\/diocesecharente","https:\/\/www.instagram.com\/eglisecharente","https:\/\/www.youtube.com\/channel\/UCByyFWApZbw3gDTiADoiAaQ"]}]}},"_links":{"self":[{"href":"https:\/\/charente.catholique.fr\/ouest-charente\/wp-json\/wp\/v2\/pages\/28392","targetHints":{"allow":["GET"]}}],"collection":[{"href":"https:\/\/charente.catholique.fr\/ouest-charente\/wp-json\/wp\/v2\/pages"}],"about":[{"href":"https:\/\/charente.catholique.fr\/ouest-charente\/wp-json\/wp\/v2\/types\/page"}],"author":[{"embeddable":true,"href":"https:\/\/charente.catholique.fr\/ouest-charente\/wp-json\/wp\/v2\/users\/26"}],"replies":[{"embeddable":true,"href":"https:\/\/charente.catholique.fr\/ouest-charente\/wp-json\/wp\/v2\/comments?post=28392"}],"version-history":[{"count":2,"href":"https:\/\/charente.catholique.fr\/ouest-charente\/wp-json\/wp\/v2\/pages\/28392\/revisions"}],"predecessor-version":[{"id":28396,"href":"https:\/\/charente.catholique.fr\/ouest-charente\/wp-json\/wp\/v2\/pages\/28392\/revisions\/28396"}],"up":[{"embeddable":true,"href":"https:\/\/charente.catholique.fr\/ouest-charente\/wp-json\/wp\/v2\/pages\/28301"}],"wp:featuredmedia":[{"embeddable":true,"href":"https:\/\/charente.catholique.fr\/ouest-charente\/wp-json\/wp\/v2\/media\/28394"}],"wp:attachment":[{"href":"https:\/\/charente.catholique.fr\/ouest-charente\/wp-json\/wp\/v2\/media?parent=28392"}],"curies":[{"name":"wp","href":"https:\/\/api.w.org\/{rel}","templated":true}]}}