{"id":27996,"date":"2022-06-28T09:55:28","date_gmt":"2022-06-28T07:55:28","guid":{"rendered":"https:\/\/charente.catholique.fr\/ouest-charente\/?page_id=27996"},"modified":"2022-07-06T17:00:48","modified_gmt":"2022-07-06T15:00:48","slug":"contact","status":"publish","type":"page","link":"https:\/\/charente.catholique.fr\/ouest-charente\/congregation-des-freres-missionnaires-de-sainte-therese\/contact\/","title":{"rendered":"Contacts"},"content":{"rendered":"\n<p>Pour tous renseignements vous pouvez joindre le sup\u00e9rieur g\u00e9n\u00e9ral actuel: Fr.Henri Rev\u00e9reau ou son assistant: Fr.Jean-Louis Souletie.<\/p>\n\n\n\n<div class=\"wp-block-media-text alignwide is-stacked-on-mobile\" style=\"grid-template-columns:22% auto\"><figure class=\"wp-block-media-text__media\"><img loading=\"lazy\" decoding=\"async\" width=\"600\" height=\"600\" src=\"https:\/\/charente.catholique.fr\/ouest-charente\/wp-content\/uploads\/sites\/6\/2022\/07\/adresses.jpg\" alt=\"\" class=\"wp-image-28328 size-full\" srcset=\"https:\/\/charente.catholique.fr\/ouest-charente\/wp-content\/uploads\/sites\/6\/2022\/07\/adresses.jpg 600w, https:\/\/charente.catholique.fr\/ouest-charente\/wp-content\/uploads\/sites\/6\/2022\/07\/adresses-300x300.jpg 300w, https:\/\/charente.catholique.fr\/ouest-charente\/wp-content\/uploads\/sites\/6\/2022\/07\/adresses-150x150.jpg 150w\" sizes=\"auto, (max-width: 600px) 100vw, 600px\" \/><\/figure><div class=\"wp-block-media-text__content\">\n<p class=\"has-text-align-center has-medium-font-size\"><em><strong>Fr\u00e8res r\u00e9sidents \u00e0 Segonzac<\/strong>:<strong>Fr.Henri Rev\u00e9reau<\/strong><\/em><\/p>\n\n\n\n<p class=\"has-small-font-size\">T\u00e9l\u00e9phone portable: 06 71 10 25 23<\/p>\n\n\n\n<p class=\"has-small-font-size\">Adresse postale : 1,rue Jean D&#8217;Hermy-16130 Segonzac<\/p>\n\n\n\n<p class=\"has-small-font-size\">Adresse mail: fr.henri@wanadoo.fr<\/p>\n<\/div><\/div>\n\n\n\n<div class=\"wp-block-media-text alignwide has-media-on-the-right is-stacked-on-mobile\" style=\"grid-template-columns:auto 23%\"><figure class=\"wp-block-media-text__media\"><img loading=\"lazy\" decoding=\"async\" width=\"600\" height=\"600\" src=\"https:\/\/charente.catholique.fr\/ouest-charente\/wp-content\/uploads\/sites\/6\/2022\/07\/adresses2.jpg\" alt=\"\" class=\"wp-image-28329 size-full\" srcset=\"https:\/\/charente.catholique.fr\/ouest-charente\/wp-content\/uploads\/sites\/6\/2022\/07\/adresses2.jpg 600w, https:\/\/charente.catholique.fr\/ouest-charente\/wp-content\/uploads\/sites\/6\/2022\/07\/adresses2-300x300.jpg 300w, https:\/\/charente.catholique.fr\/ouest-charente\/wp-content\/uploads\/sites\/6\/2022\/07\/adresses2-150x150.jpg 150w\" sizes=\"auto, (max-width: 600px) 100vw, 600px\" \/><\/figure><div class=\"wp-block-media-text__content\">\n<p class=\"has-text-align-center has-medium-font-size\"><strong><em>Fr\u00e8res r\u00e9sidents \u00e0 Caen: Fr.Jean -Louis Souletie<\/em><\/strong><\/p>\n\n\n\n<p class=\"has-text-align-left has-small-font-size\">T\u00e9l\u00e9phone portable: 06 72 07 77 95<\/p>\n\n\n\n<p class=\"has-small-font-size\">Adresse postale: 1, rue aux juifs 14000 Caen<\/p>\n\n\n\n<p class=\"has-small-font-size\">Adresse mail: jl.souletie@orange.fr<\/p>\n<\/div><\/div>\n","protected":false},"excerpt":{"rendered":"<p>Pour tous renseignements vous pouvez joindre le sup\u00e9rieur g\u00e9n\u00e9ral actuel: Fr.Henri Rev\u00e9reau ou son assistant: Fr.Jean-Louis Souletie. Fr\u00e8res r\u00e9sidents \u00e0 Segonzac:Fr.Henri Rev\u00e9reau T\u00e9l\u00e9phone portable: 06 71 10 25 23 Adresse postale : 1,rue Jean D&#8217;Hermy-16130 Segonzac Adresse mail: fr.henri@wanadoo.fr Fr\u00e8res r\u00e9sidents \u00e0 Caen: Fr.Jean -Louis Souletie T\u00e9l\u00e9phone portable: 06 72 07 77 95 Adresse postale: [&hellip;]<\/p>\n","protected":false},"author":3,"featured_media":28323,"parent":27983,"menu_order":16,"comment_status":"closed","ping_status":"closed","template":"","meta":{"_acf_changed":false,"paroisse":[],"service":[],"footnotes":""},"class_list":["post-27996","page","type-page","status-publish","has-post-thumbnail","hentry"],"acf":[],"yoast_head":"<!-- This site is optimized with the Yoast SEO plugin v27.1.1 - https:\/\/yoast.com\/product\/yoast-seo-wordpress\/ -->\n<title>Contacts - Doyenn\u00e9 Ouest Charente<\/title>\n<meta name=\"robots\" content=\"index, follow, max-snippet:-1, max-image-preview:large, max-video-preview:-1\" \/>\n<link rel=\"canonical\" href=\"https:\/\/charente.catholique.fr\/ouest-charente\/congregation-des-freres-missionnaires-de-sainte-therese\/contact\/\" \/>\n<meta property=\"og:locale\" content=\"fr_FR\" \/>\n<meta property=\"og:type\" content=\"article\" \/>\n<meta property=\"og:title\" content=\"Contacts - Doyenn\u00e9 Ouest Charente\" \/>\n<meta property=\"og:description\" content=\"Pour tous renseignements vous pouvez joindre le sup\u00e9rieur g\u00e9n\u00e9ral actuel: Fr.Henri Rev\u00e9reau ou son assistant: Fr.Jean-Louis Souletie. Fr\u00e8res r\u00e9sidents \u00e0 Segonzac:Fr.Henri Rev\u00e9reau T\u00e9l\u00e9phone portable: 06 71 10 25 23 Adresse postale : 1,rue Jean D&#8217;Hermy-16130 Segonzac Adresse mail: fr.henri@wanadoo.fr Fr\u00e8res r\u00e9sidents \u00e0 Caen: Fr.Jean -Louis Souletie T\u00e9l\u00e9phone portable: 06 72 07 77 95 Adresse postale: [&hellip;]\" \/>\n<meta property=\"og:url\" content=\"https:\/\/charente.catholique.fr\/ouest-charente\/congregation-des-freres-missionnaires-de-sainte-therese\/contact\/\" \/>\n<meta property=\"og:site_name\" content=\"Doyenn\u00e9 Ouest Charente\" \/>\n<meta property=\"article:publisher\" content=\"https:\/\/www.facebook.com\/EgliseCatholiqueCharente\" \/>\n<meta property=\"article:modified_time\" content=\"2022-07-06T15:00:48+00:00\" \/>\n<meta property=\"og:image\" content=\"https:\/\/charente.catholique.fr\/ouest-charente\/wp-content\/uploads\/sites\/6\/2022\/07\/freres-au-complet-contacts.jpg\" \/>\n\t<meta property=\"og:image:width\" content=\"1980\" \/>\n\t<meta property=\"og:image:height\" content=\"560\" \/>\n\t<meta property=\"og:image:type\" content=\"image\/jpeg\" \/>\n<meta name=\"twitter:card\" content=\"summary_large_image\" \/>\n<meta name=\"twitter:site\" content=\"@diocesecharente\" \/>\n<meta name=\"twitter:label1\" content=\"Dur\u00e9e de lecture estim\u00e9e\" \/>\n\t<meta name=\"twitter:data1\" content=\"1 minute\" \/>\n<script type=\"application\/ld+json\" class=\"yoast-schema-graph\">{\"@context\":\"https:\/\/schema.org\",\"@graph\":[{\"@type\":\"WebPage\",\"@id\":\"https:\/\/charente.catholique.fr\/ouest-charente\/congregation-des-freres-missionnaires-de-sainte-therese\/contact\/\",\"url\":\"https:\/\/charente.catholique.fr\/ouest-charente\/congregation-des-freres-missionnaires-de-sainte-therese\/contact\/\",\"name\":\"Contacts - Doyenn\u00e9 Ouest Charente\",\"isPartOf\":{\"@id\":\"https:\/\/charente.catholique.fr\/ouest-charente\/#website\"},\"primaryImageOfPage\":{\"@id\":\"https:\/\/charente.catholique.fr\/ouest-charente\/congregation-des-freres-missionnaires-de-sainte-therese\/contact\/#primaryimage\"},\"image\":{\"@id\":\"https:\/\/charente.catholique.fr\/ouest-charente\/congregation-des-freres-missionnaires-de-sainte-therese\/contact\/#primaryimage\"},\"thumbnailUrl\":\"https:\/\/charente.catholique.fr\/ouest-charente\/wp-content\/uploads\/sites\/6\/2022\/07\/freres-au-complet-contacts.jpg\",\"datePublished\":\"2022-06-28T07:55:28+00:00\",\"dateModified\":\"2022-07-06T15:00:48+00:00\",\"breadcrumb\":{\"@id\":\"https:\/\/charente.catholique.fr\/ouest-charente\/congregation-des-freres-missionnaires-de-sainte-therese\/contact\/#breadcrumb\"},\"inLanguage\":\"fr-FR\",\"potentialAction\":[{\"@type\":\"ReadAction\",\"target\":[\"https:\/\/charente.catholique.fr\/ouest-charente\/congregation-des-freres-missionnaires-de-sainte-therese\/contact\/\"]}]},{\"@type\":\"ImageObject\",\"inLanguage\":\"fr-FR\",\"@id\":\"https:\/\/charente.catholique.fr\/ouest-charente\/congregation-des-freres-missionnaires-de-sainte-therese\/contact\/#primaryimage\",\"url\":\"https:\/\/charente.catholique.fr\/ouest-charente\/wp-content\/uploads\/sites\/6\/2022\/07\/freres-au-complet-contacts.jpg\",\"contentUrl\":\"https:\/\/charente.catholique.fr\/ouest-charente\/wp-content\/uploads\/sites\/6\/2022\/07\/freres-au-complet-contacts.jpg\",\"width\":1980,\"height\":560},{\"@type\":\"BreadcrumbList\",\"@id\":\"https:\/\/charente.catholique.fr\/ouest-charente\/congregation-des-freres-missionnaires-de-sainte-therese\/contact\/#breadcrumb\",\"itemListElement\":[{\"@type\":\"ListItem\",\"position\":1,\"name\":\"Accueil\",\"item\":\"https:\/\/charente.catholique.fr\/ouest-charente\/\"},{\"@type\":\"ListItem\",\"position\":2,\"name\":\"Les Fr\u00e8res Missionnaires de Sainte Th\u00e9r\u00e8se\",\"item\":\"https:\/\/charente.catholique.fr\/ouest-charente\/congregation-des-freres-missionnaires-de-sainte-therese\/\"},{\"@type\":\"ListItem\",\"position\":3,\"name\":\"Contacts\"}]},{\"@type\":\"WebSite\",\"@id\":\"https:\/\/charente.catholique.fr\/ouest-charente\/#website\",\"url\":\"https:\/\/charente.catholique.fr\/ouest-charente\/\",\"name\":\"Doyenn\u00e9 Ouest Charente - Dioc\u00e8se d'Angoul\u00eame\",\"description\":\"Dioc\u00e8se d&#039;Angoul\u00eame\",\"publisher\":{\"@id\":\"https:\/\/charente.catholique.fr\/ouest-charente\/#organization\"},\"potentialAction\":[{\"@type\":\"SearchAction\",\"target\":{\"@type\":\"EntryPoint\",\"urlTemplate\":\"https:\/\/charente.catholique.fr\/ouest-charente\/?s={search_term_string}\"},\"query-input\":{\"@type\":\"PropertyValueSpecification\",\"valueRequired\":true,\"valueName\":\"search_term_string\"}}],\"inLanguage\":\"fr-FR\"},{\"@type\":\"Organization\",\"@id\":\"https:\/\/charente.catholique.fr\/ouest-charente\/#organization\",\"name\":\"Association dioc\u00e9saine d'Angoul\u00eame\",\"url\":\"https:\/\/charente.catholique.fr\/ouest-charente\/\",\"logo\":{\"@type\":\"ImageObject\",\"inLanguage\":\"fr-FR\",\"@id\":\"https:\/\/charente.catholique.fr\/ouest-charente\/#\/schema\/logo\/image\/\",\"url\":\"https:\/\/charente.catholique.fr\/ouest-charente\/wp-content\/uploads\/sites\/6\/2020\/10\/logos.png\",\"contentUrl\":\"https:\/\/charente.catholique.fr\/ouest-charente\/wp-content\/uploads\/sites\/6\/2020\/10\/logos.png\",\"width\":600,\"height\":257,\"caption\":\"Association dioc\u00e9saine d'Angoul\u00eame\"},\"image\":{\"@id\":\"https:\/\/charente.catholique.fr\/ouest-charente\/#\/schema\/logo\/image\/\"},\"sameAs\":[\"https:\/\/www.facebook.com\/EgliseCatholiqueCharente\",\"https:\/\/x.com\/diocesecharente\",\"https:\/\/www.instagram.com\/eglisecharente\",\"https:\/\/www.youtube.com\/channel\/UCByyFWApZbw3gDTiADoiAaQ\"]}]}<\/script>\n<!-- \/ Yoast SEO plugin. -->","yoast_head_json":{"title":"Contacts - Doyenn\u00e9 Ouest Charente","robots":{"index":"index","follow":"follow","max-snippet":"max-snippet:-1","max-image-preview":"max-image-preview:large","max-video-preview":"max-video-preview:-1"},"canonical":"https:\/\/charente.catholique.fr\/ouest-charente\/congregation-des-freres-missionnaires-de-sainte-therese\/contact\/","og_locale":"fr_FR","og_type":"article","og_title":"Contacts - Doyenn\u00e9 Ouest Charente","og_description":"Pour tous renseignements vous pouvez joindre le sup\u00e9rieur g\u00e9n\u00e9ral actuel: Fr.Henri Rev\u00e9reau ou son assistant: Fr.Jean-Louis Souletie. Fr\u00e8res r\u00e9sidents \u00e0 Segonzac:Fr.Henri Rev\u00e9reau T\u00e9l\u00e9phone portable: 06 71 10 25 23 Adresse postale : 1,rue Jean D&#8217;Hermy-16130 Segonzac Adresse mail: fr.henri@wanadoo.fr Fr\u00e8res r\u00e9sidents \u00e0 Caen: Fr.Jean -Louis Souletie T\u00e9l\u00e9phone portable: 06 72 07 77 95 Adresse postale: [&hellip;]","og_url":"https:\/\/charente.catholique.fr\/ouest-charente\/congregation-des-freres-missionnaires-de-sainte-therese\/contact\/","og_site_name":"Doyenn\u00e9 Ouest Charente","article_publisher":"https:\/\/www.facebook.com\/EgliseCatholiqueCharente","article_modified_time":"2022-07-06T15:00:48+00:00","og_image":[{"width":1980,"height":560,"url":"https:\/\/charente.catholique.fr\/ouest-charente\/wp-content\/uploads\/sites\/6\/2022\/07\/freres-au-complet-contacts.jpg","type":"image\/jpeg"}],"twitter_card":"summary_large_image","twitter_site":"@diocesecharente","twitter_misc":{"Dur\u00e9e de lecture estim\u00e9e":"1 minute"},"schema":{"@context":"https:\/\/schema.org","@graph":[{"@type":"WebPage","@id":"https:\/\/charente.catholique.fr\/ouest-charente\/congregation-des-freres-missionnaires-de-sainte-therese\/contact\/","url":"https:\/\/charente.catholique.fr\/ouest-charente\/congregation-des-freres-missionnaires-de-sainte-therese\/contact\/","name":"Contacts - Doyenn\u00e9 Ouest Charente","isPartOf":{"@id":"https:\/\/charente.catholique.fr\/ouest-charente\/#website"},"primaryImageOfPage":{"@id":"https:\/\/charente.catholique.fr\/ouest-charente\/congregation-des-freres-missionnaires-de-sainte-therese\/contact\/#primaryimage"},"image":{"@id":"https:\/\/charente.catholique.fr\/ouest-charente\/congregation-des-freres-missionnaires-de-sainte-therese\/contact\/#primaryimage"},"thumbnailUrl":"https:\/\/charente.catholique.fr\/ouest-charente\/wp-content\/uploads\/sites\/6\/2022\/07\/freres-au-complet-contacts.jpg","datePublished":"2022-06-28T07:55:28+00:00","dateModified":"2022-07-06T15:00:48+00:00","breadcrumb":{"@id":"https:\/\/charente.catholique.fr\/ouest-charente\/congregation-des-freres-missionnaires-de-sainte-therese\/contact\/#breadcrumb"},"inLanguage":"fr-FR","potentialAction":[{"@type":"ReadAction","target":["https:\/\/charente.catholique.fr\/ouest-charente\/congregation-des-freres-missionnaires-de-sainte-therese\/contact\/"]}]},{"@type":"ImageObject","inLanguage":"fr-FR","@id":"https:\/\/charente.catholique.fr\/ouest-charente\/congregation-des-freres-missionnaires-de-sainte-therese\/contact\/#primaryimage","url":"https:\/\/charente.catholique.fr\/ouest-charente\/wp-content\/uploads\/sites\/6\/2022\/07\/freres-au-complet-contacts.jpg","contentUrl":"https:\/\/charente.catholique.fr\/ouest-charente\/wp-content\/uploads\/sites\/6\/2022\/07\/freres-au-complet-contacts.jpg","width":1980,"height":560},{"@type":"BreadcrumbList","@id":"https:\/\/charente.catholique.fr\/ouest-charente\/congregation-des-freres-missionnaires-de-sainte-therese\/contact\/#breadcrumb","itemListElement":[{"@type":"ListItem","position":1,"name":"Accueil","item":"https:\/\/charente.catholique.fr\/ouest-charente\/"},{"@type":"ListItem","position":2,"name":"Les Fr\u00e8res Missionnaires de Sainte Th\u00e9r\u00e8se","item":"https:\/\/charente.catholique.fr\/ouest-charente\/congregation-des-freres-missionnaires-de-sainte-therese\/"},{"@type":"ListItem","position":3,"name":"Contacts"}]},{"@type":"WebSite","@id":"https:\/\/charente.catholique.fr\/ouest-charente\/#website","url":"https:\/\/charente.catholique.fr\/ouest-charente\/","name":"Doyenn\u00e9 Ouest Charente - Dioc\u00e8se d'Angoul\u00eame","description":"Dioc\u00e8se d&#039;Angoul\u00eame","publisher":{"@id":"https:\/\/charente.catholique.fr\/ouest-charente\/#organization"},"potentialAction":[{"@type":"SearchAction","target":{"@type":"EntryPoint","urlTemplate":"https:\/\/charente.catholique.fr\/ouest-charente\/?s={search_term_string}"},"query-input":{"@type":"PropertyValueSpecification","valueRequired":true,"valueName":"search_term_string"}}],"inLanguage":"fr-FR"},{"@type":"Organization","@id":"https:\/\/charente.catholique.fr\/ouest-charente\/#organization","name":"Association dioc\u00e9saine d'Angoul\u00eame","url":"https:\/\/charente.catholique.fr\/ouest-charente\/","logo":{"@type":"ImageObject","inLanguage":"fr-FR","@id":"https:\/\/charente.catholique.fr\/ouest-charente\/#\/schema\/logo\/image\/","url":"https:\/\/charente.catholique.fr\/ouest-charente\/wp-content\/uploads\/sites\/6\/2020\/10\/logos.png","contentUrl":"https:\/\/charente.catholique.fr\/ouest-charente\/wp-content\/uploads\/sites\/6\/2020\/10\/logos.png","width":600,"height":257,"caption":"Association dioc\u00e9saine d'Angoul\u00eame"},"image":{"@id":"https:\/\/charente.catholique.fr\/ouest-charente\/#\/schema\/logo\/image\/"},"sameAs":["https:\/\/www.facebook.com\/EgliseCatholiqueCharente","https:\/\/x.com\/diocesecharente","https:\/\/www.instagram.com\/eglisecharente","https:\/\/www.youtube.com\/channel\/UCByyFWApZbw3gDTiADoiAaQ"]}]}},"_links":{"self":[{"href":"https:\/\/charente.catholique.fr\/ouest-charente\/wp-json\/wp\/v2\/pages\/27996","targetHints":{"allow":["GET"]}}],"collection":[{"href":"https:\/\/charente.catholique.fr\/ouest-charente\/wp-json\/wp\/v2\/pages"}],"about":[{"href":"https:\/\/charente.catholique.fr\/ouest-charente\/wp-json\/wp\/v2\/types\/page"}],"author":[{"embeddable":true,"href":"https:\/\/charente.catholique.fr\/ouest-charente\/wp-json\/wp\/v2\/users\/3"}],"replies":[{"embeddable":true,"href":"https:\/\/charente.catholique.fr\/ouest-charente\/wp-json\/wp\/v2\/comments?post=27996"}],"version-history":[{"count":3,"href":"https:\/\/charente.catholique.fr\/ouest-charente\/wp-json\/wp\/v2\/pages\/27996\/revisions"}],"predecessor-version":[{"id":28331,"href":"https:\/\/charente.catholique.fr\/ouest-charente\/wp-json\/wp\/v2\/pages\/27996\/revisions\/28331"}],"up":[{"embeddable":true,"href":"https:\/\/charente.catholique.fr\/ouest-charente\/wp-json\/wp\/v2\/pages\/27983"}],"wp:featuredmedia":[{"embeddable":true,"href":"https:\/\/charente.catholique.fr\/ouest-charente\/wp-json\/wp\/v2\/media\/28323"}],"wp:attachment":[{"href":"https:\/\/charente.catholique.fr\/ouest-charente\/wp-json\/wp\/v2\/media?parent=27996"}],"curies":[{"name":"wp","href":"https:\/\/api.w.org\/{rel}","templated":true}]}}