{"id":27992,"date":"2022-06-28T09:53:15","date_gmt":"2022-06-28T07:53:15","guid":{"rendered":"https:\/\/charente.catholique.fr\/ouest-charente\/?page_id=27992"},"modified":"2022-07-19T20:21:58","modified_gmt":"2022-07-19T18:21:58","slug":"les-groupes-theresiens","status":"publish","type":"page","link":"https:\/\/charente.catholique.fr\/ouest-charente\/congregation-des-freres-missionnaires-de-sainte-therese\/les-groupes-theresiens\/","title":{"rendered":"P\u00e8re Gabriel Martin et Les 3 congr\u00e9gations Th\u00e9r\u00e9siennes"},"content":{"rendered":"\n<div class=\"wp-block-media-text alignwide is-stacked-on-mobile\" style=\"grid-template-columns:44% auto\"><figure class=\"wp-block-media-text__media\"><img loading=\"lazy\" decoding=\"async\" width=\"618\" height=\"216\" src=\"https:\/\/charente.catholique.fr\/ouest-charente\/wp-content\/uploads\/sites\/6\/2022\/07\/missonnaires-de-la-plaine-2.jpg\" alt=\"\" class=\"wp-image-28530 size-full\" srcset=\"https:\/\/charente.catholique.fr\/ouest-charente\/wp-content\/uploads\/sites\/6\/2022\/07\/missonnaires-de-la-plaine-2.jpg 618w, https:\/\/charente.catholique.fr\/ouest-charente\/wp-content\/uploads\/sites\/6\/2022\/07\/missonnaires-de-la-plaine-2-300x105.jpg 300w\" sizes=\"auto, (max-width: 618px) 100vw, 618px\" \/><\/figure><div class=\"wp-block-media-text__content\">\n<ol type=\"1\" class=\"has-grand-angouleme-color has-text-color has-medium-font-size wp-block-list\"><li><strong>Les missionnaires de la Plaine(1928)<\/strong><\/li><\/ol>\n\n\n\n<p class=\"has-small-font-size\">Infatigable missionnaire et talentueux pr\u00e9dicateur, Le P\u00e8re Gabriel Martin appel\u00e9 Mgr Martin a eu \u00ab piti\u00e9 des foules qui \u00e9taient comme des brebis sans bergers&nbsp;\u00bb, dans la Plaine Vend\u00e9enne, terre ingrate et difficile religieusement. Suite \u00e0 la lecture de \u00ab l\u2019appel aux petites \u00e2mes, extraits de Ste Th\u00e9r\u00e8se, IL d\u00e9couvre une voie de perfection faite de simplicit\u00e9 et d&#8217;abandon.<\/p>\n\n\n\n<p class=\"has-small-font-size\">&nbsp;&nbsp;&nbsp;&nbsp;&nbsp; &nbsp;En 1928, suite \u00e0 cette d\u00e9couverte il fonde <strong>les Missionnaires de la Plaine<\/strong> de Lu\u00e7on. Ils se &nbsp;&nbsp;&nbsp;&nbsp;vouent au minist\u00e8re paroissial et \u00e0 la pr\u00e9dication de missions populaires, et au service des \u00e9glises locales et des marginalis\u00e9s.<\/p>\n\n\n\n<p class=\"has-small-font-size\">Ils sont aujourd&#8217;hui pr\u00e9sents surtout en Vend\u00e9e, o\u00f9 ils animent l&#8217;\u00e9glise de Chaill\u00e9-les-Marais, mais \u00e9galement dans le Berry, en Charente-Maritime et dans la r\u00e9gion parisienne (deux pr\u00eatres \u00e0 Saint Denis). Ils ont \u00e9galement une mission \u00e0 Madagascar.<\/p>\n<\/div><\/div>\n\n\n\n<p><\/p>\n\n\n\n<div class=\"wp-block-media-text alignwide has-media-on-the-right is-stacked-on-mobile\"><figure class=\"wp-block-media-text__media\"><img loading=\"lazy\" decoding=\"async\" width=\"300\" height=\"191\" src=\"https:\/\/charente.catholique.fr\/ouest-charente\/wp-content\/uploads\/sites\/6\/2022\/07\/La_Roseraie-300x191-1.jpg\" alt=\"\" class=\"wp-image-28527 size-full\"\/><\/figure><div class=\"wp-block-media-text__content\">\n<p class=\"has-grand-angouleme-color has-text-color has-medium-font-size\"><strong>&nbsp;&nbsp;&nbsp;&nbsp;&nbsp;&nbsp;&nbsp; 2)Les oblates de Sainte Th\u00e9r\u00e8se de l\u2019Enfant-J\u00e9sus (1933)<\/strong><\/p>\n\n\n\n<p class=\"has-small-font-size\">Elle<strong> est n\u00e9e&nbsp;de la rencontre de trois d\u00e9sirs :<\/strong><\/p>\n\n\n\n<p class=\"has-small-font-size\">&nbsp;&nbsp;&nbsp;&nbsp;&nbsp;&nbsp;&nbsp; &#8211; celui du P\u00e8re Gabriel Martin, missionnaire passionn\u00e9 pour l\u2019annonce de l\u2019\u00c9vangile<strong>.<\/strong><\/p>\n\n\n\n<p class=\"has-small-font-size\"><strong>\u00a0\u00a0\u00a0\u00a0\u00a0\u00a0\u00a0 &#8211; c<\/strong>elui de B\u00e9atrix Douillard, qui d\u00e9sire se mettre totalement au service du Seigneur.<\/p>\n\n\n\n<p class=\"has-small-font-size\"><strong>\u00a0\u00a0\u00a0\u00a0\u00a0\u00a0\u00a0\u00a0 &#8211;<\/strong>celui de Ste Th\u00e9r\u00e8se<\/p>\n\n\n\n<p class=\"has-small-font-size\">C&#8217;est \u00e0 Chaill\u00e9 les marais que  la Congr\u00e9gation a vu le jour. Elle a \u00e0 c\u0153ur de continuer \u00e0 r\u00e9aliser la mission de la Congr\u00e9gation dans cette \u00ab plaine \u00bb, lieu du premier envoi en mission,  comme de petits foyers d\u2019amour. La parole du Fondateur le P. Gabriel Martin r\u00e9sonne encore en chacune d&#8217;elles : \u00ab Allez dans la Plaine, missionnaires de l\u2019amour Mis\u00e9ricordieux \u00bb.<\/p>\n\n\n\n<p class=\"has-small-font-size\">En 1930,<strong> la Prieure du Carmel de Lisieux, M\u00e8re Agn\u00e8s de J\u00e9sus (Pauline)<\/strong> propose au P\u00e8re Martin de nouvelles missions pour les S\u0153urs Oblates de Ste Th\u00e9r\u00e8se&nbsp;: un service d\u2019accueil des p\u00e8lerins qui affluent \u00e0 Alen\u00e7on et \u00e0 Lisieux. &nbsp;Quelle joie pour ces premi\u00e8res s\u0153urs d\u2019\u00eatre appel\u00e9es en ces lieux privil\u00e9gi\u00e9s pour y vivre et transmettre le message de Ste Th\u00e9r\u00e8se&nbsp;!<\/p>\n\n\n\n<p class=\"has-small-font-size\">C\u2019est ainsi que &nbsp;de nouvelles communaut\u00e9s voient le jour, d\u2019abord \u00e0 Colombelles, cit\u00e9 ouvri\u00e8re de Caen. Puis, dans diverses localit\u00e9s qui nous font appel dans le calvados et d\u2019autres d\u00e9partements.<\/p>\n\n\n\n<div class=\"wp-block-image\"><figure class=\"alignright\"><a href=\"https:\/\/www.oblates-sainte-therese.org\/wp-content\/uploads\/2012\/04\/021-Sr-Damien.jpg\"><img decoding=\"async\" src=\"https:\/\/www.oblates-sainte-therese.org\/wp-content\/uploads\/2012\/04\/021-Sr-Damien-300x208.jpg\" alt=\"\" class=\"wp-image-3500\" title=\" Sr Damien apprend la couture aux filles\"\/><\/a><\/figure><\/div>\n\n\n\n<p class=\"has-small-font-size\">\u00a0\u00a0\u00a0\u00a0\u00a0 \u00a0\u00a0\u00a0\u00a0\u00a0 Et le 30 octobre 1948, c\u2019est le d\u00e9part de cinq s\u0153urs pour l\u2019Afrique, \u00e0 Bouar en R\u00e9publique Centrafricaine. En 1949, d\u2019autres S\u0153urs partent pour le Tchad.<\/p>\n\n\n\n<p class=\"has-small-font-size\">L\u00e0 aussi, anim\u00e9es de l\u2019ardeur missionnaire de leurs Fondateurs, les S\u0153urs Oblates poursuivent la mission de Ste Th\u00e9r\u00e8se qui d\u00e9sirait parcourir la terre &nbsp;pour \u201caimer et faire aimer l\u2019Amour\u201d.<\/p>\n<\/div><\/div>\n\n\n\n<div class=\"wp-block-media-text alignwide is-stacked-on-mobile\" style=\"grid-template-columns:35% auto\"><figure class=\"wp-block-media-text__media\"><img loading=\"lazy\" decoding=\"async\" width=\"1785\" height=\"1080\" src=\"https:\/\/charente.catholique.fr\/ouest-charente\/wp-content\/uploads\/sites\/6\/2022\/07\/IMG_20220627_161017-A-1785x1080.jpg\" alt=\"\" class=\"wp-image-28532 size-full\" srcset=\"https:\/\/charente.catholique.fr\/ouest-charente\/wp-content\/uploads\/sites\/6\/2022\/07\/IMG_20220627_161017-A-1785x1080.jpg 1785w, https:\/\/charente.catholique.fr\/ouest-charente\/wp-content\/uploads\/sites\/6\/2022\/07\/IMG_20220627_161017-A-300x182.jpg 300w, https:\/\/charente.catholique.fr\/ouest-charente\/wp-content\/uploads\/sites\/6\/2022\/07\/IMG_20220627_161017-A-768x465.jpg 768w, https:\/\/charente.catholique.fr\/ouest-charente\/wp-content\/uploads\/sites\/6\/2022\/07\/IMG_20220627_161017-A-1536x930.jpg 1536w, https:\/\/charente.catholique.fr\/ouest-charente\/wp-content\/uploads\/sites\/6\/2022\/07\/IMG_20220627_161017-A-2048x1239.jpg 2048w\" sizes=\"auto, (max-width: 1785px) 100vw, 1785px\" \/><\/figure><div class=\"wp-block-media-text__content\">\n<p class=\"has-grand-angouleme-color has-text-color has-medium-font-size\">3)Les fr\u00e8res missionnaires de St Th\u00e9r\u00e8se<\/p>\n\n\n\n<p class=\"has-small-font-size\">A la demande de Mgr.M\u00e9gnain, \u00e9v\u00eaque d\u2019Angoul\u00eame, le P\u00e8re Martin quitte la Vend\u00e9e pour le dioc\u00e8se d\u2019Angoul\u00eame en 1947 o\u00f9 il fonde les Missionnaires de Ste Th\u00e9r\u00e8se&nbsp; \u00e0 l&#8217;abbaye de Bassac.<\/p>\n\n\n\n<p class=\"has-small-font-size\">Il voulait donner des pr\u00eatres aux dioc\u00e8ses en manque.&nbsp; Il d\u00e9cide d&#8217;appeler &nbsp;ses compagnons &#8220;Missionnaires de Ste Th\u00e9r\u00e8se&#8221; :&nbsp;&#8220;missionnaires&#8221;, donc &#8220;ap\u00f4tres&#8221; selon J\u00e9sus-Christ, &#8220;de Ste Th\u00e9r\u00e8se&#8221; donc anim\u00e9s de &#8220;l&#8217;esprit de Ste Th\u00e9r\u00e8se&#8221;. Il s&#8217;agissait alors de &#8220;rechristianiser la France&#8221; de &#8220;fonder l&#8217;\u00c9glise, comme en terre de mission, l\u00e0 o\u00f9 elle n&#8217;avait plus de visage par la pr\u00e9sence d&#8217;un pr\u00eatre, des mouvements d&#8217;action catholique, ou de militants chr\u00e9tiens.&#8221;.<\/p>\n\n\n\n<p class=\"has-small-font-size\">Il meurt le 4 octobre 1949, nous laissant le message de devenir des ap\u00f4tres, des t\u00e9moins de l&#8217;Amour Mis\u00e9ricordieux de Dieu. Ainsi, par ses fondations, le P\u00e8re Martin a particip\u00e9, \u00e0 sa mani\u00e8re au renouvellement de l\u2019\u00c9glise de France \u00ab&nbsp; Pays de Mission&nbsp;\u00bb.<\/p>\n<\/div><\/div>\n","protected":false},"excerpt":{"rendered":"<p>Les missionnaires de la Plaine(1928) Infatigable missionnaire et talentueux pr\u00e9dicateur, Le P\u00e8re Gabriel Martin appel\u00e9 Mgr Martin a eu \u00ab piti\u00e9 des foules qui \u00e9taient comme des brebis sans bergers&nbsp;\u00bb, dans la Plaine Vend\u00e9enne, terre ingrate et difficile religieusement. Suite \u00e0 la lecture de \u00ab l\u2019appel aux petites \u00e2mes, extraits de Ste Th\u00e9r\u00e8se, IL d\u00e9couvre [&hellip;]<\/p>\n","protected":false},"author":3,"featured_media":28335,"parent":27983,"menu_order":13,"comment_status":"closed","ping_status":"closed","template":"","meta":{"_acf_changed":false,"paroisse":[],"service":[],"footnotes":""},"class_list":["post-27992","page","type-page","status-publish","has-post-thumbnail","hentry"],"acf":[],"yoast_head":"<!-- This site is optimized with the Yoast SEO plugin v27.1.1 - https:\/\/yoast.com\/product\/yoast-seo-wordpress\/ -->\n<title>P\u00e8re Gabriel Martin et Les 3 congr\u00e9gations Th\u00e9r\u00e9siennes - Doyenn\u00e9 Ouest Charente<\/title>\n<meta name=\"robots\" content=\"index, follow, max-snippet:-1, max-image-preview:large, max-video-preview:-1\" \/>\n<link rel=\"canonical\" href=\"https:\/\/charente.catholique.fr\/ouest-charente\/congregation-des-freres-missionnaires-de-sainte-therese\/les-groupes-theresiens\/\" \/>\n<meta property=\"og:locale\" content=\"fr_FR\" \/>\n<meta property=\"og:type\" content=\"article\" \/>\n<meta property=\"og:title\" content=\"P\u00e8re Gabriel Martin et Les 3 congr\u00e9gations Th\u00e9r\u00e9siennes - Doyenn\u00e9 Ouest Charente\" \/>\n<meta property=\"og:description\" content=\"Les missionnaires de la Plaine(1928) Infatigable missionnaire et talentueux pr\u00e9dicateur, Le P\u00e8re Gabriel Martin appel\u00e9 Mgr Martin a eu \u00ab piti\u00e9 des foules qui \u00e9taient comme des brebis sans bergers&nbsp;\u00bb, dans la Plaine Vend\u00e9enne, terre ingrate et difficile religieusement. Suite \u00e0 la lecture de \u00ab l\u2019appel aux petites \u00e2mes, extraits de Ste Th\u00e9r\u00e8se, IL d\u00e9couvre [&hellip;]\" \/>\n<meta property=\"og:url\" content=\"https:\/\/charente.catholique.fr\/ouest-charente\/congregation-des-freres-missionnaires-de-sainte-therese\/les-groupes-theresiens\/\" \/>\n<meta property=\"og:site_name\" content=\"Doyenn\u00e9 Ouest Charente\" \/>\n<meta property=\"article:publisher\" content=\"https:\/\/www.facebook.com\/EgliseCatholiqueCharente\" \/>\n<meta property=\"article:modified_time\" content=\"2022-07-19T18:21:58+00:00\" \/>\n<meta property=\"og:image\" content=\"https:\/\/charente.catholique.fr\/ouest-charente\/wp-content\/uploads\/sites\/6\/2022\/07\/pere-gabriel-martin-2.jpg\" \/>\n\t<meta property=\"og:image:width\" content=\"1920\" \/>\n\t<meta property=\"og:image:height\" content=\"560\" \/>\n\t<meta property=\"og:image:type\" content=\"image\/jpeg\" \/>\n<meta name=\"twitter:card\" content=\"summary_large_image\" \/>\n<meta name=\"twitter:site\" content=\"@diocesecharente\" \/>\n<meta name=\"twitter:label1\" content=\"Dur\u00e9e de lecture estim\u00e9e\" \/>\n\t<meta name=\"twitter:data1\" content=\"4 minutes\" \/>\n<script type=\"application\/ld+json\" class=\"yoast-schema-graph\">{\"@context\":\"https:\/\/schema.org\",\"@graph\":[{\"@type\":\"WebPage\",\"@id\":\"https:\/\/charente.catholique.fr\/ouest-charente\/congregation-des-freres-missionnaires-de-sainte-therese\/les-groupes-theresiens\/\",\"url\":\"https:\/\/charente.catholique.fr\/ouest-charente\/congregation-des-freres-missionnaires-de-sainte-therese\/les-groupes-theresiens\/\",\"name\":\"P\u00e8re Gabriel Martin et Les 3 congr\u00e9gations Th\u00e9r\u00e9siennes - Doyenn\u00e9 Ouest Charente\",\"isPartOf\":{\"@id\":\"https:\/\/charente.catholique.fr\/ouest-charente\/#website\"},\"primaryImageOfPage\":{\"@id\":\"https:\/\/charente.catholique.fr\/ouest-charente\/congregation-des-freres-missionnaires-de-sainte-therese\/les-groupes-theresiens\/#primaryimage\"},\"image\":{\"@id\":\"https:\/\/charente.catholique.fr\/ouest-charente\/congregation-des-freres-missionnaires-de-sainte-therese\/les-groupes-theresiens\/#primaryimage\"},\"thumbnailUrl\":\"https:\/\/charente.catholique.fr\/ouest-charente\/wp-content\/uploads\/sites\/6\/2022\/07\/pere-gabriel-martin-2.jpg\",\"datePublished\":\"2022-06-28T07:53:15+00:00\",\"dateModified\":\"2022-07-19T18:21:58+00:00\",\"breadcrumb\":{\"@id\":\"https:\/\/charente.catholique.fr\/ouest-charente\/congregation-des-freres-missionnaires-de-sainte-therese\/les-groupes-theresiens\/#breadcrumb\"},\"inLanguage\":\"fr-FR\",\"potentialAction\":[{\"@type\":\"ReadAction\",\"target\":[\"https:\/\/charente.catholique.fr\/ouest-charente\/congregation-des-freres-missionnaires-de-sainte-therese\/les-groupes-theresiens\/\"]}]},{\"@type\":\"ImageObject\",\"inLanguage\":\"fr-FR\",\"@id\":\"https:\/\/charente.catholique.fr\/ouest-charente\/congregation-des-freres-missionnaires-de-sainte-therese\/les-groupes-theresiens\/#primaryimage\",\"url\":\"https:\/\/charente.catholique.fr\/ouest-charente\/wp-content\/uploads\/sites\/6\/2022\/07\/pere-gabriel-martin-2.jpg\",\"contentUrl\":\"https:\/\/charente.catholique.fr\/ouest-charente\/wp-content\/uploads\/sites\/6\/2022\/07\/pere-gabriel-martin-2.jpg\",\"width\":1920,\"height\":560},{\"@type\":\"BreadcrumbList\",\"@id\":\"https:\/\/charente.catholique.fr\/ouest-charente\/congregation-des-freres-missionnaires-de-sainte-therese\/les-groupes-theresiens\/#breadcrumb\",\"itemListElement\":[{\"@type\":\"ListItem\",\"position\":1,\"name\":\"Accueil\",\"item\":\"https:\/\/charente.catholique.fr\/ouest-charente\/\"},{\"@type\":\"ListItem\",\"position\":2,\"name\":\"Les Fr\u00e8res Missionnaires de Sainte Th\u00e9r\u00e8se\",\"item\":\"https:\/\/charente.catholique.fr\/ouest-charente\/congregation-des-freres-missionnaires-de-sainte-therese\/\"},{\"@type\":\"ListItem\",\"position\":3,\"name\":\"P\u00e8re Gabriel Martin et Les 3 congr\u00e9gations Th\u00e9r\u00e9siennes\"}]},{\"@type\":\"WebSite\",\"@id\":\"https:\/\/charente.catholique.fr\/ouest-charente\/#website\",\"url\":\"https:\/\/charente.catholique.fr\/ouest-charente\/\",\"name\":\"Doyenn\u00e9 Ouest Charente - Dioc\u00e8se d'Angoul\u00eame\",\"description\":\"Dioc\u00e8se d&#039;Angoul\u00eame\",\"publisher\":{\"@id\":\"https:\/\/charente.catholique.fr\/ouest-charente\/#organization\"},\"potentialAction\":[{\"@type\":\"SearchAction\",\"target\":{\"@type\":\"EntryPoint\",\"urlTemplate\":\"https:\/\/charente.catholique.fr\/ouest-charente\/?s={search_term_string}\"},\"query-input\":{\"@type\":\"PropertyValueSpecification\",\"valueRequired\":true,\"valueName\":\"search_term_string\"}}],\"inLanguage\":\"fr-FR\"},{\"@type\":\"Organization\",\"@id\":\"https:\/\/charente.catholique.fr\/ouest-charente\/#organization\",\"name\":\"Association dioc\u00e9saine d'Angoul\u00eame\",\"url\":\"https:\/\/charente.catholique.fr\/ouest-charente\/\",\"logo\":{\"@type\":\"ImageObject\",\"inLanguage\":\"fr-FR\",\"@id\":\"https:\/\/charente.catholique.fr\/ouest-charente\/#\/schema\/logo\/image\/\",\"url\":\"https:\/\/charente.catholique.fr\/ouest-charente\/wp-content\/uploads\/sites\/6\/2020\/10\/logos.png\",\"contentUrl\":\"https:\/\/charente.catholique.fr\/ouest-charente\/wp-content\/uploads\/sites\/6\/2020\/10\/logos.png\",\"width\":600,\"height\":257,\"caption\":\"Association dioc\u00e9saine d'Angoul\u00eame\"},\"image\":{\"@id\":\"https:\/\/charente.catholique.fr\/ouest-charente\/#\/schema\/logo\/image\/\"},\"sameAs\":[\"https:\/\/www.facebook.com\/EgliseCatholiqueCharente\",\"https:\/\/x.com\/diocesecharente\",\"https:\/\/www.instagram.com\/eglisecharente\",\"https:\/\/www.youtube.com\/channel\/UCByyFWApZbw3gDTiADoiAaQ\"]}]}<\/script>\n<!-- \/ Yoast SEO plugin. -->","yoast_head_json":{"title":"P\u00e8re Gabriel Martin et Les 3 congr\u00e9gations Th\u00e9r\u00e9siennes - Doyenn\u00e9 Ouest Charente","robots":{"index":"index","follow":"follow","max-snippet":"max-snippet:-1","max-image-preview":"max-image-preview:large","max-video-preview":"max-video-preview:-1"},"canonical":"https:\/\/charente.catholique.fr\/ouest-charente\/congregation-des-freres-missionnaires-de-sainte-therese\/les-groupes-theresiens\/","og_locale":"fr_FR","og_type":"article","og_title":"P\u00e8re Gabriel Martin et Les 3 congr\u00e9gations Th\u00e9r\u00e9siennes - Doyenn\u00e9 Ouest Charente","og_description":"Les missionnaires de la Plaine(1928) Infatigable missionnaire et talentueux pr\u00e9dicateur, Le P\u00e8re Gabriel Martin appel\u00e9 Mgr Martin a eu \u00ab piti\u00e9 des foules qui \u00e9taient comme des brebis sans bergers&nbsp;\u00bb, dans la Plaine Vend\u00e9enne, terre ingrate et difficile religieusement. Suite \u00e0 la lecture de \u00ab l\u2019appel aux petites \u00e2mes, extraits de Ste Th\u00e9r\u00e8se, IL d\u00e9couvre [&hellip;]","og_url":"https:\/\/charente.catholique.fr\/ouest-charente\/congregation-des-freres-missionnaires-de-sainte-therese\/les-groupes-theresiens\/","og_site_name":"Doyenn\u00e9 Ouest Charente","article_publisher":"https:\/\/www.facebook.com\/EgliseCatholiqueCharente","article_modified_time":"2022-07-19T18:21:58+00:00","og_image":[{"width":1920,"height":560,"url":"https:\/\/charente.catholique.fr\/ouest-charente\/wp-content\/uploads\/sites\/6\/2022\/07\/pere-gabriel-martin-2.jpg","type":"image\/jpeg"}],"twitter_card":"summary_large_image","twitter_site":"@diocesecharente","twitter_misc":{"Dur\u00e9e de lecture estim\u00e9e":"4 minutes"},"schema":{"@context":"https:\/\/schema.org","@graph":[{"@type":"WebPage","@id":"https:\/\/charente.catholique.fr\/ouest-charente\/congregation-des-freres-missionnaires-de-sainte-therese\/les-groupes-theresiens\/","url":"https:\/\/charente.catholique.fr\/ouest-charente\/congregation-des-freres-missionnaires-de-sainte-therese\/les-groupes-theresiens\/","name":"P\u00e8re Gabriel Martin et Les 3 congr\u00e9gations Th\u00e9r\u00e9siennes - Doyenn\u00e9 Ouest Charente","isPartOf":{"@id":"https:\/\/charente.catholique.fr\/ouest-charente\/#website"},"primaryImageOfPage":{"@id":"https:\/\/charente.catholique.fr\/ouest-charente\/congregation-des-freres-missionnaires-de-sainte-therese\/les-groupes-theresiens\/#primaryimage"},"image":{"@id":"https:\/\/charente.catholique.fr\/ouest-charente\/congregation-des-freres-missionnaires-de-sainte-therese\/les-groupes-theresiens\/#primaryimage"},"thumbnailUrl":"https:\/\/charente.catholique.fr\/ouest-charente\/wp-content\/uploads\/sites\/6\/2022\/07\/pere-gabriel-martin-2.jpg","datePublished":"2022-06-28T07:53:15+00:00","dateModified":"2022-07-19T18:21:58+00:00","breadcrumb":{"@id":"https:\/\/charente.catholique.fr\/ouest-charente\/congregation-des-freres-missionnaires-de-sainte-therese\/les-groupes-theresiens\/#breadcrumb"},"inLanguage":"fr-FR","potentialAction":[{"@type":"ReadAction","target":["https:\/\/charente.catholique.fr\/ouest-charente\/congregation-des-freres-missionnaires-de-sainte-therese\/les-groupes-theresiens\/"]}]},{"@type":"ImageObject","inLanguage":"fr-FR","@id":"https:\/\/charente.catholique.fr\/ouest-charente\/congregation-des-freres-missionnaires-de-sainte-therese\/les-groupes-theresiens\/#primaryimage","url":"https:\/\/charente.catholique.fr\/ouest-charente\/wp-content\/uploads\/sites\/6\/2022\/07\/pere-gabriel-martin-2.jpg","contentUrl":"https:\/\/charente.catholique.fr\/ouest-charente\/wp-content\/uploads\/sites\/6\/2022\/07\/pere-gabriel-martin-2.jpg","width":1920,"height":560},{"@type":"BreadcrumbList","@id":"https:\/\/charente.catholique.fr\/ouest-charente\/congregation-des-freres-missionnaires-de-sainte-therese\/les-groupes-theresiens\/#breadcrumb","itemListElement":[{"@type":"ListItem","position":1,"name":"Accueil","item":"https:\/\/charente.catholique.fr\/ouest-charente\/"},{"@type":"ListItem","position":2,"name":"Les Fr\u00e8res Missionnaires de Sainte Th\u00e9r\u00e8se","item":"https:\/\/charente.catholique.fr\/ouest-charente\/congregation-des-freres-missionnaires-de-sainte-therese\/"},{"@type":"ListItem","position":3,"name":"P\u00e8re Gabriel Martin et Les 3 congr\u00e9gations Th\u00e9r\u00e9siennes"}]},{"@type":"WebSite","@id":"https:\/\/charente.catholique.fr\/ouest-charente\/#website","url":"https:\/\/charente.catholique.fr\/ouest-charente\/","name":"Doyenn\u00e9 Ouest Charente - Dioc\u00e8se d'Angoul\u00eame","description":"Dioc\u00e8se d&#039;Angoul\u00eame","publisher":{"@id":"https:\/\/charente.catholique.fr\/ouest-charente\/#organization"},"potentialAction":[{"@type":"SearchAction","target":{"@type":"EntryPoint","urlTemplate":"https:\/\/charente.catholique.fr\/ouest-charente\/?s={search_term_string}"},"query-input":{"@type":"PropertyValueSpecification","valueRequired":true,"valueName":"search_term_string"}}],"inLanguage":"fr-FR"},{"@type":"Organization","@id":"https:\/\/charente.catholique.fr\/ouest-charente\/#organization","name":"Association dioc\u00e9saine d'Angoul\u00eame","url":"https:\/\/charente.catholique.fr\/ouest-charente\/","logo":{"@type":"ImageObject","inLanguage":"fr-FR","@id":"https:\/\/charente.catholique.fr\/ouest-charente\/#\/schema\/logo\/image\/","url":"https:\/\/charente.catholique.fr\/ouest-charente\/wp-content\/uploads\/sites\/6\/2020\/10\/logos.png","contentUrl":"https:\/\/charente.catholique.fr\/ouest-charente\/wp-content\/uploads\/sites\/6\/2020\/10\/logos.png","width":600,"height":257,"caption":"Association dioc\u00e9saine d'Angoul\u00eame"},"image":{"@id":"https:\/\/charente.catholique.fr\/ouest-charente\/#\/schema\/logo\/image\/"},"sameAs":["https:\/\/www.facebook.com\/EgliseCatholiqueCharente","https:\/\/x.com\/diocesecharente","https:\/\/www.instagram.com\/eglisecharente","https:\/\/www.youtube.com\/channel\/UCByyFWApZbw3gDTiADoiAaQ"]}]}},"_links":{"self":[{"href":"https:\/\/charente.catholique.fr\/ouest-charente\/wp-json\/wp\/v2\/pages\/27992","targetHints":{"allow":["GET"]}}],"collection":[{"href":"https:\/\/charente.catholique.fr\/ouest-charente\/wp-json\/wp\/v2\/pages"}],"about":[{"href":"https:\/\/charente.catholique.fr\/ouest-charente\/wp-json\/wp\/v2\/types\/page"}],"author":[{"embeddable":true,"href":"https:\/\/charente.catholique.fr\/ouest-charente\/wp-json\/wp\/v2\/users\/3"}],"replies":[{"embeddable":true,"href":"https:\/\/charente.catholique.fr\/ouest-charente\/wp-json\/wp\/v2\/comments?post=27992"}],"version-history":[{"count":9,"href":"https:\/\/charente.catholique.fr\/ouest-charente\/wp-json\/wp\/v2\/pages\/27992\/revisions"}],"predecessor-version":[{"id":28542,"href":"https:\/\/charente.catholique.fr\/ouest-charente\/wp-json\/wp\/v2\/pages\/27992\/revisions\/28542"}],"up":[{"embeddable":true,"href":"https:\/\/charente.catholique.fr\/ouest-charente\/wp-json\/wp\/v2\/pages\/27983"}],"wp:featuredmedia":[{"embeddable":true,"href":"https:\/\/charente.catholique.fr\/ouest-charente\/wp-json\/wp\/v2\/media\/28335"}],"wp:attachment":[{"href":"https:\/\/charente.catholique.fr\/ouest-charente\/wp-json\/wp\/v2\/media?parent=27992"}],"curies":[{"name":"wp","href":"https:\/\/api.w.org\/{rel}","templated":true}]}}