{"id":27987,"date":"2022-06-28T09:51:27","date_gmt":"2022-06-28T07:51:27","guid":{"rendered":"https:\/\/charente.catholique.fr\/ouest-charente\/?page_id=27987"},"modified":"2022-07-12T21:20:47","modified_gmt":"2022-07-12T19:20:47","slug":"notre-histoire","status":"publish","type":"page","link":"https:\/\/charente.catholique.fr\/ouest-charente\/congregation-des-freres-missionnaires-de-sainte-therese\/notre-histoire\/","title":{"rendered":"Notre histoire"},"content":{"rendered":"\n<p>En 1947, l&#8217;\u00e9v\u00eaque d&#8221;Angoul\u00eame  fait appel au P\u00e8re Gabriel Martin pour venir rechristianiser la Charente.  En \u00e9t\u00e9 1947, il fonde une nouvelle  Congr\u00e9gation qui lui tient \u00e0 c\u0153ur et obtient de Mgr Cazaux, \u00e9v\u00eaque de Lu\u00e7on de partir avec quelques Missionnaires de la Plaine pour la Charente \u00e0 l\u2019abbaye de Bassac. Il d\u00e9cide d\u2019appeler ses compagnons &#8220;Missionnaires de Ste Th\u00e9r\u00e8se&#8221; :&nbsp;&#8220;missionnaires&#8221;, donc &#8220;ap\u00f4tres&#8221; selon J\u00e9sus-Christ, &#8220;de Ste Th\u00e9r\u00e8se&#8221; donc anim\u00e9s de &#8220;l&#8217;esprit de Ste Th\u00e9r\u00e8se&#8221;. <\/p>\n\n\n\n<div class=\"wp-block-media-text alignwide is-stacked-on-mobile\"><figure class=\"wp-block-media-text__media\"><img loading=\"lazy\" decoding=\"async\" width=\"1024\" height=\"682\" src=\"https:\/\/charente.catholique.fr\/ouest-charente\/wp-content\/uploads\/sites\/6\/2022\/07\/IMG_20220627_161649.jpg\" alt=\"\" class=\"wp-image-28124 size-full\" srcset=\"https:\/\/charente.catholique.fr\/ouest-charente\/wp-content\/uploads\/sites\/6\/2022\/07\/IMG_20220627_161649.jpg 1024w, https:\/\/charente.catholique.fr\/ouest-charente\/wp-content\/uploads\/sites\/6\/2022\/07\/IMG_20220627_161649-300x200.jpg 300w, https:\/\/charente.catholique.fr\/ouest-charente\/wp-content\/uploads\/sites\/6\/2022\/07\/IMG_20220627_161649-768x512.jpg 768w\" sizes=\"auto, (max-width: 1024px) 100vw, 1024px\" \/><\/figure><div class=\"wp-block-media-text__content\">\n<p class=\"has-large-font-size\">Cartes de l&#8217;abbaye datant de l&#8217;arriv\u00e9e des fr\u00e8res en 1947<\/p>\n\n\n\n<p><a href=\"https:\/\/photos.app.goo.gl\/ucs267VVwsYG5Ay56\">https:\/\/photos.app.goo.gl\/ucs267VVwsYG5Ay56<\/a><\/p>\n<\/div><\/div>\n\n\n\n<p class=\"has-text-align-center has-medium-font-size\"><strong>L&#8217;abbaye avant le  d\u00e9part pour Segonzac des fr\u00e8res en 2011<\/strong><\/p>\n\n\n\n<figure class=\"wp-block-embed is-type-video is-provider-youtube wp-block-embed-youtube wp-embed-aspect-16-9 wp-has-aspect-ratio\"><div class=\"wp-block-embed__wrapper\">\n<script>jQuery(function() {(tarteaucitron.job = tarteaucitron.job || []).push('youtube');});<\/script><div class=\"youtube_player\" videoID=\"Thn-828NOdI\" theme=\"light\" rel=\"0\" controls=\"1\" showinfo=\"1\" autoplay=\"0\"><\/div>\n<\/div><\/figure>\n","protected":false},"excerpt":{"rendered":"<p>En 1947, l&#8217;\u00e9v\u00eaque d&#8221;Angoul\u00eame fait appel au P\u00e8re Gabriel Martin pour venir rechristianiser la Charente. En \u00e9t\u00e9 1947, il fonde une nouvelle Congr\u00e9gation qui lui tient \u00e0 c\u0153ur et obtient de Mgr Cazaux, \u00e9v\u00eaque de Lu\u00e7on de partir avec quelques Missionnaires de la Plaine pour la Charente \u00e0 l\u2019abbaye de Bassac. Il d\u00e9cide d\u2019appeler ses [&hellip;]<\/p>\n","protected":false},"author":26,"featured_media":28122,"parent":27983,"menu_order":12,"comment_status":"closed","ping_status":"closed","template":"","meta":{"_acf_changed":false,"paroisse":[],"service":[],"footnotes":""},"class_list":["post-27987","page","type-page","status-publish","has-post-thumbnail","hentry"],"acf":[],"yoast_head":"<!-- This site is optimized with the Yoast SEO plugin v27.1.1 - https:\/\/yoast.com\/product\/yoast-seo-wordpress\/ -->\n<title>Notre histoire - Doyenn\u00e9 Ouest Charente<\/title>\n<meta name=\"robots\" content=\"index, follow, max-snippet:-1, max-image-preview:large, max-video-preview:-1\" \/>\n<link rel=\"canonical\" href=\"https:\/\/charente.catholique.fr\/ouest-charente\/congregation-des-freres-missionnaires-de-sainte-therese\/notre-histoire\/\" \/>\n<meta property=\"og:locale\" content=\"fr_FR\" \/>\n<meta property=\"og:type\" content=\"article\" \/>\n<meta property=\"og:title\" content=\"Notre histoire - Doyenn\u00e9 Ouest Charente\" \/>\n<meta property=\"og:description\" content=\"En 1947, l&#8217;\u00e9v\u00eaque d&#8221;Angoul\u00eame fait appel au P\u00e8re Gabriel Martin pour venir rechristianiser la Charente. En \u00e9t\u00e9 1947, il fonde une nouvelle Congr\u00e9gation qui lui tient \u00e0 c\u0153ur et obtient de Mgr Cazaux, \u00e9v\u00eaque de Lu\u00e7on de partir avec quelques Missionnaires de la Plaine pour la Charente \u00e0 l\u2019abbaye de Bassac. Il d\u00e9cide d\u2019appeler ses [&hellip;]\" \/>\n<meta property=\"og:url\" content=\"https:\/\/charente.catholique.fr\/ouest-charente\/congregation-des-freres-missionnaires-de-sainte-therese\/notre-histoire\/\" \/>\n<meta property=\"og:site_name\" content=\"Doyenn\u00e9 Ouest Charente\" \/>\n<meta property=\"article:publisher\" content=\"https:\/\/www.facebook.com\/EgliseCatholiqueCharente\" \/>\n<meta property=\"article:modified_time\" content=\"2022-07-12T19:20:47+00:00\" \/>\n<meta property=\"og:image\" content=\"https:\/\/charente.catholique.fr\/ouest-charente\/wp-content\/uploads\/sites\/6\/2022\/07\/img_20220627_161017-b.jpg\" \/>\n\t<meta property=\"og:image:width\" content=\"1024\" \/>\n\t<meta property=\"og:image:height\" content=\"546\" \/>\n\t<meta property=\"og:image:type\" content=\"image\/jpeg\" \/>\n<meta name=\"twitter:card\" content=\"summary_large_image\" \/>\n<meta name=\"twitter:site\" content=\"@diocesecharente\" \/>\n<meta name=\"twitter:label1\" content=\"Dur\u00e9e de lecture estim\u00e9e\" \/>\n\t<meta name=\"twitter:data1\" content=\"1 minute\" \/>\n<script type=\"application\/ld+json\" class=\"yoast-schema-graph\">{\"@context\":\"https:\/\/schema.org\",\"@graph\":[{\"@type\":\"WebPage\",\"@id\":\"https:\/\/charente.catholique.fr\/ouest-charente\/congregation-des-freres-missionnaires-de-sainte-therese\/notre-histoire\/\",\"url\":\"https:\/\/charente.catholique.fr\/ouest-charente\/congregation-des-freres-missionnaires-de-sainte-therese\/notre-histoire\/\",\"name\":\"Notre histoire - Doyenn\u00e9 Ouest Charente\",\"isPartOf\":{\"@id\":\"https:\/\/charente.catholique.fr\/ouest-charente\/#website\"},\"primaryImageOfPage\":{\"@id\":\"https:\/\/charente.catholique.fr\/ouest-charente\/congregation-des-freres-missionnaires-de-sainte-therese\/notre-histoire\/#primaryimage\"},\"image\":{\"@id\":\"https:\/\/charente.catholique.fr\/ouest-charente\/congregation-des-freres-missionnaires-de-sainte-therese\/notre-histoire\/#primaryimage\"},\"thumbnailUrl\":\"https:\/\/charente.catholique.fr\/ouest-charente\/wp-content\/uploads\/sites\/6\/2022\/07\/img_20220627_161017-b.jpg\",\"datePublished\":\"2022-06-28T07:51:27+00:00\",\"dateModified\":\"2022-07-12T19:20:47+00:00\",\"breadcrumb\":{\"@id\":\"https:\/\/charente.catholique.fr\/ouest-charente\/congregation-des-freres-missionnaires-de-sainte-therese\/notre-histoire\/#breadcrumb\"},\"inLanguage\":\"fr-FR\",\"potentialAction\":[{\"@type\":\"ReadAction\",\"target\":[\"https:\/\/charente.catholique.fr\/ouest-charente\/congregation-des-freres-missionnaires-de-sainte-therese\/notre-histoire\/\"]}]},{\"@type\":\"ImageObject\",\"inLanguage\":\"fr-FR\",\"@id\":\"https:\/\/charente.catholique.fr\/ouest-charente\/congregation-des-freres-missionnaires-de-sainte-therese\/notre-histoire\/#primaryimage\",\"url\":\"https:\/\/charente.catholique.fr\/ouest-charente\/wp-content\/uploads\/sites\/6\/2022\/07\/img_20220627_161017-b.jpg\",\"contentUrl\":\"https:\/\/charente.catholique.fr\/ouest-charente\/wp-content\/uploads\/sites\/6\/2022\/07\/img_20220627_161017-b.jpg\",\"width\":1024,\"height\":546},{\"@type\":\"BreadcrumbList\",\"@id\":\"https:\/\/charente.catholique.fr\/ouest-charente\/congregation-des-freres-missionnaires-de-sainte-therese\/notre-histoire\/#breadcrumb\",\"itemListElement\":[{\"@type\":\"ListItem\",\"position\":1,\"name\":\"Accueil\",\"item\":\"https:\/\/charente.catholique.fr\/ouest-charente\/\"},{\"@type\":\"ListItem\",\"position\":2,\"name\":\"Les Fr\u00e8res Missionnaires de Sainte Th\u00e9r\u00e8se\",\"item\":\"https:\/\/charente.catholique.fr\/ouest-charente\/congregation-des-freres-missionnaires-de-sainte-therese\/\"},{\"@type\":\"ListItem\",\"position\":3,\"name\":\"Notre histoire\"}]},{\"@type\":\"WebSite\",\"@id\":\"https:\/\/charente.catholique.fr\/ouest-charente\/#website\",\"url\":\"https:\/\/charente.catholique.fr\/ouest-charente\/\",\"name\":\"Doyenn\u00e9 Ouest Charente - Dioc\u00e8se d'Angoul\u00eame\",\"description\":\"Dioc\u00e8se d&#039;Angoul\u00eame\",\"publisher\":{\"@id\":\"https:\/\/charente.catholique.fr\/ouest-charente\/#organization\"},\"potentialAction\":[{\"@type\":\"SearchAction\",\"target\":{\"@type\":\"EntryPoint\",\"urlTemplate\":\"https:\/\/charente.catholique.fr\/ouest-charente\/?s={search_term_string}\"},\"query-input\":{\"@type\":\"PropertyValueSpecification\",\"valueRequired\":true,\"valueName\":\"search_term_string\"}}],\"inLanguage\":\"fr-FR\"},{\"@type\":\"Organization\",\"@id\":\"https:\/\/charente.catholique.fr\/ouest-charente\/#organization\",\"name\":\"Association dioc\u00e9saine d'Angoul\u00eame\",\"url\":\"https:\/\/charente.catholique.fr\/ouest-charente\/\",\"logo\":{\"@type\":\"ImageObject\",\"inLanguage\":\"fr-FR\",\"@id\":\"https:\/\/charente.catholique.fr\/ouest-charente\/#\/schema\/logo\/image\/\",\"url\":\"https:\/\/charente.catholique.fr\/ouest-charente\/wp-content\/uploads\/sites\/6\/2020\/10\/logos.png\",\"contentUrl\":\"https:\/\/charente.catholique.fr\/ouest-charente\/wp-content\/uploads\/sites\/6\/2020\/10\/logos.png\",\"width\":600,\"height\":257,\"caption\":\"Association dioc\u00e9saine d'Angoul\u00eame\"},\"image\":{\"@id\":\"https:\/\/charente.catholique.fr\/ouest-charente\/#\/schema\/logo\/image\/\"},\"sameAs\":[\"https:\/\/www.facebook.com\/EgliseCatholiqueCharente\",\"https:\/\/x.com\/diocesecharente\",\"https:\/\/www.instagram.com\/eglisecharente\",\"https:\/\/www.youtube.com\/channel\/UCByyFWApZbw3gDTiADoiAaQ\"]}]}<\/script>\n<!-- \/ Yoast SEO plugin. -->","yoast_head_json":{"title":"Notre histoire - Doyenn\u00e9 Ouest Charente","robots":{"index":"index","follow":"follow","max-snippet":"max-snippet:-1","max-image-preview":"max-image-preview:large","max-video-preview":"max-video-preview:-1"},"canonical":"https:\/\/charente.catholique.fr\/ouest-charente\/congregation-des-freres-missionnaires-de-sainte-therese\/notre-histoire\/","og_locale":"fr_FR","og_type":"article","og_title":"Notre histoire - Doyenn\u00e9 Ouest Charente","og_description":"En 1947, l&#8217;\u00e9v\u00eaque d&#8221;Angoul\u00eame fait appel au P\u00e8re Gabriel Martin pour venir rechristianiser la Charente. En \u00e9t\u00e9 1947, il fonde une nouvelle Congr\u00e9gation qui lui tient \u00e0 c\u0153ur et obtient de Mgr Cazaux, \u00e9v\u00eaque de Lu\u00e7on de partir avec quelques Missionnaires de la Plaine pour la Charente \u00e0 l\u2019abbaye de Bassac. Il d\u00e9cide d\u2019appeler ses [&hellip;]","og_url":"https:\/\/charente.catholique.fr\/ouest-charente\/congregation-des-freres-missionnaires-de-sainte-therese\/notre-histoire\/","og_site_name":"Doyenn\u00e9 Ouest Charente","article_publisher":"https:\/\/www.facebook.com\/EgliseCatholiqueCharente","article_modified_time":"2022-07-12T19:20:47+00:00","og_image":[{"width":1024,"height":546,"url":"https:\/\/charente.catholique.fr\/ouest-charente\/wp-content\/uploads\/sites\/6\/2022\/07\/img_20220627_161017-b.jpg","type":"image\/jpeg"}],"twitter_card":"summary_large_image","twitter_site":"@diocesecharente","twitter_misc":{"Dur\u00e9e de lecture estim\u00e9e":"1 minute"},"schema":{"@context":"https:\/\/schema.org","@graph":[{"@type":"WebPage","@id":"https:\/\/charente.catholique.fr\/ouest-charente\/congregation-des-freres-missionnaires-de-sainte-therese\/notre-histoire\/","url":"https:\/\/charente.catholique.fr\/ouest-charente\/congregation-des-freres-missionnaires-de-sainte-therese\/notre-histoire\/","name":"Notre histoire - Doyenn\u00e9 Ouest Charente","isPartOf":{"@id":"https:\/\/charente.catholique.fr\/ouest-charente\/#website"},"primaryImageOfPage":{"@id":"https:\/\/charente.catholique.fr\/ouest-charente\/congregation-des-freres-missionnaires-de-sainte-therese\/notre-histoire\/#primaryimage"},"image":{"@id":"https:\/\/charente.catholique.fr\/ouest-charente\/congregation-des-freres-missionnaires-de-sainte-therese\/notre-histoire\/#primaryimage"},"thumbnailUrl":"https:\/\/charente.catholique.fr\/ouest-charente\/wp-content\/uploads\/sites\/6\/2022\/07\/img_20220627_161017-b.jpg","datePublished":"2022-06-28T07:51:27+00:00","dateModified":"2022-07-12T19:20:47+00:00","breadcrumb":{"@id":"https:\/\/charente.catholique.fr\/ouest-charente\/congregation-des-freres-missionnaires-de-sainte-therese\/notre-histoire\/#breadcrumb"},"inLanguage":"fr-FR","potentialAction":[{"@type":"ReadAction","target":["https:\/\/charente.catholique.fr\/ouest-charente\/congregation-des-freres-missionnaires-de-sainte-therese\/notre-histoire\/"]}]},{"@type":"ImageObject","inLanguage":"fr-FR","@id":"https:\/\/charente.catholique.fr\/ouest-charente\/congregation-des-freres-missionnaires-de-sainte-therese\/notre-histoire\/#primaryimage","url":"https:\/\/charente.catholique.fr\/ouest-charente\/wp-content\/uploads\/sites\/6\/2022\/07\/img_20220627_161017-b.jpg","contentUrl":"https:\/\/charente.catholique.fr\/ouest-charente\/wp-content\/uploads\/sites\/6\/2022\/07\/img_20220627_161017-b.jpg","width":1024,"height":546},{"@type":"BreadcrumbList","@id":"https:\/\/charente.catholique.fr\/ouest-charente\/congregation-des-freres-missionnaires-de-sainte-therese\/notre-histoire\/#breadcrumb","itemListElement":[{"@type":"ListItem","position":1,"name":"Accueil","item":"https:\/\/charente.catholique.fr\/ouest-charente\/"},{"@type":"ListItem","position":2,"name":"Les Fr\u00e8res Missionnaires de Sainte Th\u00e9r\u00e8se","item":"https:\/\/charente.catholique.fr\/ouest-charente\/congregation-des-freres-missionnaires-de-sainte-therese\/"},{"@type":"ListItem","position":3,"name":"Notre histoire"}]},{"@type":"WebSite","@id":"https:\/\/charente.catholique.fr\/ouest-charente\/#website","url":"https:\/\/charente.catholique.fr\/ouest-charente\/","name":"Doyenn\u00e9 Ouest Charente - Dioc\u00e8se d'Angoul\u00eame","description":"Dioc\u00e8se d&#039;Angoul\u00eame","publisher":{"@id":"https:\/\/charente.catholique.fr\/ouest-charente\/#organization"},"potentialAction":[{"@type":"SearchAction","target":{"@type":"EntryPoint","urlTemplate":"https:\/\/charente.catholique.fr\/ouest-charente\/?s={search_term_string}"},"query-input":{"@type":"PropertyValueSpecification","valueRequired":true,"valueName":"search_term_string"}}],"inLanguage":"fr-FR"},{"@type":"Organization","@id":"https:\/\/charente.catholique.fr\/ouest-charente\/#organization","name":"Association dioc\u00e9saine d'Angoul\u00eame","url":"https:\/\/charente.catholique.fr\/ouest-charente\/","logo":{"@type":"ImageObject","inLanguage":"fr-FR","@id":"https:\/\/charente.catholique.fr\/ouest-charente\/#\/schema\/logo\/image\/","url":"https:\/\/charente.catholique.fr\/ouest-charente\/wp-content\/uploads\/sites\/6\/2020\/10\/logos.png","contentUrl":"https:\/\/charente.catholique.fr\/ouest-charente\/wp-content\/uploads\/sites\/6\/2020\/10\/logos.png","width":600,"height":257,"caption":"Association dioc\u00e9saine d'Angoul\u00eame"},"image":{"@id":"https:\/\/charente.catholique.fr\/ouest-charente\/#\/schema\/logo\/image\/"},"sameAs":["https:\/\/www.facebook.com\/EgliseCatholiqueCharente","https:\/\/x.com\/diocesecharente","https:\/\/www.instagram.com\/eglisecharente","https:\/\/www.youtube.com\/channel\/UCByyFWApZbw3gDTiADoiAaQ"]}]}},"_links":{"self":[{"href":"https:\/\/charente.catholique.fr\/ouest-charente\/wp-json\/wp\/v2\/pages\/27987","targetHints":{"allow":["GET"]}}],"collection":[{"href":"https:\/\/charente.catholique.fr\/ouest-charente\/wp-json\/wp\/v2\/pages"}],"about":[{"href":"https:\/\/charente.catholique.fr\/ouest-charente\/wp-json\/wp\/v2\/types\/page"}],"author":[{"embeddable":true,"href":"https:\/\/charente.catholique.fr\/ouest-charente\/wp-json\/wp\/v2\/users\/26"}],"replies":[{"embeddable":true,"href":"https:\/\/charente.catholique.fr\/ouest-charente\/wp-json\/wp\/v2\/comments?post=27987"}],"version-history":[{"count":7,"href":"https:\/\/charente.catholique.fr\/ouest-charente\/wp-json\/wp\/v2\/pages\/27987\/revisions"}],"predecessor-version":[{"id":28450,"href":"https:\/\/charente.catholique.fr\/ouest-charente\/wp-json\/wp\/v2\/pages\/27987\/revisions\/28450"}],"up":[{"embeddable":true,"href":"https:\/\/charente.catholique.fr\/ouest-charente\/wp-json\/wp\/v2\/pages\/27983"}],"wp:featuredmedia":[{"embeddable":true,"href":"https:\/\/charente.catholique.fr\/ouest-charente\/wp-json\/wp\/v2\/media\/28122"}],"wp:attachment":[{"href":"https:\/\/charente.catholique.fr\/ouest-charente\/wp-json\/wp\/v2\/media?parent=27987"}],"curies":[{"name":"wp","href":"https:\/\/api.w.org\/{rel}","templated":true}]}}