{"id":27,"date":"2020-07-13T17:01:15","date_gmt":"2020-07-13T15:01:15","guid":{"rendered":"https:\/\/charente.catholique.fr\/nord-charente\/?page_id=27"},"modified":"2025-12-04T15:19:27","modified_gmt":"2025-12-04T14:19:27","slug":"actualites","status":"publish","type":"page","link":"https:\/\/charente.catholique.fr\/nord-charente\/","title":{"rendered":"Bienvenue dans le doyenn\u00e9 Nord Charente"},"content":{"rendered":"\n<p>Le Doyenn\u00e9 Nord-Charente se compose de 4 PAROISSES : Aigre, Mansle, Ruffec et Villefagnan<\/p>\n\n\n\n<ul class=\"wp-block-list\">\n<li>Le P\u00e8re Gustave SAWADOGO est le doyen du doyenn\u00e9 Nord et cur\u00e9 des paroisses de Ruffec, Villefagnan et Aigre\u202f\u00a0<\/li>\n<\/ul>\n\n\n\n<p>Le P\u00e8re Gustave Sawadogo se pr\u00e9sente au micro de RCF Charente :<\/p>\n\n\n<p><iframe allowfullscreen width=100% height=140px src=\"https:\/\/www.rcf.fr\/vie-spirituelle\/ces-pretres-qui-viennent-dailleurs\/embed?episodeId=506478\"><\/iframe><\/p>\n\n\n\n<ul class=\"wp-block-list\">\n<li>Le P\u00e8re Christian NGANGA est vicaire au service du doyenn\u00e9 Nord\u202f\u202f\u00a0<\/li>\n\n\n\n<li>Le P\u00e8re Michel HOANG est cur\u00e9 de Mansle.<\/li>\n<\/ul>\n\n\n\n<p>Le dimanche, une messe est c\u00e9l\u00e9br\u00e9e dans chaque paroisse  \u00e0 10 h 30.<br> <\/p>\n\n\n\n<p>Des permanences sont assur\u00e9es dans chaque paroisse<\/p>\n\n\n\n<ul class=\"wp-block-list\">\n<li>Aigre : mercredi de 10h \u00e0 12h \u00e0 la maison paroissiale &#8211; 6 rue du Temple &#8211; 07 45 14 47 47<\/li>\n\n\n\n<li>Mansle : mardi et mercredi 14 h 30-16 h 30 jeudi, Vendredi et Samedi 9 h 30 \u00e0 16 h 30 &#8211; Presbyt\u00e8re &#8211; Rue des Ponts <\/li>\n\n\n\n<li>Ruffec : du mardi au samedi, de 10 h \u00e0 12 h au presbyt\u00e8re &#8211; 20 rue Saint Andr\u00e9 \u2013 05 45 29 01 72<\/li>\n\n\n\n<li>Villefagnan : le mardi de 14 h 30 \u00e0 16 h 30 (sauf vacances scolaires) &#8211; Presbyt\u00e8re &#8211; 5 rue Patient &#8211; 05 45 3161 07 <\/li>\n<\/ul>\n\n\n\n<p><\/p>\n","protected":false},"excerpt":{"rendered":"<p>Le Doyenn\u00e9 Nord-Charente se compose de 4 PAROISSES : Aigre, Mansle, Ruffec et Villefagnan Le P\u00e8re Gustave Sawadogo se pr\u00e9sente au micro de RCF Charente : Le dimanche, une messe est c\u00e9l\u00e9br\u00e9e dans chaque paroisse \u00e0 10 h 30. Des permanences sont assur\u00e9es dans chaque paroisse<\/p>\n","protected":false},"author":1,"featured_media":9587,"parent":0,"menu_order":1,"comment_status":"closed","ping_status":"closed","template":"actualites.php","meta":{"_acf_changed":false,"paroisse":["0"],"service":[],"footnotes":""},"class_list":["post-27","page","type-page","status-publish","has-post-thumbnail","hentry"],"acf":[],"yoast_head":"<!-- This site is optimized with the Yoast SEO plugin v27.1.1 - https:\/\/yoast.com\/product\/yoast-seo-wordpress\/ -->\n<title>Bienvenue dans le doyenn\u00e9 Nord Charente - Doyenn\u00e9 Nord Charente<\/title>\n<meta name=\"robots\" content=\"index, follow, max-snippet:-1, max-image-preview:large, max-video-preview:-1\" \/>\n<link rel=\"canonical\" href=\"https:\/\/charente.catholique.fr\/nord-charente\/\" \/>\n<meta property=\"og:locale\" content=\"fr_FR\" \/>\n<meta property=\"og:type\" content=\"article\" \/>\n<meta property=\"og:title\" content=\"Bienvenue dans le doyenn\u00e9 Nord Charente - Doyenn\u00e9 Nord Charente\" \/>\n<meta property=\"og:description\" content=\"Le Doyenn\u00e9 Nord-Charente se compose de 4 PAROISSES : Aigre, Mansle, Ruffec et Villefagnan Le P\u00e8re Gustave Sawadogo se pr\u00e9sente au micro de RCF Charente : Le dimanche, une messe est c\u00e9l\u00e9br\u00e9e dans chaque paroisse \u00e0 10 h 30. Des permanences sont assur\u00e9es dans chaque paroisse\" \/>\n<meta property=\"og:url\" content=\"https:\/\/charente.catholique.fr\/nord-charente\/\" \/>\n<meta property=\"og:site_name\" content=\"Doyenn\u00e9 Nord Charente\" \/>\n<meta property=\"article:publisher\" content=\"https:\/\/www.facebook.com\/EgliseCatholiqueCharente\" \/>\n<meta property=\"article:modified_time\" content=\"2025-12-04T14:19:27+00:00\" \/>\n<meta property=\"og:image\" content=\"https:\/\/charente.catholique.fr\/nord-charente\/wp-content\/uploads\/sites\/4\/2025\/12\/54393121316_0106f30e2d_k.jpg\" \/>\n\t<meta property=\"og:image:width\" content=\"2048\" \/>\n\t<meta property=\"og:image:height\" content=\"1366\" \/>\n\t<meta property=\"og:image:type\" content=\"image\/jpeg\" \/>\n<meta name=\"twitter:card\" content=\"summary_large_image\" \/>\n<meta name=\"twitter:site\" content=\"@diocesecharente\" \/>\n<meta name=\"twitter:label1\" content=\"Dur\u00e9e de lecture estim\u00e9e\" \/>\n\t<meta name=\"twitter:data1\" content=\"2 minutes\" \/>\n<script type=\"application\/ld+json\" class=\"yoast-schema-graph\">{\"@context\":\"https:\/\/schema.org\",\"@graph\":[{\"@type\":\"WebPage\",\"@id\":\"https:\/\/charente.catholique.fr\/nord-charente\/\",\"url\":\"https:\/\/charente.catholique.fr\/nord-charente\/\",\"name\":\"Bienvenue dans le doyenn\u00e9 Nord Charente - Doyenn\u00e9 Nord Charente\",\"isPartOf\":{\"@id\":\"https:\/\/charente.catholique.fr\/nord-charente\/#website\"},\"primaryImageOfPage\":{\"@id\":\"https:\/\/charente.catholique.fr\/nord-charente\/#primaryimage\"},\"image\":{\"@id\":\"https:\/\/charente.catholique.fr\/nord-charente\/#primaryimage\"},\"thumbnailUrl\":\"https:\/\/charente.catholique.fr\/nord-charente\/wp-content\/uploads\/sites\/4\/2025\/12\/54393121316_0106f30e2d_k.jpg\",\"datePublished\":\"2020-07-13T15:01:15+00:00\",\"dateModified\":\"2025-12-04T14:19:27+00:00\",\"breadcrumb\":{\"@id\":\"https:\/\/charente.catholique.fr\/nord-charente\/#breadcrumb\"},\"inLanguage\":\"fr-FR\",\"potentialAction\":[{\"@type\":\"ReadAction\",\"target\":[\"https:\/\/charente.catholique.fr\/nord-charente\/\"]}]},{\"@type\":\"ImageObject\",\"inLanguage\":\"fr-FR\",\"@id\":\"https:\/\/charente.catholique.fr\/nord-charente\/#primaryimage\",\"url\":\"https:\/\/charente.catholique.fr\/nord-charente\/wp-content\/uploads\/sites\/4\/2025\/12\/54393121316_0106f30e2d_k.jpg\",\"contentUrl\":\"https:\/\/charente.catholique.fr\/nord-charente\/wp-content\/uploads\/sites\/4\/2025\/12\/54393121316_0106f30e2d_k.jpg\",\"width\":2048,\"height\":1366},{\"@type\":\"BreadcrumbList\",\"@id\":\"https:\/\/charente.catholique.fr\/nord-charente\/#breadcrumb\",\"itemListElement\":[{\"@type\":\"ListItem\",\"position\":1,\"name\":\"Accueil\",\"item\":\"https:\/\/charente.catholique.fr\/nord-charente\/\"},{\"@type\":\"ListItem\",\"position\":2,\"name\":\"Bienvenue dans le doyenn\u00e9 Nord Charente\"}]},{\"@type\":\"WebSite\",\"@id\":\"https:\/\/charente.catholique.fr\/nord-charente\/#website\",\"url\":\"https:\/\/charente.catholique.fr\/nord-charente\/\",\"name\":\"Doyenn\u00e9 Nord Charente - Dioc\u00e8se d'Angoul\u00eame\",\"description\":\"Dioc\u00e8se d&#039;Angoul\u00eame\",\"publisher\":{\"@id\":\"https:\/\/charente.catholique.fr\/nord-charente\/#organization\"},\"potentialAction\":[{\"@type\":\"SearchAction\",\"target\":{\"@type\":\"EntryPoint\",\"urlTemplate\":\"https:\/\/charente.catholique.fr\/nord-charente\/?s={search_term_string}\"},\"query-input\":{\"@type\":\"PropertyValueSpecification\",\"valueRequired\":true,\"valueName\":\"search_term_string\"}}],\"inLanguage\":\"fr-FR\"},{\"@type\":\"Organization\",\"@id\":\"https:\/\/charente.catholique.fr\/nord-charente\/#organization\",\"name\":\"Association dioc\u00e9saine d'Angoul\u00eame\",\"url\":\"https:\/\/charente.catholique.fr\/nord-charente\/\",\"logo\":{\"@type\":\"ImageObject\",\"inLanguage\":\"fr-FR\",\"@id\":\"https:\/\/charente.catholique.fr\/nord-charente\/#\/schema\/logo\/image\/\",\"url\":\"https:\/\/charente.catholique.fr\/nord-charente\/wp-content\/uploads\/sites\/4\/2020\/10\/logos.png\",\"contentUrl\":\"https:\/\/charente.catholique.fr\/nord-charente\/wp-content\/uploads\/sites\/4\/2020\/10\/logos.png\",\"width\":600,\"height\":257,\"caption\":\"Association dioc\u00e9saine d'Angoul\u00eame\"},\"image\":{\"@id\":\"https:\/\/charente.catholique.fr\/nord-charente\/#\/schema\/logo\/image\/\"},\"sameAs\":[\"https:\/\/www.facebook.com\/EgliseCatholiqueCharente\",\"https:\/\/x.com\/diocesecharente\",\"https:\/\/www.instagram.com\/eglisecharente\",\"https:\/\/www.youtube.com\/channel\/UCByyFWApZbw3gDTiADoiAaQ\"]}]}<\/script>\n<!-- \/ Yoast SEO plugin. -->","yoast_head_json":{"title":"Bienvenue dans le doyenn\u00e9 Nord Charente - Doyenn\u00e9 Nord Charente","robots":{"index":"index","follow":"follow","max-snippet":"max-snippet:-1","max-image-preview":"max-image-preview:large","max-video-preview":"max-video-preview:-1"},"canonical":"https:\/\/charente.catholique.fr\/nord-charente\/","og_locale":"fr_FR","og_type":"article","og_title":"Bienvenue dans le doyenn\u00e9 Nord Charente - Doyenn\u00e9 Nord Charente","og_description":"Le Doyenn\u00e9 Nord-Charente se compose de 4 PAROISSES : Aigre, Mansle, Ruffec et Villefagnan Le P\u00e8re Gustave Sawadogo se pr\u00e9sente au micro de RCF Charente : Le dimanche, une messe est c\u00e9l\u00e9br\u00e9e dans chaque paroisse \u00e0 10 h 30. Des permanences sont assur\u00e9es dans chaque paroisse","og_url":"https:\/\/charente.catholique.fr\/nord-charente\/","og_site_name":"Doyenn\u00e9 Nord Charente","article_publisher":"https:\/\/www.facebook.com\/EgliseCatholiqueCharente","article_modified_time":"2025-12-04T14:19:27+00:00","og_image":[{"width":2048,"height":1366,"url":"https:\/\/charente.catholique.fr\/nord-charente\/wp-content\/uploads\/sites\/4\/2025\/12\/54393121316_0106f30e2d_k.jpg","type":"image\/jpeg"}],"twitter_card":"summary_large_image","twitter_site":"@diocesecharente","twitter_misc":{"Dur\u00e9e de lecture estim\u00e9e":"2 minutes"},"schema":{"@context":"https:\/\/schema.org","@graph":[{"@type":"WebPage","@id":"https:\/\/charente.catholique.fr\/nord-charente\/","url":"https:\/\/charente.catholique.fr\/nord-charente\/","name":"Bienvenue dans le doyenn\u00e9 Nord Charente - Doyenn\u00e9 Nord Charente","isPartOf":{"@id":"https:\/\/charente.catholique.fr\/nord-charente\/#website"},"primaryImageOfPage":{"@id":"https:\/\/charente.catholique.fr\/nord-charente\/#primaryimage"},"image":{"@id":"https:\/\/charente.catholique.fr\/nord-charente\/#primaryimage"},"thumbnailUrl":"https:\/\/charente.catholique.fr\/nord-charente\/wp-content\/uploads\/sites\/4\/2025\/12\/54393121316_0106f30e2d_k.jpg","datePublished":"2020-07-13T15:01:15+00:00","dateModified":"2025-12-04T14:19:27+00:00","breadcrumb":{"@id":"https:\/\/charente.catholique.fr\/nord-charente\/#breadcrumb"},"inLanguage":"fr-FR","potentialAction":[{"@type":"ReadAction","target":["https:\/\/charente.catholique.fr\/nord-charente\/"]}]},{"@type":"ImageObject","inLanguage":"fr-FR","@id":"https:\/\/charente.catholique.fr\/nord-charente\/#primaryimage","url":"https:\/\/charente.catholique.fr\/nord-charente\/wp-content\/uploads\/sites\/4\/2025\/12\/54393121316_0106f30e2d_k.jpg","contentUrl":"https:\/\/charente.catholique.fr\/nord-charente\/wp-content\/uploads\/sites\/4\/2025\/12\/54393121316_0106f30e2d_k.jpg","width":2048,"height":1366},{"@type":"BreadcrumbList","@id":"https:\/\/charente.catholique.fr\/nord-charente\/#breadcrumb","itemListElement":[{"@type":"ListItem","position":1,"name":"Accueil","item":"https:\/\/charente.catholique.fr\/nord-charente\/"},{"@type":"ListItem","position":2,"name":"Bienvenue dans le doyenn\u00e9 Nord Charente"}]},{"@type":"WebSite","@id":"https:\/\/charente.catholique.fr\/nord-charente\/#website","url":"https:\/\/charente.catholique.fr\/nord-charente\/","name":"Doyenn\u00e9 Nord Charente - Dioc\u00e8se d'Angoul\u00eame","description":"Dioc\u00e8se d&#039;Angoul\u00eame","publisher":{"@id":"https:\/\/charente.catholique.fr\/nord-charente\/#organization"},"potentialAction":[{"@type":"SearchAction","target":{"@type":"EntryPoint","urlTemplate":"https:\/\/charente.catholique.fr\/nord-charente\/?s={search_term_string}"},"query-input":{"@type":"PropertyValueSpecification","valueRequired":true,"valueName":"search_term_string"}}],"inLanguage":"fr-FR"},{"@type":"Organization","@id":"https:\/\/charente.catholique.fr\/nord-charente\/#organization","name":"Association dioc\u00e9saine d'Angoul\u00eame","url":"https:\/\/charente.catholique.fr\/nord-charente\/","logo":{"@type":"ImageObject","inLanguage":"fr-FR","@id":"https:\/\/charente.catholique.fr\/nord-charente\/#\/schema\/logo\/image\/","url":"https:\/\/charente.catholique.fr\/nord-charente\/wp-content\/uploads\/sites\/4\/2020\/10\/logos.png","contentUrl":"https:\/\/charente.catholique.fr\/nord-charente\/wp-content\/uploads\/sites\/4\/2020\/10\/logos.png","width":600,"height":257,"caption":"Association dioc\u00e9saine d'Angoul\u00eame"},"image":{"@id":"https:\/\/charente.catholique.fr\/nord-charente\/#\/schema\/logo\/image\/"},"sameAs":["https:\/\/www.facebook.com\/EgliseCatholiqueCharente","https:\/\/x.com\/diocesecharente","https:\/\/www.instagram.com\/eglisecharente","https:\/\/www.youtube.com\/channel\/UCByyFWApZbw3gDTiADoiAaQ"]}]}},"_links":{"self":[{"href":"https:\/\/charente.catholique.fr\/nord-charente\/wp-json\/wp\/v2\/pages\/27","targetHints":{"allow":["GET"]}}],"collection":[{"href":"https:\/\/charente.catholique.fr\/nord-charente\/wp-json\/wp\/v2\/pages"}],"about":[{"href":"https:\/\/charente.catholique.fr\/nord-charente\/wp-json\/wp\/v2\/types\/page"}],"author":[{"embeddable":true,"href":"https:\/\/charente.catholique.fr\/nord-charente\/wp-json\/wp\/v2\/users\/1"}],"replies":[{"embeddable":true,"href":"https:\/\/charente.catholique.fr\/nord-charente\/wp-json\/wp\/v2\/comments?post=27"}],"version-history":[{"count":9,"href":"https:\/\/charente.catholique.fr\/nord-charente\/wp-json\/wp\/v2\/pages\/27\/revisions"}],"predecessor-version":[{"id":7553,"href":"https:\/\/charente.catholique.fr\/nord-charente\/wp-json\/wp\/v2\/pages\/27\/revisions\/7553"}],"wp:featuredmedia":[{"embeddable":true,"href":"https:\/\/charente.catholique.fr\/nord-charente\/wp-json\/wp\/v2\/media\/9587"}],"wp:attachment":[{"href":"https:\/\/charente.catholique.fr\/nord-charente\/wp-json\/wp\/v2\/media?parent=27"}],"curies":[{"name":"wp","href":"https:\/\/api.w.org\/{rel}","templated":true}]}}