{"id":995,"date":"2024-02-16T10:41:03","date_gmt":"2024-02-16T09:41:03","guid":{"rendered":"https:\/\/charente.catholique.fr\/maison-diocesaine\/?page_id=995"},"modified":"2024-02-16T10:42:11","modified_gmt":"2024-02-16T09:42:11","slug":"presentation-de-la-librairie","status":"publish","type":"page","link":"https:\/\/charente.catholique.fr\/maison-diocesaine\/librairie-le-bon-grain\/presentation-de-la-librairie\/","title":{"rendered":"Pr\u00e9sentation de la Librairie Le Bon Grain"},"content":{"rendered":"\n<p>Le <strong>12 Novembre 2022<\/strong>, la librairie &nbsp;<strong>Le Bon Grain (anciennement Le Monde de Th\u00e9o) <\/strong>&nbsp;ouvrait ses portes avec la b\u00e9n\u00e9diction de Mgr Gosselin . Cela faisait plus de deux ans que cet espace, nich\u00e9 au c\u0153ur du clo\u00eetre de la Maison Dioc\u00e9saine d&#8217;Angoul\u00eame, n&#8217;avait plus accueilli de nouveaux livres. Pourquoi ce changement de nom&nbsp;?  La librairie &nbsp;a d\u00fb changer son mode de fonctionnement pour rena\u00eetre &nbsp;: avant, d\u00e9p\u00f4t de livres des \u00e9ditions CRER Bayard, aujourd\u2019hui librairie \u00e0 part enti\u00e8re ayant acc\u00e8s \u00e0 un panel d\u2019\u00e9diteurs \u00e9largis (plus de 90 % des titres). En renaissant sous un nouveau nom, <strong>&nbsp;Le Bon Grain <\/strong>voulait marquer le changement ! &nbsp;<br>Le Bon Grain reste toutefois une librairie associative qui fonctionne gr\u00e2ce \u00e0 l\u2019investissement d\u2019une douzaine de b\u00e9n\u00e9voles.<\/p>\n\n\n\n<p>La librairie vous accueille du <strong>mardi au vendredi de 10h \u00e0 13H et de 15h \u00e0 18H<\/strong> et le <strong>samedi sans interruption de 10H \u00e0 16H<\/strong>.<\/p>\n\n\n\n<p>Un large choix d&#8217;ouvrages &nbsp;vous &nbsp;est propos\u00e9, privil\u00e9giant les auteurs religieux et les livres porteurs de sens sans oublier la bande-dessin\u00e9e, nous sommes tout de m\u00eame \u00e0 Angoul\u00eame ! Vous pourrez \u00e9galement trouver dans la librairie <strong>&nbsp;des objets religieux<\/strong>, des bougies, des ic\u00f4nes, des m\u00e9dailles\u2026.<\/p>\n\n\n\n<p><strong>Un titre, un objet en t\u00eate&nbsp;? <\/strong>&nbsp;n&#8217;h\u00e9sitez pas \u00e0 nous appeler ou nous envoyer un SMS directement au&nbsp;<strong>06 95 06 20 24<\/strong>, \u00e0 nous&nbsp;envoyer un mail sur <strong>librairie@dio16.fr<\/strong>, pour v\u00e9rifier sa disponibilit\u00e9 ou pour passer commande (7 \u00e0 10 jours de d\u00e9lai).<\/p>\n\n\n\n<p>Vous trouverez sur cette page nos <strong>\u00e9v\u00e8nements<\/strong>, nos <strong>&nbsp;s\u00e9lections du mois<\/strong> en en fonction de l\u2019actualit\u00e9 religieuse et dioc\u00e9saine, ainsi nos livres <strong>coups de c\u0153ur<\/strong>.<\/p>\n","protected":false},"excerpt":{"rendered":"<p>Le 12 Novembre 2022, la librairie &nbsp;Le Bon Grain (anciennement Le Monde de Th\u00e9o) &nbsp;ouvrait ses portes avec la b\u00e9n\u00e9diction de Mgr Gosselin . Cela faisait plus de deux ans que cet espace, nich\u00e9 au c\u0153ur du clo\u00eetre de la Maison Dioc\u00e9saine d&#8217;Angoul\u00eame, n&#8217;avait plus accueilli de nouveaux livres. Pourquoi ce changement de nom&nbsp;? La [&hellip;]<\/p>\n","protected":false},"author":3,"featured_media":531,"parent":134,"menu_order":0,"comment_status":"closed","ping_status":"closed","template":"","meta":{"_acf_changed":false,"paroisse":[],"service":[],"footnotes":""},"class_list":["post-995","page","type-page","status-publish","has-post-thumbnail","hentry"],"acf":[],"yoast_head":"<!-- This site is optimized with the Yoast SEO plugin v27.1.1 - https:\/\/yoast.com\/product\/yoast-seo-wordpress\/ -->\n<title>Pr\u00e9sentation de la Librairie Le Bon Grain - Maison Dioc\u00e9saine<\/title>\n<meta name=\"robots\" content=\"index, follow, max-snippet:-1, max-image-preview:large, max-video-preview:-1\" \/>\n<link rel=\"canonical\" href=\"https:\/\/charente.catholique.fr\/maison-diocesaine\/librairie-le-bon-grain\/presentation-de-la-librairie\/\" \/>\n<meta property=\"og:locale\" content=\"fr_FR\" \/>\n<meta property=\"og:type\" content=\"article\" \/>\n<meta property=\"og:title\" content=\"Pr\u00e9sentation de la Librairie Le Bon Grain - Maison Dioc\u00e9saine\" \/>\n<meta property=\"og:description\" content=\"Le 12 Novembre 2022, la librairie &nbsp;Le Bon Grain (anciennement Le Monde de Th\u00e9o) &nbsp;ouvrait ses portes avec la b\u00e9n\u00e9diction de Mgr Gosselin . Cela faisait plus de deux ans que cet espace, nich\u00e9 au c\u0153ur du clo\u00eetre de la Maison Dioc\u00e9saine d&#8217;Angoul\u00eame, n&#8217;avait plus accueilli de nouveaux livres. Pourquoi ce changement de nom&nbsp;? La [&hellip;]\" \/>\n<meta property=\"og:url\" content=\"https:\/\/charente.catholique.fr\/maison-diocesaine\/librairie-le-bon-grain\/presentation-de-la-librairie\/\" \/>\n<meta property=\"og:site_name\" content=\"Maison Dioc\u00e9saine\" \/>\n<meta property=\"article:modified_time\" content=\"2024-02-16T09:42:11+00:00\" \/>\n<meta property=\"og:image\" content=\"https:\/\/charente.catholique.fr\/maison-diocesaine\/wp-content\/uploads\/sites\/8\/2022\/07\/img_2402-scaled.jpg\" \/>\n\t<meta property=\"og:image:width\" content=\"2560\" \/>\n\t<meta property=\"og:image:height\" content=\"1707\" \/>\n\t<meta property=\"og:image:type\" content=\"image\/jpeg\" \/>\n<meta name=\"twitter:card\" content=\"summary_large_image\" \/>\n<meta name=\"twitter:label1\" content=\"Dur\u00e9e de lecture estim\u00e9e\" \/>\n\t<meta name=\"twitter:data1\" content=\"2 minutes\" \/>\n<script type=\"application\/ld+json\" class=\"yoast-schema-graph\">{\"@context\":\"https:\/\/schema.org\",\"@graph\":[{\"@type\":\"WebPage\",\"@id\":\"https:\/\/charente.catholique.fr\/maison-diocesaine\/librairie-le-bon-grain\/presentation-de-la-librairie\/\",\"url\":\"https:\/\/charente.catholique.fr\/maison-diocesaine\/librairie-le-bon-grain\/presentation-de-la-librairie\/\",\"name\":\"Pr\u00e9sentation de la Librairie Le Bon Grain - Maison Dioc\u00e9saine\",\"isPartOf\":{\"@id\":\"https:\/\/charente.catholique.fr\/maison-diocesaine\/#website\"},\"primaryImageOfPage\":{\"@id\":\"https:\/\/charente.catholique.fr\/maison-diocesaine\/librairie-le-bon-grain\/presentation-de-la-librairie\/#primaryimage\"},\"image\":{\"@id\":\"https:\/\/charente.catholique.fr\/maison-diocesaine\/librairie-le-bon-grain\/presentation-de-la-librairie\/#primaryimage\"},\"thumbnailUrl\":\"https:\/\/charente.catholique.fr\/maison-diocesaine\/wp-content\/uploads\/sites\/8\/2022\/07\/img_2402-scaled.jpg\",\"datePublished\":\"2024-02-16T09:41:03+00:00\",\"dateModified\":\"2024-02-16T09:42:11+00:00\",\"breadcrumb\":{\"@id\":\"https:\/\/charente.catholique.fr\/maison-diocesaine\/librairie-le-bon-grain\/presentation-de-la-librairie\/#breadcrumb\"},\"inLanguage\":\"fr-FR\",\"potentialAction\":[{\"@type\":\"ReadAction\",\"target\":[\"https:\/\/charente.catholique.fr\/maison-diocesaine\/librairie-le-bon-grain\/presentation-de-la-librairie\/\"]}]},{\"@type\":\"ImageObject\",\"inLanguage\":\"fr-FR\",\"@id\":\"https:\/\/charente.catholique.fr\/maison-diocesaine\/librairie-le-bon-grain\/presentation-de-la-librairie\/#primaryimage\",\"url\":\"https:\/\/charente.catholique.fr\/maison-diocesaine\/wp-content\/uploads\/sites\/8\/2022\/07\/img_2402-scaled.jpg\",\"contentUrl\":\"https:\/\/charente.catholique.fr\/maison-diocesaine\/wp-content\/uploads\/sites\/8\/2022\/07\/img_2402-scaled.jpg\",\"width\":2560,\"height\":1707},{\"@type\":\"BreadcrumbList\",\"@id\":\"https:\/\/charente.catholique.fr\/maison-diocesaine\/librairie-le-bon-grain\/presentation-de-la-librairie\/#breadcrumb\",\"itemListElement\":[{\"@type\":\"ListItem\",\"position\":1,\"name\":\"Accueil\",\"item\":\"https:\/\/charente.catholique.fr\/maison-diocesaine\/\"},{\"@type\":\"ListItem\",\"position\":2,\"name\":\"Pr\u00e9sentation de la Librairie Le Bon Grain\"}]},{\"@type\":\"WebSite\",\"@id\":\"https:\/\/charente.catholique.fr\/maison-diocesaine\/#website\",\"url\":\"https:\/\/charente.catholique.fr\/maison-diocesaine\/\",\"name\":\"Maison Dioc\u00e9saine\",\"description\":\"Dioc\u00e8se d&#039;Angoul\u00eame - Eglise Catholique en Charente\",\"potentialAction\":[{\"@type\":\"SearchAction\",\"target\":{\"@type\":\"EntryPoint\",\"urlTemplate\":\"https:\/\/charente.catholique.fr\/maison-diocesaine\/?s={search_term_string}\"},\"query-input\":{\"@type\":\"PropertyValueSpecification\",\"valueRequired\":true,\"valueName\":\"search_term_string\"}}],\"inLanguage\":\"fr-FR\"}]}<\/script>\n<!-- \/ Yoast SEO plugin. -->","yoast_head_json":{"title":"Pr\u00e9sentation de la Librairie Le Bon Grain - Maison Dioc\u00e9saine","robots":{"index":"index","follow":"follow","max-snippet":"max-snippet:-1","max-image-preview":"max-image-preview:large","max-video-preview":"max-video-preview:-1"},"canonical":"https:\/\/charente.catholique.fr\/maison-diocesaine\/librairie-le-bon-grain\/presentation-de-la-librairie\/","og_locale":"fr_FR","og_type":"article","og_title":"Pr\u00e9sentation de la Librairie Le Bon Grain - Maison Dioc\u00e9saine","og_description":"Le 12 Novembre 2022, la librairie &nbsp;Le Bon Grain (anciennement Le Monde de Th\u00e9o) &nbsp;ouvrait ses portes avec la b\u00e9n\u00e9diction de Mgr Gosselin . Cela faisait plus de deux ans que cet espace, nich\u00e9 au c\u0153ur du clo\u00eetre de la Maison Dioc\u00e9saine d&#8217;Angoul\u00eame, n&#8217;avait plus accueilli de nouveaux livres. Pourquoi ce changement de nom&nbsp;? La [&hellip;]","og_url":"https:\/\/charente.catholique.fr\/maison-diocesaine\/librairie-le-bon-grain\/presentation-de-la-librairie\/","og_site_name":"Maison Dioc\u00e9saine","article_modified_time":"2024-02-16T09:42:11+00:00","og_image":[{"width":2560,"height":1707,"url":"https:\/\/charente.catholique.fr\/maison-diocesaine\/wp-content\/uploads\/sites\/8\/2022\/07\/img_2402-scaled.jpg","type":"image\/jpeg"}],"twitter_card":"summary_large_image","twitter_misc":{"Dur\u00e9e de lecture estim\u00e9e":"2 minutes"},"schema":{"@context":"https:\/\/schema.org","@graph":[{"@type":"WebPage","@id":"https:\/\/charente.catholique.fr\/maison-diocesaine\/librairie-le-bon-grain\/presentation-de-la-librairie\/","url":"https:\/\/charente.catholique.fr\/maison-diocesaine\/librairie-le-bon-grain\/presentation-de-la-librairie\/","name":"Pr\u00e9sentation de la Librairie Le Bon Grain - Maison Dioc\u00e9saine","isPartOf":{"@id":"https:\/\/charente.catholique.fr\/maison-diocesaine\/#website"},"primaryImageOfPage":{"@id":"https:\/\/charente.catholique.fr\/maison-diocesaine\/librairie-le-bon-grain\/presentation-de-la-librairie\/#primaryimage"},"image":{"@id":"https:\/\/charente.catholique.fr\/maison-diocesaine\/librairie-le-bon-grain\/presentation-de-la-librairie\/#primaryimage"},"thumbnailUrl":"https:\/\/charente.catholique.fr\/maison-diocesaine\/wp-content\/uploads\/sites\/8\/2022\/07\/img_2402-scaled.jpg","datePublished":"2024-02-16T09:41:03+00:00","dateModified":"2024-02-16T09:42:11+00:00","breadcrumb":{"@id":"https:\/\/charente.catholique.fr\/maison-diocesaine\/librairie-le-bon-grain\/presentation-de-la-librairie\/#breadcrumb"},"inLanguage":"fr-FR","potentialAction":[{"@type":"ReadAction","target":["https:\/\/charente.catholique.fr\/maison-diocesaine\/librairie-le-bon-grain\/presentation-de-la-librairie\/"]}]},{"@type":"ImageObject","inLanguage":"fr-FR","@id":"https:\/\/charente.catholique.fr\/maison-diocesaine\/librairie-le-bon-grain\/presentation-de-la-librairie\/#primaryimage","url":"https:\/\/charente.catholique.fr\/maison-diocesaine\/wp-content\/uploads\/sites\/8\/2022\/07\/img_2402-scaled.jpg","contentUrl":"https:\/\/charente.catholique.fr\/maison-diocesaine\/wp-content\/uploads\/sites\/8\/2022\/07\/img_2402-scaled.jpg","width":2560,"height":1707},{"@type":"BreadcrumbList","@id":"https:\/\/charente.catholique.fr\/maison-diocesaine\/librairie-le-bon-grain\/presentation-de-la-librairie\/#breadcrumb","itemListElement":[{"@type":"ListItem","position":1,"name":"Accueil","item":"https:\/\/charente.catholique.fr\/maison-diocesaine\/"},{"@type":"ListItem","position":2,"name":"Pr\u00e9sentation de la Librairie Le Bon Grain"}]},{"@type":"WebSite","@id":"https:\/\/charente.catholique.fr\/maison-diocesaine\/#website","url":"https:\/\/charente.catholique.fr\/maison-diocesaine\/","name":"Maison Dioc\u00e9saine","description":"Dioc\u00e8se d&#039;Angoul\u00eame - Eglise Catholique en Charente","potentialAction":[{"@type":"SearchAction","target":{"@type":"EntryPoint","urlTemplate":"https:\/\/charente.catholique.fr\/maison-diocesaine\/?s={search_term_string}"},"query-input":{"@type":"PropertyValueSpecification","valueRequired":true,"valueName":"search_term_string"}}],"inLanguage":"fr-FR"}]}},"_links":{"self":[{"href":"https:\/\/charente.catholique.fr\/maison-diocesaine\/wp-json\/wp\/v2\/pages\/995","targetHints":{"allow":["GET"]}}],"collection":[{"href":"https:\/\/charente.catholique.fr\/maison-diocesaine\/wp-json\/wp\/v2\/pages"}],"about":[{"href":"https:\/\/charente.catholique.fr\/maison-diocesaine\/wp-json\/wp\/v2\/types\/page"}],"author":[{"embeddable":true,"href":"https:\/\/charente.catholique.fr\/maison-diocesaine\/wp-json\/wp\/v2\/users\/3"}],"replies":[{"embeddable":true,"href":"https:\/\/charente.catholique.fr\/maison-diocesaine\/wp-json\/wp\/v2\/comments?post=995"}],"version-history":[{"count":2,"href":"https:\/\/charente.catholique.fr\/maison-diocesaine\/wp-json\/wp\/v2\/pages\/995\/revisions"}],"predecessor-version":[{"id":997,"href":"https:\/\/charente.catholique.fr\/maison-diocesaine\/wp-json\/wp\/v2\/pages\/995\/revisions\/997"}],"up":[{"embeddable":true,"href":"https:\/\/charente.catholique.fr\/maison-diocesaine\/wp-json\/wp\/v2\/pages\/134"}],"wp:featuredmedia":[{"embeddable":true,"href":"https:\/\/charente.catholique.fr\/maison-diocesaine\/wp-json\/wp\/v2\/media\/531"}],"wp:attachment":[{"href":"https:\/\/charente.catholique.fr\/maison-diocesaine\/wp-json\/wp\/v2\/media?parent=995"}],"curies":[{"name":"wp","href":"https:\/\/api.w.org\/{rel}","templated":true}]}}