{"id":333,"date":"2021-02-05T18:26:55","date_gmt":"2021-02-05T17:26:55","guid":{"rendered":"https:\/\/charente.catholique.fr\/maison-diocesaine\/?page_id=333"},"modified":"2021-08-20T15:03:22","modified_gmt":"2021-08-20T13:03:22","slug":"jardin-participatif","status":"publish","type":"page","link":"https:\/\/charente.catholique.fr\/maison-diocesaine\/jardin-participatif\/","title":{"rendered":"Jardin participatif"},"content":{"rendered":"\n<h6 class=\"wp-block-heading\">La Maison dioc\u00e9saine d\u2019Angoul\u00eame qui dispose de plus de 2000 m2 de terrain, s\u2019est lanc\u00e9e dans la cr\u00e9ation d\u2019un jardin participatif.<br>Dans un cadre unique et au c\u0153ur de la ville, cet espace se veut convivial, solidaire et respectueux de la terre.<br>Des carr\u00e9s potagers \u00e0 cultiver, un fonctionnement collaboratif, de la transmission de savoirs\u2026<\/h6>\n\n\n\n<div class=\"wp-block-columns is-layout-flex wp-container-core-columns-is-layout-28f84493 wp-block-columns-is-layout-flex\">\n<div class=\"wp-block-column is-vertically-aligned-center is-layout-flow wp-block-column-is-layout-flow\" style=\"flex-basis:66.66%\">\n<p>Le jardin a \u00e9t\u00e9 inaugur\u00e9 en mai dernier. Les jardiniers \u00e9taient au rendez-vous. Il s\u2019agissait d\u2019une occasion pour eux de se rencontrer et de co-cr\u00e9er le r\u00e8glement du jardin.<br>Les associations, Les compagnons du v\u00e9g\u00e9tal ainsi que Les vieilles tomates \u00e9taient pr\u00e9sentes pour nous \u00e9pauler en cette matin\u00e9e. Conseils, techniques de permaculture, vari\u00e9t\u00e9s de plants, tout a \u00e9t\u00e9 vu pour que nos jardiniers puissent d\u00e9buter sereinement leurs plantations&nbsp;!<br>Tomates, poivrons, fraises, courgettes, etc. Fruits et l\u00e9gumes offerts par le Forum Magdalena ont ainsi pu \u00eatre plant\u00e9s \u00e0 l\u2019issue de cette matin\u00e9e. Depuis, les cultures ne cessent de grandir et d\u2019agr\u00e9menter le jardin de la Maison Dioc\u00e9saine&nbsp;!<\/p>\n\n\n\n<p>Les b\u00e9n\u00e9voles de l\u2019association Les vieilles tomates sont \u00e9galement venus planter une rang\u00e9e de tomates dans les parties communes du jardin participatif en compagnie des nos jardiniers les plus aguerris.<br>Cette initiative est venue encourager RESOTOM, un r\u00e9seau de multiplication de vari\u00e9t\u00e9s anciennes de tomates propos\u00e9 par l&#8217;association pour tous les jardins collectifs qui le souhaitent.<\/p>\n<\/div>\n\n\n\n<div class=\"wp-block-column is-layout-flow wp-block-column-is-layout-flow\" style=\"flex-basis:33.33%\">\n<figure class=\"wp-block-image alignfull size-large\"><img loading=\"lazy\" decoding=\"async\" width=\"810\" height=\"1080\" src=\"https:\/\/charente.catholique.fr\/maison-diocesaine\/wp-content\/uploads\/sites\/8\/2021\/08\/jardins-participatif-810x1080.jpg\" alt=\"\" class=\"wp-image-426\" srcset=\"https:\/\/charente.catholique.fr\/maison-diocesaine\/wp-content\/uploads\/sites\/8\/2021\/08\/jardins-participatif-810x1080.jpg 810w, https:\/\/charente.catholique.fr\/maison-diocesaine\/wp-content\/uploads\/sites\/8\/2021\/08\/jardins-participatif-225x300.jpg 225w, https:\/\/charente.catholique.fr\/maison-diocesaine\/wp-content\/uploads\/sites\/8\/2021\/08\/jardins-participatif-768x1024.jpg 768w, https:\/\/charente.catholique.fr\/maison-diocesaine\/wp-content\/uploads\/sites\/8\/2021\/08\/jardins-participatif-1152x1536.jpg 1152w, https:\/\/charente.catholique.fr\/maison-diocesaine\/wp-content\/uploads\/sites\/8\/2021\/08\/jardins-participatif.jpg 1536w\" sizes=\"auto, (max-width: 810px) 100vw, 810px\" \/><\/figure>\n<\/div>\n<\/div>\n\n\n\n<p><\/p>\n\n\n\n<p><\/p>\n","protected":false},"excerpt":{"rendered":"<p>La Maison dioc\u00e9saine d\u2019Angoul\u00eame qui dispose de plus de 2000 m2 de terrain, s\u2019est lanc\u00e9e dans la cr\u00e9ation d\u2019un jardin participatif.Dans un cadre unique et au c\u0153ur de la ville, cet espace se veut convivial, solidaire et respectueux de la terre.Des carr\u00e9s potagers \u00e0 cultiver, un fonctionnement collaboratif, de la transmission de savoirs\u2026 Le jardin [&hellip;]<\/p>\n","protected":false},"author":3,"featured_media":423,"parent":0,"menu_order":0,"comment_status":"closed","ping_status":"closed","template":"","meta":{"_acf_changed":false,"paroisse":[],"service":[],"footnotes":""},"class_list":["post-333","page","type-page","status-publish","has-post-thumbnail","hentry"],"acf":[],"yoast_head":"<!-- This site is optimized with the Yoast SEO plugin v27.1.1 - https:\/\/yoast.com\/product\/yoast-seo-wordpress\/ -->\n<title>Jardin participatif - Maison Dioc\u00e9saine<\/title>\n<meta name=\"robots\" content=\"index, follow, max-snippet:-1, max-image-preview:large, max-video-preview:-1\" \/>\n<link rel=\"canonical\" href=\"https:\/\/charente.catholique.fr\/maison-diocesaine\/jardin-participatif\/\" \/>\n<meta property=\"og:locale\" content=\"fr_FR\" \/>\n<meta property=\"og:type\" content=\"article\" \/>\n<meta property=\"og:title\" content=\"Jardin participatif - Maison Dioc\u00e9saine\" \/>\n<meta property=\"og:description\" content=\"La Maison dioc\u00e9saine d\u2019Angoul\u00eame qui dispose de plus de 2000 m2 de terrain, s\u2019est lanc\u00e9e dans la cr\u00e9ation d\u2019un jardin participatif.Dans un cadre unique et au c\u0153ur de la ville, cet espace se veut convivial, solidaire et respectueux de la terre.Des carr\u00e9s potagers \u00e0 cultiver, un fonctionnement collaboratif, de la transmission de savoirs\u2026 Le jardin [&hellip;]\" \/>\n<meta property=\"og:url\" content=\"https:\/\/charente.catholique.fr\/maison-diocesaine\/jardin-participatif\/\" \/>\n<meta property=\"og:site_name\" content=\"Maison Dioc\u00e9saine\" \/>\n<meta property=\"article:modified_time\" content=\"2021-08-20T13:03:22+00:00\" \/>\n<meta property=\"og:image\" content=\"https:\/\/charente.catholique.fr\/maison-diocesaine\/wp-content\/uploads\/sites\/8\/2021\/08\/jardin-participatif2.jpg\" \/>\n\t<meta property=\"og:image:width\" content=\"2048\" \/>\n\t<meta property=\"og:image:height\" content=\"1536\" \/>\n\t<meta property=\"og:image:type\" content=\"image\/jpeg\" \/>\n<meta name=\"twitter:card\" content=\"summary_large_image\" \/>\n<meta name=\"twitter:label1\" content=\"Dur\u00e9e de lecture estim\u00e9e\" \/>\n\t<meta name=\"twitter:data1\" content=\"2 minutes\" \/>\n<script type=\"application\/ld+json\" class=\"yoast-schema-graph\">{\"@context\":\"https:\/\/schema.org\",\"@graph\":[{\"@type\":\"WebPage\",\"@id\":\"https:\/\/charente.catholique.fr\/maison-diocesaine\/jardin-participatif\/\",\"url\":\"https:\/\/charente.catholique.fr\/maison-diocesaine\/jardin-participatif\/\",\"name\":\"Jardin participatif - Maison Dioc\u00e9saine\",\"isPartOf\":{\"@id\":\"https:\/\/charente.catholique.fr\/maison-diocesaine\/#website\"},\"primaryImageOfPage\":{\"@id\":\"https:\/\/charente.catholique.fr\/maison-diocesaine\/jardin-participatif\/#primaryimage\"},\"image\":{\"@id\":\"https:\/\/charente.catholique.fr\/maison-diocesaine\/jardin-participatif\/#primaryimage\"},\"thumbnailUrl\":\"https:\/\/charente.catholique.fr\/maison-diocesaine\/wp-content\/uploads\/sites\/8\/2021\/08\/jardin-participatif2.jpg\",\"datePublished\":\"2021-02-05T17:26:55+00:00\",\"dateModified\":\"2021-08-20T13:03:22+00:00\",\"breadcrumb\":{\"@id\":\"https:\/\/charente.catholique.fr\/maison-diocesaine\/jardin-participatif\/#breadcrumb\"},\"inLanguage\":\"fr-FR\",\"potentialAction\":[{\"@type\":\"ReadAction\",\"target\":[\"https:\/\/charente.catholique.fr\/maison-diocesaine\/jardin-participatif\/\"]}]},{\"@type\":\"ImageObject\",\"inLanguage\":\"fr-FR\",\"@id\":\"https:\/\/charente.catholique.fr\/maison-diocesaine\/jardin-participatif\/#primaryimage\",\"url\":\"https:\/\/charente.catholique.fr\/maison-diocesaine\/wp-content\/uploads\/sites\/8\/2021\/08\/jardin-participatif2.jpg\",\"contentUrl\":\"https:\/\/charente.catholique.fr\/maison-diocesaine\/wp-content\/uploads\/sites\/8\/2021\/08\/jardin-participatif2.jpg\",\"width\":2048,\"height\":1536},{\"@type\":\"BreadcrumbList\",\"@id\":\"https:\/\/charente.catholique.fr\/maison-diocesaine\/jardin-participatif\/#breadcrumb\",\"itemListElement\":[{\"@type\":\"ListItem\",\"position\":1,\"name\":\"Accueil\",\"item\":\"https:\/\/charente.catholique.fr\/maison-diocesaine\/\"},{\"@type\":\"ListItem\",\"position\":2,\"name\":\"Jardin participatif\"}]},{\"@type\":\"WebSite\",\"@id\":\"https:\/\/charente.catholique.fr\/maison-diocesaine\/#website\",\"url\":\"https:\/\/charente.catholique.fr\/maison-diocesaine\/\",\"name\":\"Maison Dioc\u00e9saine\",\"description\":\"Dioc\u00e8se d&#039;Angoul\u00eame - Eglise Catholique en Charente\",\"potentialAction\":[{\"@type\":\"SearchAction\",\"target\":{\"@type\":\"EntryPoint\",\"urlTemplate\":\"https:\/\/charente.catholique.fr\/maison-diocesaine\/?s={search_term_string}\"},\"query-input\":{\"@type\":\"PropertyValueSpecification\",\"valueRequired\":true,\"valueName\":\"search_term_string\"}}],\"inLanguage\":\"fr-FR\"}]}<\/script>\n<!-- \/ Yoast SEO plugin. -->","yoast_head_json":{"title":"Jardin participatif - Maison Dioc\u00e9saine","robots":{"index":"index","follow":"follow","max-snippet":"max-snippet:-1","max-image-preview":"max-image-preview:large","max-video-preview":"max-video-preview:-1"},"canonical":"https:\/\/charente.catholique.fr\/maison-diocesaine\/jardin-participatif\/","og_locale":"fr_FR","og_type":"article","og_title":"Jardin participatif - Maison Dioc\u00e9saine","og_description":"La Maison dioc\u00e9saine d\u2019Angoul\u00eame qui dispose de plus de 2000 m2 de terrain, s\u2019est lanc\u00e9e dans la cr\u00e9ation d\u2019un jardin participatif.Dans un cadre unique et au c\u0153ur de la ville, cet espace se veut convivial, solidaire et respectueux de la terre.Des carr\u00e9s potagers \u00e0 cultiver, un fonctionnement collaboratif, de la transmission de savoirs\u2026 Le jardin [&hellip;]","og_url":"https:\/\/charente.catholique.fr\/maison-diocesaine\/jardin-participatif\/","og_site_name":"Maison Dioc\u00e9saine","article_modified_time":"2021-08-20T13:03:22+00:00","og_image":[{"width":2048,"height":1536,"url":"https:\/\/charente.catholique.fr\/maison-diocesaine\/wp-content\/uploads\/sites\/8\/2021\/08\/jardin-participatif2.jpg","type":"image\/jpeg"}],"twitter_card":"summary_large_image","twitter_misc":{"Dur\u00e9e de lecture estim\u00e9e":"2 minutes"},"schema":{"@context":"https:\/\/schema.org","@graph":[{"@type":"WebPage","@id":"https:\/\/charente.catholique.fr\/maison-diocesaine\/jardin-participatif\/","url":"https:\/\/charente.catholique.fr\/maison-diocesaine\/jardin-participatif\/","name":"Jardin participatif - Maison Dioc\u00e9saine","isPartOf":{"@id":"https:\/\/charente.catholique.fr\/maison-diocesaine\/#website"},"primaryImageOfPage":{"@id":"https:\/\/charente.catholique.fr\/maison-diocesaine\/jardin-participatif\/#primaryimage"},"image":{"@id":"https:\/\/charente.catholique.fr\/maison-diocesaine\/jardin-participatif\/#primaryimage"},"thumbnailUrl":"https:\/\/charente.catholique.fr\/maison-diocesaine\/wp-content\/uploads\/sites\/8\/2021\/08\/jardin-participatif2.jpg","datePublished":"2021-02-05T17:26:55+00:00","dateModified":"2021-08-20T13:03:22+00:00","breadcrumb":{"@id":"https:\/\/charente.catholique.fr\/maison-diocesaine\/jardin-participatif\/#breadcrumb"},"inLanguage":"fr-FR","potentialAction":[{"@type":"ReadAction","target":["https:\/\/charente.catholique.fr\/maison-diocesaine\/jardin-participatif\/"]}]},{"@type":"ImageObject","inLanguage":"fr-FR","@id":"https:\/\/charente.catholique.fr\/maison-diocesaine\/jardin-participatif\/#primaryimage","url":"https:\/\/charente.catholique.fr\/maison-diocesaine\/wp-content\/uploads\/sites\/8\/2021\/08\/jardin-participatif2.jpg","contentUrl":"https:\/\/charente.catholique.fr\/maison-diocesaine\/wp-content\/uploads\/sites\/8\/2021\/08\/jardin-participatif2.jpg","width":2048,"height":1536},{"@type":"BreadcrumbList","@id":"https:\/\/charente.catholique.fr\/maison-diocesaine\/jardin-participatif\/#breadcrumb","itemListElement":[{"@type":"ListItem","position":1,"name":"Accueil","item":"https:\/\/charente.catholique.fr\/maison-diocesaine\/"},{"@type":"ListItem","position":2,"name":"Jardin participatif"}]},{"@type":"WebSite","@id":"https:\/\/charente.catholique.fr\/maison-diocesaine\/#website","url":"https:\/\/charente.catholique.fr\/maison-diocesaine\/","name":"Maison Dioc\u00e9saine","description":"Dioc\u00e8se d&#039;Angoul\u00eame - Eglise Catholique en Charente","potentialAction":[{"@type":"SearchAction","target":{"@type":"EntryPoint","urlTemplate":"https:\/\/charente.catholique.fr\/maison-diocesaine\/?s={search_term_string}"},"query-input":{"@type":"PropertyValueSpecification","valueRequired":true,"valueName":"search_term_string"}}],"inLanguage":"fr-FR"}]}},"_links":{"self":[{"href":"https:\/\/charente.catholique.fr\/maison-diocesaine\/wp-json\/wp\/v2\/pages\/333","targetHints":{"allow":["GET"]}}],"collection":[{"href":"https:\/\/charente.catholique.fr\/maison-diocesaine\/wp-json\/wp\/v2\/pages"}],"about":[{"href":"https:\/\/charente.catholique.fr\/maison-diocesaine\/wp-json\/wp\/v2\/types\/page"}],"author":[{"embeddable":true,"href":"https:\/\/charente.catholique.fr\/maison-diocesaine\/wp-json\/wp\/v2\/users\/3"}],"replies":[{"embeddable":true,"href":"https:\/\/charente.catholique.fr\/maison-diocesaine\/wp-json\/wp\/v2\/comments?post=333"}],"version-history":[{"count":10,"href":"https:\/\/charente.catholique.fr\/maison-diocesaine\/wp-json\/wp\/v2\/pages\/333\/revisions"}],"predecessor-version":[{"id":430,"href":"https:\/\/charente.catholique.fr\/maison-diocesaine\/wp-json\/wp\/v2\/pages\/333\/revisions\/430"}],"wp:featuredmedia":[{"embeddable":true,"href":"https:\/\/charente.catholique.fr\/maison-diocesaine\/wp-json\/wp\/v2\/media\/423"}],"wp:attachment":[{"href":"https:\/\/charente.catholique.fr\/maison-diocesaine\/wp-json\/wp\/v2\/media?parent=333"}],"curies":[{"name":"wp","href":"https:\/\/api.w.org\/{rel}","templated":true}]}}