{"id":200,"date":"2020-09-29T16:21:41","date_gmt":"2020-09-29T14:21:41","guid":{"rendered":"https:\/\/charente.catholique.fr\/maison-diocesaine\/?page_id=200"},"modified":"2024-11-26T12:30:13","modified_gmt":"2024-11-26T11:30:13","slug":"le-foyer-etudiants","status":"publish","type":"page","link":"https:\/\/charente.catholique.fr\/maison-diocesaine\/hebergement\/le-foyer-etudiants\/","title":{"rendered":"Le foyer \u00e9tudiant"},"content":{"rendered":"\n<figure class=\"wp-block-image alignwide size-large\"><img loading=\"lazy\" decoding=\"async\" width=\"640\" height=\"126\" src=\"https:\/\/charente.catholique.fr\/maison-diocesaine\/wp-content\/uploads\/sites\/8\/2020\/09\/etudiantsjmj.jpg\" alt=\"\" class=\"wp-image-201\" srcset=\"https:\/\/charente.catholique.fr\/maison-diocesaine\/wp-content\/uploads\/sites\/8\/2020\/09\/etudiantsjmj.jpg 640w, https:\/\/charente.catholique.fr\/maison-diocesaine\/wp-content\/uploads\/sites\/8\/2020\/09\/etudiantsjmj-300x59.jpg 300w\" sizes=\"auto, (max-width: 640px) 100vw, 640px\" \/><\/figure>\n\n\n\n<p>Quelques chambres sont mises \u00e0 disposition pour les \u00e9tudiants dans une aile de la maison dioc\u00e9saine, 226 rue de Bordeaux, \u00e0 proximit\u00e9 du campus de l&#8217;image, de l&#8217;IUT et du centre ville. Les \u00e9tudiants disposent d&#8217;une chambre meubl\u00e9e (avec lavabo), de sanitaires communs (WC, douches),  et d&#8217;une pi\u00e8ce de vie partag\u00e9e (cuisine et petite salon).<br>L&#8217; \u00e9tudiant accueilli est en lien avec la responsable de la maison pour les questions mat\u00e9rielles dues \u00e0 son s\u00e9jour et avec l&#8217;aum\u00f4nerie des \u00e9tudiants pour faciliter son int\u00e9gration. S&#8217;il le souhaite, il pourra rejoindre les rencontres de l&#8217;aum\u00f4nerie. Il y retrouvera une vie sociale, fraternelle et spirituelle.<br>Les jeunes colocataires sont en autonomie pour leur repas et l&#8217;entretien des lieux. Tous les mois, un adulte r\u00e9f\u00e9rent de l&#8217;aum\u00f4nerie viendra les rencontrer pour faire un petit point sur leur vie \u00e9tudiante et la vie de la colocation.<\/p>\n\n\n\n<figure class=\"wp-block-gallery alignfull has-nested-images columns-default is-cropped wp-block-gallery-1 is-layout-flex wp-block-gallery-is-layout-flex\">\n<figure class=\"wp-block-image size-large\"><img loading=\"lazy\" decoding=\"async\" width=\"1440\" height=\"1080\" data-id=\"1177\" src=\"https:\/\/charente.catholique.fr\/maison-diocesaine\/wp-content\/uploads\/sites\/8\/2024\/11\/Foyer-2-1440x1080.jpg\" alt=\"\" class=\"wp-image-1177\" srcset=\"https:\/\/charente.catholique.fr\/maison-diocesaine\/wp-content\/uploads\/sites\/8\/2024\/11\/Foyer-2-1440x1080.jpg 1440w, https:\/\/charente.catholique.fr\/maison-diocesaine\/wp-content\/uploads\/sites\/8\/2024\/11\/Foyer-2-300x225.jpg 300w, https:\/\/charente.catholique.fr\/maison-diocesaine\/wp-content\/uploads\/sites\/8\/2024\/11\/Foyer-2-768x576.jpg 768w, https:\/\/charente.catholique.fr\/maison-diocesaine\/wp-content\/uploads\/sites\/8\/2024\/11\/Foyer-2-1536x1152.jpg 1536w, https:\/\/charente.catholique.fr\/maison-diocesaine\/wp-content\/uploads\/sites\/8\/2024\/11\/Foyer-2-1320x990.jpg 1320w, https:\/\/charente.catholique.fr\/maison-diocesaine\/wp-content\/uploads\/sites\/8\/2024\/11\/Foyer-2.jpg 2016w\" sizes=\"auto, (max-width: 1440px) 100vw, 1440px\" \/><figcaption class=\"wp-element-caption\">Foyer \u00e9tudiant<\/figcaption><\/figure>\n\n\n\n<figure class=\"wp-block-image size-large\"><img loading=\"lazy\" decoding=\"async\" width=\"1440\" height=\"1080\" data-id=\"1178\" src=\"https:\/\/charente.catholique.fr\/maison-diocesaine\/wp-content\/uploads\/sites\/8\/2024\/11\/foyer-etudiant-1440x1080.jpg\" alt=\"\" class=\"wp-image-1178\" srcset=\"https:\/\/charente.catholique.fr\/maison-diocesaine\/wp-content\/uploads\/sites\/8\/2024\/11\/foyer-etudiant-1440x1080.jpg 1440w, https:\/\/charente.catholique.fr\/maison-diocesaine\/wp-content\/uploads\/sites\/8\/2024\/11\/foyer-etudiant-300x225.jpg 300w, https:\/\/charente.catholique.fr\/maison-diocesaine\/wp-content\/uploads\/sites\/8\/2024\/11\/foyer-etudiant-768x576.jpg 768w, https:\/\/charente.catholique.fr\/maison-diocesaine\/wp-content\/uploads\/sites\/8\/2024\/11\/foyer-etudiant-1536x1152.jpg 1536w, https:\/\/charente.catholique.fr\/maison-diocesaine\/wp-content\/uploads\/sites\/8\/2024\/11\/foyer-etudiant-1320x990.jpg 1320w, https:\/\/charente.catholique.fr\/maison-diocesaine\/wp-content\/uploads\/sites\/8\/2024\/11\/foyer-etudiant.jpg 2016w\" sizes=\"auto, (max-width: 1440px) 100vw, 1440px\" \/><figcaption class=\"wp-element-caption\">Foyer \u00e9tudiant<\/figcaption><\/figure>\n<\/figure>\n\n\n\n<p>Pour plus de renseignements: <a href=\"mailto:etudiants@dio16.fr\">maisondio@dio16.fr<\/a><\/p>\n\n\n\n<p><br><\/p>\n\n\n<a href=\"https:\/\/charente.catholique.fr\/maison-diocesaine\/wp-content\/uploads\/sites\/8\/2020\/09\/plaquette-tarifaire-chambres-etudiants-1.pdf\" class=\"pdfemb-viewer\" style=\"\" data-width=\"max\" data-height=\"max\" data-toolbar=\"bottom\" data-toolbar-fixed=\"off\">plaquette-tarifaire-chambres-etudiants-1<\/a>\n\n\n<p><strong>Un peu partout en France: les foyers sainte Claire<\/strong> <br>Les foyers Sainte Claire, anim\u00e9s par le communaut\u00e9 de l&#8217;Emmanuel, s&#8217;adressent \u00e0 des \u00e9tudiant(e)s entre 18 et 25 ans. Il en existe 16: Paris, Lyon, Marseille, Lilles, Nancy, Angers, Nantes\u2026<br>Pour en savoir plus, <a href=\"http:\/\/www.foyersetudiants.org\/fr\/\">cliquez sur ce lien<\/a><\/p>\n\n\n\n<p><strong>En r\u00e9gion parisienne: les foyers de confiance<\/strong><br>Les foyers de confiance proposent \u00e0 des jeunes de 18 \u00e0 25 ans une insertion en paroisse avec un logement chez l&#8217;habitant et une vie d&#8217;\u00e9quipe dans un lieu d&#8217;accueil commun mis \u00e0 disposition par la paroisse. A la rentr\u00e9e de septembre 2017 4 foyers ouvrent pour les 18\/25 ans : \u00e0 Neuilly \/ Seine, Chatillon, Asni\u00e8res, Garches.<\/p>\n\n\n\n<p>Pour en savoir plus, <a href=\"http:\/\/www.foyerdeconfiance.org\/\">cliquez sur ce lien<\/a><\/p>\n","protected":false},"excerpt":{"rendered":"<p>Quelques chambres sont mises \u00e0 disposition pour les \u00e9tudiants dans une aile de la maison dioc\u00e9saine, 226 rue de Bordeaux, \u00e0 proximit\u00e9 du campus de l&#8217;image, de l&#8217;IUT et du centre ville. Les \u00e9tudiants disposent d&#8217;une chambre meubl\u00e9e (avec lavabo), de sanitaires communs (WC, douches), et d&#8217;une pi\u00e8ce de vie partag\u00e9e (cuisine et petite salon).L&#8217; [&hellip;]<\/p>\n","protected":false},"author":3,"featured_media":0,"parent":70,"menu_order":0,"comment_status":"closed","ping_status":"closed","template":"","meta":{"_acf_changed":false,"paroisse":[],"service":[],"footnotes":""},"class_list":["post-200","page","type-page","status-publish","hentry"],"acf":[],"yoast_head":"<!-- This site is optimized with the Yoast SEO plugin v27.1.1 - https:\/\/yoast.com\/product\/yoast-seo-wordpress\/ -->\n<title>Le foyer \u00e9tudiant - Maison Dioc\u00e9saine<\/title>\n<meta name=\"robots\" content=\"index, follow, max-snippet:-1, max-image-preview:large, max-video-preview:-1\" \/>\n<link rel=\"canonical\" href=\"https:\/\/charente.catholique.fr\/maison-diocesaine\/hebergement\/le-foyer-etudiants\/\" \/>\n<meta property=\"og:locale\" content=\"fr_FR\" \/>\n<meta property=\"og:type\" content=\"article\" \/>\n<meta property=\"og:title\" content=\"Le foyer \u00e9tudiant - Maison Dioc\u00e9saine\" \/>\n<meta property=\"og:description\" content=\"Quelques chambres sont mises \u00e0 disposition pour les \u00e9tudiants dans une aile de la maison dioc\u00e9saine, 226 rue de Bordeaux, \u00e0 proximit\u00e9 du campus de l&#8217;image, de l&#8217;IUT et du centre ville. Les \u00e9tudiants disposent d&#8217;une chambre meubl\u00e9e (avec lavabo), de sanitaires communs (WC, douches), et d&#8217;une pi\u00e8ce de vie partag\u00e9e (cuisine et petite salon).L&#8217; [&hellip;]\" \/>\n<meta property=\"og:url\" content=\"https:\/\/charente.catholique.fr\/maison-diocesaine\/hebergement\/le-foyer-etudiants\/\" \/>\n<meta property=\"og:site_name\" content=\"Maison Dioc\u00e9saine\" \/>\n<meta property=\"article:modified_time\" content=\"2024-11-26T11:30:13+00:00\" \/>\n<meta property=\"og:image\" content=\"https:\/\/charente.catholique.fr\/maison-diocesaine\/wp-content\/uploads\/sites\/8\/2020\/09\/etudiantsjmj.jpg\" \/>\n\t<meta property=\"og:image:width\" content=\"640\" \/>\n\t<meta property=\"og:image:height\" content=\"126\" \/>\n\t<meta property=\"og:image:type\" content=\"image\/jpeg\" \/>\n<meta name=\"twitter:card\" content=\"summary_large_image\" \/>\n<meta name=\"twitter:label1\" content=\"Dur\u00e9e de lecture estim\u00e9e\" \/>\n\t<meta name=\"twitter:data1\" content=\"2 minutes\" \/>\n<script type=\"application\/ld+json\" class=\"yoast-schema-graph\">{\"@context\":\"https:\/\/schema.org\",\"@graph\":[{\"@type\":\"WebPage\",\"@id\":\"https:\/\/charente.catholique.fr\/maison-diocesaine\/hebergement\/le-foyer-etudiants\/\",\"url\":\"https:\/\/charente.catholique.fr\/maison-diocesaine\/hebergement\/le-foyer-etudiants\/\",\"name\":\"Le foyer \u00e9tudiant - Maison Dioc\u00e9saine\",\"isPartOf\":{\"@id\":\"https:\/\/charente.catholique.fr\/maison-diocesaine\/#website\"},\"primaryImageOfPage\":{\"@id\":\"https:\/\/charente.catholique.fr\/maison-diocesaine\/hebergement\/le-foyer-etudiants\/#primaryimage\"},\"image\":{\"@id\":\"https:\/\/charente.catholique.fr\/maison-diocesaine\/hebergement\/le-foyer-etudiants\/#primaryimage\"},\"thumbnailUrl\":\"https:\/\/charente.catholique.fr\/maison-diocesaine\/wp-content\/uploads\/sites\/8\/2020\/09\/etudiantsjmj.jpg\",\"datePublished\":\"2020-09-29T14:21:41+00:00\",\"dateModified\":\"2024-11-26T11:30:13+00:00\",\"breadcrumb\":{\"@id\":\"https:\/\/charente.catholique.fr\/maison-diocesaine\/hebergement\/le-foyer-etudiants\/#breadcrumb\"},\"inLanguage\":\"fr-FR\",\"potentialAction\":[{\"@type\":\"ReadAction\",\"target\":[\"https:\/\/charente.catholique.fr\/maison-diocesaine\/hebergement\/le-foyer-etudiants\/\"]}]},{\"@type\":\"ImageObject\",\"inLanguage\":\"fr-FR\",\"@id\":\"https:\/\/charente.catholique.fr\/maison-diocesaine\/hebergement\/le-foyer-etudiants\/#primaryimage\",\"url\":\"https:\/\/charente.catholique.fr\/maison-diocesaine\/wp-content\/uploads\/sites\/8\/2020\/09\/etudiantsjmj.jpg\",\"contentUrl\":\"https:\/\/charente.catholique.fr\/maison-diocesaine\/wp-content\/uploads\/sites\/8\/2020\/09\/etudiantsjmj.jpg\",\"width\":640,\"height\":126},{\"@type\":\"BreadcrumbList\",\"@id\":\"https:\/\/charente.catholique.fr\/maison-diocesaine\/hebergement\/le-foyer-etudiants\/#breadcrumb\",\"itemListElement\":[{\"@type\":\"ListItem\",\"position\":1,\"name\":\"Accueil\",\"item\":\"https:\/\/charente.catholique.fr\/maison-diocesaine\/\"},{\"@type\":\"ListItem\",\"position\":2,\"name\":\"Se loger\",\"item\":\"https:\/\/charente.catholique.fr\/maison-diocesaine\/hebergement\/\"},{\"@type\":\"ListItem\",\"position\":3,\"name\":\"Le foyer \u00e9tudiant\"}]},{\"@type\":\"WebSite\",\"@id\":\"https:\/\/charente.catholique.fr\/maison-diocesaine\/#website\",\"url\":\"https:\/\/charente.catholique.fr\/maison-diocesaine\/\",\"name\":\"Maison Dioc\u00e9saine\",\"description\":\"Dioc\u00e8se d&#039;Angoul\u00eame - Eglise Catholique en Charente\",\"potentialAction\":[{\"@type\":\"SearchAction\",\"target\":{\"@type\":\"EntryPoint\",\"urlTemplate\":\"https:\/\/charente.catholique.fr\/maison-diocesaine\/?s={search_term_string}\"},\"query-input\":{\"@type\":\"PropertyValueSpecification\",\"valueRequired\":true,\"valueName\":\"search_term_string\"}}],\"inLanguage\":\"fr-FR\"}]}<\/script>\n<!-- \/ Yoast SEO plugin. -->","yoast_head_json":{"title":"Le foyer \u00e9tudiant - Maison Dioc\u00e9saine","robots":{"index":"index","follow":"follow","max-snippet":"max-snippet:-1","max-image-preview":"max-image-preview:large","max-video-preview":"max-video-preview:-1"},"canonical":"https:\/\/charente.catholique.fr\/maison-diocesaine\/hebergement\/le-foyer-etudiants\/","og_locale":"fr_FR","og_type":"article","og_title":"Le foyer \u00e9tudiant - Maison Dioc\u00e9saine","og_description":"Quelques chambres sont mises \u00e0 disposition pour les \u00e9tudiants dans une aile de la maison dioc\u00e9saine, 226 rue de Bordeaux, \u00e0 proximit\u00e9 du campus de l&#8217;image, de l&#8217;IUT et du centre ville. Les \u00e9tudiants disposent d&#8217;une chambre meubl\u00e9e (avec lavabo), de sanitaires communs (WC, douches), et d&#8217;une pi\u00e8ce de vie partag\u00e9e (cuisine et petite salon).L&#8217; [&hellip;]","og_url":"https:\/\/charente.catholique.fr\/maison-diocesaine\/hebergement\/le-foyer-etudiants\/","og_site_name":"Maison Dioc\u00e9saine","article_modified_time":"2024-11-26T11:30:13+00:00","og_image":[{"width":640,"height":126,"url":"https:\/\/charente.catholique.fr\/maison-diocesaine\/wp-content\/uploads\/sites\/8\/2020\/09\/etudiantsjmj.jpg","type":"image\/jpeg"}],"twitter_card":"summary_large_image","twitter_misc":{"Dur\u00e9e de lecture estim\u00e9e":"2 minutes"},"schema":{"@context":"https:\/\/schema.org","@graph":[{"@type":"WebPage","@id":"https:\/\/charente.catholique.fr\/maison-diocesaine\/hebergement\/le-foyer-etudiants\/","url":"https:\/\/charente.catholique.fr\/maison-diocesaine\/hebergement\/le-foyer-etudiants\/","name":"Le foyer \u00e9tudiant - Maison Dioc\u00e9saine","isPartOf":{"@id":"https:\/\/charente.catholique.fr\/maison-diocesaine\/#website"},"primaryImageOfPage":{"@id":"https:\/\/charente.catholique.fr\/maison-diocesaine\/hebergement\/le-foyer-etudiants\/#primaryimage"},"image":{"@id":"https:\/\/charente.catholique.fr\/maison-diocesaine\/hebergement\/le-foyer-etudiants\/#primaryimage"},"thumbnailUrl":"https:\/\/charente.catholique.fr\/maison-diocesaine\/wp-content\/uploads\/sites\/8\/2020\/09\/etudiantsjmj.jpg","datePublished":"2020-09-29T14:21:41+00:00","dateModified":"2024-11-26T11:30:13+00:00","breadcrumb":{"@id":"https:\/\/charente.catholique.fr\/maison-diocesaine\/hebergement\/le-foyer-etudiants\/#breadcrumb"},"inLanguage":"fr-FR","potentialAction":[{"@type":"ReadAction","target":["https:\/\/charente.catholique.fr\/maison-diocesaine\/hebergement\/le-foyer-etudiants\/"]}]},{"@type":"ImageObject","inLanguage":"fr-FR","@id":"https:\/\/charente.catholique.fr\/maison-diocesaine\/hebergement\/le-foyer-etudiants\/#primaryimage","url":"https:\/\/charente.catholique.fr\/maison-diocesaine\/wp-content\/uploads\/sites\/8\/2020\/09\/etudiantsjmj.jpg","contentUrl":"https:\/\/charente.catholique.fr\/maison-diocesaine\/wp-content\/uploads\/sites\/8\/2020\/09\/etudiantsjmj.jpg","width":640,"height":126},{"@type":"BreadcrumbList","@id":"https:\/\/charente.catholique.fr\/maison-diocesaine\/hebergement\/le-foyer-etudiants\/#breadcrumb","itemListElement":[{"@type":"ListItem","position":1,"name":"Accueil","item":"https:\/\/charente.catholique.fr\/maison-diocesaine\/"},{"@type":"ListItem","position":2,"name":"Se loger","item":"https:\/\/charente.catholique.fr\/maison-diocesaine\/hebergement\/"},{"@type":"ListItem","position":3,"name":"Le foyer \u00e9tudiant"}]},{"@type":"WebSite","@id":"https:\/\/charente.catholique.fr\/maison-diocesaine\/#website","url":"https:\/\/charente.catholique.fr\/maison-diocesaine\/","name":"Maison Dioc\u00e9saine","description":"Dioc\u00e8se d&#039;Angoul\u00eame - Eglise Catholique en Charente","potentialAction":[{"@type":"SearchAction","target":{"@type":"EntryPoint","urlTemplate":"https:\/\/charente.catholique.fr\/maison-diocesaine\/?s={search_term_string}"},"query-input":{"@type":"PropertyValueSpecification","valueRequired":true,"valueName":"search_term_string"}}],"inLanguage":"fr-FR"}]}},"_links":{"self":[{"href":"https:\/\/charente.catholique.fr\/maison-diocesaine\/wp-json\/wp\/v2\/pages\/200","targetHints":{"allow":["GET"]}}],"collection":[{"href":"https:\/\/charente.catholique.fr\/maison-diocesaine\/wp-json\/wp\/v2\/pages"}],"about":[{"href":"https:\/\/charente.catholique.fr\/maison-diocesaine\/wp-json\/wp\/v2\/types\/page"}],"author":[{"embeddable":true,"href":"https:\/\/charente.catholique.fr\/maison-diocesaine\/wp-json\/wp\/v2\/users\/3"}],"replies":[{"embeddable":true,"href":"https:\/\/charente.catholique.fr\/maison-diocesaine\/wp-json\/wp\/v2\/comments?post=200"}],"version-history":[{"count":9,"href":"https:\/\/charente.catholique.fr\/maison-diocesaine\/wp-json\/wp\/v2\/pages\/200\/revisions"}],"predecessor-version":[{"id":1181,"href":"https:\/\/charente.catholique.fr\/maison-diocesaine\/wp-json\/wp\/v2\/pages\/200\/revisions\/1181"}],"up":[{"embeddable":true,"href":"https:\/\/charente.catholique.fr\/maison-diocesaine\/wp-json\/wp\/v2\/pages\/70"}],"wp:attachment":[{"href":"https:\/\/charente.catholique.fr\/maison-diocesaine\/wp-json\/wp\/v2\/media?parent=200"}],"curies":[{"name":"wp","href":"https:\/\/api.w.org\/{rel}","templated":true}]}}