{"id":134,"date":"2020-09-29T12:16:26","date_gmt":"2020-09-29T10:16:26","guid":{"rendered":"https:\/\/charente.catholique.fr\/maison-diocesaine\/?page_id=134"},"modified":"2025-09-16T10:37:46","modified_gmt":"2025-09-16T08:37:46","slug":"librairie-le-bon-grain","status":"publish","type":"page","link":"https:\/\/charente.catholique.fr\/maison-diocesaine\/librairie-le-bon-grain\/","title":{"rendered":""},"content":{"rendered":"<div class=\"wp-block-image\">\n<figure class=\"aligncenter size-full is-resized\"><img loading=\"lazy\" decoding=\"async\" width=\"968\" height=\"1079\" src=\"https:\/\/charente.catholique.fr\/maison-diocesaine\/wp-content\/uploads\/sites\/8\/2023\/05\/Logo-Librairie-Le-Bon-Grain-1.png\" alt=\"\" class=\"wp-image-725\" style=\"width:277px;height:auto\" srcset=\"https:\/\/charente.catholique.fr\/maison-diocesaine\/wp-content\/uploads\/sites\/8\/2023\/05\/Logo-Librairie-Le-Bon-Grain-1.png 968w, https:\/\/charente.catholique.fr\/maison-diocesaine\/wp-content\/uploads\/sites\/8\/2023\/05\/Logo-Librairie-Le-Bon-Grain-1-269x300.png 269w, https:\/\/charente.catholique.fr\/maison-diocesaine\/wp-content\/uploads\/sites\/8\/2023\/05\/Logo-Librairie-Le-Bon-Grain-1-768x856.png 768w\" sizes=\"auto, (max-width: 968px) 100vw, 968px\" \/><\/figure>\n<\/div>","protected":false},"excerpt":{"rendered":"","protected":false},"author":90,"featured_media":170,"parent":0,"menu_order":0,"comment_status":"closed","ping_status":"closed","template":"","meta":{"_acf_changed":false,"paroisse":[],"service":[],"footnotes":""},"class_list":["post-134","page","type-page","status-publish","has-post-thumbnail","hentry"],"acf":[],"yoast_head":"<!-- This site is optimized with the Yoast SEO plugin v27.1.1 - https:\/\/yoast.com\/product\/yoast-seo-wordpress\/ -->\n<title>- Maison Dioc\u00e9saine Le Bon Grain<\/title>\n<meta name=\"description\" content=\"Maison Dioc\u00e9saine est une Librairie religieuse chr\u00e9tienne, vente de livres et d&#039;objets religieux, en Charente, \u00e0 Angoul\u00eame, Maison dioc\u00e9saine.\" \/>\n<meta name=\"robots\" content=\"index, follow, max-snippet:-1, max-image-preview:large, max-video-preview:-1\" \/>\n<link rel=\"canonical\" href=\"https:\/\/charente.catholique.fr\/maison-diocesaine\/librairie-le-bon-grain\/\" \/>\n<meta property=\"og:locale\" content=\"fr_FR\" \/>\n<meta property=\"og:type\" content=\"article\" \/>\n<meta property=\"og:title\" content=\"- Maison Dioc\u00e9saine Le Bon Grain\" \/>\n<meta property=\"og:description\" content=\"Maison Dioc\u00e9saine est une Librairie religieuse chr\u00e9tienne, vente de livres et d&#039;objets religieux, en Charente, \u00e0 Angoul\u00eame, Maison dioc\u00e9saine.\" \/>\n<meta property=\"og:url\" content=\"https:\/\/charente.catholique.fr\/maison-diocesaine\/librairie-le-bon-grain\/\" \/>\n<meta property=\"og:site_name\" content=\"Maison Dioc\u00e9saine\" \/>\n<meta property=\"article:modified_time\" content=\"2025-09-16T08:37:46+00:00\" \/>\n<meta property=\"og:image\" content=\"https:\/\/charente.catholique.fr\/maison-diocesaine\/wp-content\/uploads\/sites\/8\/2020\/09\/lemondedetheo-scaled.jpg\" \/>\n\t<meta property=\"og:image:width\" content=\"2560\" \/>\n\t<meta property=\"og:image:height\" content=\"1707\" \/>\n\t<meta property=\"og:image:type\" content=\"image\/jpeg\" \/>\n<meta name=\"twitter:card\" content=\"summary_large_image\" \/>\n<meta name=\"twitter:label1\" content=\"Dur\u00e9e de lecture estim\u00e9e\" \/>\n\t<meta name=\"twitter:data1\" content=\"1 minute\" \/>\n<script type=\"application\/ld+json\" class=\"yoast-schema-graph\">{\"@context\":\"https:\/\/schema.org\",\"@graph\":[{\"@type\":\"WebPage\",\"@id\":\"https:\/\/charente.catholique.fr\/maison-diocesaine\/librairie-le-bon-grain\/\",\"url\":\"https:\/\/charente.catholique.fr\/maison-diocesaine\/librairie-le-bon-grain\/\",\"name\":\"- Maison Dioc\u00e9saine Le Bon Grain\",\"isPartOf\":{\"@id\":\"https:\/\/charente.catholique.fr\/maison-diocesaine\/#website\"},\"primaryImageOfPage\":{\"@id\":\"https:\/\/charente.catholique.fr\/maison-diocesaine\/librairie-le-bon-grain\/#primaryimage\"},\"image\":{\"@id\":\"https:\/\/charente.catholique.fr\/maison-diocesaine\/librairie-le-bon-grain\/#primaryimage\"},\"thumbnailUrl\":\"https:\/\/charente.catholique.fr\/maison-diocesaine\/wp-content\/uploads\/sites\/8\/2020\/09\/lemondedetheo-scaled.jpg\",\"datePublished\":\"2020-09-29T10:16:26+00:00\",\"dateModified\":\"2025-09-16T08:37:46+00:00\",\"description\":\"Maison Dioc\u00e9saine est une Librairie religieuse chr\u00e9tienne, vente de livres et d'objets religieux, en Charente, \u00e0 Angoul\u00eame, Maison dioc\u00e9saine.\",\"inLanguage\":\"fr-FR\",\"potentialAction\":[{\"@type\":\"ReadAction\",\"target\":[\"https:\/\/charente.catholique.fr\/maison-diocesaine\/librairie-le-bon-grain\/\"]}]},{\"@type\":\"ImageObject\",\"inLanguage\":\"fr-FR\",\"@id\":\"https:\/\/charente.catholique.fr\/maison-diocesaine\/librairie-le-bon-grain\/#primaryimage\",\"url\":\"https:\/\/charente.catholique.fr\/maison-diocesaine\/wp-content\/uploads\/sites\/8\/2020\/09\/lemondedetheo-scaled.jpg\",\"contentUrl\":\"https:\/\/charente.catholique.fr\/maison-diocesaine\/wp-content\/uploads\/sites\/8\/2020\/09\/lemondedetheo-scaled.jpg\",\"width\":2560,\"height\":1707},{\"@type\":\"WebSite\",\"@id\":\"https:\/\/charente.catholique.fr\/maison-diocesaine\/#website\",\"url\":\"https:\/\/charente.catholique.fr\/maison-diocesaine\/\",\"name\":\"Maison Dioc\u00e9saine\",\"description\":\"Dioc\u00e8se d&#039;Angoul\u00eame - Eglise Catholique en Charente\",\"potentialAction\":[{\"@type\":\"SearchAction\",\"target\":{\"@type\":\"EntryPoint\",\"urlTemplate\":\"https:\/\/charente.catholique.fr\/maison-diocesaine\/?s={search_term_string}\"},\"query-input\":{\"@type\":\"PropertyValueSpecification\",\"valueRequired\":true,\"valueName\":\"search_term_string\"}}],\"inLanguage\":\"fr-FR\"}]}<\/script>\n<!-- \/ Yoast SEO plugin. -->","yoast_head_json":{"title":"- Maison Dioc\u00e9saine Le Bon Grain","description":"Maison Dioc\u00e9saine est une Librairie religieuse chr\u00e9tienne, vente de livres et d'objets religieux, en Charente, \u00e0 Angoul\u00eame, Maison dioc\u00e9saine.","robots":{"index":"index","follow":"follow","max-snippet":"max-snippet:-1","max-image-preview":"max-image-preview:large","max-video-preview":"max-video-preview:-1"},"canonical":"https:\/\/charente.catholique.fr\/maison-diocesaine\/librairie-le-bon-grain\/","og_locale":"fr_FR","og_type":"article","og_title":"- Maison Dioc\u00e9saine Le Bon Grain","og_description":"Maison Dioc\u00e9saine est une Librairie religieuse chr\u00e9tienne, vente de livres et d'objets religieux, en Charente, \u00e0 Angoul\u00eame, Maison dioc\u00e9saine.","og_url":"https:\/\/charente.catholique.fr\/maison-diocesaine\/librairie-le-bon-grain\/","og_site_name":"Maison Dioc\u00e9saine","article_modified_time":"2025-09-16T08:37:46+00:00","og_image":[{"width":2560,"height":1707,"url":"https:\/\/charente.catholique.fr\/maison-diocesaine\/wp-content\/uploads\/sites\/8\/2020\/09\/lemondedetheo-scaled.jpg","type":"image\/jpeg"}],"twitter_card":"summary_large_image","twitter_misc":{"Dur\u00e9e de lecture estim\u00e9e":"1 minute"},"schema":{"@context":"https:\/\/schema.org","@graph":[{"@type":"WebPage","@id":"https:\/\/charente.catholique.fr\/maison-diocesaine\/librairie-le-bon-grain\/","url":"https:\/\/charente.catholique.fr\/maison-diocesaine\/librairie-le-bon-grain\/","name":"- Maison Dioc\u00e9saine Le Bon Grain","isPartOf":{"@id":"https:\/\/charente.catholique.fr\/maison-diocesaine\/#website"},"primaryImageOfPage":{"@id":"https:\/\/charente.catholique.fr\/maison-diocesaine\/librairie-le-bon-grain\/#primaryimage"},"image":{"@id":"https:\/\/charente.catholique.fr\/maison-diocesaine\/librairie-le-bon-grain\/#primaryimage"},"thumbnailUrl":"https:\/\/charente.catholique.fr\/maison-diocesaine\/wp-content\/uploads\/sites\/8\/2020\/09\/lemondedetheo-scaled.jpg","datePublished":"2020-09-29T10:16:26+00:00","dateModified":"2025-09-16T08:37:46+00:00","description":"Maison Dioc\u00e9saine est une Librairie religieuse chr\u00e9tienne, vente de livres et d'objets religieux, en Charente, \u00e0 Angoul\u00eame, Maison dioc\u00e9saine.","inLanguage":"fr-FR","potentialAction":[{"@type":"ReadAction","target":["https:\/\/charente.catholique.fr\/maison-diocesaine\/librairie-le-bon-grain\/"]}]},{"@type":"ImageObject","inLanguage":"fr-FR","@id":"https:\/\/charente.catholique.fr\/maison-diocesaine\/librairie-le-bon-grain\/#primaryimage","url":"https:\/\/charente.catholique.fr\/maison-diocesaine\/wp-content\/uploads\/sites\/8\/2020\/09\/lemondedetheo-scaled.jpg","contentUrl":"https:\/\/charente.catholique.fr\/maison-diocesaine\/wp-content\/uploads\/sites\/8\/2020\/09\/lemondedetheo-scaled.jpg","width":2560,"height":1707},{"@type":"WebSite","@id":"https:\/\/charente.catholique.fr\/maison-diocesaine\/#website","url":"https:\/\/charente.catholique.fr\/maison-diocesaine\/","name":"Maison Dioc\u00e9saine","description":"Dioc\u00e8se d&#039;Angoul\u00eame - Eglise Catholique en Charente","potentialAction":[{"@type":"SearchAction","target":{"@type":"EntryPoint","urlTemplate":"https:\/\/charente.catholique.fr\/maison-diocesaine\/?s={search_term_string}"},"query-input":{"@type":"PropertyValueSpecification","valueRequired":true,"valueName":"search_term_string"}}],"inLanguage":"fr-FR"}]}},"_links":{"self":[{"href":"https:\/\/charente.catholique.fr\/maison-diocesaine\/wp-json\/wp\/v2\/pages\/134","targetHints":{"allow":["GET"]}}],"collection":[{"href":"https:\/\/charente.catholique.fr\/maison-diocesaine\/wp-json\/wp\/v2\/pages"}],"about":[{"href":"https:\/\/charente.catholique.fr\/maison-diocesaine\/wp-json\/wp\/v2\/types\/page"}],"author":[{"embeddable":true,"href":"https:\/\/charente.catholique.fr\/maison-diocesaine\/wp-json\/wp\/v2\/users\/90"}],"replies":[{"embeddable":true,"href":"https:\/\/charente.catholique.fr\/maison-diocesaine\/wp-json\/wp\/v2\/comments?post=134"}],"version-history":[{"count":10,"href":"https:\/\/charente.catholique.fr\/maison-diocesaine\/wp-json\/wp\/v2\/pages\/134\/revisions"}],"predecessor-version":[{"id":1223,"href":"https:\/\/charente.catholique.fr\/maison-diocesaine\/wp-json\/wp\/v2\/pages\/134\/revisions\/1223"}],"wp:featuredmedia":[{"embeddable":true,"href":"https:\/\/charente.catholique.fr\/maison-diocesaine\/wp-json\/wp\/v2\/media\/170"}],"wp:attachment":[{"href":"https:\/\/charente.catholique.fr\/maison-diocesaine\/wp-json\/wp\/v2\/media?parent=134"}],"curies":[{"name":"wp","href":"https:\/\/api.w.org\/{rel}","templated":true}]}}