{"id":126,"date":"2020-09-29T12:12:27","date_gmt":"2020-09-29T10:12:27","guid":{"rendered":"https:\/\/charente.catholique.fr\/maison-diocesaine\/?page_id=126"},"modified":"2024-11-26T11:31:08","modified_gmt":"2024-11-26T10:31:08","slug":"se-reunir","status":"publish","type":"page","link":"https:\/\/charente.catholique.fr\/maison-diocesaine\/se-reunir\/","title":{"rendered":"Se r\u00e9unir"},"content":{"rendered":"\n<h6 class=\"wp-block-heading\"><em>Des salles de 18m\u00b2 \u00e0 120 m\u00b2, \u00e9quip\u00e9es de vid\u00e9oprojecteurs ou d&#8217;\u00e9crans tactiles, avec un  grand parking \u00e0 disposition. diff\u00e9rentes possibilit\u00e9s d\u2019accueil<\/em>.<\/h6>\n\n\n\n<p class=\"has-diocese-angouleme-color has-text-color has-link-color wp-elements-94a24a792aa2cc172f9832c308191d0e\"><strong><span style=\"background-color:rgba(0, 0, 0, 0)\" class=\"has-inline-color has-diocese-angouleme-color\">Prestations annexes &#8211; matin et apr\u00e8s-midi<\/span> (sur demande) :<\/strong><\/p>\n\n\n\n<ul class=\"wp-block-list\">\n<li>\u00ab&nbsp;Accueil caf\u00e9&nbsp;\u00bb th\u00e9, caf\u00e9, biscuits au tarif de <strong>1,50 \u20ac\/personne<\/strong><\/li>\n\n\n\n<li>\u00ab&nbsp;Accueil caf\u00e9&nbsp;Plus\u00bb th\u00e9, caf\u00e9, eau, jus de fruit et biscuits au tarif de <strong>2,50 \u20ac\/personne<\/strong><\/li>\n\n\n\n<li>\u00ab&nbsp;Pause gourmande&nbsp;\u00bb&nbsp;th\u00e9, caf\u00e9, jus de fruits, biscuits et mini-viennoiseries, au tarif de <strong>3 \u20ac\/personne<\/strong><\/li>\n<\/ul>\n\n\n\n<figure class=\"wp-block-gallery has-nested-images columns-default is-cropped wp-block-gallery-1 is-layout-flex wp-block-gallery-is-layout-flex\">\n<figure class=\"wp-block-image size-large\"><img loading=\"lazy\" decoding=\"async\" width=\"1440\" height=\"1080\" data-id=\"1100\" src=\"https:\/\/charente.catholique.fr\/maison-diocesaine\/wp-content\/uploads\/sites\/8\/2024\/06\/st-pa-1440x1080.jpg\" alt=\"\" class=\"wp-image-1100\" srcset=\"https:\/\/charente.catholique.fr\/maison-diocesaine\/wp-content\/uploads\/sites\/8\/2024\/06\/st-pa-1440x1080.jpg 1440w, https:\/\/charente.catholique.fr\/maison-diocesaine\/wp-content\/uploads\/sites\/8\/2024\/06\/st-pa-300x225.jpg 300w, https:\/\/charente.catholique.fr\/maison-diocesaine\/wp-content\/uploads\/sites\/8\/2024\/06\/st-pa-768x576.jpg 768w, https:\/\/charente.catholique.fr\/maison-diocesaine\/wp-content\/uploads\/sites\/8\/2024\/06\/st-pa-1536x1152.jpg 1536w, https:\/\/charente.catholique.fr\/maison-diocesaine\/wp-content\/uploads\/sites\/8\/2024\/06\/st-pa-1320x990.jpg 1320w, https:\/\/charente.catholique.fr\/maison-diocesaine\/wp-content\/uploads\/sites\/8\/2024\/06\/st-pa.jpg 2016w\" sizes=\"auto, (max-width: 1440px) 100vw, 1440px\" \/><figcaption class=\"wp-element-caption\">Salle St Pierre Auma\u00eetre<\/figcaption><\/figure>\n\n\n\n<figure class=\"wp-block-image size-large\"><img loading=\"lazy\" decoding=\"async\" width=\"1440\" height=\"1080\" data-id=\"1163\" src=\"https:\/\/charente.catholique.fr\/maison-diocesaine\/wp-content\/uploads\/sites\/8\/2024\/11\/salle-st-pa-4-1440x1080.jpg\" alt=\"\" class=\"wp-image-1163\" srcset=\"https:\/\/charente.catholique.fr\/maison-diocesaine\/wp-content\/uploads\/sites\/8\/2024\/11\/salle-st-pa-4-1440x1080.jpg 1440w, https:\/\/charente.catholique.fr\/maison-diocesaine\/wp-content\/uploads\/sites\/8\/2024\/11\/salle-st-pa-4-300x225.jpg 300w, https:\/\/charente.catholique.fr\/maison-diocesaine\/wp-content\/uploads\/sites\/8\/2024\/11\/salle-st-pa-4-768x576.jpg 768w, https:\/\/charente.catholique.fr\/maison-diocesaine\/wp-content\/uploads\/sites\/8\/2024\/11\/salle-st-pa-4-1536x1152.jpg 1536w, https:\/\/charente.catholique.fr\/maison-diocesaine\/wp-content\/uploads\/sites\/8\/2024\/11\/salle-st-pa-4-1320x990.jpg 1320w, https:\/\/charente.catholique.fr\/maison-diocesaine\/wp-content\/uploads\/sites\/8\/2024\/11\/salle-st-pa-4.jpg 2016w\" sizes=\"auto, (max-width: 1440px) 100vw, 1440px\" \/><figcaption class=\"wp-element-caption\">Salle St Pierre Auma\u00eetre<\/figcaption><\/figure>\n<\/figure>\n\n\n\n<figure class=\"wp-block-gallery has-nested-images columns-default is-cropped wp-block-gallery-2 is-layout-flex wp-block-gallery-is-layout-flex\">\n<figure class=\"wp-block-image size-full\"><img loading=\"lazy\" decoding=\"async\" width=\"640\" height=\"480\" data-id=\"1104\" src=\"https:\/\/charente.catholique.fr\/maison-diocesaine\/wp-content\/uploads\/sites\/8\/2024\/06\/Salon-Ste-Therese-2.jpg\" alt=\"\" class=\"wp-image-1104\" srcset=\"https:\/\/charente.catholique.fr\/maison-diocesaine\/wp-content\/uploads\/sites\/8\/2024\/06\/Salon-Ste-Therese-2.jpg 640w, https:\/\/charente.catholique.fr\/maison-diocesaine\/wp-content\/uploads\/sites\/8\/2024\/06\/Salon-Ste-Therese-2-300x225.jpg 300w\" sizes=\"auto, (max-width: 640px) 100vw, 640px\" \/><figcaption class=\"wp-element-caption\">Salle Ste Th\u00e9r\u00e8se<\/figcaption><\/figure>\n\n\n\n<figure class=\"wp-block-image size-large\"><img loading=\"lazy\" decoding=\"async\" width=\"640\" height=\"480\" data-id=\"1106\" src=\"https:\/\/charente.catholique.fr\/maison-diocesaine\/wp-content\/uploads\/sites\/8\/2024\/06\/Boulard.jpg\" alt=\"\" class=\"wp-image-1106\" srcset=\"https:\/\/charente.catholique.fr\/maison-diocesaine\/wp-content\/uploads\/sites\/8\/2024\/06\/Boulard.jpg 640w, https:\/\/charente.catholique.fr\/maison-diocesaine\/wp-content\/uploads\/sites\/8\/2024\/06\/Boulard-300x225.jpg 300w\" sizes=\"auto, (max-width: 640px) 100vw, 640px\" \/><figcaption class=\"wp-element-caption\">Salle Boulard<\/figcaption><\/figure>\n\n\n\n<figure class=\"wp-block-image size-large\"><img loading=\"lazy\" decoding=\"async\" width=\"640\" height=\"480\" data-id=\"1105\" src=\"https:\/\/charente.catholique.fr\/maison-diocesaine\/wp-content\/uploads\/sites\/8\/2024\/06\/St-Cybard-2.jpg\" alt=\"\" class=\"wp-image-1105\" srcset=\"https:\/\/charente.catholique.fr\/maison-diocesaine\/wp-content\/uploads\/sites\/8\/2024\/06\/St-Cybard-2.jpg 640w, https:\/\/charente.catholique.fr\/maison-diocesaine\/wp-content\/uploads\/sites\/8\/2024\/06\/St-Cybard-2-300x225.jpg 300w\" sizes=\"auto, (max-width: 640px) 100vw, 640px\" \/><figcaption class=\"wp-element-caption\">Salle St Cybard<\/figcaption><\/figure>\n<\/figure>\n\n\n\n<figure class=\"wp-block-gallery has-nested-images columns-default is-cropped wp-block-gallery-3 is-layout-flex wp-block-gallery-is-layout-flex\">\n<figure class=\"wp-block-image size-large\"><img loading=\"lazy\" decoding=\"async\" width=\"1920\" height=\"1080\" data-id=\"147\" src=\"https:\/\/charente.catholique.fr\/maison-diocesaine\/wp-content\/uploads\/sites\/8\/2020\/09\/2019-11-13_257-1920x1080.jpg\" alt=\"\" class=\"wp-image-147\" srcset=\"https:\/\/charente.catholique.fr\/maison-diocesaine\/wp-content\/uploads\/sites\/8\/2020\/09\/2019-11-13_257-1920x1080.jpg 1920w, https:\/\/charente.catholique.fr\/maison-diocesaine\/wp-content\/uploads\/sites\/8\/2020\/09\/2019-11-13_257-300x169.jpg 300w, https:\/\/charente.catholique.fr\/maison-diocesaine\/wp-content\/uploads\/sites\/8\/2020\/09\/2019-11-13_257-768x432.jpg 768w, https:\/\/charente.catholique.fr\/maison-diocesaine\/wp-content\/uploads\/sites\/8\/2020\/09\/2019-11-13_257-1536x863.jpg 1536w, https:\/\/charente.catholique.fr\/maison-diocesaine\/wp-content\/uploads\/sites\/8\/2020\/09\/2019-11-13_257-2048x1151.jpg 2048w\" sizes=\"auto, (max-width: 1920px) 100vw, 1920px\" \/><figcaption class=\"wp-element-caption\">Salle Synodale<\/figcaption><\/figure>\n<\/figure>\n\n\n\n<p><br><\/p>\n\n\n\n<div class=\"wp-block-group is-nowrap is-layout-flex wp-container-core-group-is-layout-6c531013 wp-block-group-is-layout-flex\">\n<p>Pour les tarifs et les disponibilit\u00e9s, nous consulter :  <a href=\"mailto:maisondio@dio16.fr\" target=\"_blank\" rel=\"noreferrer noopener\">maisondio@dio16.fr<\/a> <\/p>\n\n\n\n<div class=\"wp-block-buttons is-layout-flex wp-block-buttons-is-layout-flex\"><\/div>\n<\/div>\n","protected":false},"excerpt":{"rendered":"<p>Des salles de 18m\u00b2 \u00e0 120 m\u00b2, \u00e9quip\u00e9es de vid\u00e9oprojecteurs ou d&#8217;\u00e9crans tactiles, avec un grand parking \u00e0 disposition. diff\u00e9rentes possibilit\u00e9s d\u2019accueil. Prestations annexes &#8211; matin et apr\u00e8s-midi (sur demande) : Pour les tarifs et les disponibilit\u00e9s, nous consulter : maisondio@dio16.fr<\/p>\n","protected":false},"author":3,"featured_media":1100,"parent":0,"menu_order":0,"comment_status":"closed","ping_status":"closed","template":"","meta":{"_acf_changed":false,"paroisse":[],"service":[],"footnotes":""},"class_list":["post-126","page","type-page","status-publish","has-post-thumbnail","hentry"],"acf":[],"yoast_head":"<!-- This site is optimized with the Yoast SEO plugin v27.1.1 - https:\/\/yoast.com\/product\/yoast-seo-wordpress\/ -->\n<title>Se r\u00e9unir - Maison Dioc\u00e9saine<\/title>\n<meta name=\"robots\" content=\"index, follow, max-snippet:-1, max-image-preview:large, max-video-preview:-1\" \/>\n<link rel=\"canonical\" href=\"https:\/\/charente.catholique.fr\/maison-diocesaine\/se-reunir\/\" \/>\n<meta property=\"og:locale\" content=\"fr_FR\" \/>\n<meta property=\"og:type\" content=\"article\" \/>\n<meta property=\"og:title\" content=\"Se r\u00e9unir - Maison Dioc\u00e9saine\" \/>\n<meta property=\"og:description\" content=\"Des salles de 18m\u00b2 \u00e0 120 m\u00b2, \u00e9quip\u00e9es de vid\u00e9oprojecteurs ou d&#8217;\u00e9crans tactiles, avec un grand parking \u00e0 disposition. diff\u00e9rentes possibilit\u00e9s d\u2019accueil. Prestations annexes &#8211; matin et apr\u00e8s-midi (sur demande) : Pour les tarifs et les disponibilit\u00e9s, nous consulter : maisondio@dio16.fr\" \/>\n<meta property=\"og:url\" content=\"https:\/\/charente.catholique.fr\/maison-diocesaine\/se-reunir\/\" \/>\n<meta property=\"og:site_name\" content=\"Maison Dioc\u00e9saine\" \/>\n<meta property=\"article:modified_time\" content=\"2024-11-26T10:31:08+00:00\" \/>\n<meta property=\"og:image\" content=\"https:\/\/charente.catholique.fr\/maison-diocesaine\/wp-content\/uploads\/sites\/8\/2024\/06\/st-pa.jpg\" \/>\n\t<meta property=\"og:image:width\" content=\"2016\" \/>\n\t<meta property=\"og:image:height\" content=\"1512\" \/>\n\t<meta property=\"og:image:type\" content=\"image\/jpeg\" \/>\n<meta name=\"twitter:card\" content=\"summary_large_image\" \/>\n<meta name=\"twitter:label1\" content=\"Dur\u00e9e de lecture estim\u00e9e\" \/>\n\t<meta name=\"twitter:data1\" content=\"2 minutes\" \/>\n<script type=\"application\/ld+json\" class=\"yoast-schema-graph\">{\"@context\":\"https:\/\/schema.org\",\"@graph\":[{\"@type\":\"WebPage\",\"@id\":\"https:\/\/charente.catholique.fr\/maison-diocesaine\/se-reunir\/\",\"url\":\"https:\/\/charente.catholique.fr\/maison-diocesaine\/se-reunir\/\",\"name\":\"Se r\u00e9unir - Maison Dioc\u00e9saine\",\"isPartOf\":{\"@id\":\"https:\/\/charente.catholique.fr\/maison-diocesaine\/#website\"},\"primaryImageOfPage\":{\"@id\":\"https:\/\/charente.catholique.fr\/maison-diocesaine\/se-reunir\/#primaryimage\"},\"image\":{\"@id\":\"https:\/\/charente.catholique.fr\/maison-diocesaine\/se-reunir\/#primaryimage\"},\"thumbnailUrl\":\"https:\/\/charente.catholique.fr\/maison-diocesaine\/wp-content\/uploads\/sites\/8\/2024\/06\/st-pa.jpg\",\"datePublished\":\"2020-09-29T10:12:27+00:00\",\"dateModified\":\"2024-11-26T10:31:08+00:00\",\"breadcrumb\":{\"@id\":\"https:\/\/charente.catholique.fr\/maison-diocesaine\/se-reunir\/#breadcrumb\"},\"inLanguage\":\"fr-FR\",\"potentialAction\":[{\"@type\":\"ReadAction\",\"target\":[\"https:\/\/charente.catholique.fr\/maison-diocesaine\/se-reunir\/\"]}]},{\"@type\":\"ImageObject\",\"inLanguage\":\"fr-FR\",\"@id\":\"https:\/\/charente.catholique.fr\/maison-diocesaine\/se-reunir\/#primaryimage\",\"url\":\"https:\/\/charente.catholique.fr\/maison-diocesaine\/wp-content\/uploads\/sites\/8\/2024\/06\/st-pa.jpg\",\"contentUrl\":\"https:\/\/charente.catholique.fr\/maison-diocesaine\/wp-content\/uploads\/sites\/8\/2024\/06\/st-pa.jpg\",\"width\":2016,\"height\":1512,\"caption\":\"Salle St Pierre Auma\u00eetre\"},{\"@type\":\"BreadcrumbList\",\"@id\":\"https:\/\/charente.catholique.fr\/maison-diocesaine\/se-reunir\/#breadcrumb\",\"itemListElement\":[{\"@type\":\"ListItem\",\"position\":1,\"name\":\"Accueil\",\"item\":\"https:\/\/charente.catholique.fr\/maison-diocesaine\/\"},{\"@type\":\"ListItem\",\"position\":2,\"name\":\"Se r\u00e9unir\"}]},{\"@type\":\"WebSite\",\"@id\":\"https:\/\/charente.catholique.fr\/maison-diocesaine\/#website\",\"url\":\"https:\/\/charente.catholique.fr\/maison-diocesaine\/\",\"name\":\"Maison Dioc\u00e9saine\",\"description\":\"Dioc\u00e8se d&#039;Angoul\u00eame - Eglise Catholique en Charente\",\"potentialAction\":[{\"@type\":\"SearchAction\",\"target\":{\"@type\":\"EntryPoint\",\"urlTemplate\":\"https:\/\/charente.catholique.fr\/maison-diocesaine\/?s={search_term_string}\"},\"query-input\":{\"@type\":\"PropertyValueSpecification\",\"valueRequired\":true,\"valueName\":\"search_term_string\"}}],\"inLanguage\":\"fr-FR\"}]}<\/script>\n<!-- \/ Yoast SEO plugin. -->","yoast_head_json":{"title":"Se r\u00e9unir - Maison Dioc\u00e9saine","robots":{"index":"index","follow":"follow","max-snippet":"max-snippet:-1","max-image-preview":"max-image-preview:large","max-video-preview":"max-video-preview:-1"},"canonical":"https:\/\/charente.catholique.fr\/maison-diocesaine\/se-reunir\/","og_locale":"fr_FR","og_type":"article","og_title":"Se r\u00e9unir - Maison Dioc\u00e9saine","og_description":"Des salles de 18m\u00b2 \u00e0 120 m\u00b2, \u00e9quip\u00e9es de vid\u00e9oprojecteurs ou d&#8217;\u00e9crans tactiles, avec un grand parking \u00e0 disposition. diff\u00e9rentes possibilit\u00e9s d\u2019accueil. Prestations annexes &#8211; matin et apr\u00e8s-midi (sur demande) : Pour les tarifs et les disponibilit\u00e9s, nous consulter : maisondio@dio16.fr","og_url":"https:\/\/charente.catholique.fr\/maison-diocesaine\/se-reunir\/","og_site_name":"Maison Dioc\u00e9saine","article_modified_time":"2024-11-26T10:31:08+00:00","og_image":[{"width":2016,"height":1512,"url":"https:\/\/charente.catholique.fr\/maison-diocesaine\/wp-content\/uploads\/sites\/8\/2024\/06\/st-pa.jpg","type":"image\/jpeg"}],"twitter_card":"summary_large_image","twitter_misc":{"Dur\u00e9e de lecture estim\u00e9e":"2 minutes"},"schema":{"@context":"https:\/\/schema.org","@graph":[{"@type":"WebPage","@id":"https:\/\/charente.catholique.fr\/maison-diocesaine\/se-reunir\/","url":"https:\/\/charente.catholique.fr\/maison-diocesaine\/se-reunir\/","name":"Se r\u00e9unir - Maison Dioc\u00e9saine","isPartOf":{"@id":"https:\/\/charente.catholique.fr\/maison-diocesaine\/#website"},"primaryImageOfPage":{"@id":"https:\/\/charente.catholique.fr\/maison-diocesaine\/se-reunir\/#primaryimage"},"image":{"@id":"https:\/\/charente.catholique.fr\/maison-diocesaine\/se-reunir\/#primaryimage"},"thumbnailUrl":"https:\/\/charente.catholique.fr\/maison-diocesaine\/wp-content\/uploads\/sites\/8\/2024\/06\/st-pa.jpg","datePublished":"2020-09-29T10:12:27+00:00","dateModified":"2024-11-26T10:31:08+00:00","breadcrumb":{"@id":"https:\/\/charente.catholique.fr\/maison-diocesaine\/se-reunir\/#breadcrumb"},"inLanguage":"fr-FR","potentialAction":[{"@type":"ReadAction","target":["https:\/\/charente.catholique.fr\/maison-diocesaine\/se-reunir\/"]}]},{"@type":"ImageObject","inLanguage":"fr-FR","@id":"https:\/\/charente.catholique.fr\/maison-diocesaine\/se-reunir\/#primaryimage","url":"https:\/\/charente.catholique.fr\/maison-diocesaine\/wp-content\/uploads\/sites\/8\/2024\/06\/st-pa.jpg","contentUrl":"https:\/\/charente.catholique.fr\/maison-diocesaine\/wp-content\/uploads\/sites\/8\/2024\/06\/st-pa.jpg","width":2016,"height":1512,"caption":"Salle St Pierre Auma\u00eetre"},{"@type":"BreadcrumbList","@id":"https:\/\/charente.catholique.fr\/maison-diocesaine\/se-reunir\/#breadcrumb","itemListElement":[{"@type":"ListItem","position":1,"name":"Accueil","item":"https:\/\/charente.catholique.fr\/maison-diocesaine\/"},{"@type":"ListItem","position":2,"name":"Se r\u00e9unir"}]},{"@type":"WebSite","@id":"https:\/\/charente.catholique.fr\/maison-diocesaine\/#website","url":"https:\/\/charente.catholique.fr\/maison-diocesaine\/","name":"Maison Dioc\u00e9saine","description":"Dioc\u00e8se d&#039;Angoul\u00eame - Eglise Catholique en Charente","potentialAction":[{"@type":"SearchAction","target":{"@type":"EntryPoint","urlTemplate":"https:\/\/charente.catholique.fr\/maison-diocesaine\/?s={search_term_string}"},"query-input":{"@type":"PropertyValueSpecification","valueRequired":true,"valueName":"search_term_string"}}],"inLanguage":"fr-FR"}]}},"_links":{"self":[{"href":"https:\/\/charente.catholique.fr\/maison-diocesaine\/wp-json\/wp\/v2\/pages\/126","targetHints":{"allow":["GET"]}}],"collection":[{"href":"https:\/\/charente.catholique.fr\/maison-diocesaine\/wp-json\/wp\/v2\/pages"}],"about":[{"href":"https:\/\/charente.catholique.fr\/maison-diocesaine\/wp-json\/wp\/v2\/types\/page"}],"author":[{"embeddable":true,"href":"https:\/\/charente.catholique.fr\/maison-diocesaine\/wp-json\/wp\/v2\/users\/3"}],"replies":[{"embeddable":true,"href":"https:\/\/charente.catholique.fr\/maison-diocesaine\/wp-json\/wp\/v2\/comments?post=126"}],"version-history":[{"count":10,"href":"https:\/\/charente.catholique.fr\/maison-diocesaine\/wp-json\/wp\/v2\/pages\/126\/revisions"}],"predecessor-version":[{"id":1165,"href":"https:\/\/charente.catholique.fr\/maison-diocesaine\/wp-json\/wp\/v2\/pages\/126\/revisions\/1165"}],"wp:featuredmedia":[{"embeddable":true,"href":"https:\/\/charente.catholique.fr\/maison-diocesaine\/wp-json\/wp\/v2\/media\/1100"}],"wp:attachment":[{"href":"https:\/\/charente.catholique.fr\/maison-diocesaine\/wp-json\/wp\/v2\/media?parent=126"}],"curies":[{"name":"wp","href":"https:\/\/api.w.org\/{rel}","templated":true}]}}