{"id":121,"date":"2020-09-29T10:30:36","date_gmt":"2020-09-29T08:30:36","guid":{"rendered":"https:\/\/charente.catholique.fr\/maison-diocesaine\/?page_id=121"},"modified":"2021-11-25T11:47:54","modified_gmt":"2021-11-25T10:47:54","slug":"actualites","status":"publish","type":"page","link":"https:\/\/charente.catholique.fr\/maison-diocesaine\/actualites\/","title":{"rendered":"Actualit\u00e9s"},"content":{"rendered":"","protected":false},"excerpt":{"rendered":"","protected":false},"author":3,"featured_media":0,"parent":0,"menu_order":0,"comment_status":"closed","ping_status":"closed","template":"actualites.php","meta":{"_acf_changed":false,"paroisse":[],"service":[],"footnotes":""},"class_list":["post-121","page","type-page","status-publish","hentry"],"acf":[],"yoast_head":"<!-- This site is optimized with the Yoast SEO plugin v27.1.1 - https:\/\/yoast.com\/product\/yoast-seo-wordpress\/ -->\n<title>Actualit\u00e9s - Maison Dioc\u00e9saine<\/title>\n<meta name=\"robots\" content=\"index, follow, max-snippet:-1, max-image-preview:large, max-video-preview:-1\" \/>\n<link rel=\"canonical\" href=\"https:\/\/charente.catholique.fr\/maison-diocesaine\/actualites\/\" \/>\n<meta property=\"og:locale\" content=\"fr_FR\" \/>\n<meta property=\"og:type\" content=\"article\" \/>\n<meta property=\"og:title\" content=\"Actualit\u00e9s - Maison Dioc\u00e9saine\" \/>\n<meta property=\"og:url\" content=\"https:\/\/charente.catholique.fr\/maison-diocesaine\/actualites\/\" \/>\n<meta property=\"og:site_name\" content=\"Maison Dioc\u00e9saine\" \/>\n<meta property=\"article:modified_time\" content=\"2021-11-25T10:47:54+00:00\" \/>\n<meta name=\"twitter:card\" content=\"summary_large_image\" \/>\n<script type=\"application\/ld+json\" class=\"yoast-schema-graph\">{\"@context\":\"https:\/\/schema.org\",\"@graph\":[{\"@type\":\"WebPage\",\"@id\":\"https:\/\/charente.catholique.fr\/maison-diocesaine\/actualites\/\",\"url\":\"https:\/\/charente.catholique.fr\/maison-diocesaine\/actualites\/\",\"name\":\"Actualit\u00e9s - Maison Dioc\u00e9saine\",\"isPartOf\":{\"@id\":\"https:\/\/charente.catholique.fr\/maison-diocesaine\/#website\"},\"datePublished\":\"2020-09-29T08:30:36+00:00\",\"dateModified\":\"2021-11-25T10:47:54+00:00\",\"breadcrumb\":{\"@id\":\"https:\/\/charente.catholique.fr\/maison-diocesaine\/actualites\/#breadcrumb\"},\"inLanguage\":\"fr-FR\",\"potentialAction\":[{\"@type\":\"ReadAction\",\"target\":[\"https:\/\/charente.catholique.fr\/maison-diocesaine\/actualites\/\"]}]},{\"@type\":\"BreadcrumbList\",\"@id\":\"https:\/\/charente.catholique.fr\/maison-diocesaine\/actualites\/#breadcrumb\",\"itemListElement\":[{\"@type\":\"ListItem\",\"position\":1,\"name\":\"Accueil\",\"item\":\"https:\/\/charente.catholique.fr\/maison-diocesaine\/\"},{\"@type\":\"ListItem\",\"position\":2,\"name\":\"Actualit\u00e9s\"}]},{\"@type\":\"WebSite\",\"@id\":\"https:\/\/charente.catholique.fr\/maison-diocesaine\/#website\",\"url\":\"https:\/\/charente.catholique.fr\/maison-diocesaine\/\",\"name\":\"Maison Dioc\u00e9saine\",\"description\":\"Dioc\u00e8se d&#039;Angoul\u00eame - Eglise Catholique en Charente\",\"potentialAction\":[{\"@type\":\"SearchAction\",\"target\":{\"@type\":\"EntryPoint\",\"urlTemplate\":\"https:\/\/charente.catholique.fr\/maison-diocesaine\/?s={search_term_string}\"},\"query-input\":{\"@type\":\"PropertyValueSpecification\",\"valueRequired\":true,\"valueName\":\"search_term_string\"}}],\"inLanguage\":\"fr-FR\"}]}<\/script>\n<!-- \/ Yoast SEO plugin. -->","yoast_head_json":{"title":"Actualit\u00e9s - Maison Dioc\u00e9saine","robots":{"index":"index","follow":"follow","max-snippet":"max-snippet:-1","max-image-preview":"max-image-preview:large","max-video-preview":"max-video-preview:-1"},"canonical":"https:\/\/charente.catholique.fr\/maison-diocesaine\/actualites\/","og_locale":"fr_FR","og_type":"article","og_title":"Actualit\u00e9s - Maison Dioc\u00e9saine","og_url":"https:\/\/charente.catholique.fr\/maison-diocesaine\/actualites\/","og_site_name":"Maison Dioc\u00e9saine","article_modified_time":"2021-11-25T10:47:54+00:00","twitter_card":"summary_large_image","schema":{"@context":"https:\/\/schema.org","@graph":[{"@type":"WebPage","@id":"https:\/\/charente.catholique.fr\/maison-diocesaine\/actualites\/","url":"https:\/\/charente.catholique.fr\/maison-diocesaine\/actualites\/","name":"Actualit\u00e9s - Maison Dioc\u00e9saine","isPartOf":{"@id":"https:\/\/charente.catholique.fr\/maison-diocesaine\/#website"},"datePublished":"2020-09-29T08:30:36+00:00","dateModified":"2021-11-25T10:47:54+00:00","breadcrumb":{"@id":"https:\/\/charente.catholique.fr\/maison-diocesaine\/actualites\/#breadcrumb"},"inLanguage":"fr-FR","potentialAction":[{"@type":"ReadAction","target":["https:\/\/charente.catholique.fr\/maison-diocesaine\/actualites\/"]}]},{"@type":"BreadcrumbList","@id":"https:\/\/charente.catholique.fr\/maison-diocesaine\/actualites\/#breadcrumb","itemListElement":[{"@type":"ListItem","position":1,"name":"Accueil","item":"https:\/\/charente.catholique.fr\/maison-diocesaine\/"},{"@type":"ListItem","position":2,"name":"Actualit\u00e9s"}]},{"@type":"WebSite","@id":"https:\/\/charente.catholique.fr\/maison-diocesaine\/#website","url":"https:\/\/charente.catholique.fr\/maison-diocesaine\/","name":"Maison Dioc\u00e9saine","description":"Dioc\u00e8se d&#039;Angoul\u00eame - Eglise Catholique en Charente","potentialAction":[{"@type":"SearchAction","target":{"@type":"EntryPoint","urlTemplate":"https:\/\/charente.catholique.fr\/maison-diocesaine\/?s={search_term_string}"},"query-input":{"@type":"PropertyValueSpecification","valueRequired":true,"valueName":"search_term_string"}}],"inLanguage":"fr-FR"}]}},"_links":{"self":[{"href":"https:\/\/charente.catholique.fr\/maison-diocesaine\/wp-json\/wp\/v2\/pages\/121","targetHints":{"allow":["GET"]}}],"collection":[{"href":"https:\/\/charente.catholique.fr\/maison-diocesaine\/wp-json\/wp\/v2\/pages"}],"about":[{"href":"https:\/\/charente.catholique.fr\/maison-diocesaine\/wp-json\/wp\/v2\/types\/page"}],"author":[{"embeddable":true,"href":"https:\/\/charente.catholique.fr\/maison-diocesaine\/wp-json\/wp\/v2\/users\/3"}],"replies":[{"embeddable":true,"href":"https:\/\/charente.catholique.fr\/maison-diocesaine\/wp-json\/wp\/v2\/comments?post=121"}],"version-history":[{"count":5,"href":"https:\/\/charente.catholique.fr\/maison-diocesaine\/wp-json\/wp\/v2\/pages\/121\/revisions"}],"predecessor-version":[{"id":481,"href":"https:\/\/charente.catholique.fr\/maison-diocesaine\/wp-json\/wp\/v2\/pages\/121\/revisions\/481"}],"wp:attachment":[{"href":"https:\/\/charente.catholique.fr\/maison-diocesaine\/wp-json\/wp\/v2\/media?parent=121"}],"curies":[{"name":"wp","href":"https:\/\/api.w.org\/{rel}","templated":true}]}}