{"id":1000,"date":"2024-02-16T10:46:24","date_gmt":"2024-02-16T09:46:24","guid":{"rendered":"https:\/\/charente.catholique.fr\/maison-diocesaine\/?page_id=1000"},"modified":"2024-02-16T10:46:25","modified_gmt":"2024-02-16T09:46:25","slug":"qui-se-cache-derriere-le-logo","status":"publish","type":"page","link":"https:\/\/charente.catholique.fr\/maison-diocesaine\/librairie-le-bon-grain\/presentation-de-la-librairie\/qui-se-cache-derriere-le-logo\/","title":{"rendered":"Qui se cache derri\u00e8re le logo ?"},"content":{"rendered":"\n<p><\/p>\n\n\n\n<hr class=\"wp-block-separator aligncenter has-alpha-channel-opacity is-style-default\"\/>\n\n\n\n<div class=\"wp-block-columns is-layout-flex wp-container-core-columns-is-layout-28f84493 wp-block-columns-is-layout-flex\">\n<div class=\"wp-block-column is-layout-flow wp-block-column-is-layout-flow\"><div class=\"wp-block-image\">\n<figure class=\"aligncenter size-full is-resized\"><img loading=\"lazy\" decoding=\"async\" width=\"373\" height=\"487\" src=\"https:\/\/charente.catholique.fr\/maison-diocesaine\/wp-content\/uploads\/sites\/8\/2023\/05\/image-3.png\" alt=\"\" class=\"wp-image-724\" style=\"width:233px;height:303px\" srcset=\"https:\/\/charente.catholique.fr\/maison-diocesaine\/wp-content\/uploads\/sites\/8\/2023\/05\/image-3.png 373w, https:\/\/charente.catholique.fr\/maison-diocesaine\/wp-content\/uploads\/sites\/8\/2023\/05\/image-3-230x300.png 230w\" sizes=\"auto, (max-width: 373px) 100vw, 373px\" \/><\/figure>\n<\/div><\/div>\n\n\n\n<div class=\"wp-block-column is-layout-flow wp-block-column-is-layout-flow\"><div class=\"wp-block-image\">\n<figure class=\"alignleft size-full is-resized\"><img loading=\"lazy\" decoding=\"async\" width=\"968\" height=\"1079\" src=\"https:\/\/charente.catholique.fr\/maison-diocesaine\/wp-content\/uploads\/sites\/8\/2023\/05\/Logo-Librairie-Le-Bon-Grain-1.png\" alt=\"\" class=\"wp-image-725\" style=\"width:278px;height:310px\" srcset=\"https:\/\/charente.catholique.fr\/maison-diocesaine\/wp-content\/uploads\/sites\/8\/2023\/05\/Logo-Librairie-Le-Bon-Grain-1.png 968w, https:\/\/charente.catholique.fr\/maison-diocesaine\/wp-content\/uploads\/sites\/8\/2023\/05\/Logo-Librairie-Le-Bon-Grain-1-269x300.png 269w, https:\/\/charente.catholique.fr\/maison-diocesaine\/wp-content\/uploads\/sites\/8\/2023\/05\/Logo-Librairie-Le-Bon-Grain-1-768x856.png 768w\" sizes=\"auto, (max-width: 968px) 100vw, 968px\" \/><\/figure>\n<\/div><\/div>\n<\/div>\n\n\n\n<p>Qui se cache derri\u00e8re le logo &nbsp;joyeux et color\u00e9 du Bon Grain&nbsp;?&nbsp; Nous vous disons tout \u2026 il est temps de rendre \u00e0 C\u00e9sar ce qui lui appartient&nbsp;!<\/p>\n\n\n\n<p>Le logo de &nbsp;la librairie a vu le jour gr\u00e2ce \u00e0 St\u00e9phanie Garnier qui a accept\u00e9 b\u00e9n\u00e9volement &nbsp;&nbsp;et avec enthousiasme de mettre ses talents &nbsp;d\u2019infographiste au service de la librairie . St\u00e9phanie a \u00e9galement eu la gentillesse de nous c\u00e9der gracieusement les droits d\u2019auteur.<\/p>\n\n\n\n<p>Nous avons pens\u00e9 spontan\u00e9ment \u00e0&nbsp; St\u00e9phanie car &nbsp;nous connaissions &nbsp;sa cr\u00e9ativit\u00e9 et son engagement . Elle a &nbsp;en effet cr\u00e9\u00e9 l\u2019entreprise A petits pas &nbsp;&nbsp;\u00ab&nbsp;pour &nbsp;le plaisir de faire plaisir&nbsp;\u00bb&nbsp;et&nbsp; &nbsp;propose notamment des jeux et des articles &nbsp;pour \u00e9lever les enfants dans la foi et le plaisir de faire plaisir aux autres . Si vous voulez en savoir plus n\u2019h\u00e9sitez pas \u00e0 consulter son site :<a href=\"https:\/\/a-petitspas.com\/\" target=\"_blank\" rel=\"noreferrer noopener\"> \u00c0 Petits Pas<\/a><\/p>\n\n\n\n<p>Un grand merci \u00e0 St\u00e9phanie pour ce beau&nbsp; logo dont nous sommes tr\u00e8s fiers.<\/p>\n","protected":false},"excerpt":{"rendered":"<p>Qui se cache derri\u00e8re le logo &nbsp;joyeux et color\u00e9 du Bon Grain&nbsp;?&nbsp; Nous vous disons tout \u2026 il est temps de rendre \u00e0 C\u00e9sar ce qui lui appartient&nbsp;! Le logo de &nbsp;la librairie a vu le jour gr\u00e2ce \u00e0 St\u00e9phanie Garnier qui a accept\u00e9 b\u00e9n\u00e9volement &nbsp;&nbsp;et avec enthousiasme de mettre ses talents &nbsp;d\u2019infographiste au service [&hellip;]<\/p>\n","protected":false},"author":3,"featured_media":724,"parent":995,"menu_order":0,"comment_status":"closed","ping_status":"closed","template":"","meta":{"_acf_changed":false,"paroisse":[],"service":[],"footnotes":""},"class_list":["post-1000","page","type-page","status-publish","has-post-thumbnail","hentry"],"acf":[],"yoast_head":"<!-- This site is optimized with the Yoast SEO plugin v27.1.1 - https:\/\/yoast.com\/product\/yoast-seo-wordpress\/ -->\n<title>Qui se cache derri\u00e8re le logo ? - Maison Dioc\u00e9saine<\/title>\n<meta name=\"robots\" content=\"index, follow, max-snippet:-1, max-image-preview:large, max-video-preview:-1\" \/>\n<link rel=\"canonical\" href=\"https:\/\/charente.catholique.fr\/maison-diocesaine\/librairie-le-bon-grain\/presentation-de-la-librairie\/qui-se-cache-derriere-le-logo\/\" \/>\n<meta property=\"og:locale\" content=\"fr_FR\" \/>\n<meta property=\"og:type\" content=\"article\" \/>\n<meta property=\"og:title\" content=\"Qui se cache derri\u00e8re le logo ? - Maison Dioc\u00e9saine\" \/>\n<meta property=\"og:description\" content=\"Qui se cache derri\u00e8re le logo &nbsp;joyeux et color\u00e9 du Bon Grain&nbsp;?&nbsp; Nous vous disons tout \u2026 il est temps de rendre \u00e0 C\u00e9sar ce qui lui appartient&nbsp;! Le logo de &nbsp;la librairie a vu le jour gr\u00e2ce \u00e0 St\u00e9phanie Garnier qui a accept\u00e9 b\u00e9n\u00e9volement &nbsp;&nbsp;et avec enthousiasme de mettre ses talents &nbsp;d\u2019infographiste au service [&hellip;]\" \/>\n<meta property=\"og:url\" content=\"https:\/\/charente.catholique.fr\/maison-diocesaine\/librairie-le-bon-grain\/presentation-de-la-librairie\/qui-se-cache-derriere-le-logo\/\" \/>\n<meta property=\"og:site_name\" content=\"Maison Dioc\u00e9saine\" \/>\n<meta property=\"article:modified_time\" content=\"2024-02-16T09:46:25+00:00\" \/>\n<meta property=\"og:image\" content=\"https:\/\/charente.catholique.fr\/maison-diocesaine\/wp-content\/uploads\/sites\/8\/2023\/05\/image-3.png\" \/>\n\t<meta property=\"og:image:width\" content=\"373\" \/>\n\t<meta property=\"og:image:height\" content=\"487\" \/>\n\t<meta property=\"og:image:type\" content=\"image\/png\" \/>\n<meta name=\"twitter:card\" content=\"summary_large_image\" \/>\n<meta name=\"twitter:label1\" content=\"Dur\u00e9e de lecture estim\u00e9e\" \/>\n\t<meta name=\"twitter:data1\" content=\"2 minutes\" \/>\n<script type=\"application\/ld+json\" class=\"yoast-schema-graph\">{\"@context\":\"https:\/\/schema.org\",\"@graph\":[{\"@type\":\"WebPage\",\"@id\":\"https:\/\/charente.catholique.fr\/maison-diocesaine\/librairie-le-bon-grain\/presentation-de-la-librairie\/qui-se-cache-derriere-le-logo\/\",\"url\":\"https:\/\/charente.catholique.fr\/maison-diocesaine\/librairie-le-bon-grain\/presentation-de-la-librairie\/qui-se-cache-derriere-le-logo\/\",\"name\":\"Qui se cache derri\u00e8re le logo ? - Maison Dioc\u00e9saine\",\"isPartOf\":{\"@id\":\"https:\/\/charente.catholique.fr\/maison-diocesaine\/#website\"},\"primaryImageOfPage\":{\"@id\":\"https:\/\/charente.catholique.fr\/maison-diocesaine\/librairie-le-bon-grain\/presentation-de-la-librairie\/qui-se-cache-derriere-le-logo\/#primaryimage\"},\"image\":{\"@id\":\"https:\/\/charente.catholique.fr\/maison-diocesaine\/librairie-le-bon-grain\/presentation-de-la-librairie\/qui-se-cache-derriere-le-logo\/#primaryimage\"},\"thumbnailUrl\":\"https:\/\/charente.catholique.fr\/maison-diocesaine\/wp-content\/uploads\/sites\/8\/2023\/05\/image-3.png\",\"datePublished\":\"2024-02-16T09:46:24+00:00\",\"dateModified\":\"2024-02-16T09:46:25+00:00\",\"breadcrumb\":{\"@id\":\"https:\/\/charente.catholique.fr\/maison-diocesaine\/librairie-le-bon-grain\/presentation-de-la-librairie\/qui-se-cache-derriere-le-logo\/#breadcrumb\"},\"inLanguage\":\"fr-FR\",\"potentialAction\":[{\"@type\":\"ReadAction\",\"target\":[\"https:\/\/charente.catholique.fr\/maison-diocesaine\/librairie-le-bon-grain\/presentation-de-la-librairie\/qui-se-cache-derriere-le-logo\/\"]}]},{\"@type\":\"ImageObject\",\"inLanguage\":\"fr-FR\",\"@id\":\"https:\/\/charente.catholique.fr\/maison-diocesaine\/librairie-le-bon-grain\/presentation-de-la-librairie\/qui-se-cache-derriere-le-logo\/#primaryimage\",\"url\":\"https:\/\/charente.catholique.fr\/maison-diocesaine\/wp-content\/uploads\/sites\/8\/2023\/05\/image-3.png\",\"contentUrl\":\"https:\/\/charente.catholique.fr\/maison-diocesaine\/wp-content\/uploads\/sites\/8\/2023\/05\/image-3.png\",\"width\":373,\"height\":487},{\"@type\":\"BreadcrumbList\",\"@id\":\"https:\/\/charente.catholique.fr\/maison-diocesaine\/librairie-le-bon-grain\/presentation-de-la-librairie\/qui-se-cache-derriere-le-logo\/#breadcrumb\",\"itemListElement\":[{\"@type\":\"ListItem\",\"position\":1,\"name\":\"Accueil\",\"item\":\"https:\/\/charente.catholique.fr\/maison-diocesaine\/\"},{\"@type\":\"ListItem\",\"position\":2,\"name\":\"Pr\u00e9sentation de la Librairie Le Bon Grain\",\"item\":\"https:\/\/charente.catholique.fr\/maison-diocesaine\/librairie-le-bon-grain\/presentation-de-la-librairie\/\"},{\"@type\":\"ListItem\",\"position\":3,\"name\":\"Qui se cache derri\u00e8re le logo ?\"}]},{\"@type\":\"WebSite\",\"@id\":\"https:\/\/charente.catholique.fr\/maison-diocesaine\/#website\",\"url\":\"https:\/\/charente.catholique.fr\/maison-diocesaine\/\",\"name\":\"Maison Dioc\u00e9saine\",\"description\":\"Dioc\u00e8se d&#039;Angoul\u00eame - Eglise Catholique en Charente\",\"potentialAction\":[{\"@type\":\"SearchAction\",\"target\":{\"@type\":\"EntryPoint\",\"urlTemplate\":\"https:\/\/charente.catholique.fr\/maison-diocesaine\/?s={search_term_string}\"},\"query-input\":{\"@type\":\"PropertyValueSpecification\",\"valueRequired\":true,\"valueName\":\"search_term_string\"}}],\"inLanguage\":\"fr-FR\"}]}<\/script>\n<!-- \/ Yoast SEO plugin. -->","yoast_head_json":{"title":"Qui se cache derri\u00e8re le logo ? - Maison Dioc\u00e9saine","robots":{"index":"index","follow":"follow","max-snippet":"max-snippet:-1","max-image-preview":"max-image-preview:large","max-video-preview":"max-video-preview:-1"},"canonical":"https:\/\/charente.catholique.fr\/maison-diocesaine\/librairie-le-bon-grain\/presentation-de-la-librairie\/qui-se-cache-derriere-le-logo\/","og_locale":"fr_FR","og_type":"article","og_title":"Qui se cache derri\u00e8re le logo ? - Maison Dioc\u00e9saine","og_description":"Qui se cache derri\u00e8re le logo &nbsp;joyeux et color\u00e9 du Bon Grain&nbsp;?&nbsp; Nous vous disons tout \u2026 il est temps de rendre \u00e0 C\u00e9sar ce qui lui appartient&nbsp;! Le logo de &nbsp;la librairie a vu le jour gr\u00e2ce \u00e0 St\u00e9phanie Garnier qui a accept\u00e9 b\u00e9n\u00e9volement &nbsp;&nbsp;et avec enthousiasme de mettre ses talents &nbsp;d\u2019infographiste au service [&hellip;]","og_url":"https:\/\/charente.catholique.fr\/maison-diocesaine\/librairie-le-bon-grain\/presentation-de-la-librairie\/qui-se-cache-derriere-le-logo\/","og_site_name":"Maison Dioc\u00e9saine","article_modified_time":"2024-02-16T09:46:25+00:00","og_image":[{"width":373,"height":487,"url":"https:\/\/charente.catholique.fr\/maison-diocesaine\/wp-content\/uploads\/sites\/8\/2023\/05\/image-3.png","type":"image\/png"}],"twitter_card":"summary_large_image","twitter_misc":{"Dur\u00e9e de lecture estim\u00e9e":"2 minutes"},"schema":{"@context":"https:\/\/schema.org","@graph":[{"@type":"WebPage","@id":"https:\/\/charente.catholique.fr\/maison-diocesaine\/librairie-le-bon-grain\/presentation-de-la-librairie\/qui-se-cache-derriere-le-logo\/","url":"https:\/\/charente.catholique.fr\/maison-diocesaine\/librairie-le-bon-grain\/presentation-de-la-librairie\/qui-se-cache-derriere-le-logo\/","name":"Qui se cache derri\u00e8re le logo ? - Maison Dioc\u00e9saine","isPartOf":{"@id":"https:\/\/charente.catholique.fr\/maison-diocesaine\/#website"},"primaryImageOfPage":{"@id":"https:\/\/charente.catholique.fr\/maison-diocesaine\/librairie-le-bon-grain\/presentation-de-la-librairie\/qui-se-cache-derriere-le-logo\/#primaryimage"},"image":{"@id":"https:\/\/charente.catholique.fr\/maison-diocesaine\/librairie-le-bon-grain\/presentation-de-la-librairie\/qui-se-cache-derriere-le-logo\/#primaryimage"},"thumbnailUrl":"https:\/\/charente.catholique.fr\/maison-diocesaine\/wp-content\/uploads\/sites\/8\/2023\/05\/image-3.png","datePublished":"2024-02-16T09:46:24+00:00","dateModified":"2024-02-16T09:46:25+00:00","breadcrumb":{"@id":"https:\/\/charente.catholique.fr\/maison-diocesaine\/librairie-le-bon-grain\/presentation-de-la-librairie\/qui-se-cache-derriere-le-logo\/#breadcrumb"},"inLanguage":"fr-FR","potentialAction":[{"@type":"ReadAction","target":["https:\/\/charente.catholique.fr\/maison-diocesaine\/librairie-le-bon-grain\/presentation-de-la-librairie\/qui-se-cache-derriere-le-logo\/"]}]},{"@type":"ImageObject","inLanguage":"fr-FR","@id":"https:\/\/charente.catholique.fr\/maison-diocesaine\/librairie-le-bon-grain\/presentation-de-la-librairie\/qui-se-cache-derriere-le-logo\/#primaryimage","url":"https:\/\/charente.catholique.fr\/maison-diocesaine\/wp-content\/uploads\/sites\/8\/2023\/05\/image-3.png","contentUrl":"https:\/\/charente.catholique.fr\/maison-diocesaine\/wp-content\/uploads\/sites\/8\/2023\/05\/image-3.png","width":373,"height":487},{"@type":"BreadcrumbList","@id":"https:\/\/charente.catholique.fr\/maison-diocesaine\/librairie-le-bon-grain\/presentation-de-la-librairie\/qui-se-cache-derriere-le-logo\/#breadcrumb","itemListElement":[{"@type":"ListItem","position":1,"name":"Accueil","item":"https:\/\/charente.catholique.fr\/maison-diocesaine\/"},{"@type":"ListItem","position":2,"name":"Pr\u00e9sentation de la Librairie Le Bon Grain","item":"https:\/\/charente.catholique.fr\/maison-diocesaine\/librairie-le-bon-grain\/presentation-de-la-librairie\/"},{"@type":"ListItem","position":3,"name":"Qui se cache derri\u00e8re le logo ?"}]},{"@type":"WebSite","@id":"https:\/\/charente.catholique.fr\/maison-diocesaine\/#website","url":"https:\/\/charente.catholique.fr\/maison-diocesaine\/","name":"Maison Dioc\u00e9saine","description":"Dioc\u00e8se d&#039;Angoul\u00eame - Eglise Catholique en Charente","potentialAction":[{"@type":"SearchAction","target":{"@type":"EntryPoint","urlTemplate":"https:\/\/charente.catholique.fr\/maison-diocesaine\/?s={search_term_string}"},"query-input":{"@type":"PropertyValueSpecification","valueRequired":true,"valueName":"search_term_string"}}],"inLanguage":"fr-FR"}]}},"_links":{"self":[{"href":"https:\/\/charente.catholique.fr\/maison-diocesaine\/wp-json\/wp\/v2\/pages\/1000","targetHints":{"allow":["GET"]}}],"collection":[{"href":"https:\/\/charente.catholique.fr\/maison-diocesaine\/wp-json\/wp\/v2\/pages"}],"about":[{"href":"https:\/\/charente.catholique.fr\/maison-diocesaine\/wp-json\/wp\/v2\/types\/page"}],"author":[{"embeddable":true,"href":"https:\/\/charente.catholique.fr\/maison-diocesaine\/wp-json\/wp\/v2\/users\/3"}],"replies":[{"embeddable":true,"href":"https:\/\/charente.catholique.fr\/maison-diocesaine\/wp-json\/wp\/v2\/comments?post=1000"}],"version-history":[{"count":1,"href":"https:\/\/charente.catholique.fr\/maison-diocesaine\/wp-json\/wp\/v2\/pages\/1000\/revisions"}],"predecessor-version":[{"id":1001,"href":"https:\/\/charente.catholique.fr\/maison-diocesaine\/wp-json\/wp\/v2\/pages\/1000\/revisions\/1001"}],"up":[{"embeddable":true,"href":"https:\/\/charente.catholique.fr\/maison-diocesaine\/wp-json\/wp\/v2\/pages\/995"}],"wp:featuredmedia":[{"embeddable":true,"href":"https:\/\/charente.catholique.fr\/maison-diocesaine\/wp-json\/wp\/v2\/media\/724"}],"wp:attachment":[{"href":"https:\/\/charente.catholique.fr\/maison-diocesaine\/wp-json\/wp\/v2\/media?parent=1000"}],"curies":[{"name":"wp","href":"https:\/\/api.w.org\/{rel}","templated":true}]}}