{"id":18445,"date":"2022-10-03T15:39:45","date_gmt":"2022-10-03T13:39:45","guid":{"rendered":"https:\/\/charente.catholique.fr\/grand-angouleme\/?page_id=18445"},"modified":"2022-10-12T14:23:20","modified_gmt":"2022-10-12T12:23:20","slug":"mission-et-ressourcement","status":"publish","type":"page","link":"https:\/\/charente.catholique.fr\/grand-angouleme\/mission-et-ressourcement\/","title":{"rendered":"Mission et Ressourcement"},"content":{"rendered":"\n<p>Suite au conseil pastoral, et avec le conseil \u00e9piscopal, nous avons d\u00e9cid\u00e9 cette ann\u00e9e de prioriser l\u2019axe du ressourcement (un des six axes des orientations dioc\u00e9saines de 2018 avec les jeunes, la famille, la formation, la solidarit\u00e9 et l\u2019ouverture au monde). Cela se fera en lien avec le conseil presbyt\u00e9ral car cela concerne toutes les communaut\u00e9s. Il ne faut pas rester au seuil de son \u00e2me : il faut descendre, y demeurer, travailler et se laisser travailler par Dieu. Se ressourcer, c\u2019est se laisser imbiber par la gr\u00e2ce pour ne pas r\u00e9tr\u00e9cir et \u00eatre perdu en ce monde comme des brebis sans berger. Se ressourcer, c\u2019est trouver et cr\u00e9er des lieux, des temps, des groupes o\u00f9 notre foi pourra grandir et nous trouverons la force du t\u00e9moignage. Le ressourcement r\u00e9side \u00e0 la fois dans la pri\u00e8re personnelle, communautaire, la formation, les temps de retraites et de r\u00e9collection. Un grand th\u00e8me de cet axe de ressourcement est la sanctification du dimanche. Nous aurons l\u2019occasion de r\u00e9fl\u00e9chir \u00e0 ce sujet important cette ann\u00e9e : il s\u2019agit bien s\u00fbr de la participation \u00e0 l\u2019Eucharistie dominicale, si essentielle \u00e0 notre vie chr\u00e9tienne, mais pas exclusivement. Pri\u00e8re, \u00e9coute de la Parole, solidarit\u00e9, rencontre familiale et fraternelle, repos dans la nature, etc&#8230; En allant \u00e0 la source de la Parole et de la Pr\u00e9sence de J\u00e9sus Ressuscit\u00e9, nous pouvons nous exercer \u00e0 rendre notre vie meilleure dans l\u2019Esprit Saint pour \u00eatre davantage dans le monde, l\u2019Amour qui croit, l\u2019Amour qui esp\u00e8re, l\u2019Amour qui adore.<\/p>\n","protected":false},"excerpt":{"rendered":"<p>Suite au conseil pastoral, et avec le conseil \u00e9piscopal, nous avons d\u00e9cid\u00e9 cette ann\u00e9e de prioriser l\u2019axe du ressourcement (un des six axes des orientations dioc\u00e9saines de 2018 avec les jeunes, la famille, la formation, la solidarit\u00e9 et l\u2019ouverture au monde). Cela se fera en lien avec le conseil presbyt\u00e9ral car cela concerne toutes les [&hellip;]<\/p>\n","protected":false},"author":5,"featured_media":18447,"parent":0,"menu_order":1,"comment_status":"closed","ping_status":"closed","template":"","meta":{"_acf_changed":false,"paroisse":[],"service":[],"footnotes":""},"class_list":["post-18445","page","type-page","status-publish","has-post-thumbnail","hentry"],"acf":[],"yoast_head":"<!-- This site is optimized with the Yoast SEO plugin v27.1.1 - https:\/\/yoast.com\/product\/yoast-seo-wordpress\/ -->\n<title>Mission et Ressourcement - Doyenn\u00e9 Grand Angoul\u00eame<\/title>\n<meta name=\"robots\" content=\"index, follow, max-snippet:-1, max-image-preview:large, max-video-preview:-1\" \/>\n<link rel=\"canonical\" href=\"https:\/\/charente.catholique.fr\/grand-angouleme\/mission-et-ressourcement\/\" \/>\n<meta property=\"og:locale\" content=\"fr_FR\" \/>\n<meta property=\"og:type\" content=\"article\" \/>\n<meta property=\"og:title\" content=\"Mission et Ressourcement - Doyenn\u00e9 Grand Angoul\u00eame\" \/>\n<meta property=\"og:description\" content=\"Suite au conseil pastoral, et avec le conseil \u00e9piscopal, nous avons d\u00e9cid\u00e9 cette ann\u00e9e de prioriser l\u2019axe du ressourcement (un des six axes des orientations dioc\u00e9saines de 2018 avec les jeunes, la famille, la formation, la solidarit\u00e9 et l\u2019ouverture au monde). Cela se fera en lien avec le conseil presbyt\u00e9ral car cela concerne toutes les [&hellip;]\" \/>\n<meta property=\"og:url\" content=\"https:\/\/charente.catholique.fr\/grand-angouleme\/mission-et-ressourcement\/\" \/>\n<meta property=\"og:site_name\" content=\"Doyenn\u00e9 Grand Angoul\u00eame\" \/>\n<meta property=\"article:publisher\" content=\"https:\/\/www.facebook.com\/EgliseCatholiqueCharente\" \/>\n<meta property=\"article:modified_time\" content=\"2022-10-12T12:23:20+00:00\" \/>\n<meta property=\"og:image\" content=\"https:\/\/charente.catholique.fr\/grand-angouleme\/wp-content\/uploads\/sites\/2\/2022\/10\/flowers-g75038b9e9_1920.jpg\" \/>\n\t<meta property=\"og:image:width\" content=\"1920\" \/>\n\t<meta property=\"og:image:height\" content=\"1221\" \/>\n\t<meta property=\"og:image:type\" content=\"image\/jpeg\" \/>\n<meta name=\"twitter:card\" content=\"summary_large_image\" \/>\n<meta name=\"twitter:site\" content=\"@diocesecharente\" \/>\n<meta name=\"twitter:label1\" content=\"Dur\u00e9e de lecture estim\u00e9e\" \/>\n\t<meta name=\"twitter:data1\" content=\"2 minutes\" \/>\n<script type=\"application\/ld+json\" class=\"yoast-schema-graph\">{\"@context\":\"https:\/\/schema.org\",\"@graph\":[{\"@type\":\"WebPage\",\"@id\":\"https:\/\/charente.catholique.fr\/grand-angouleme\/mission-et-ressourcement\/\",\"url\":\"https:\/\/charente.catholique.fr\/grand-angouleme\/mission-et-ressourcement\/\",\"name\":\"Mission et Ressourcement - Doyenn\u00e9 Grand Angoul\u00eame\",\"isPartOf\":{\"@id\":\"https:\/\/charente.catholique.fr\/grand-angouleme\/#website\"},\"primaryImageOfPage\":{\"@id\":\"https:\/\/charente.catholique.fr\/grand-angouleme\/mission-et-ressourcement\/#primaryimage\"},\"image\":{\"@id\":\"https:\/\/charente.catholique.fr\/grand-angouleme\/mission-et-ressourcement\/#primaryimage\"},\"thumbnailUrl\":\"https:\/\/charente.catholique.fr\/grand-angouleme\/wp-content\/uploads\/sites\/2\/2022\/10\/flowers-g75038b9e9_1920.jpg\",\"datePublished\":\"2022-10-03T13:39:45+00:00\",\"dateModified\":\"2022-10-12T12:23:20+00:00\",\"breadcrumb\":{\"@id\":\"https:\/\/charente.catholique.fr\/grand-angouleme\/mission-et-ressourcement\/#breadcrumb\"},\"inLanguage\":\"fr-FR\",\"potentialAction\":[{\"@type\":\"ReadAction\",\"target\":[\"https:\/\/charente.catholique.fr\/grand-angouleme\/mission-et-ressourcement\/\"]}]},{\"@type\":\"ImageObject\",\"inLanguage\":\"fr-FR\",\"@id\":\"https:\/\/charente.catholique.fr\/grand-angouleme\/mission-et-ressourcement\/#primaryimage\",\"url\":\"https:\/\/charente.catholique.fr\/grand-angouleme\/wp-content\/uploads\/sites\/2\/2022\/10\/flowers-g75038b9e9_1920.jpg\",\"contentUrl\":\"https:\/\/charente.catholique.fr\/grand-angouleme\/wp-content\/uploads\/sites\/2\/2022\/10\/flowers-g75038b9e9_1920.jpg\",\"width\":1920,\"height\":1221},{\"@type\":\"BreadcrumbList\",\"@id\":\"https:\/\/charente.catholique.fr\/grand-angouleme\/mission-et-ressourcement\/#breadcrumb\",\"itemListElement\":[{\"@type\":\"ListItem\",\"position\":1,\"name\":\"Accueil\",\"item\":\"https:\/\/charente.catholique.fr\/grand-angouleme\/\"},{\"@type\":\"ListItem\",\"position\":2,\"name\":\"Mission et Ressourcement\"}]},{\"@type\":\"WebSite\",\"@id\":\"https:\/\/charente.catholique.fr\/grand-angouleme\/#website\",\"url\":\"https:\/\/charente.catholique.fr\/grand-angouleme\/\",\"name\":\"Doyenn\u00e9 Grand Angoul\u00eame - Dioc\u00e8se d'Angoul\u00eame\",\"description\":\"Dioc\u00e8se d&#039;Angoul\u00eame\",\"publisher\":{\"@id\":\"https:\/\/charente.catholique.fr\/grand-angouleme\/#organization\"},\"potentialAction\":[{\"@type\":\"SearchAction\",\"target\":{\"@type\":\"EntryPoint\",\"urlTemplate\":\"https:\/\/charente.catholique.fr\/grand-angouleme\/?s={search_term_string}\"},\"query-input\":{\"@type\":\"PropertyValueSpecification\",\"valueRequired\":true,\"valueName\":\"search_term_string\"}}],\"inLanguage\":\"fr-FR\"},{\"@type\":\"Organization\",\"@id\":\"https:\/\/charente.catholique.fr\/grand-angouleme\/#organization\",\"name\":\"Association Dioc\u00e9saine d'Angoul\u00eame\",\"url\":\"https:\/\/charente.catholique.fr\/grand-angouleme\/\",\"logo\":{\"@type\":\"ImageObject\",\"inLanguage\":\"fr-FR\",\"@id\":\"https:\/\/charente.catholique.fr\/grand-angouleme\/#\/schema\/logo\/image\/\",\"url\":\"https:\/\/charente.catholique.fr\/grand-angouleme\/wp-content\/uploads\/sites\/2\/2020\/10\/logos.png\",\"contentUrl\":\"https:\/\/charente.catholique.fr\/grand-angouleme\/wp-content\/uploads\/sites\/2\/2020\/10\/logos.png\",\"width\":600,\"height\":257,\"caption\":\"Association Dioc\u00e9saine d'Angoul\u00eame\"},\"image\":{\"@id\":\"https:\/\/charente.catholique.fr\/grand-angouleme\/#\/schema\/logo\/image\/\"},\"sameAs\":[\"https:\/\/www.facebook.com\/EgliseCatholiqueCharente\",\"https:\/\/x.com\/diocesecharente\",\"https:\/\/www.instagram.com\/eglisecharente\",\"https:\/\/www.youtube.com\/channel\/UCByyFWApZbw3gDTiADoiAaQ\"]}]}<\/script>\n<!-- \/ Yoast SEO plugin. -->","yoast_head_json":{"title":"Mission et Ressourcement - Doyenn\u00e9 Grand Angoul\u00eame","robots":{"index":"index","follow":"follow","max-snippet":"max-snippet:-1","max-image-preview":"max-image-preview:large","max-video-preview":"max-video-preview:-1"},"canonical":"https:\/\/charente.catholique.fr\/grand-angouleme\/mission-et-ressourcement\/","og_locale":"fr_FR","og_type":"article","og_title":"Mission et Ressourcement - Doyenn\u00e9 Grand Angoul\u00eame","og_description":"Suite au conseil pastoral, et avec le conseil \u00e9piscopal, nous avons d\u00e9cid\u00e9 cette ann\u00e9e de prioriser l\u2019axe du ressourcement (un des six axes des orientations dioc\u00e9saines de 2018 avec les jeunes, la famille, la formation, la solidarit\u00e9 et l\u2019ouverture au monde). Cela se fera en lien avec le conseil presbyt\u00e9ral car cela concerne toutes les [&hellip;]","og_url":"https:\/\/charente.catholique.fr\/grand-angouleme\/mission-et-ressourcement\/","og_site_name":"Doyenn\u00e9 Grand Angoul\u00eame","article_publisher":"https:\/\/www.facebook.com\/EgliseCatholiqueCharente","article_modified_time":"2022-10-12T12:23:20+00:00","og_image":[{"width":1920,"height":1221,"url":"https:\/\/charente.catholique.fr\/grand-angouleme\/wp-content\/uploads\/sites\/2\/2022\/10\/flowers-g75038b9e9_1920.jpg","type":"image\/jpeg"}],"twitter_card":"summary_large_image","twitter_site":"@diocesecharente","twitter_misc":{"Dur\u00e9e de lecture estim\u00e9e":"2 minutes"},"schema":{"@context":"https:\/\/schema.org","@graph":[{"@type":"WebPage","@id":"https:\/\/charente.catholique.fr\/grand-angouleme\/mission-et-ressourcement\/","url":"https:\/\/charente.catholique.fr\/grand-angouleme\/mission-et-ressourcement\/","name":"Mission et Ressourcement - Doyenn\u00e9 Grand Angoul\u00eame","isPartOf":{"@id":"https:\/\/charente.catholique.fr\/grand-angouleme\/#website"},"primaryImageOfPage":{"@id":"https:\/\/charente.catholique.fr\/grand-angouleme\/mission-et-ressourcement\/#primaryimage"},"image":{"@id":"https:\/\/charente.catholique.fr\/grand-angouleme\/mission-et-ressourcement\/#primaryimage"},"thumbnailUrl":"https:\/\/charente.catholique.fr\/grand-angouleme\/wp-content\/uploads\/sites\/2\/2022\/10\/flowers-g75038b9e9_1920.jpg","datePublished":"2022-10-03T13:39:45+00:00","dateModified":"2022-10-12T12:23:20+00:00","breadcrumb":{"@id":"https:\/\/charente.catholique.fr\/grand-angouleme\/mission-et-ressourcement\/#breadcrumb"},"inLanguage":"fr-FR","potentialAction":[{"@type":"ReadAction","target":["https:\/\/charente.catholique.fr\/grand-angouleme\/mission-et-ressourcement\/"]}]},{"@type":"ImageObject","inLanguage":"fr-FR","@id":"https:\/\/charente.catholique.fr\/grand-angouleme\/mission-et-ressourcement\/#primaryimage","url":"https:\/\/charente.catholique.fr\/grand-angouleme\/wp-content\/uploads\/sites\/2\/2022\/10\/flowers-g75038b9e9_1920.jpg","contentUrl":"https:\/\/charente.catholique.fr\/grand-angouleme\/wp-content\/uploads\/sites\/2\/2022\/10\/flowers-g75038b9e9_1920.jpg","width":1920,"height":1221},{"@type":"BreadcrumbList","@id":"https:\/\/charente.catholique.fr\/grand-angouleme\/mission-et-ressourcement\/#breadcrumb","itemListElement":[{"@type":"ListItem","position":1,"name":"Accueil","item":"https:\/\/charente.catholique.fr\/grand-angouleme\/"},{"@type":"ListItem","position":2,"name":"Mission et Ressourcement"}]},{"@type":"WebSite","@id":"https:\/\/charente.catholique.fr\/grand-angouleme\/#website","url":"https:\/\/charente.catholique.fr\/grand-angouleme\/","name":"Doyenn\u00e9 Grand Angoul\u00eame - Dioc\u00e8se d'Angoul\u00eame","description":"Dioc\u00e8se d&#039;Angoul\u00eame","publisher":{"@id":"https:\/\/charente.catholique.fr\/grand-angouleme\/#organization"},"potentialAction":[{"@type":"SearchAction","target":{"@type":"EntryPoint","urlTemplate":"https:\/\/charente.catholique.fr\/grand-angouleme\/?s={search_term_string}"},"query-input":{"@type":"PropertyValueSpecification","valueRequired":true,"valueName":"search_term_string"}}],"inLanguage":"fr-FR"},{"@type":"Organization","@id":"https:\/\/charente.catholique.fr\/grand-angouleme\/#organization","name":"Association Dioc\u00e9saine d'Angoul\u00eame","url":"https:\/\/charente.catholique.fr\/grand-angouleme\/","logo":{"@type":"ImageObject","inLanguage":"fr-FR","@id":"https:\/\/charente.catholique.fr\/grand-angouleme\/#\/schema\/logo\/image\/","url":"https:\/\/charente.catholique.fr\/grand-angouleme\/wp-content\/uploads\/sites\/2\/2020\/10\/logos.png","contentUrl":"https:\/\/charente.catholique.fr\/grand-angouleme\/wp-content\/uploads\/sites\/2\/2020\/10\/logos.png","width":600,"height":257,"caption":"Association Dioc\u00e9saine d'Angoul\u00eame"},"image":{"@id":"https:\/\/charente.catholique.fr\/grand-angouleme\/#\/schema\/logo\/image\/"},"sameAs":["https:\/\/www.facebook.com\/EgliseCatholiqueCharente","https:\/\/x.com\/diocesecharente","https:\/\/www.instagram.com\/eglisecharente","https:\/\/www.youtube.com\/channel\/UCByyFWApZbw3gDTiADoiAaQ"]}]}},"_links":{"self":[{"href":"https:\/\/charente.catholique.fr\/grand-angouleme\/wp-json\/wp\/v2\/pages\/18445","targetHints":{"allow":["GET"]}}],"collection":[{"href":"https:\/\/charente.catholique.fr\/grand-angouleme\/wp-json\/wp\/v2\/pages"}],"about":[{"href":"https:\/\/charente.catholique.fr\/grand-angouleme\/wp-json\/wp\/v2\/types\/page"}],"author":[{"embeddable":true,"href":"https:\/\/charente.catholique.fr\/grand-angouleme\/wp-json\/wp\/v2\/users\/5"}],"replies":[{"embeddable":true,"href":"https:\/\/charente.catholique.fr\/grand-angouleme\/wp-json\/wp\/v2\/comments?post=18445"}],"version-history":[{"count":10,"href":"https:\/\/charente.catholique.fr\/grand-angouleme\/wp-json\/wp\/v2\/pages\/18445\/revisions"}],"predecessor-version":[{"id":18581,"href":"https:\/\/charente.catholique.fr\/grand-angouleme\/wp-json\/wp\/v2\/pages\/18445\/revisions\/18581"}],"wp:featuredmedia":[{"embeddable":true,"href":"https:\/\/charente.catholique.fr\/grand-angouleme\/wp-json\/wp\/v2\/media\/18447"}],"wp:attachment":[{"href":"https:\/\/charente.catholique.fr\/grand-angouleme\/wp-json\/wp\/v2\/media?parent=18445"}],"curies":[{"name":"wp","href":"https:\/\/api.w.org\/{rel}","templated":true}]}}